{"id":10406,"date":"2022-12-31T12:19:30","date_gmt":"2022-12-31T11:19:30","guid":{"rendered":"https:\/\/www.feuerwehr-florian.com\/?page_id=10406"},"modified":"2025-01-04T21:29:39","modified_gmt":"2025-01-04T20:29:39","slug":"einsaetze-2023","status":"publish","type":"page","link":"https:\/\/www.feuerwehr-florian.com\/?page_id=10406","title":{"rendered":"Eins\u00e4tze 2023"},"content":{"rendered":"\n<p>Eine Auflistung aller Eins\u00e4tze aus dem Jahr 2023.<\/p>\n\n\n<!--W4PL_List_10405-->\n<div id=\"w4pl-list-10405\" class=\"w4pl\">\n\t<div id=\"w4pl-inner-10405\" class=\"w4pl-inner\">\n\t\t<ul>\r\n<li><a href=\"https:\/\/www.feuerwehr-florian.com\/?p=11660\">23.12.2023<\/a> | <a href=\"https:\/\/www.feuerwehr-florian.com\/?p=11660\">Sturmschaden &#8211; Kamin durchschl\u00e4gt Dach<\/a><\/li>\r\n\r\n<li><a href=\"https:\/\/www.feuerwehr-florian.com\/?p=11655\">23.12.2023<\/a> | <a href=\"https:\/\/www.feuerwehr-florian.com\/?p=11655\">Baum blockiert Thannstra\u00dfe<\/a><\/li>\r\n\r\n<li><a href=\"https:\/\/www.feuerwehr-florian.com\/?p=11649\">22.12.2023<\/a> | <a href=\"https:\/\/www.feuerwehr-florian.com\/?p=11649\">Fahrzeugbergung bei Einkaufsmarkt<\/a><\/li>\r\n\r\n<li><a href=\"https:\/\/www.feuerwehr-florian.com\/?p=11639\">20.12.2023<\/a> | <a href=\"https:\/\/www.feuerwehr-florian.com\/?p=11639\">Brandmeldealarm im Schloss Tillysburg<\/a><\/li>\r\n\r\n<li><a href=\"https:\/\/www.feuerwehr-florian.com\/?p=11637\">14.12.2023<\/a> | <a href=\"https:\/\/www.feuerwehr-florian.com\/?p=11637\">Diesel-Austritt auf der Autobahn<\/a><\/li>\r\n\r\n<li><a href=\"https:\/\/www.feuerwehr-florian.com\/?p=11532\">06.12.2023<\/a> | <a href=\"https:\/\/www.feuerwehr-florian.com\/?p=11532\">Brandmeldealarm durch angebranntes Kochgut<\/a><\/li>\r\n\r\n<li><a href=\"https:\/\/www.feuerwehr-florian.com\/?p=11524\">05.12.2023<\/a> | <a href=\"https:\/\/www.feuerwehr-florian.com\/?p=11524\">PKW-Bergung, \u00d6lspur und LKW-Bergung<\/a><\/li>\r\n\r\n<li><a href=\"https:\/\/www.feuerwehr-florian.com\/?p=11512\">03.12.2023<\/a> | <a href=\"https:\/\/www.feuerwehr-florian.com\/?p=11512\">Wintereinbruch bringt zahlreiche Eins\u00e4tze<\/a><\/li>\r\n\r\n<li><a href=\"https:\/\/www.feuerwehr-florian.com\/?p=11499\">01.12.2023<\/a> | <a href=\"https:\/\/www.feuerwehr-florian.com\/?p=11499\">Verkehrsunf\u00e4lle auf der Wolferner Landesstra\u00dfe<\/a><\/li>\r\n\r\n<li><a href=\"https:\/\/www.feuerwehr-florian.com\/?p=11480\">15.11.2023<\/a> | <a href=\"https:\/\/www.feuerwehr-florian.com\/?p=11480\">Verkehrsunfall auf der Autobahn A1 Fahrtrichtung Wien<\/a><\/li>\r\n\r\n<li><a href=\"https:\/\/www.feuerwehr-florian.com\/?p=11468\">09.11.2023<\/a> | <a href=\"https:\/\/www.feuerwehr-florian.com\/?p=11468\">Brandeinsatz Gartenh\u00fctte in Tillysburg<\/a><\/li>\r\n\r\n<li><a href=\"https:\/\/www.feuerwehr-florian.com\/?p=11374\">30.10.2023<\/a> | <a href=\"https:\/\/www.feuerwehr-florian.com\/?p=11374\">PKW prallte gegen Hausmauer<\/a><\/li>\r\n\r\n<li><a href=\"https:\/\/www.feuerwehr-florian.com\/?p=11368\">25.10.2023<\/a> | <a href=\"https:\/\/www.feuerwehr-florian.com\/?p=11368\">Verkehrsunfall auf der Wolferner Stra\u00dfe<\/a><\/li>\r\n\r\n<li><a href=\"https:\/\/www.feuerwehr-florian.com\/?p=11357\">23.10.2023<\/a> | <a href=\"https:\/\/www.feuerwehr-florian.com\/?p=11357\">Wasserschaden in M\u00f6belhaus<\/a><\/li>\r\n\r\n<li><a href=\"https:\/\/www.feuerwehr-florian.com\/?p=11282\">26.09.2023<\/a> | <a href=\"https:\/\/www.feuerwehr-florian.com\/?p=11282\">Brandmeldealarm im Astenfeld<\/a><\/li>\r\n\r\n<li><a href=\"https:\/\/www.feuerwehr-florian.com\/?p=11243\">12.09.2023<\/a> | <a href=\"https:\/\/www.feuerwehr-florian.com\/?p=11243\">Brandmeldealarm in der Westbahnstra\u00dfe<\/a><\/li>\r\n\r\n<li><a href=\"https:\/\/www.feuerwehr-florian.com\/?p=11226\">27.08.2023<\/a> | <a href=\"https:\/\/www.feuerwehr-florian.com\/?p=11226\">Brandmeldealarm in der Westbahnstra\u00dfe<\/a><\/li>\r\n\r\n<li><a href=\"https:\/\/www.feuerwehr-florian.com\/?p=11221\">24.08.2023<\/a> | <a href=\"https:\/\/www.feuerwehr-florian.com\/?p=11221\">Brandmeldealarm in der Westbahnstra\u00dfe<\/a><\/li>\r\n\r\n<li><a href=\"https:\/\/www.feuerwehr-florian.com\/?p=11210\">22.08.2023<\/a> | <a href=\"https:\/\/www.feuerwehr-florian.com\/?p=11210\">Zwei technische Eins\u00e4tze an einem Tag<\/a><\/li>\r\n\r\n<li><a href=\"https:\/\/www.feuerwehr-florian.com\/?p=11205\">19.08.2023<\/a> | <a href=\"https:\/\/www.feuerwehr-florian.com\/?p=11205\">Heckenbrand in der Kleingartensiedling Fernbach<\/a><\/li>\r\n\r\n<li><a href=\"https:\/\/www.feuerwehr-florian.com\/?p=11195\">14.08.2023<\/a> | <a href=\"https:\/\/www.feuerwehr-florian.com\/?p=11195\">Verkehrsunfall mit Todesfolge in Mickstetten<\/a><\/li>\r\n\r\n<li><a href=\"https:\/\/www.feuerwehr-florian.com\/?p=11188\">09.08.2023<\/a> | <a href=\"https:\/\/www.feuerwehr-florian.com\/?p=11188\">Dringende T\u00fcr\u00f6ffnung mit Unfallverdacht<\/a><\/li>\r\n\r\n<li><a href=\"https:\/\/www.feuerwehr-florian.com\/?p=11178\">05.08.2023<\/a> | <a href=\"https:\/\/www.feuerwehr-florian.com\/?p=11178\">Verkehrsunfall auf der Wolferner Landesstra\u00dfe fordert drei Verletzte<\/a><\/li>\r\n\r\n<li><a href=\"https:\/\/www.feuerwehr-florian.com\/?p=11176\">05.08.2023<\/a> | <a href=\"https:\/\/www.feuerwehr-florian.com\/?p=11176\">Baum \u00fcber Stra\u00dfe<\/a><\/li>\r\n\r\n<li><a href=\"https:\/\/www.feuerwehr-florian.com\/?p=11172\">02.08.2023<\/a> | <a href=\"https:\/\/www.feuerwehr-florian.com\/?p=11172\">Vermeintlicher Fahrzeugbrand auf der A1 Fahrtrichtung Wien<\/a><\/li>\r\n\r\n<li><a href=\"https:\/\/www.feuerwehr-florian.com\/?p=11158\">30.07.2023<\/a> | <a href=\"https:\/\/www.feuerwehr-florian.com\/?p=11158\">Brandmeldealarm bei Betriebsobjekt<\/a><\/li>\r\n\r\n<li><a href=\"https:\/\/www.feuerwehr-florian.com\/?p=11154\">26.07.2023<\/a> | <a href=\"https:\/\/www.feuerwehr-florian.com\/?p=11154\">Einsatz-Doppelpack: Lift\u00f6ffnung und Brandmeldealarm<\/a><\/li>\r\n\r\n<li><a href=\"https:\/\/www.feuerwehr-florian.com\/?p=11101\">18.07.2023<\/a> | <a href=\"https:\/\/www.feuerwehr-florian.com\/?p=11101\">Unterst\u00fctzung bei Sturmeins\u00e4tzen in anderen Gemeinden<\/a><\/li>\r\n\r\n<li><a href=\"https:\/\/www.feuerwehr-florian.com\/?p=11092\">16.07.2023<\/a> | <a href=\"https:\/\/www.feuerwehr-florian.com\/?p=11092\">\u00d6lspur durch abgerissene Hydraulik-Leitung<\/a><\/li>\r\n\r\n<li><a href=\"https:\/\/www.feuerwehr-florian.com\/?p=11075\">13.07.2023<\/a> | <a href=\"https:\/\/www.feuerwehr-florian.com\/?p=11075\">Erneut n\u00e4chtliche Sturmeins\u00e4tze<\/a><\/li>\r\n\r\n<li><a href=\"https:\/\/www.feuerwehr-florian.com\/?p=11069\">12.07.2023<\/a> | <a href=\"https:\/\/www.feuerwehr-florian.com\/?p=11069\">\u00d6lspur &#8211; sechster Einsatz innerhalb von 48 Stunden<\/a><\/li>\r\n\r\n<li><a href=\"https:\/\/www.feuerwehr-florian.com\/?p=11059\">12.07.2023<\/a> | <a href=\"https:\/\/www.feuerwehr-florian.com\/?p=11059\">N\u00e4chtliche Sturmeins\u00e4tze<\/a><\/li>\r\n\r\n<li><a href=\"https:\/\/www.feuerwehr-florian.com\/?p=11046\">11.07.2023<\/a> | <a href=\"https:\/\/www.feuerwehr-florian.com\/?p=11046\">Drei Eins\u00e4tze an einem Tag<\/a><\/li>\r\n\r\n<li><a href=\"https:\/\/www.feuerwehr-florian.com\/?p=11019\">04.07.2023<\/a> | <a href=\"https:\/\/www.feuerwehr-florian.com\/?p=11019\">\u00d6lspur in Mickstetten<\/a><\/li>\r\n\r\n<li><a href=\"https:\/\/www.feuerwehr-florian.com\/?p=11012\">28.06.2023<\/a> | <a href=\"https:\/\/www.feuerwehr-florian.com\/?p=11012\">Vermeintlicher Fahrzeugbrand auf der A1 Fahrtrichtung Wien<\/a><\/li>\r\n\r\n<li><a href=\"https:\/\/www.feuerwehr-florian.com\/?p=11008\">28.06.2023<\/a> | <a href=\"https:\/\/www.feuerwehr-florian.com\/?p=11008\">Personenrettung auf Baustelle mittels TMB<\/a><\/li>\r\n\r\n<li><a href=\"https:\/\/www.feuerwehr-florian.com\/?p=11003\">22.06.2023<\/a> | <a href=\"https:\/\/www.feuerwehr-florian.com\/?p=11003\">Brandverdacht Autobahn A1<\/a><\/li>\r\n\r\n<li><a href=\"https:\/\/www.feuerwehr-florian.com\/?p=10978\">13.06.2023<\/a> | <a href=\"https:\/\/www.feuerwehr-florian.com\/?p=10978\">Aufr\u00e4umarbeiten nach Verkehrsunfall<\/a><\/li>\r\n\r\n<li><a href=\"https:\/\/www.feuerwehr-florian.com\/?p=10968\">31.05.2023<\/a> | <a href=\"https:\/\/www.feuerwehr-florian.com\/?p=10968\">Brandmeldealarm in M\u00f6belhaus<\/a><\/li>\r\n\r\n<li><a href=\"https:\/\/www.feuerwehr-florian.com\/?p=10923\">26.05.2023<\/a> | <a href=\"https:\/\/www.feuerwehr-florian.com\/?p=10923\">Verkehrsunfall fordert drei Verletzte<\/a><\/li>\r\n\r\n<li><a href=\"https:\/\/www.feuerwehr-florian.com\/?p=10919\">23.05.2023<\/a> | <a href=\"https:\/\/www.feuerwehr-florian.com\/?p=10919\">Fahrzeugbrand auf Autobahn durch Ersthelfer gel\u00f6scht<\/a><\/li>\r\n\r\n<li><a href=\"https:\/\/www.feuerwehr-florian.com\/?p=10890\">17.05.2023<\/a> | <a href=\"https:\/\/www.feuerwehr-florian.com\/?p=10890\">T\u00fcr\u00f6ffnung in Mickstetten<\/a><\/li>\r\n\r\n<li><a href=\"https:\/\/www.feuerwehr-florian.com\/?p=10887\">16.05.2023<\/a> | <a href=\"https:\/\/www.feuerwehr-florian.com\/?p=10887\">Brandmeldealarm in B\u00fcrogeb\u00e4ude<\/a><\/li>\r\n\r\n<li><a href=\"https:\/\/www.feuerwehr-florian.com\/?p=10858\">09.05.2023<\/a> | <a href=\"https:\/\/www.feuerwehr-florian.com\/?p=10858\">Verkehrsunfall auf der A1 &#8211; Anh\u00e4nger umgekippt<\/a><\/li>\r\n\r\n<li><a href=\"https:\/\/www.feuerwehr-florian.com\/?p=10745\">15.04.2023<\/a> | <a href=\"https:\/\/www.feuerwehr-florian.com\/?p=10745\">\u00dcberflutungen im Gemeindegebiet<\/a><\/li>\r\n\r\n<li><a href=\"https:\/\/www.feuerwehr-florian.com\/?p=10689\">15.04.2023<\/a> | <a href=\"https:\/\/www.feuerwehr-florian.com\/?p=10689\">Keller nach Dauerregen unter Wasser<\/a><\/li>\r\n\r\n<li><a href=\"https:\/\/www.feuerwehr-florian.com\/?p=10687\">14.04.2023<\/a> | <a href=\"https:\/\/www.feuerwehr-florian.com\/?p=10687\">Brandmeldealarm im Astenfeld<\/a><\/li>\r\n\r\n<li><a href=\"https:\/\/www.feuerwehr-florian.com\/?p=10626\">06.04.2023<\/a> | <a href=\"https:\/\/www.feuerwehr-florian.com\/?p=10626\">Dringende T\u00fcr\u00f6ffnung<\/a><\/li>\r\n\r\n<li><a href=\"https:\/\/www.feuerwehr-florian.com\/?p=10623\">04.04.2023<\/a> | <a href=\"https:\/\/www.feuerwehr-florian.com\/?p=10623\">Brand einer Maschine in Astener Betrieb<\/a><\/li>\r\n\r\n<li><a href=\"https:\/\/www.feuerwehr-florian.com\/?p=10619\">03.04.2023<\/a> | <a href=\"https:\/\/www.feuerwehr-florian.com\/?p=10619\">Dringende T\u00fcr\u00f6ffnung entpuppt sich als Fehlalarm<\/a><\/li>\r\n\r\n<li><a href=\"https:\/\/www.feuerwehr-florian.com\/?p=10603\">02.04.2023<\/a> | <a href=\"https:\/\/www.feuerwehr-florian.com\/?p=10603\">Sekundenschlaf f\u00fchrt zu Verkehrsunfall &#8211; Auto \u00fcber Stromverteiler<\/a><\/li>\r\n\r\n<li><a href=\"https:\/\/www.feuerwehr-florian.com\/?p=10586\">20.03.2023<\/a> | <a href=\"https:\/\/www.feuerwehr-florian.com\/?p=10586\">Technischer Einsatz: D\u00fcnger auf Stra\u00dfe<\/a><\/li>\r\n\r\n<li><a href=\"https:\/\/www.feuerwehr-florian.com\/?p=10575\">15.03.2023<\/a> | <a href=\"https:\/\/www.feuerwehr-florian.com\/?p=10575\">Fahrzeugbergung: Anh\u00e4nger umgekippt<\/a><\/li>\r\n\r\n<li><a href=\"https:\/\/www.feuerwehr-florian.com\/?p=10567\">11.03.2023<\/a> | <a href=\"https:\/\/www.feuerwehr-florian.com\/?p=10567\">Baum \u00fcber Stra\u00dfe<\/a><\/li>\r\n\r\n<li><a href=\"https:\/\/www.feuerwehr-florian.com\/?p=10552\">07.03.2023<\/a> | <a href=\"https:\/\/www.feuerwehr-florian.com\/?p=10552\">Brand im Dachstuhlbereiches eines landwirtschaftlichen Objektes<\/a><\/li>\r\n\r\n<li><a href=\"https:\/\/www.feuerwehr-florian.com\/?p=10522\">28.02.2023<\/a> | <a href=\"https:\/\/www.feuerwehr-florian.com\/?p=10522\">Lift\u00f6ffnung nach Stromabschaltung<\/a><\/li>\r\n\r\n<li><a href=\"https:\/\/www.feuerwehr-florian.com\/?p=10518\">25.02.2023<\/a> | <a href=\"https:\/\/www.feuerwehr-florian.com\/?p=10518\">Wasserschaden in der Turnwiesen<\/a><\/li>\r\n\r\n<li><a href=\"https:\/\/www.feuerwehr-florian.com\/?p=10515\">25.02.2023<\/a> | <a href=\"https:\/\/www.feuerwehr-florian.com\/?p=10515\">Brandmeldealarm bei Tankstelle<\/a><\/li>\r\n\r\n<li><a href=\"https:\/\/www.feuerwehr-florian.com\/?p=10506\">22.02.2023<\/a> | <a href=\"https:\/\/www.feuerwehr-florian.com\/?p=10506\">Brandeinsatz in Tischlereibetrieb<\/a><\/li>\r\n\r\n<li><a href=\"https:\/\/www.feuerwehr-florian.com\/?p=10493\">07.02.2023<\/a> | <a href=\"https:\/\/www.feuerwehr-florian.com\/?p=10493\">Wasserschaden in der Badstra\u00dfe<\/a><\/li>\r\n\r\n<li><a href=\"https:\/\/www.feuerwehr-florian.com\/?p=10464\">29.01.2023<\/a> | <a href=\"https:\/\/www.feuerwehr-florian.com\/?p=10464\">Kleinbus steckte in Leitplanke fest<\/a><\/li>\r\n\r\n<li><a href=\"https:\/\/www.feuerwehr-florian.com\/?p=10418\">03.01.2023<\/a> | <a href=\"https:\/\/www.feuerwehr-florian.com\/?p=10418\">Gro\u00dffl\u00e4chiger Stromausfall f\u00fchrte zu Lift\u00f6ffnung<\/a><\/li>\r\n\r\n<li><a href=\"https:\/\/www.feuerwehr-florian.com\/?p=10413\">02.01.2023<\/a> | <a href=\"https:\/\/www.feuerwehr-florian.com\/?p=10413\">Brandmeldealarm in der Silvesternacht<\/a><\/li>\r\n<\/ul>\n\t<\/div><!--#w4pl-inner-10405-->\n<\/div><!--#w4pl-10405-->\n<!--END_W4PL_List_10405-->\n\n\n\n\n<!-- Page-list plugin v.5.9 wordpress.org\/plugins\/page-list\/ -->\n<ul class=\"page-list siblings-page-list pagelist\">\n<li class=\"page_item page-item-11710\"><a href=\"https:\/\/www.feuerwehr-florian.com\/?page_id=11710\">Eingabe Hochwassermessung<\/a><\/li>\n<li class=\"page_item page-item-12060 page_item_has_children\"><a href=\"https:\/\/www.feuerwehr-florian.com\/?page_id=12060\">Veranstaltungen<\/a><\/li>\n<li class=\"page_item page-item-884 page_item_has_children\"><a href=\"https:\/\/www.feuerwehr-florian.com\/?page_id=884\">Aktivit\u00e4ten<\/a><\/li>\n<li class=\"page_item page-item-973\"><a href=\"https:\/\/www.feuerwehr-florian.com\/?page_id=973\">Kontakt &#038; Anfahrt<\/a><\/li>\n<li class=\"page_item page-item-886 page_item_has_children\"><a href=\"https:\/\/www.feuerwehr-florian.com\/?page_id=886\">Feuerwehr<\/a><\/li>\n<li class=\"page_item page-item-958\"><a href=\"https:\/\/www.feuerwehr-florian.com\/?page_id=958\">Impressum, Offenlegung &#038; Datenschutz<\/a><\/li>\n<li class=\"page_item page-item-888 page_item_has_children\"><a href=\"https:\/\/www.feuerwehr-florian.com\/?page_id=888\">Jugend<\/a><\/li>\n<li class=\"page_item page-item-971\"><a href=\"https:\/\/www.feuerwehr-florian.com\/?page_id=971\">Nutzungsbedingungen<\/a><\/li>\n<li class=\"page_item page-item-1019 page_item_has_children\"><a href=\"https:\/\/www.feuerwehr-florian.com\/?page_id=1019\">Wissenswertes<\/a><\/li>\n<li class=\"page_item page-item-9630\"><a href=\"https:\/\/www.feuerwehr-florian.com\/?page_id=9630\">Sponsoren<\/a><\/li>\n<li class=\"page_item page-item-3804\"><a href=\"https:\/\/www.feuerwehr-florian.com\/?page_id=3804\">Web<\/a><\/li>\n\n<\/ul>\n","protected":false},"excerpt":{"rendered":"<p>Die FF St. Florian wurde in der Silvesternacht um 02:52 Uhr zu einem Brandmeldealarm nach Samesleiten alarmiert.<\/p>\n","protected":false},"author":86,"featured_media":10992,"parent":3934,"menu_order":93,"comment_status":"closed","ping_status":"closed","template":"","meta":{"footnotes":""},"class_list":["post-10406","page","type-page","status-publish","has-post-thumbnail","hentry"],"jetpack_sharing_enabled":true,"jetpack_likes_enabled":true,"_links":{"self":[{"href":"https:\/\/www.feuerwehr-florian.com\/index.php?rest_route=\/wp\/v2\/pages\/10406","targetHints":{"allow":["GET"]}}],"collection":[{"href":"https:\/\/www.feuerwehr-florian.com\/index.php?rest_route=\/wp\/v2\/pages"}],"about":[{"href":"https:\/\/www.feuerwehr-florian.com\/index.php?rest_route=\/wp\/v2\/types\/page"}],"author":[{"embeddable":true,"href":"https:\/\/www.feuerwehr-florian.com\/index.php?rest_route=\/wp\/v2\/users\/86"}],"replies":[{"embeddable":true,"href":"https:\/\/www.feuerwehr-florian.com\/index.php?rest_route=%2Fwp%2Fv2%2Fcomments&post=10406"}],"version-history":[{"count":4,"href":"https:\/\/www.feuerwehr-florian.com\/index.php?rest_route=\/wp\/v2\/pages\/10406\/revisions"}],"predecessor-version":[{"id":10940,"href":"https:\/\/www.feuerwehr-florian.com\/index.php?rest_route=\/wp\/v2\/pages\/10406\/revisions\/10940"}],"up":[{"embeddable":true,"href":"https:\/\/www.feuerwehr-florian.com\/index.php?rest_route=\/wp\/v2\/pages\/3934"}],"wp:featuredmedia":[{"embeddable":true,"href":"https:\/\/www.feuerwehr-florian.com\/index.php?rest_route=\/wp\/v2\/media\/10992"}],"wp:attachment":[{"href":"https:\/\/www.feuerwehr-florian.com\/index.php?rest_route=%2Fwp%2Fv2%2Fmedia&parent=10406"}],"curies":[{"name":"wp","href":"https:\/\/api.w.org\/{rel}","templated":true}]}}