{"id":10708,"date":"2023-04-15T13:58:20","date_gmt":"2023-04-15T11:58:20","guid":{"rendered":"https:\/\/www.feuerwehr-florian.com\/?page_id=10708"},"modified":"2026-01-26T22:04:42","modified_gmt":"2026-01-26T21:04:42","slug":"jahresrueckblicke-neu","status":"publish","type":"page","link":"https:\/\/www.feuerwehr-florian.com\/?page_id=10708","title":{"rendered":"Jahresr\u00fcckblicke"},"content":{"rendered":"\n<p>Hier finden Sie eine \u00dcbersicht unserer Jahresr\u00fcckblicke (bis zur\u00fcck zu 2002).<\/p>\n\n\n\n<div style=\"height:50px\" aria-hidden=\"true\" class=\"wp-block-spacer\"><\/div>\n\n\n\n<h2 class=\"wp-block-heading\">Jahresr\u00fcckblick 2024-2025<\/h2>\n\n\n\n<div data-wp-interactive=\"core\/file\" class=\"wp-block-file\"><object data-wp-bind--hidden=\"!state.hasPdfPreview\" hidden class=\"wp-block-file__embed\" data=\"https:\/\/www.feuerwehr-florian.com\/wp-content\/uploads\/2026\/01\/Jahresrueckblick-2024-2025-v1.0r.pdf\" type=\"application\/pdf\" style=\"width:100%;height:600px\" aria-label=\"Einbettung von Jahresr\u00fcckblick 2024-2025 - v0.6 - optimiert.\"><\/object><a id=\"wp-block-file--media-fdf399e1-25e2-4862-a976-4a1d6a6e05f2\" href=\"https:\/\/www.feuerwehr-florian.com\/wp-content\/uploads\/2026\/01\/Jahresrueckblick-2024-2025-v1.0r.pdf\">Jahresr\u00fcckblick 2024-2025 &#8211; v0.6 &#8211; optimiert<\/a><a href=\"https:\/\/www.feuerwehr-florian.com\/wp-content\/uploads\/2026\/01\/Jahresrueckblick-2024-2025-v1.0r.pdf\" class=\"wp-block-file__button wp-element-button\" download aria-describedby=\"wp-block-file--media-fdf399e1-25e2-4862-a976-4a1d6a6e05f2\">Herunterladen<\/a><\/div>\n\n\n\n<p><\/p>\n\n\n\n<h2 class=\"wp-block-heading\">Jahresr\u00fcckblick 2023-2024<\/h2>\n\n\n\n<div data-wp-interactive=\"core\/file\" class=\"wp-block-file\"><object data-wp-bind--hidden=\"!state.hasPdfPreview\" hidden class=\"wp-block-file__embed\" data=\"https:\/\/www.feuerwehr-florian.com\/wp-content\/uploads\/2025\/05\/Jahresrueckblick-2023-2024-v0.6-optimiert.pdf\" type=\"application\/pdf\" style=\"width:100%;height:600px\" aria-label=\"Einbettung von Jahresr\u00fcckblick 2023-2024 - v0.6 - optimiert.\"><\/object><a id=\"wp-block-file--media-fdf399e1-25e2-4862-a976-4a1d6a6e05f2\" href=\"https:\/\/www.feuerwehr-florian.com\/wp-content\/uploads\/2025\/05\/Jahresrueckblick-2023-2024-v0.6-optimiert.pdf\">Jahresr\u00fcckblick 2023-2024 &#8211; v0.6 &#8211; optimiert<\/a><a href=\"https:\/\/www.feuerwehr-florian.com\/wp-content\/uploads\/2025\/05\/Jahresrueckblick-2023-2024-v0.6-optimiert.pdf\" class=\"wp-block-file__button wp-element-button\" download aria-describedby=\"wp-block-file--media-fdf399e1-25e2-4862-a976-4a1d6a6e05f2\">Herunterladen<\/a><\/div>\n\n\n\n<p><\/p>\n\n\n\n<h2 class=\"wp-block-heading\">Jahresr\u00fcckblick 2022-2023<\/h2>\n\n\n\n<div data-wp-interactive=\"core\/file\" class=\"wp-block-file\"><object data-wp-bind--hidden=\"!state.hasPdfPreview\" hidden class=\"wp-block-file__embed\" data=\"https:\/\/www.feuerwehr-florian.com\/wp-content\/uploads\/2023\/12\/Jahresrueckblick-2022-2023.pdf\" type=\"application\/pdf\" style=\"width:100%;height:600px\" aria-label=\"PDF-Einbettung\"><\/object><a href=\"https:\/\/www.feuerwehr-florian.com\/wp-content\/uploads\/2023\/12\/Jahresrueckblick-2022-2023.pdf\" class=\"wp-block-file__button wp-element-button\" download>Herunterladen<\/a><\/div>\n\n\n\n<h2 class=\"wp-block-heading\"><br>Jahresr\u00fcckblick 2021-2022<\/h2>\n\n\n\n<div data-wp-interactive=\"core\/file\" class=\"wp-block-file\"><object data-wp-bind--hidden=\"!state.hasPdfPreview\" hidden class=\"wp-block-file__embed\" data=\"https:\/\/www.feuerwehr-florian.com\/wp-content\/uploads\/2023\/04\/Jahresrueckblick-2021-2022.pdf\" type=\"application\/pdf\" style=\"width:100%;height:600px\" aria-label=\"PDF-Einbettung\"><\/object><a href=\"https:\/\/www.feuerwehr-florian.com\/wp-content\/uploads\/2023\/04\/Jahresrueckblick-2021-2022.pdf\" class=\"wp-block-file__button wp-element-button\" download>Herunterladen<\/a><\/div>\n\n\n\n<h2 class=\"wp-block-heading\"><br>Jahresr\u00fcckblick 2020-2021<\/h2>\n\n\n\n<div data-wp-interactive=\"core\/file\" class=\"wp-block-file\"><object data-wp-bind--hidden=\"!state.hasPdfPreview\" hidden class=\"wp-block-file__embed\" data=\"https:\/\/www.feuerwehr-florian.com\/wp-content\/uploads\/2023\/04\/Jahresrueckblick-2020-2021.pdf\" type=\"application\/pdf\" style=\"width:100%;height:600px\" aria-label=\"PDF-Einbettung\"><\/object><a href=\"https:\/\/www.feuerwehr-florian.com\/wp-content\/uploads\/2023\/04\/Jahresrueckblick-2020-2021.pdf\" class=\"wp-block-file__button wp-element-button\" download>Herunterladen<\/a><\/div>\n\n\n\n<h2 class=\"wp-block-heading\"><br>Jahresr\u00fcckblick 2019-2020<\/h2>\n\n\n\n<div data-wp-interactive=\"core\/file\" class=\"wp-block-file\"><object data-wp-bind--hidden=\"!state.hasPdfPreview\" hidden class=\"wp-block-file__embed\" data=\"https:\/\/www.feuerwehr-florian.com\/wp-content\/uploads\/2021\/06\/Jahresrueckblick-2019-2020.pdf\" type=\"application\/pdf\" style=\"width:100%;height:600px\" aria-label=\"PDF-Einbettung\"><\/object><a href=\"https:\/\/www.feuerwehr-florian.com\/wp-content\/uploads\/2021\/06\/Jahresrueckblick-2019-2020.pdf\" class=\"wp-block-file__button wp-element-button\" download>Herunterladen<\/a><\/div>\n\n\n\n<h2 class=\"wp-block-heading\"><br>Jahresr\u00fcckblick 2018-2019<\/h2>\n\n\n\n<div data-wp-interactive=\"core\/file\" class=\"wp-block-file\"><object data-wp-bind--hidden=\"!state.hasPdfPreview\" hidden class=\"wp-block-file__embed\" data=\"https:\/\/www.feuerwehr-florian.com\/wp-content\/uploads\/2021\/06\/Jahresrueckblick-2018-2019.pdf\" type=\"application\/pdf\" style=\"width:100%;height:600px\" aria-label=\"PDF-Einbettung\"><\/object><a href=\"https:\/\/www.feuerwehr-florian.com\/wp-content\/uploads\/2021\/06\/Jahresrueckblick-2018-2019.pdf\" class=\"wp-block-file__button wp-element-button\" download>Herunterladen<\/a><\/div>\n\n\n\n<h2 class=\"wp-block-heading\"><br>Jahresr\u00fcckblick 2017-2018<\/h2>\n\n\n\n<div data-wp-interactive=\"core\/file\" class=\"wp-block-file\"><object data-wp-bind--hidden=\"!state.hasPdfPreview\" hidden class=\"wp-block-file__embed\" data=\"https:\/\/www.feuerwehr-florian.com\/wp-content\/uploads\/2019\/02\/Jahresr\u00fcckblick-2017-2018.pdf\" type=\"application\/pdf\" style=\"width:100%;height:600px\" aria-label=\"PDF-Einbettung\"><\/object><a href=\"https:\/\/www.feuerwehr-florian.com\/wp-content\/uploads\/2019\/02\/Jahresr\u00fcckblick-2017-2018.pdf\" class=\"wp-block-file__button wp-element-button\" download>Herunterladen<\/a><\/div>\n\n\n\n<h2 class=\"wp-block-heading\"><br>Jahresr\u00fcckblick 2016-2017<\/h2>\n\n\n\n<div data-wp-interactive=\"core\/file\" class=\"wp-block-file\"><object data-wp-bind--hidden=\"!state.hasPdfPreview\" hidden class=\"wp-block-file__embed\" data=\"https:\/\/www.feuerwehr-florian.com\/wp-content\/uploads\/2019\/02\/Jahresr\u00fcckblick-2016-2017.pdf\" type=\"application\/pdf\" style=\"width:100%;height:600px\" aria-label=\"PDF-Einbettung\"><\/object><a href=\"https:\/\/www.feuerwehr-florian.com\/wp-content\/uploads\/2019\/02\/Jahresr\u00fcckblick-2016-2017.pdf\" class=\"wp-block-file__button wp-element-button\" download>Herunterladen<\/a><\/div>\n\n\n\n<h2 class=\"wp-block-heading\"><br>Jahresr\u00fcckblick 2015<\/h2>\n\n\n\n<div data-wp-interactive=\"core\/file\" class=\"wp-block-file\"><object data-wp-bind--hidden=\"!state.hasPdfPreview\" hidden class=\"wp-block-file__embed\" data=\"https:\/\/www.feuerwehr-florian.com\/wp-content\/uploads\/2019\/02\/Jahresr\u00fcckblick-2015.pdf\" type=\"application\/pdf\" style=\"width:100%;height:600px\" aria-label=\"PDF-Einbettung\"><\/object><a href=\"https:\/\/www.feuerwehr-florian.com\/wp-content\/uploads\/2019\/02\/Jahresr\u00fcckblick-2015.pdf\" class=\"wp-block-file__button wp-element-button\" download>Herunterladen<\/a><\/div>\n\n\n\n<h2 class=\"wp-block-heading\"><br>Jahresr\u00fcckblick 2014<\/h2>\n\n\n\n<div data-wp-interactive=\"core\/file\" class=\"wp-block-file\"><object data-wp-bind--hidden=\"!state.hasPdfPreview\" hidden class=\"wp-block-file__embed\" data=\"https:\/\/www.feuerwehr-florian.com\/wp-content\/uploads\/2019\/02\/Jahresr\u00fcckblick-2014.pdf\" type=\"application\/pdf\" style=\"width:100%;height:600px\" aria-label=\"PDF-Einbettung\"><\/object><a href=\"https:\/\/www.feuerwehr-florian.com\/wp-content\/uploads\/2019\/02\/Jahresr\u00fcckblick-2014.pdf\" class=\"wp-block-file__button wp-element-button\" download>Herunterladen<\/a><\/div>\n\n\n\n<h2 class=\"wp-block-heading\"><br>Jahresr\u00fcckblick 2013<\/h2>\n\n\n\n<div data-wp-interactive=\"core\/file\" class=\"wp-block-file\"><object data-wp-bind--hidden=\"!state.hasPdfPreview\" hidden class=\"wp-block-file__embed\" data=\"https:\/\/www.feuerwehr-florian.com\/wp-content\/uploads\/2019\/02\/Jahresr\u00fcckblick-2013.pdf\" type=\"application\/pdf\" style=\"width:100%;height:600px\" aria-label=\"PDF-Einbettung\"><\/object><a href=\"https:\/\/www.feuerwehr-florian.com\/wp-content\/uploads\/2019\/02\/Jahresr\u00fcckblick-2013.pdf\" class=\"wp-block-file__button wp-element-button\" download>Herunterladen<\/a><\/div>\n\n\n\n<h2 class=\"wp-block-heading\"><br>Jahresr\u00fcckblick 2012<\/h2>\n\n\n\n<div data-wp-interactive=\"core\/file\" class=\"wp-block-file\"><object data-wp-bind--hidden=\"!state.hasPdfPreview\" hidden class=\"wp-block-file__embed\" data=\"https:\/\/www.feuerwehr-florian.com\/wp-content\/uploads\/2019\/02\/Jahresr\u00fcckblick-2012.pdf\" type=\"application\/pdf\" style=\"width:100%;height:600px\" aria-label=\"PDF-Einbettung\"><\/object><a href=\"https:\/\/www.feuerwehr-florian.com\/wp-content\/uploads\/2019\/02\/Jahresr\u00fcckblick-2012.pdf\" class=\"wp-block-file__button wp-element-button\" download>Herunterladen<\/a><\/div>\n\n\n\n<h2 class=\"wp-block-heading\"><br>Jahresr\u00fcckblick 2011<\/h2>\n\n\n\n<div data-wp-interactive=\"core\/file\" class=\"wp-block-file\"><object data-wp-bind--hidden=\"!state.hasPdfPreview\" hidden class=\"wp-block-file__embed\" data=\"https:\/\/www.feuerwehr-florian.com\/wp-content\/uploads\/2019\/02\/Jahresr\u00fcckblick-2011.pdf\" type=\"application\/pdf\" style=\"width:100%;height:600px\" aria-label=\"PDF-Einbettung\"><\/object><a href=\"https:\/\/www.feuerwehr-florian.com\/wp-content\/uploads\/2019\/02\/Jahresr\u00fcckblick-2011.pdf\" class=\"wp-block-file__button wp-element-button\" download>Herunterladen<\/a><\/div>\n\n\n\n<h2 class=\"wp-block-heading\"><br>Jahresr\u00fcckblick 2010<\/h2>\n\n\n\n<div data-wp-interactive=\"core\/file\" class=\"wp-block-file\"><object data-wp-bind--hidden=\"!state.hasPdfPreview\" hidden class=\"wp-block-file__embed\" data=\"https:\/\/www.feuerwehr-florian.com\/wp-content\/uploads\/2019\/02\/Jahresr\u00fcckblick-2010.pdf\" type=\"application\/pdf\" style=\"width:100%;height:600px\" aria-label=\"PDF-Einbettung\"><\/object><a href=\"https:\/\/www.feuerwehr-florian.com\/wp-content\/uploads\/2019\/02\/Jahresr\u00fcckblick-2010.pdf\" class=\"wp-block-file__button wp-element-button\" download>Herunterladen<\/a><\/div>\n\n\n\n<h2 class=\"wp-block-heading\"><br>Jahresr\u00fcckblick 2009<\/h2>\n\n\n\n<div data-wp-interactive=\"core\/file\" class=\"wp-block-file\"><object data-wp-bind--hidden=\"!state.hasPdfPreview\" hidden class=\"wp-block-file__embed\" data=\"https:\/\/www.feuerwehr-florian.com\/wp-content\/uploads\/2019\/02\/Jahresr\u00fcckblick-2009.pdf\" type=\"application\/pdf\" style=\"width:100%;height:600px\" aria-label=\"PDF-Einbettung\"><\/object><a href=\"https:\/\/www.feuerwehr-florian.com\/wp-content\/uploads\/2019\/02\/Jahresr\u00fcckblick-2009.pdf\" class=\"wp-block-file__button wp-element-button\" download>Herunterladen<\/a><\/div>\n\n\n\n<h2 class=\"wp-block-heading\"><br>Jahresr\u00fcckblick 2008<\/h2>\n\n\n\n<div data-wp-interactive=\"core\/file\" class=\"wp-block-file\"><object data-wp-bind--hidden=\"!state.hasPdfPreview\" hidden class=\"wp-block-file__embed\" data=\"https:\/\/www.feuerwehr-florian.com\/wp-content\/uploads\/2019\/02\/Jahresr\u00fcckblick-2008.pdf\" type=\"application\/pdf\" style=\"width:100%;height:600px\" aria-label=\"PDF-Einbettung\"><\/object><a href=\"https:\/\/www.feuerwehr-florian.com\/wp-content\/uploads\/2019\/02\/Jahresr\u00fcckblick-2008.pdf\" class=\"wp-block-file__button wp-element-button\" download>Herunterladen<\/a><\/div>\n\n\n\n<h2 class=\"wp-block-heading\"><br>Jahresr\u00fcckblick 2007<\/h2>\n\n\n\n<div data-wp-interactive=\"core\/file\" class=\"wp-block-file\"><object data-wp-bind--hidden=\"!state.hasPdfPreview\" hidden class=\"wp-block-file__embed\" data=\"https:\/\/www.feuerwehr-florian.com\/wp-content\/uploads\/2019\/02\/Jahresr\u00fcckblick-2007.pdf\" type=\"application\/pdf\" style=\"width:100%;height:600px\" aria-label=\"PDF-Einbettung\"><\/object><a href=\"https:\/\/www.feuerwehr-florian.com\/wp-content\/uploads\/2019\/02\/Jahresr\u00fcckblick-2007.pdf\" class=\"wp-block-file__button wp-element-button\" download>Herunterladen<\/a><\/div>\n\n\n\n<h2 class=\"wp-block-heading\"><br>Jahresr\u00fcckblick 2006<\/h2>\n\n\n\n<div data-wp-interactive=\"core\/file\" class=\"wp-block-file\"><object data-wp-bind--hidden=\"!state.hasPdfPreview\" hidden class=\"wp-block-file__embed\" data=\"https:\/\/www.feuerwehr-florian.com\/wp-content\/uploads\/2019\/02\/Jahresr\u00fcckblick-2006.pdf\" type=\"application\/pdf\" style=\"width:100%;height:600px\" aria-label=\"PDF-Einbettung\"><\/object><a href=\"https:\/\/www.feuerwehr-florian.com\/wp-content\/uploads\/2019\/02\/Jahresr\u00fcckblick-2006.pdf\" class=\"wp-block-file__button wp-element-button\" download>Herunterladen<\/a><\/div>\n\n\n\n<h2 class=\"wp-block-heading\"><br>Jahresr\u00fcckblick 2005<\/h2>\n\n\n\n<div data-wp-interactive=\"core\/file\" class=\"wp-block-file\"><object data-wp-bind--hidden=\"!state.hasPdfPreview\" hidden class=\"wp-block-file__embed\" data=\"https:\/\/www.feuerwehr-florian.com\/wp-content\/uploads\/2019\/02\/Jahresr\u00fcckblick-2005.pdf\" type=\"application\/pdf\" style=\"width:100%;height:600px\" aria-label=\"PDF-Einbettung\"><\/object><a href=\"https:\/\/www.feuerwehr-florian.com\/wp-content\/uploads\/2019\/02\/Jahresr\u00fcckblick-2005.pdf\" class=\"wp-block-file__button wp-element-button\" download>Herunterladen<\/a><\/div>\n\n\n\n<h2 class=\"wp-block-heading\"><br>Jahresr\u00fcckblick 2004<\/h2>\n\n\n\n<div data-wp-interactive=\"core\/file\" class=\"wp-block-file\"><object data-wp-bind--hidden=\"!state.hasPdfPreview\" hidden class=\"wp-block-file__embed\" data=\"https:\/\/www.feuerwehr-florian.com\/wp-content\/uploads\/2019\/02\/Jahresr\u00fcckblick-2004.pdf\" type=\"application\/pdf\" style=\"width:100%;height:600px\" aria-label=\"PDF-Einbettung\"><\/object><a href=\"https:\/\/www.feuerwehr-florian.com\/wp-content\/uploads\/2019\/02\/Jahresr\u00fcckblick-2004.pdf\" class=\"wp-block-file__button wp-element-button\" download>Herunterladen<\/a><\/div>\n\n\n\n<h2 class=\"wp-block-heading\"><br>Jahresr\u00fcckblick 2003<\/h2>\n\n\n\n<div data-wp-interactive=\"core\/file\" class=\"wp-block-file\"><object data-wp-bind--hidden=\"!state.hasPdfPreview\" hidden class=\"wp-block-file__embed\" data=\"https:\/\/www.feuerwehr-florian.com\/wp-content\/uploads\/2019\/02\/Jahresr\u00fcckblick-2003.pdf\" type=\"application\/pdf\" style=\"width:100%;height:600px\" aria-label=\"PDF-Einbettung\"><\/object><a href=\"https:\/\/www.feuerwehr-florian.com\/wp-content\/uploads\/2019\/02\/Jahresr\u00fcckblick-2003.pdf\" class=\"wp-block-file__button wp-element-button\" download>Herunterladen<\/a><\/div>\n\n\n\n<h2 class=\"wp-block-heading\"><br>Jahresr\u00fcckblick 2002<\/h2>\n\n\n\n<div data-wp-interactive=\"core\/file\" class=\"wp-block-file\"><object data-wp-bind--hidden=\"!state.hasPdfPreview\" hidden class=\"wp-block-file__embed\" data=\"https:\/\/www.feuerwehr-florian.com\/wp-content\/uploads\/2019\/02\/Jahresr\u00fcckblick-2002.pdf\" type=\"application\/pdf\" style=\"width:100%;height:600px\" aria-label=\"Einbettung von Jahresr\u00fcckblick 2002.\"><\/object><a id=\"wp-block-file--media-1746c359-769a-445a-8495-a70472300c5b\" href=\"https:\/\/www.feuerwehr-florian.com\/wp-content\/uploads\/2019\/02\/Jahresr\u00fcckblick-2002.pdf\">Jahresr\u00fcckblick 2002<\/a><a href=\"https:\/\/www.feuerwehr-florian.com\/wp-content\/uploads\/2019\/02\/Jahresr\u00fcckblick-2002.pdf\" class=\"wp-block-file__button wp-element-button\" download aria-describedby=\"wp-block-file--media-1746c359-769a-445a-8495-a70472300c5b\">Herunterladen<\/a><\/div>\n\n\n\n<p><\/p>\n\n\n\n<p><\/p>\n\n\n\n\n<!-- Page-list plugin v.5.9 wordpress.org\/plugins\/page-list\/ -->\n<ul class=\"page-list siblings-page-list pagelist\">\n<li class=\"page_item page-item-2328 page_item_has_children\"><a href=\"https:\/\/www.feuerwehr-florian.com\/?page_id=2328\">\u00dcber uns<\/a><\/li>\n<li class=\"page_item page-item-2804 page_item_has_children\"><a href=\"https:\/\/www.feuerwehr-florian.com\/?page_id=2804\">Unsere Fahrzeuge<\/a><\/li>\n<li class=\"page_item page-item-3257 page_item_has_children\"><a href=\"https:\/\/www.feuerwehr-florian.com\/?page_id=3257\">Unser Feuerwehrhaus<\/a><\/li>\n<li class=\"page_item page-item-2810\"><a href=\"https:\/\/www.feuerwehr-florian.com\/?page_id=2810\">Unsere Ausr\u00fcstung<\/a><\/li>\n<li class=\"page_item page-item-2815\"><a href=\"https:\/\/www.feuerwehr-florian.com\/?page_id=2815\">Unser Einsatzgebiet<\/a><\/li>\n<li class=\"page_item page-item-340\"><a href=\"https:\/\/www.feuerwehr-florian.com\/?page_id=340\">Pyrotechnischer Beauftragter<\/a><\/li>\n<li class=\"page_item page-item-10709\"><a href=\"https:\/\/www.feuerwehr-florian.com\/?page_id=10709\">T\u00e4tigkeitsberichte<\/a><\/li>\n<li class=\"page_item page-item-10708\"><a href=\"https:\/\/www.feuerwehr-florian.com\/?page_id=10708\">Jahresr\u00fcckblicke<\/a><\/li>\n\n<\/ul>\n","protected":false},"excerpt":{"rendered":"<p>Hier finden Sie eine \u00dcbersicht unserer Jahresr\u00fcckblicke (bis zur\u00fcck zu 2002). Jahresr\u00fcckblick 2024-2025 Jahresr\u00fcckblick 2024-2025 &#8211; v0.6 &#8211; optimiertHerunterladen Jahresr\u00fcckblick 2023-2024 Jahresr\u00fcckblick 2023-2024 &#8211; v0.6 &#8211; optimiertHerunterladen Jahresr\u00fcckblick 2022-2023 Herunterladen Jahresr\u00fcckblick 2021-2022 Herunterladen Jahresr\u00fcckblick 2020-2021 Herunterladen Jahresr\u00fcckblick 2019-2020 Herunterladen Jahresr\u00fcckblick 2018-2019 Herunterladen Jahresr\u00fcckblick 2017-2018 Herunterladen Jahresr\u00fcckblick 2016-2017 Herunterladen Jahresr\u00fcckblick 2015 Herunterladen Jahresr\u00fcckblick 2014 Herunterladen Jahresr\u00fcckblick<\/p>\n<p><a class=\"more-link\" href=\"https:\/\/www.feuerwehr-florian.com\/?page_id=10708\">Weiterlesen<\/a><\/p>\n","protected":false},"author":11,"featured_media":0,"parent":886,"menu_order":7,"comment_status":"closed","ping_status":"closed","template":"","meta":{"footnotes":""},"class_list":["post-10708","page","type-page","status-publish","hentry"],"jetpack_sharing_enabled":true,"jetpack_likes_enabled":true,"_links":{"self":[{"href":"https:\/\/www.feuerwehr-florian.com\/index.php?rest_route=\/wp\/v2\/pages\/10708","targetHints":{"allow":["GET"]}}],"collection":[{"href":"https:\/\/www.feuerwehr-florian.com\/index.php?rest_route=\/wp\/v2\/pages"}],"about":[{"href":"https:\/\/www.feuerwehr-florian.com\/index.php?rest_route=\/wp\/v2\/types\/page"}],"author":[{"embeddable":true,"href":"https:\/\/www.feuerwehr-florian.com\/index.php?rest_route=\/wp\/v2\/users\/11"}],"replies":[{"embeddable":true,"href":"https:\/\/www.feuerwehr-florian.com\/index.php?rest_route=%2Fwp%2Fv2%2Fcomments&post=10708"}],"version-history":[{"count":11,"href":"https:\/\/www.feuerwehr-florian.com\/index.php?rest_route=\/wp\/v2\/pages\/10708\/revisions"}],"predecessor-version":[{"id":12853,"href":"https:\/\/www.feuerwehr-florian.com\/index.php?rest_route=\/wp\/v2\/pages\/10708\/revisions\/12853"}],"up":[{"embeddable":true,"href":"https:\/\/www.feuerwehr-florian.com\/index.php?rest_route=\/wp\/v2\/pages\/886"}],"wp:attachment":[{"href":"https:\/\/www.feuerwehr-florian.com\/index.php?rest_route=%2Fwp%2Fv2%2Fmedia&parent=10708"}],"curies":[{"name":"wp","href":"https:\/\/api.w.org\/{rel}","templated":true}]}}