{"id":10709,"date":"2023-04-15T14:02:48","date_gmt":"2023-04-15T12:02:48","guid":{"rendered":"https:\/\/www.feuerwehr-florian.com\/?page_id=10709"},"modified":"2026-01-26T22:00:13","modified_gmt":"2026-01-26T21:00:13","slug":"taetigkeitsberichte-neu","status":"publish","type":"page","link":"https:\/\/www.feuerwehr-florian.com\/?page_id=10709","title":{"rendered":"T\u00e4tigkeitsberichte"},"content":{"rendered":"\n<p>Hier finden Sie eine \u00dcbersicht unserer T\u00e4tigkeitsberichte (bis 2002).<\/p>\n\n\n\n<div style=\"height:50px\" aria-hidden=\"true\" class=\"wp-block-spacer\"><\/div>\n\n\n\n<h2 class=\"wp-block-heading\">T\u00e4tigkeitsbericht 2025<\/h2>\n\n\n\n<div data-wp-interactive=\"core\/file\" class=\"wp-block-file\"><object data-wp-bind--hidden=\"!state.hasPdfPreview\" hidden class=\"wp-block-file__embed\" data=\"https:\/\/www.feuerwehr-florian.com\/wp-content\/uploads\/2026\/01\/Taetigkeitsbericht-2025_FINAL.pdf\" type=\"application\/pdf\" style=\"width:100%;height:600px\" aria-label=\"Einbettung von T\u00e4tigkeitsbericht.\"><\/object><a id=\"wp-block-file--media-ac894c70-4941-4ad8-9598-6460078c0ce7\" href=\"https:\/\/www.feuerwehr-florian.com\/wp-content\/uploads\/2026\/01\/Taetigkeitsbericht-2025_FINAL.pdf\">T\u00e4tigkeitsbericht<\/a><a href=\"https:\/\/www.feuerwehr-florian.com\/wp-content\/uploads\/2026\/01\/Taetigkeitsbericht-2025_FINAL.pdf\" class=\"wp-block-file__button wp-element-button\" download aria-describedby=\"wp-block-file--media-ac894c70-4941-4ad8-9598-6460078c0ce7\">Herunterladen<\/a><\/div>\n\n\n\n<div style=\"height:50px\" aria-hidden=\"true\" class=\"wp-block-spacer\"><\/div>\n\n\n\n<h2 class=\"wp-block-heading\">T\u00e4tigkeitsbericht 2024<\/h2>\n\n\n\n<div data-wp-interactive=\"core\/file\" class=\"wp-block-file\"><object data-wp-bind--hidden=\"!state.hasPdfPreview\" hidden class=\"wp-block-file__embed\" data=\"https:\/\/www.feuerwehr-florian.com\/wp-content\/uploads\/2025\/05\/Taetigkeitsbericht.pdf\" type=\"application\/pdf\" style=\"width:100%;height:600px\" aria-label=\"Einbettung von T\u00e4tigkeitsbericht.\"><\/object><a id=\"wp-block-file--media-ac894c70-4941-4ad8-9598-6460078c0ce7\" href=\"https:\/\/www.feuerwehr-florian.com\/wp-content\/uploads\/2025\/05\/Taetigkeitsbericht.pdf\">T\u00e4tigkeitsbericht<\/a><a href=\"https:\/\/www.feuerwehr-florian.com\/wp-content\/uploads\/2025\/05\/Taetigkeitsbericht.pdf\" class=\"wp-block-file__button wp-element-button\" download aria-describedby=\"wp-block-file--media-ac894c70-4941-4ad8-9598-6460078c0ce7\">Herunterladen<\/a><\/div>\n\n\n\n<div style=\"height:50px\" aria-hidden=\"true\" class=\"wp-block-spacer\"><\/div>\n\n\n\n<h2 class=\"wp-block-heading\">T\u00e4tigkeitsbericht 2023<\/h2>\n\n\n\n<div data-wp-interactive=\"core\/file\" class=\"wp-block-file\"><object data-wp-bind--hidden=\"!state.hasPdfPreview\" hidden class=\"wp-block-file__embed\" data=\"https:\/\/www.feuerwehr-florian.com\/wp-content\/uploads\/2024\/02\/Taetigkeitsbericht-2023.pdf\" type=\"application\/pdf\" style=\"width:100%;height:600px\" aria-label=\"Einbettung von Taetigkeitsbericht-2023.\"><\/object><a id=\"wp-block-file--media-ab7cc318-a1c2-4cc8-997a-7954e147586e\" href=\"https:\/\/www.feuerwehr-florian.com\/wp-content\/uploads\/2024\/02\/Taetigkeitsbericht-2023.pdf\">Taetigkeitsbericht-2023<\/a><a href=\"https:\/\/www.feuerwehr-florian.com\/wp-content\/uploads\/2024\/02\/Taetigkeitsbericht-2023.pdf\" class=\"wp-block-file__button wp-element-button\" download aria-describedby=\"wp-block-file--media-ab7cc318-a1c2-4cc8-997a-7954e147586e\">Herunterladen<\/a><\/div>\n\n\n\n<div style=\"height:50px\" aria-hidden=\"true\" class=\"wp-block-spacer\"><\/div>\n\n\n\n<h2 class=\"wp-block-heading\">T\u00e4tigkeitsbericht 2022<\/h2>\n\n\n\n<div data-wp-interactive=\"core\/file\" class=\"wp-block-file\"><object data-wp-bind--hidden=\"!state.hasPdfPreview\" hidden class=\"wp-block-file__embed\" data=\"https:\/\/www.feuerwehr-florian.com\/wp-content\/uploads\/2023\/04\/Taetigkeitsbericht-2022.pdf\" type=\"application\/pdf\" style=\"width:100%;height:600px\" aria-label=\"PDF-Einbettung\"><\/object><a href=\"https:\/\/www.feuerwehr-florian.com\/wp-content\/uploads\/2023\/04\/Taetigkeitsbericht-2022.pdf\" class=\"wp-block-file__button wp-element-button\" download>Herunterladen<\/a><\/div>\n\n\n\n<div style=\"height:50px\" aria-hidden=\"true\" class=\"wp-block-spacer\"><\/div>\n\n\n\n<h2 class=\"wp-block-heading\">T\u00e4tigkeitsbericht 2021<\/h2>\n\n\n\n<div data-wp-interactive=\"core\/file\" class=\"wp-block-file\"><object data-wp-bind--hidden=\"!state.hasPdfPreview\" hidden class=\"wp-block-file__embed\" data=\"https:\/\/www.feuerwehr-florian.com\/wp-content\/uploads\/2023\/04\/Taetigkeitsbericht-2021.pdf\" type=\"application\/pdf\" style=\"width:100%;height:600px\" aria-label=\"PDF-Einbettung\"><\/object><a href=\"https:\/\/www.feuerwehr-florian.com\/wp-content\/uploads\/2023\/04\/Taetigkeitsbericht-2021.pdf\" class=\"wp-block-file__button wp-element-button\" download>Herunterladen<\/a><\/div>\n\n\n\n<div style=\"height:50px\" aria-hidden=\"true\" class=\"wp-block-spacer\"><\/div>\n\n\n\n<h2 class=\"wp-block-heading\">T\u00e4tigkeitsbericht 2020<\/h2>\n\n\n\n<div data-wp-interactive=\"core\/file\" class=\"wp-block-file\"><object data-wp-bind--hidden=\"!state.hasPdfPreview\" hidden class=\"wp-block-file__embed\" data=\"https:\/\/www.feuerwehr-florian.com\/wp-content\/uploads\/2021\/06\/Taetigkeitsbericht-2020.pdf\" type=\"application\/pdf\" style=\"width:100%;height:600px\" aria-label=\"PDF-Einbettung\"><\/object><a href=\"https:\/\/www.feuerwehr-florian.com\/wp-content\/uploads\/2021\/06\/Taetigkeitsbericht-2020.pdf\" class=\"wp-block-file__button wp-element-button\" download>Herunterladen<\/a><\/div>\n\n\n\n<div style=\"height:50px\" aria-hidden=\"true\" class=\"wp-block-spacer\"><\/div>\n\n\n\n<h2 class=\"wp-block-heading\">T\u00e4tigkeitsbericht 2019<\/h2>\n\n\n\n<div data-wp-interactive=\"core\/file\" class=\"wp-block-file\"><object data-wp-bind--hidden=\"!state.hasPdfPreview\" hidden class=\"wp-block-file__embed\" data=\"https:\/\/www.feuerwehr-florian.com\/wp-content\/uploads\/2021\/06\/Taetigkeitsbericht-2019.pdf\" type=\"application\/pdf\" style=\"width:100%;height:600px\" aria-label=\"PDF-Einbettung\"><\/object><a href=\"https:\/\/www.feuerwehr-florian.com\/wp-content\/uploads\/2021\/06\/Taetigkeitsbericht-2019.pdf\" class=\"wp-block-file__button wp-element-button\" download>Herunterladen<\/a><\/div>\n\n\n\n<div style=\"height:50px\" aria-hidden=\"true\" class=\"wp-block-spacer\"><\/div>\n\n\n\n<h2 class=\"wp-block-heading\">T\u00e4tigkeitsbericht 2018<\/h2>\n\n\n\n<div data-wp-interactive=\"core\/file\" class=\"wp-block-file\"><object data-wp-bind--hidden=\"!state.hasPdfPreview\" hidden class=\"wp-block-file__embed\" data=\"https:\/\/www.feuerwehr-florian.com\/wp-content\/uploads\/2019\/02\/T\u00e4tigkeitsbericht-2018.pdf\" type=\"application\/pdf\" style=\"width:100%;height:600px\" aria-label=\"PDF-Einbettung\"><\/object><a href=\"https:\/\/www.feuerwehr-florian.com\/wp-content\/uploads\/2019\/02\/T\u00e4tigkeitsbericht-2018.pdf\" class=\"wp-block-file__button wp-element-button\" download>Herunterladen<\/a><\/div>\n\n\n\n<div style=\"height:50px\" aria-hidden=\"true\" class=\"wp-block-spacer\"><\/div>\n\n\n\n<h2 class=\"wp-block-heading\">T\u00e4tigkeitsbericht 2017<\/h2>\n\n\n\n<div data-wp-interactive=\"core\/file\" class=\"wp-block-file\"><object data-wp-bind--hidden=\"!state.hasPdfPreview\" hidden class=\"wp-block-file__embed\" data=\"https:\/\/www.feuerwehr-florian.com\/wp-content\/uploads\/2019\/02\/T\u00e4tigkeitsbericht-2017.pdf\" type=\"application\/pdf\" style=\"width:100%;height:600px\" aria-label=\"PDF-Einbettung\"><\/object><a href=\"https:\/\/www.feuerwehr-florian.com\/wp-content\/uploads\/2019\/02\/T\u00e4tigkeitsbericht-2017.pdf\" class=\"wp-block-file__button wp-element-button\" download>Herunterladen<\/a><\/div>\n\n\n\n<div style=\"height:50px\" aria-hidden=\"true\" class=\"wp-block-spacer\"><\/div>\n\n\n\n<h2 class=\"wp-block-heading\">T\u00e4tigkeitsbericht 2016<\/h2>\n\n\n\n<div data-wp-interactive=\"core\/file\" class=\"wp-block-file\"><object data-wp-bind--hidden=\"!state.hasPdfPreview\" hidden class=\"wp-block-file__embed\" data=\"https:\/\/www.feuerwehr-florian.com\/wp-content\/uploads\/2019\/02\/T\u00e4tigkeitsbericht-2015.pdf\" type=\"application\/pdf\" style=\"width:100%;height:600px\" aria-label=\"PDF-Einbettung\"><\/object><a href=\"https:\/\/www.feuerwehr-florian.com\/wp-content\/uploads\/2019\/02\/T\u00e4tigkeitsbericht-2015.pdf\" class=\"wp-block-file__button wp-element-button\" download>Herunterladen<\/a><\/div>\n\n\n\n<div style=\"height:50px\" aria-hidden=\"true\" class=\"wp-block-spacer\"><\/div>\n\n\n\n<h2 class=\"wp-block-heading\">T\u00e4tigkeitsbericht 2015<\/h2>\n\n\n\n<div data-wp-interactive=\"core\/file\" class=\"wp-block-file\"><object data-wp-bind--hidden=\"!state.hasPdfPreview\" hidden class=\"wp-block-file__embed\" data=\"https:\/\/www.feuerwehr-florian.com\/wp-content\/uploads\/2019\/02\/T\u00e4tigkeitsbericht-2015.pdf\" type=\"application\/pdf\" style=\"width:100%;height:600px\" aria-label=\"PDF-Einbettung\"><\/object><a href=\"https:\/\/www.feuerwehr-florian.com\/wp-content\/uploads\/2019\/02\/T\u00e4tigkeitsbericht-2015.pdf\" class=\"wp-block-file__button wp-element-button\" download>Herunterladen<\/a><\/div>\n\n\n\n<div style=\"height:50px\" aria-hidden=\"true\" class=\"wp-block-spacer\"><\/div>\n\n\n\n<h2 class=\"wp-block-heading\">T\u00e4tigkeitsbericht 2014<\/h2>\n\n\n\n<div data-wp-interactive=\"core\/file\" class=\"wp-block-file\"><object data-wp-bind--hidden=\"!state.hasPdfPreview\" hidden class=\"wp-block-file__embed\" data=\"https:\/\/www.feuerwehr-florian.com\/wp-content\/uploads\/2019\/02\/T\u00e4tigkeitsbericht-2014.pdf\" type=\"application\/pdf\" style=\"width:100%;height:600px\" aria-label=\"PDF-Einbettung\"><\/object><a href=\"https:\/\/www.feuerwehr-florian.com\/wp-content\/uploads\/2019\/02\/T\u00e4tigkeitsbericht-2014.pdf\" class=\"wp-block-file__button wp-element-button\" download>Herunterladen<\/a><\/div>\n\n\n\n<div style=\"height:50px\" aria-hidden=\"true\" class=\"wp-block-spacer\"><\/div>\n\n\n\n<h2 class=\"wp-block-heading\">T\u00e4tigkeitsbericht 2013<\/h2>\n\n\n\n<div data-wp-interactive=\"core\/file\" class=\"wp-block-file\"><object data-wp-bind--hidden=\"!state.hasPdfPreview\" hidden class=\"wp-block-file__embed\" data=\"https:\/\/www.feuerwehr-florian.com\/wp-content\/uploads\/2019\/02\/T\u00e4tigkeitsbericht-2013.pdf\" type=\"application\/pdf\" style=\"width:100%;height:600px\" aria-label=\"PDF-Einbettung\"><\/object><a href=\"https:\/\/www.feuerwehr-florian.com\/wp-content\/uploads\/2019\/02\/T\u00e4tigkeitsbericht-2013.pdf\" class=\"wp-block-file__button wp-element-button\" download>Herunterladen<\/a><\/div>\n\n\n\n<div style=\"height:50px\" aria-hidden=\"true\" class=\"wp-block-spacer\"><\/div>\n\n\n\n<h2 class=\"wp-block-heading\">T\u00e4tigkeitsbericht 2012<\/h2>\n\n\n\n<div data-wp-interactive=\"core\/file\" class=\"wp-block-file\"><object data-wp-bind--hidden=\"!state.hasPdfPreview\" hidden class=\"wp-block-file__embed\" data=\"https:\/\/www.feuerwehr-florian.com\/wp-content\/uploads\/2019\/02\/T\u00e4tigkeitsbericht-2012.pdf\" type=\"application\/pdf\" style=\"width:100%;height:600px\" aria-label=\"PDF-Einbettung\"><\/object><a href=\"https:\/\/www.feuerwehr-florian.com\/wp-content\/uploads\/2019\/02\/T\u00e4tigkeitsbericht-2012.pdf\" class=\"wp-block-file__button wp-element-button\" download>Herunterladen<\/a><\/div>\n\n\n\n<div style=\"height:50px\" aria-hidden=\"true\" class=\"wp-block-spacer\"><\/div>\n\n\n\n<h2 class=\"wp-block-heading\">T\u00e4tigkeitsbericht 2011<\/h2>\n\n\n\n<div data-wp-interactive=\"core\/file\" class=\"wp-block-file\"><object data-wp-bind--hidden=\"!state.hasPdfPreview\" hidden class=\"wp-block-file__embed\" data=\"https:\/\/www.feuerwehr-florian.com\/wp-content\/uploads\/2019\/02\/T\u00e4tigkeitsbericht-2011.pdf\" type=\"application\/pdf\" style=\"width:100%;height:600px\" aria-label=\"PDF-Einbettung\"><\/object><a href=\"https:\/\/www.feuerwehr-florian.com\/wp-content\/uploads\/2019\/02\/T\u00e4tigkeitsbericht-2011.pdf\" class=\"wp-block-file__button wp-element-button\" download>Herunterladen<\/a><\/div>\n\n\n\n<div style=\"height:50px\" aria-hidden=\"true\" class=\"wp-block-spacer\"><\/div>\n\n\n\n<h2 class=\"wp-block-heading\">T\u00e4tigkeitsbericht 2010<\/h2>\n\n\n\n<div data-wp-interactive=\"core\/file\" class=\"wp-block-file\"><object data-wp-bind--hidden=\"!state.hasPdfPreview\" hidden class=\"wp-block-file__embed\" data=\"https:\/\/www.feuerwehr-florian.com\/wp-content\/uploads\/2019\/02\/T\u00e4tigkeitsbericht-2010.pdf\" type=\"application\/pdf\" style=\"width:100%;height:600px\" aria-label=\"PDF-Einbettung\"><\/object><a href=\"https:\/\/www.feuerwehr-florian.com\/wp-content\/uploads\/2019\/02\/T\u00e4tigkeitsbericht-2010.pdf\" class=\"wp-block-file__button wp-element-button\" download>Herunterladen<\/a><\/div>\n\n\n\n<div style=\"height:50px\" aria-hidden=\"true\" class=\"wp-block-spacer\"><\/div>\n\n\n\n<h2 class=\"wp-block-heading\">T\u00e4tigkeitsbericht 2009<\/h2>\n\n\n\n<div data-wp-interactive=\"core\/file\" class=\"wp-block-file\"><object data-wp-bind--hidden=\"!state.hasPdfPreview\" hidden class=\"wp-block-file__embed\" data=\"https:\/\/www.feuerwehr-florian.com\/wp-content\/uploads\/2019\/02\/T\u00e4tigkeitsbericht-2009.pdf\" type=\"application\/pdf\" style=\"width:100%;height:600px\" aria-label=\"PDF-Einbettung\"><\/object><a href=\"https:\/\/www.feuerwehr-florian.com\/wp-content\/uploads\/2019\/02\/T\u00e4tigkeitsbericht-2009.pdf\" class=\"wp-block-file__button wp-element-button\" download>Herunterladen<\/a><\/div>\n\n\n\n<div style=\"height:50px\" aria-hidden=\"true\" class=\"wp-block-spacer\"><\/div>\n\n\n\n<h2 class=\"wp-block-heading\">T\u00e4tigkeitsbericht 2008<\/h2>\n\n\n\n<div data-wp-interactive=\"core\/file\" class=\"wp-block-file\"><object data-wp-bind--hidden=\"!state.hasPdfPreview\" hidden class=\"wp-block-file__embed\" data=\"https:\/\/www.feuerwehr-florian.com\/wp-content\/uploads\/2019\/02\/T\u00e4tigkeitsbericht-2008.pdf\" type=\"application\/pdf\" style=\"width:100%;height:600px\" aria-label=\"PDF-Einbettung\"><\/object><a href=\"https:\/\/www.feuerwehr-florian.com\/wp-content\/uploads\/2019\/02\/T\u00e4tigkeitsbericht-2008.pdf\" class=\"wp-block-file__button wp-element-button\" download>Herunterladen<\/a><\/div>\n\n\n\n<div style=\"height:50px\" aria-hidden=\"true\" class=\"wp-block-spacer\"><\/div>\n\n\n\n<h2 class=\"wp-block-heading\">T\u00e4tigkeitsbericht 2007<\/h2>\n\n\n\n<div data-wp-interactive=\"core\/file\" class=\"wp-block-file\"><object data-wp-bind--hidden=\"!state.hasPdfPreview\" hidden class=\"wp-block-file__embed\" data=\"https:\/\/www.feuerwehr-florian.com\/wp-content\/uploads\/2019\/02\/T\u00e4tigkeitsbericht-2007.pdf\" type=\"application\/pdf\" style=\"width:100%;height:600px\" aria-label=\"PDF-Einbettung\"><\/object><a href=\"https:\/\/www.feuerwehr-florian.com\/wp-content\/uploads\/2019\/02\/T\u00e4tigkeitsbericht-2007.pdf\" class=\"wp-block-file__button wp-element-button\" download>Herunterladen<\/a><\/div>\n\n\n\n<div style=\"height:50px\" aria-hidden=\"true\" class=\"wp-block-spacer\"><\/div>\n\n\n\n<h2 class=\"wp-block-heading\">T\u00e4tigkeitsbericht 2006<\/h2>\n\n\n\n<div data-wp-interactive=\"core\/file\" class=\"wp-block-file\"><object data-wp-bind--hidden=\"!state.hasPdfPreview\" hidden class=\"wp-block-file__embed\" data=\"https:\/\/www.feuerwehr-florian.com\/wp-content\/uploads\/2019\/02\/T\u00e4tigkeitsbericht-2006.pdf\" type=\"application\/pdf\" style=\"width:100%;height:600px\" aria-label=\"PDF-Einbettung\"><\/object><a href=\"https:\/\/www.feuerwehr-florian.com\/wp-content\/uploads\/2019\/02\/T\u00e4tigkeitsbericht-2006.pdf\" class=\"wp-block-file__button wp-element-button\" download>Herunterladen<\/a><\/div>\n\n\n\n<div style=\"height:50px\" aria-hidden=\"true\" class=\"wp-block-spacer\"><\/div>\n\n\n\n<h2 class=\"wp-block-heading\">T\u00e4tigkeitsbericht 2005<\/h2>\n\n\n\n<div data-wp-interactive=\"core\/file\" class=\"wp-block-file\"><object data-wp-bind--hidden=\"!state.hasPdfPreview\" hidden class=\"wp-block-file__embed\" data=\"https:\/\/www.feuerwehr-florian.com\/wp-content\/uploads\/2019\/02\/T\u00e4tigkeitsbericht-2005.pdf\" type=\"application\/pdf\" style=\"width:100%;height:600px\" aria-label=\"PDF-Einbettung\"><\/object><a href=\"https:\/\/www.feuerwehr-florian.com\/wp-content\/uploads\/2019\/02\/T\u00e4tigkeitsbericht-2005.pdf\" class=\"wp-block-file__button wp-element-button\" download>Herunterladen<\/a><\/div>\n\n\n\n<div style=\"height:50px\" aria-hidden=\"true\" class=\"wp-block-spacer\"><\/div>\n\n\n\n<h2 class=\"wp-block-heading\">T\u00e4tigkeitsbericht 2004<\/h2>\n\n\n\n<div data-wp-interactive=\"core\/file\" class=\"wp-block-file\"><object data-wp-bind--hidden=\"!state.hasPdfPreview\" hidden class=\"wp-block-file__embed\" data=\"https:\/\/www.feuerwehr-florian.com\/wp-content\/uploads\/2019\/02\/T\u00e4tigkeitsbericht-2004.pdf\" type=\"application\/pdf\" style=\"width:100%;height:600px\" aria-label=\"PDF-Einbettung\"><\/object><a href=\"https:\/\/www.feuerwehr-florian.com\/wp-content\/uploads\/2019\/02\/T\u00e4tigkeitsbericht-2004.pdf\" class=\"wp-block-file__button wp-element-button\" download>Herunterladen<\/a><\/div>\n\n\n\n<div style=\"height:50px\" aria-hidden=\"true\" class=\"wp-block-spacer\"><\/div>\n\n\n\n<h2 class=\"wp-block-heading\">T\u00e4tigkeitsbericht 2003<\/h2>\n\n\n\n<div data-wp-interactive=\"core\/file\" class=\"wp-block-file\"><object data-wp-bind--hidden=\"!state.hasPdfPreview\" hidden class=\"wp-block-file__embed\" data=\"https:\/\/www.feuerwehr-florian.com\/wp-content\/uploads\/2019\/02\/T\u00e4tigkeitsbericht-2003.pdf\" type=\"application\/pdf\" style=\"width:100%;height:600px\" aria-label=\"PDF-Einbettung\"><\/object><a href=\"https:\/\/www.feuerwehr-florian.com\/wp-content\/uploads\/2019\/02\/T\u00e4tigkeitsbericht-2003.pdf\" class=\"wp-block-file__button wp-element-button\" download>Herunterladen<\/a><\/div>\n\n\n\n<div style=\"height:50px\" aria-hidden=\"true\" class=\"wp-block-spacer\"><\/div>\n\n\n\n<h2 class=\"wp-block-heading\">T\u00e4tigkeitsbericht 2002<\/h2>\n\n\n\n<div data-wp-interactive=\"core\/file\" class=\"wp-block-file\"><object data-wp-bind--hidden=\"!state.hasPdfPreview\" hidden class=\"wp-block-file__embed\" data=\"https:\/\/www.feuerwehr-florian.com\/wp-content\/uploads\/2019\/02\/T\u00e4tigkeitsbericht-2002.pdf\" type=\"application\/pdf\" style=\"width:100%;height:600px\" aria-label=\"PDF-Einbettung\"><\/object><a href=\"https:\/\/www.feuerwehr-florian.com\/wp-content\/uploads\/2019\/02\/T\u00e4tigkeitsbericht-2002.pdf\" class=\"wp-block-file__button wp-element-button\" download>Herunterladen<\/a><\/div>\n\n\n\n<p><\/p>\n\n\n\n<p><\/p>\n\n\n\n\n<!-- Page-list plugin v.5.9 wordpress.org\/plugins\/page-list\/ -->\n<ul class=\"page-list siblings-page-list pagelist\">\n<li class=\"page_item page-item-2328 page_item_has_children\"><a href=\"https:\/\/www.feuerwehr-florian.com\/?page_id=2328\">\u00dcber uns<\/a><\/li>\n<li class=\"page_item page-item-2804 page_item_has_children\"><a href=\"https:\/\/www.feuerwehr-florian.com\/?page_id=2804\">Unsere Fahrzeuge<\/a><\/li>\n<li class=\"page_item page-item-3257 page_item_has_children\"><a href=\"https:\/\/www.feuerwehr-florian.com\/?page_id=3257\">Unser Feuerwehrhaus<\/a><\/li>\n<li class=\"page_item page-item-2810\"><a href=\"https:\/\/www.feuerwehr-florian.com\/?page_id=2810\">Unsere Ausr\u00fcstung<\/a><\/li>\n<li class=\"page_item page-item-2815\"><a href=\"https:\/\/www.feuerwehr-florian.com\/?page_id=2815\">Unser Einsatzgebiet<\/a><\/li>\n<li class=\"page_item page-item-340\"><a href=\"https:\/\/www.feuerwehr-florian.com\/?page_id=340\">Pyrotechnischer Beauftragter<\/a><\/li>\n<li class=\"page_item page-item-10709\"><a href=\"https:\/\/www.feuerwehr-florian.com\/?page_id=10709\">T\u00e4tigkeitsberichte<\/a><\/li>\n<li class=\"page_item page-item-10708\"><a href=\"https:\/\/www.feuerwehr-florian.com\/?page_id=10708\">Jahresr\u00fcckblicke<\/a><\/li>\n\n<\/ul>\n","protected":false},"excerpt":{"rendered":"<p>Hier finden Sie eine \u00dcbersicht unserer T\u00e4tigkeitsberichte (bis 2002). T\u00e4tigkeitsbericht 2025 T\u00e4tigkeitsberichtHerunterladen T\u00e4tigkeitsbericht 2024 T\u00e4tigkeitsberichtHerunterladen T\u00e4tigkeitsbericht 2023 Taetigkeitsbericht-2023Herunterladen T\u00e4tigkeitsbericht 2022 Herunterladen T\u00e4tigkeitsbericht 2021 Herunterladen T\u00e4tigkeitsbericht 2020 Herunterladen T\u00e4tigkeitsbericht 2019 Herunterladen T\u00e4tigkeitsbericht 2018 Herunterladen T\u00e4tigkeitsbericht 2017 Herunterladen T\u00e4tigkeitsbericht 2016 Herunterladen T\u00e4tigkeitsbericht 2015 Herunterladen T\u00e4tigkeitsbericht 2014 Herunterladen T\u00e4tigkeitsbericht 2013 Herunterladen T\u00e4tigkeitsbericht 2012 Herunterladen T\u00e4tigkeitsbericht 2011 Herunterladen T\u00e4tigkeitsbericht<\/p>\n<p><a class=\"more-link\" href=\"https:\/\/www.feuerwehr-florian.com\/?page_id=10709\">Weiterlesen<\/a><\/p>\n","protected":false},"author":11,"featured_media":0,"parent":886,"menu_order":6,"comment_status":"closed","ping_status":"closed","template":"","meta":{"footnotes":""},"class_list":["post-10709","page","type-page","status-publish","hentry"],"jetpack_sharing_enabled":true,"jetpack_likes_enabled":true,"_links":{"self":[{"href":"https:\/\/www.feuerwehr-florian.com\/index.php?rest_route=\/wp\/v2\/pages\/10709","targetHints":{"allow":["GET"]}}],"collection":[{"href":"https:\/\/www.feuerwehr-florian.com\/index.php?rest_route=\/wp\/v2\/pages"}],"about":[{"href":"https:\/\/www.feuerwehr-florian.com\/index.php?rest_route=\/wp\/v2\/types\/page"}],"author":[{"embeddable":true,"href":"https:\/\/www.feuerwehr-florian.com\/index.php?rest_route=\/wp\/v2\/users\/11"}],"replies":[{"embeddable":true,"href":"https:\/\/www.feuerwehr-florian.com\/index.php?rest_route=%2Fwp%2Fv2%2Fcomments&post=10709"}],"version-history":[{"count":27,"href":"https:\/\/www.feuerwehr-florian.com\/index.php?rest_route=\/wp\/v2\/pages\/10709\/revisions"}],"predecessor-version":[{"id":12849,"href":"https:\/\/www.feuerwehr-florian.com\/index.php?rest_route=\/wp\/v2\/pages\/10709\/revisions\/12849"}],"up":[{"embeddable":true,"href":"https:\/\/www.feuerwehr-florian.com\/index.php?rest_route=\/wp\/v2\/pages\/886"}],"wp:attachment":[{"href":"https:\/\/www.feuerwehr-florian.com\/index.php?rest_route=%2Fwp%2Fv2%2Fmedia&parent=10709"}],"curies":[{"name":"wp","href":"https:\/\/api.w.org\/{rel}","templated":true}]}}