{"id":11247,"date":"2023-09-19T14:36:38","date_gmt":"2023-09-19T12:36:38","guid":{"rendered":"https:\/\/www.feuerwehr-florian.com\/?page_id=11247"},"modified":"2023-12-30T21:59:52","modified_gmt":"2023-12-30T20:59:52","slug":"hochwasser-informationen","status":"publish","type":"page","link":"https:\/\/www.feuerwehr-florian.com\/?page_id=11247","title":{"rendered":"Hochwasser Informationen"},"content":{"rendered":"<p><img loading=\"lazy\" decoding=\"async\" class=\"alignleft wp-image-10747 size-thumbnail\" src=\"https:\/\/www.feuerwehr-florian.com\/wp-content\/uploads\/2023\/04\/DJI_20230415083953_0003_W-250x250.jpg\" alt=\"\" width=\"250\" height=\"250\" \/><\/p>\n<p>Aktuelle Hochwasserinformationen und Handlungsempfehlungen zur Vorsorge und im Akutfall.<\/p>\n<p><!--more--><\/p>\n<h1>Aktuelle Warnstufe<\/h1>\n<hr \/>\n<h4><span style=\"color: #339966;\"><strong>Derzeit ist keine Hochwasserwarnstufe aktiv!<\/strong><\/span><\/h4>\n<hr \/>\n<h5 style=\"text-align: left;\">Pegelmessung hydrograph. Dienst (Standort Zirkuswiese)<\/h5>\n<p><a href=\"https:\/\/hydro.ooe.gv.at\/#\/overview\/Wasserstand\/station\/16620\/St.%20Florian%20bei%20Linz\/Wasserstand?period=P1M\" target=\"_blank\" rel=\"noopener\">https:\/\/hydro.ooe.gv.at\/#\/overview\/Wasserstand\/station\/16620\/St.%20Florian%20bei%20Linz\/Wasserstand?period=P1M<\/a><\/p>\n<h5><iframe style=\"width: 100%; height: 400px; border: 0;\" src=\"https:\/\/hydro.ooe.gv.at\/graph.html?stationId=16620&amp;component=ki-wwp-graph-ext&amp;key=%2FWasserstand&amp;period=P7D\"><\/iframe><\/h5>\n<h1>Offizielle Warnstufen<\/h1>\n<ol>\n<li><strong>Warnung<\/strong><\/li>\n<li><strong>Alarm<\/strong><\/li>\n<li><strong>Katastrophe<\/strong><\/li>\n<\/ol>\n<h2><span style=\"color: #000000;\">Erwartbare Ereignisse zu den Warnstufen<\/span><\/h2>\n<p>Diese Ereignisse beziehen sich auf ein Hochwasser des &#8222;Ipfbaches&#8220; im Gemeindegebiet von St. Florian. Andere Rinnsale, B\u00e4che und Fl\u00fcsse k\u00f6nnen lokal andere Ereignisse ausl\u00f6sen!<\/p>\n<p>Generell sind Unwetter und Gro\u00dfwetterlagen immer individuelle Erscheinungen, welche sich nicht vollst\u00e4ndig prognostizieren lassen. Daher sind diese Auflistungen als Erfahrungswerte anzusehen und geben keine Garantie \u00fcber den individuellen Verlauf eines Hochwassers.<\/p>\n<h4 style=\"padding-left: 40px;\">Warnung<\/h4>\n<p style=\"padding-left: 40px;\">Die unteren Rezessionsbecken (Felder) Richtung Kienerstadl werden aufgrund des Entlastungsrohres im oberen Rezesionsbecken gef\u00fcllt. Es kommt bereits zu einem Austritt der Ipf in Richtung Sportplatz. Es ist mit \u00dcberflutungen vom Sportplatz &amp; Turnwiese und Bereich GH Pfisterm\u00fcller sowie den Ausuferungszonen und Wegen entlang des Ipfbaches zu rechnen.<\/p>\n<h4 style=\"padding-left: 40px;\">Alarm<\/h4>\n<p style=\"padding-left: 40px;\">Die unteren Rezessionsbecken (Felder) Richtung Kienerstadl sind aufgrund des Entlastungsrohres im oberen Rezesionsbecken voll gef\u00fcllt. Es ist mit gro\u00dffl\u00e4chigen \u00dcberflutungen im Bereich Badstra\u00dfe, Zirkuswiese und Am Ipfbach zu rechnen.<\/p>\n<h4 style=\"padding-left: 40px;\">Katastrophe<\/h4>\n<p style=\"padding-left: 40px;\">Gro\u00dffl\u00e4chige \u00dcberflutungen im gesamten Gemeindegebiet erwartet. Alle niedrigliegenden Geb\u00e4ude und Sachwerte sind potentiell bedroht.<\/p>\n<h2>Generelle Handlungsempfehlungen bei Hochwassergefahr<\/h2>\n<p>Bitte beachten Sie folgende Hinweise:<\/p>\n<ul>\n<li>Wenn Sie Neub\u00fcrger in einem hochwassergef\u00e4hrdeten Gebiet sind und zum ersten Mal mit Hochwasser zu tun haben, lassen Sie sich durch alteingesessene Bewohner beraten und n\u00fctzen Sie deren Erfahrungen.<\/li>\n<li>Sorgen Sie rechtzeitig f\u00fcr eine eigene pers\u00f6nliche Grundausr\u00fcstung. Denken Sie daran, dass die Feuerwehr und die anderen Hilfsorganisationen ihre Ausr\u00fcstung f\u00fcr Notf\u00e4lle brauchen und sie daher nicht verleihen k\u00f6nnen.<\/li>\n<li>R\u00e4umen Sie fr\u00fchzeitig Ihren Keller, Ihre Garage und tiefer liegende R\u00e4ume. R\u00e4umen Sie von vornherein so, dass nicht mehrmals das gleiche Mobiliar in die Hand genommen werden muss. Die Feuerwehr kann nur in Ausnahmef\u00e4llen helfen. Setzten Sie Ihre Eigenleistung auch w\u00e4hrend des Hochwassers fort; nehmen Sie erforderlichenfalls Urlaub und verlassen Sie sich nicht auf Andere. Helfen Sie auch Nachbarn.<\/li>\n<li>Sorgen Sie daf\u00fcr, dass der Strom in den \u00fcberfluteten R\u00e4umen abgeschaltet wird. Sorgen Sie f\u00fcr Notbeleuchtung. Treffen Sie mit Ihren Nachbarn eine Vereinbarung f\u00fcr den Fall, dass Ihr Telefon ausf\u00e4llt. Machen Sie sich bei Notf\u00e4llen durch lautes Rufen am Fenster bemerkbar.<\/li>\n<li>Sch\u00fctzen Sie Ihre Heizungsanlage. Lassen Sie Brenner, Thermen usw. rechtzeitig ausbauen. Denken Sie daran, die \u00f6rtlichen \u00a0Heizungsinstallateure haben bei drohendem Hochwasser viel zu tun.<\/li>\n<li>Sichern Sie Ihre \u00d6ltanks, z.B. durch Verankern. Entfernen Sie Beh\u00e4lter mit Alt\u00f6l, S\u00e4uren, Farben, Lacke usw. \u00d6l und andere Stoffe verschmutzen nicht nur das Wasser und Ihre R\u00e4ume, sondern auch die Umwelt.<\/li>\n<li>Bringen Sie Ihren PKW und sonstige Fahrzeuge aus Hochwassergef\u00e4hrdeten Garagen und Parkpl\u00e4tzen auf h\u00f6her gelegene Standorte.<\/li>\n<li>Der Wasserstand f\u00e4llt langsam wieder. Bevor allerdings s\u00e4mtliche private Schutzvorkehrungen beseitigt werden, wird empfohlen, die weitere Entwicklung zu beobachten.<\/li>\n<li>Das Sinken des Flusswassers kann zu einem Anstieg des Grundwasserspiegels f\u00fchren. Dadurch besteht die M\u00f6glichkeit, dass auch in weiter von der Wasserlinie entfernten H\u00e4usern in tiefere Geb\u00e4udeteile Wasser eindringt.<\/li>\n<li>Vorsicht: Das Leerpumpen von Geb\u00e4uden ist nicht ohne Risiko, weil der Druck des erh\u00f6hten Grundwasserspiegels zu erheblichen Bausch\u00e4den f\u00fchren kann. Sicher ist es, zu warten, bis auch der Grundwasserspiegel wieder sinkt. Geeignete Pumpen k\u00f6nnen gemietet werden; entsprechende Firmen finden Sie im Branchenbuch \u201eGelbe Seiten\u201c unter dem Stichwort \u201ePumpen\u201c.<\/li>\n<\/ul>\n\n<!-- Page-list plugin v.5.9 wordpress.org\/plugins\/page-list\/ -->\n<ul class=\"page-list siblings-page-list pagelist\">\n<li class=\"page_item page-item-2848\"><a href=\"https:\/\/www.feuerwehr-florian.com\/?page_id=2848\">Advent: Brandgefahren zur stillsten Zeit im Jahr<\/a><\/li>\n<li class=\"page_item page-item-2847\"><a href=\"https:\/\/www.feuerwehr-florian.com\/?page_id=2847\">Bienen, Wespen und Hornissen<\/a><\/li>\n<li class=\"page_item page-item-2844\"><a href=\"https:\/\/www.feuerwehr-florian.com\/?page_id=2844\">Brandgesch\u00e4digte Haushalte<\/a><\/li>\n<li class=\"page_item page-item-2849\"><a href=\"https:\/\/www.feuerwehr-florian.com\/?page_id=2849\">Endg\u00fcltiges Wunschlaternenverbot!<\/a><\/li>\n<li class=\"page_item page-item-2846\"><a href=\"https:\/\/www.feuerwehr-florian.com\/?page_id=2846\">F\u00fcr Ihre Sicherheit &#8211; die Rettungskarte<\/a><\/li>\n<li class=\"page_item page-item-11247\"><a href=\"https:\/\/www.feuerwehr-florian.com\/?page_id=11247\">Hochwasser Informationen<\/a><\/li>\n<li class=\"page_item page-item-2853\"><a href=\"https:\/\/www.feuerwehr-florian.com\/?page_id=2853\">Rauchmelder retten Leben!<\/a><\/li>\n<li class=\"page_item page-item-2845\"><a href=\"https:\/\/www.feuerwehr-florian.com\/?page_id=2845\">Rettungsgasse ab 2012 Pflicht<\/a><\/li>\n<li class=\"page_item page-item-2855\"><a href=\"https:\/\/www.feuerwehr-florian.com\/?page_id=2855\">Sirenensignale<\/a><\/li>\n<li class=\"page_item page-item-2856\"><a href=\"https:\/\/www.feuerwehr-florian.com\/?page_id=2856\">Tragbare Feuerl\u00f6scher<\/a><\/li>\n<li class=\"page_item page-item-2851\"><a href=\"https:\/\/www.feuerwehr-florian.com\/?page_id=2851\">Verhalten bei Br\u00e4nden<\/a><\/li>\n<li class=\"page_item page-item-2850\"><a href=\"https:\/\/www.feuerwehr-florian.com\/?page_id=2850\">Verhalten bei St\u00fcrmen<\/a><\/li>\n<li class=\"page_item page-item-2843\"><a href=\"https:\/\/www.feuerwehr-florian.com\/?page_id=2843\">Wald- und Flurbrandgefahr<\/a><\/li>\n\n<\/ul>\n\n\n<div style=\"height:94px\" aria-hidden=\"true\" class=\"wp-block-spacer\"><\/div>\n","protected":false},"excerpt":{"rendered":"<p>Aktuelle Hochwasserinformationen und Handlungsempfehlungen zur Vorsorge und im Akutfall.<\/p>\n","protected":false},"author":8,"featured_media":0,"parent":2854,"menu_order":5,"comment_status":"closed","ping_status":"closed","template":"","meta":{"footnotes":""},"class_list":["post-11247","page","type-page","status-publish","hentry"],"jetpack_sharing_enabled":true,"jetpack_likes_enabled":true,"_links":{"self":[{"href":"https:\/\/www.feuerwehr-florian.com\/index.php?rest_route=\/wp\/v2\/pages\/11247","targetHints":{"allow":["GET"]}}],"collection":[{"href":"https:\/\/www.feuerwehr-florian.com\/index.php?rest_route=\/wp\/v2\/pages"}],"about":[{"href":"https:\/\/www.feuerwehr-florian.com\/index.php?rest_route=\/wp\/v2\/types\/page"}],"author":[{"embeddable":true,"href":"https:\/\/www.feuerwehr-florian.com\/index.php?rest_route=\/wp\/v2\/users\/8"}],"replies":[{"embeddable":true,"href":"https:\/\/www.feuerwehr-florian.com\/index.php?rest_route=%2Fwp%2Fv2%2Fcomments&post=11247"}],"version-history":[{"count":51,"href":"https:\/\/www.feuerwehr-florian.com\/index.php?rest_route=\/wp\/v2\/pages\/11247\/revisions"}],"predecessor-version":[{"id":11675,"href":"https:\/\/www.feuerwehr-florian.com\/index.php?rest_route=\/wp\/v2\/pages\/11247\/revisions\/11675"}],"up":[{"embeddable":true,"href":"https:\/\/www.feuerwehr-florian.com\/index.php?rest_route=\/wp\/v2\/pages\/2854"}],"wp:attachment":[{"href":"https:\/\/www.feuerwehr-florian.com\/index.php?rest_route=%2Fwp%2Fv2%2Fmedia&parent=11247"}],"curies":[{"name":"wp","href":"https:\/\/api.w.org\/{rel}","templated":true}]}}