{"id":11685,"date":"2024-01-05T01:30:52","date_gmt":"2024-01-05T00:30:52","guid":{"rendered":"https:\/\/www.feuerwehr-florian.com\/?page_id=11685"},"modified":"2025-01-04T21:27:13","modified_gmt":"2025-01-04T20:27:13","slug":"einsaetze-2024","status":"publish","type":"page","link":"https:\/\/www.feuerwehr-florian.com\/?page_id=11685","title":{"rendered":"Eins\u00e4tze 2024"},"content":{"rendered":"\n<p>Eine Auflistung aller Eins\u00e4tze aus dem Jahr 2024.<\/p>\n\n\n<!--W4PL_List_11683-->\n<div id=\"w4pl-list-11683\" class=\"w4pl\">\n\t<div id=\"w4pl-inner-11683\" class=\"w4pl-inner\">\n\t\t<ul>\r\n<li><a href=\"https:\/\/www.feuerwehr-florian.com\/?p=12178\">10.12.2024<\/a> | <a href=\"https:\/\/www.feuerwehr-florian.com\/?p=12178\">Katzenrettung aus Hackschnitzelbunker<\/a><\/li>\r\n\r\n<li><a href=\"https:\/\/www.feuerwehr-florian.com\/?p=12170\">09.12.2024<\/a> | <a href=\"https:\/\/www.feuerwehr-florian.com\/?p=12170\">Brand eines LKW-Anh\u00e4ngers auf der Autobahn A1<\/a><\/li>\r\n\r\n<li><a href=\"https:\/\/www.feuerwehr-florian.com\/?p=12146\">20.11.2024<\/a> | <a href=\"https:\/\/www.feuerwehr-florian.com\/?p=12146\">VU nach umgefallenem Baum auf der Thann-Landesstra\u00dfe<\/a><\/li>\r\n\r\n<li><a href=\"https:\/\/www.feuerwehr-florian.com\/?p=12133\">23.10.2024<\/a> | <a href=\"https:\/\/www.feuerwehr-florian.com\/?p=12133\">Fahrzeugbergung<\/a><\/li>\r\n\r\n<li><a href=\"https:\/\/www.feuerwehr-florian.com\/?p=12128\">23.10.2024<\/a> | <a href=\"https:\/\/www.feuerwehr-florian.com\/?p=12128\">\u00d6lspur Wolferner Landesstra\u00dfe<\/a><\/li>\r\n\r\n<li><a href=\"https:\/\/www.feuerwehr-florian.com\/?p=12116\">07.10.2024<\/a> | <a href=\"https:\/\/www.feuerwehr-florian.com\/?p=12116\">Fahrzeugbrand im Freien<\/a><\/li>\r\n\r\n<li><a href=\"https:\/\/www.feuerwehr-florian.com\/?p=12113\">04.10.2024<\/a> | <a href=\"https:\/\/www.feuerwehr-florian.com\/?p=12113\">Brandmeldealarme im Betriebsobjekt<\/a><\/li>\r\n\r\n<li><a href=\"https:\/\/www.feuerwehr-florian.com\/?p=12085\">27.09.2024<\/a> | <a href=\"https:\/\/www.feuerwehr-florian.com\/?p=12085\">Zwei Eins\u00e4tze innerhalb k\u00fcrzester Zeit auf der Autobahn A1 Fahrtrichtung Wien<\/a><\/li>\r\n\r\n<li><a href=\"https:\/\/www.feuerwehr-florian.com\/?p=12082\">18.09.2024<\/a> | <a href=\"https:\/\/www.feuerwehr-florian.com\/?p=12082\">Brandmeldealarm Bezirksaltenheim St. Florian<\/a><\/li>\r\n\r\n<li><a href=\"https:\/\/www.feuerwehr-florian.com\/?p=12074\">15.09.2024<\/a> | <a href=\"https:\/\/www.feuerwehr-florian.com\/?p=12074\">Starkregen in \u00d6sterreich &#8211; Situation in St. Florian<\/a><\/li>\r\n\r\n<li><a href=\"https:\/\/www.feuerwehr-florian.com\/?p=12052\">26.08.2024<\/a> | <a href=\"https:\/\/www.feuerwehr-florian.com\/?p=12052\">T\u00fcr\u00f6ffnung in der Prandtauerstra\u00dfe<\/a><\/li>\r\n\r\n<li><a href=\"https:\/\/www.feuerwehr-florian.com\/?p=12049\">22.08.2024<\/a> | <a href=\"https:\/\/www.feuerwehr-florian.com\/?p=12049\">Brandmeldealarm Schloss Tillysburg<\/a><\/li>\r\n\r\n<li><a href=\"https:\/\/www.feuerwehr-florian.com\/?p=12046\">21.08.2024<\/a> | <a href=\"https:\/\/www.feuerwehr-florian.com\/?p=12046\">Brandmeldealarm Bezirksaltenheim St. Florian<\/a><\/li>\r\n\r\n<li><a href=\"https:\/\/www.feuerwehr-florian.com\/?p=12042\">18.08.2024<\/a> | <a href=\"https:\/\/www.feuerwehr-florian.com\/?p=12042\">Eingeschlossene Person in Lift<\/a><\/li>\r\n\r\n<li><a href=\"https:\/\/www.feuerwehr-florian.com\/?p=12034\">07.08.2024<\/a> | <a href=\"https:\/\/www.feuerwehr-florian.com\/?p=12034\">Brand Geb\u00fcsch Thannstra\u00dfe<\/a><\/li>\r\n\r\n<li><a href=\"https:\/\/www.feuerwehr-florian.com\/?p=12026\">04.08.2024<\/a> | <a href=\"https:\/\/www.feuerwehr-florian.com\/?p=12026\">Brand eines PKWs auf der Autobahn A1<\/a><\/li>\r\n\r\n<li><a href=\"https:\/\/www.feuerwehr-florian.com\/?p=12023\">31.07.2024<\/a> | <a href=\"https:\/\/www.feuerwehr-florian.com\/?p=12023\">Fahrzeugbergung Linzerstra\u00dfe<\/a><\/li>\r\n\r\n<li><a href=\"https:\/\/www.feuerwehr-florian.com\/?p=12018\">30.07.2024<\/a> | <a href=\"https:\/\/www.feuerwehr-florian.com\/?p=12018\">Brandmeldealarm im Astenfeld<\/a><\/li>\r\n\r\n<li><a href=\"https:\/\/www.feuerwehr-florian.com\/?p=12006\">21.07.2024<\/a> | <a href=\"https:\/\/www.feuerwehr-florian.com\/?p=12006\">Brandverdacht in Weilling<\/a><\/li>\r\n\r\n<li><a href=\"https:\/\/www.feuerwehr-florian.com\/?p=11998\">06.07.2024<\/a> | <a href=\"https:\/\/www.feuerwehr-florian.com\/?p=11998\">Sturmschaden: Strommasten droht umzust\u00fcrzen<\/a><\/li>\r\n\r\n<li><a href=\"https:\/\/www.feuerwehr-florian.com\/?p=11989\">04.07.2024<\/a> | <a href=\"https:\/\/www.feuerwehr-florian.com\/?p=11989\">Brandmeldealarm im Astenfeld<\/a><\/li>\r\n\r\n<li><a href=\"https:\/\/www.feuerwehr-florian.com\/?p=11978\">24.06.2024<\/a> | <a href=\"https:\/\/www.feuerwehr-florian.com\/?p=11978\">Verkehrsunfall mit LKW und drei PKW auf der A1 Fahrtrichtung Wien<\/a><\/li>\r\n\r\n<li><a href=\"https:\/\/www.feuerwehr-florian.com\/?p=11967\">21.06.2024<\/a> | <a href=\"https:\/\/www.feuerwehr-florian.com\/?p=11967\">Dieselaustritt aus LKW<\/a><\/li>\r\n\r\n<li><a href=\"https:\/\/www.feuerwehr-florian.com\/?p=11960\">13.06.2024<\/a> | <a href=\"https:\/\/www.feuerwehr-florian.com\/?p=11960\">\u00d6lspur und Fahrzeugbergung<\/a><\/li>\r\n\r\n<li><a href=\"https:\/\/www.feuerwehr-florian.com\/?p=11957\">07.06.2024<\/a> | <a href=\"https:\/\/www.feuerwehr-florian.com\/?p=11957\">Zweiter Einsatz in Folge: Brandmeldealarm Bezirksaltenheim<\/a><\/li>\r\n\r\n<li><a href=\"https:\/\/www.feuerwehr-florian.com\/?p=11955\">07.06.2024<\/a> | <a href=\"https:\/\/www.feuerwehr-florian.com\/?p=11955\">Brandmeldealarm im Astenfeld<\/a><\/li>\r\n\r\n<li><a href=\"https:\/\/www.feuerwehr-florian.com\/?p=11948\">04.06.2024<\/a> | <a href=\"https:\/\/www.feuerwehr-florian.com\/?p=11948\">Stra\u00dfenreinigung nach Starkregen<\/a><\/li>\r\n\r\n<li><a href=\"https:\/\/www.feuerwehr-florian.com\/?p=11942\">31.05.2024<\/a> | <a href=\"https:\/\/www.feuerwehr-florian.com\/?p=11942\">T\u00fcr\u00f6ffnung in der Prandtauerstra\u00dfe<\/a><\/li>\r\n\r\n<li><a href=\"https:\/\/www.feuerwehr-florian.com\/?p=11938\">28.05.2024<\/a> | <a href=\"https:\/\/www.feuerwehr-florian.com\/?p=11938\">Brandmeldealarm Sumerauerhof<\/a><\/li>\r\n\r\n<li><a href=\"https:\/\/www.feuerwehr-florian.com\/?p=11927\">27.05.2024<\/a> | <a href=\"https:\/\/www.feuerwehr-florian.com\/?p=11927\">\u00d6lspur im Gemeindegebiet<\/a><\/li>\r\n\r\n<li><a href=\"https:\/\/www.feuerwehr-florian.com\/?p=11923\">21.05.2024<\/a> | <a href=\"https:\/\/www.feuerwehr-florian.com\/?p=11923\">Aufr\u00e4umarbeiten nach Verkehrsunfall<\/a><\/li>\r\n\r\n<li><a href=\"https:\/\/www.feuerwehr-florian.com\/?p=11916\">05.05.2024<\/a> | <a href=\"https:\/\/www.feuerwehr-florian.com\/?p=11916\">Brand eines PKWs auf der Autobahn A1<\/a><\/li>\r\n\r\n<li><a href=\"https:\/\/www.feuerwehr-florian.com\/?p=11873\">01.05.2024<\/a> | <a href=\"https:\/\/www.feuerwehr-florian.com\/?p=11873\">Sturmschaden in Fernbach<\/a><\/li>\r\n\r\n<li><a href=\"https:\/\/www.feuerwehr-florian.com\/?p=11869\">01.05.2024<\/a> | <a href=\"https:\/\/www.feuerwehr-florian.com\/?p=11869\">Wasserrohrbruch in der Wienerstra\u00dfe<\/a><\/li>\r\n\r\n<li><a href=\"https:\/\/www.feuerwehr-florian.com\/?p=11849\">18.04.2024<\/a> | <a href=\"https:\/\/www.feuerwehr-florian.com\/?p=11849\">Brandmeldealarm im Stift St. Florian<\/a><\/li>\r\n\r\n<li><a href=\"https:\/\/www.feuerwehr-florian.com\/?p=11837\">16.04.2024<\/a> | <a href=\"https:\/\/www.feuerwehr-florian.com\/?p=11837\">Verkehrsunfall Menschenrettung auf der Thannstra\u00dfe L1349<\/a><\/li>\r\n\r\n<li><a href=\"https:\/\/www.feuerwehr-florian.com\/?p=11811\">30.03.2024<\/a> | <a href=\"https:\/\/www.feuerwehr-florian.com\/?p=11811\">PKW-Bergung in Samesleiten<\/a><\/li>\r\n\r\n<li><a href=\"https:\/\/www.feuerwehr-florian.com\/?p=11800\">23.03.2024<\/a> | <a href=\"https:\/\/www.feuerwehr-florian.com\/?p=11800\">Verkehrsunfall auf der Ipf-Landesstra\u00dfe H\u00f6he Weiling<\/a><\/li>\r\n\r\n<li><a href=\"https:\/\/www.feuerwehr-florian.com\/?p=11795\">22.03.2024<\/a> | <a href=\"https:\/\/www.feuerwehr-florian.com\/?p=11795\">Bergung eines Kaugummiautomatens aus dem Ipfbach<\/a><\/li>\r\n\r\n<li><a href=\"https:\/\/www.feuerwehr-florian.com\/?p=11789\">19.03.2024<\/a> | <a href=\"https:\/\/www.feuerwehr-florian.com\/?p=11789\">Verkehrsunfall mit zwei LKWs auf der A1<\/a><\/li>\r\n\r\n<li><a href=\"https:\/\/www.feuerwehr-florian.com\/?p=11777\">14.03.2024<\/a> | <a href=\"https:\/\/www.feuerwehr-florian.com\/?p=11777\">Verkehrsunfall auf der L566 H\u00f6he TIZ<\/a><\/li>\r\n\r\n<li><a href=\"https:\/\/www.feuerwehr-florian.com\/?p=11750\">08.02.2024<\/a> | <a href=\"https:\/\/www.feuerwehr-florian.com\/?p=11750\">Verkehrsunfall auf der L564<\/a><\/li>\r\n\r\n<li><a href=\"https:\/\/www.feuerwehr-florian.com\/?p=11703\">01.02.2024<\/a> | <a href=\"https:\/\/www.feuerwehr-florian.com\/?p=11703\">Fahrzeugbergung in Hohenbrunn<\/a><\/li>\r\n\r\n<li><a href=\"https:\/\/www.feuerwehr-florian.com\/?p=11699\">17.01.2024<\/a> | <a href=\"https:\/\/www.feuerwehr-florian.com\/?p=11699\">Brandverdacht auf Lagerplatz<\/a><\/li>\r\n\r\n<li><a href=\"https:\/\/www.feuerwehr-florian.com\/?p=11690\">15.01.2024<\/a> | <a href=\"https:\/\/www.feuerwehr-florian.com\/?p=11690\">Verkehrsunfall auf der A1 Fahrtrichtung Wien<\/a><\/li>\r\n\r\n<li><a href=\"https:\/\/www.feuerwehr-florian.com\/?p=11678\">05.01.2024<\/a> | <a href=\"https:\/\/www.feuerwehr-florian.com\/?p=11678\">Brandmeldealarm in M\u00f6belhaus<\/a><\/li>\r\n<\/ul>\n\t<\/div><!--#w4pl-inner-11683-->\n<\/div><!--#w4pl-11683-->\n<!--END_W4PL_List_11683-->\n\n\n\n\n<!-- Page-list plugin v.5.9 wordpress.org\/plugins\/page-list\/ -->\n<ul class=\"page-list siblings-page-list pagelist\">\n<li class=\"page_item page-item-11710\"><a href=\"https:\/\/www.feuerwehr-florian.com\/?page_id=11710\">Eingabe Hochwassermessung<\/a><\/li>\n<li class=\"page_item page-item-12060 page_item_has_children\"><a href=\"https:\/\/www.feuerwehr-florian.com\/?page_id=12060\">Veranstaltungen<\/a><\/li>\n<li class=\"page_item page-item-884 page_item_has_children\"><a href=\"https:\/\/www.feuerwehr-florian.com\/?page_id=884\">Aktivit\u00e4ten<\/a><\/li>\n<li class=\"page_item page-item-973\"><a href=\"https:\/\/www.feuerwehr-florian.com\/?page_id=973\">Kontakt &#038; Anfahrt<\/a><\/li>\n<li class=\"page_item page-item-886 page_item_has_children\"><a href=\"https:\/\/www.feuerwehr-florian.com\/?page_id=886\">Feuerwehr<\/a><\/li>\n<li class=\"page_item page-item-958\"><a href=\"https:\/\/www.feuerwehr-florian.com\/?page_id=958\">Impressum, Offenlegung &#038; Datenschutz<\/a><\/li>\n<li class=\"page_item page-item-888 page_item_has_children\"><a href=\"https:\/\/www.feuerwehr-florian.com\/?page_id=888\">Jugend<\/a><\/li>\n<li class=\"page_item page-item-971\"><a href=\"https:\/\/www.feuerwehr-florian.com\/?page_id=971\">Nutzungsbedingungen<\/a><\/li>\n<li class=\"page_item page-item-1019 page_item_has_children\"><a href=\"https:\/\/www.feuerwehr-florian.com\/?page_id=1019\">Wissenswertes<\/a><\/li>\n<li class=\"page_item page-item-9630\"><a href=\"https:\/\/www.feuerwehr-florian.com\/?page_id=9630\">Sponsoren<\/a><\/li>\n<li class=\"page_item page-item-3804\"><a href=\"https:\/\/www.feuerwehr-florian.com\/?page_id=3804\">Web<\/a><\/li>\n\n<\/ul>\n","protected":false},"excerpt":{"rendered":"<p>Der erste Einsatz im Jahr 2024 f\u00fchrte uns am 4. J\u00e4nner um 07:31 Uhr zu einem M\u00f6belhaus. Ein Brandmelder schlug noch vor den \u00d6ffnungszeiten Alarm.<\/p>\n","protected":false},"author":86,"featured_media":12090,"parent":3934,"menu_order":92,"comment_status":"closed","ping_status":"closed","template":"","meta":{"footnotes":""},"class_list":["post-11685","page","type-page","status-publish","has-post-thumbnail","hentry"],"jetpack_sharing_enabled":true,"jetpack_likes_enabled":true,"_links":{"self":[{"href":"https:\/\/www.feuerwehr-florian.com\/index.php?rest_route=\/wp\/v2\/pages\/11685","targetHints":{"allow":["GET"]}}],"collection":[{"href":"https:\/\/www.feuerwehr-florian.com\/index.php?rest_route=\/wp\/v2\/pages"}],"about":[{"href":"https:\/\/www.feuerwehr-florian.com\/index.php?rest_route=\/wp\/v2\/types\/page"}],"author":[{"embeddable":true,"href":"https:\/\/www.feuerwehr-florian.com\/index.php?rest_route=\/wp\/v2\/users\/86"}],"replies":[{"embeddable":true,"href":"https:\/\/www.feuerwehr-florian.com\/index.php?rest_route=%2Fwp%2Fv2%2Fcomments&post=11685"}],"version-history":[{"count":2,"href":"https:\/\/www.feuerwehr-florian.com\/index.php?rest_route=\/wp\/v2\/pages\/11685\/revisions"}],"predecessor-version":[{"id":12223,"href":"https:\/\/www.feuerwehr-florian.com\/index.php?rest_route=\/wp\/v2\/pages\/11685\/revisions\/12223"}],"up":[{"embeddable":true,"href":"https:\/\/www.feuerwehr-florian.com\/index.php?rest_route=\/wp\/v2\/pages\/3934"}],"wp:featuredmedia":[{"embeddable":true,"href":"https:\/\/www.feuerwehr-florian.com\/index.php?rest_route=\/wp\/v2\/media\/12090"}],"wp:attachment":[{"href":"https:\/\/www.feuerwehr-florian.com\/index.php?rest_route=%2Fwp%2Fv2%2Fmedia&parent=11685"}],"curies":[{"name":"wp","href":"https:\/\/api.w.org\/{rel}","templated":true}]}}