{"id":2095,"date":"2016-01-05T10:23:02","date_gmt":"2016-01-05T09:23:02","guid":{"rendered":"http:\/\/wp.feuerwehr-florian.com\/?page_id=2095"},"modified":"2016-01-11T00:33:50","modified_gmt":"2016-01-10T23:33:50","slug":"unser-auftrag","status":"publish","type":"page","link":"https:\/\/www.feuerwehr-florian.com\/?page_id=2095","title":{"rendered":"Unser Auftrag"},"content":{"rendered":"<p>Eines muss gleich vorweg klargestellt werden, dass es sich bei einer Feuerwehr in O\u00d6 um keinen Verein handelt, sondern um eine <strong>K\u00f6rperschaft des \u00f6ffentlichen Rechts<\/strong>, die per Gesetz eingerichtet wurde. Ein Vergleich mit gemeinn\u00fctzigen Vereinen ist daher nur sehr schwer m\u00f6glich, auch wenn es f\u00fcr einen au\u00dfenstehenden Laien vielleicht auf den ersten Blick gar keinen Unterschied macht.<\/p>\n<p>Somit hat eine o\u00f6. Feuerwehr klare gesetzlich festgelegte Auftr\u00e4ge, welche im <strong>O\u00f6. Feuerwehrgesetz<\/strong> (LGBl. Nr. 111\/1996) rechtlich normiert wurden. Somit erfolgt unser Handeln immer in diesem <strong>hoheitlichen<\/strong> <strong>T\u00e4tigkeitsbereich<\/strong>, welcher von uns auch jederzeit wahrgenommen wird.<\/p>\n<p>Dazu z\u00e4hlen folgende <strong>Aufgabenbereiche<\/strong>:<\/p>\n<ul>\n<li><strong>Brandschutz<\/strong><br \/>\nMa\u00dfnahmen zur Verh\u00fctung und Bek\u00e4mpfung von Br\u00e4nden einschlie\u00dflich der Stellung einer Brandsicherheitswache, der Vorkehrungen f\u00fcr die Brandbek\u00e4mpfung und der nachfolgenden Sicherungs- und Erhebungsma\u00dfnahmen;<\/li>\n<li><strong>Katastrophenhilfe<\/strong><br \/>\nRettungs- und Hilfsma\u00dfnahmen zur Verhinderung, Beseitigung oder Minderung der unmittelbaren Auswirkungen von Personen- und Sachsch\u00e4den, soweit diese Sch\u00e4den durch Unf\u00e4lle oder Elementarereignisse eintreten; <em>(genaue Definition siehe \u2013 O\u00f6. Katastrophenschutzgesetz LGBl. Nr. 32\/2007)<\/em><\/li>\n<li><strong>Technische Hilfsdienste<\/strong><br \/>\nTechnische Hilfeleistungen, insbesondere Rettungs- und Hilfsma\u00dfnahmen zur Vermeidung und Abwehr von Gefahren und Beeintr\u00e4chtigungen f\u00fcr Menschen, Tiere und Sachen sowie f\u00fcr die Umwelt, soweit es sich nicht ausschlie\u00dflich um Hilfeleistungen im Rahmen der Sicherheitsverwaltung gem\u00e4\u00df \u00a7 2 Abs. 2 des Sicherheitspolizeigesetzes, BGBl. Nr. 566\/1991, handelt.<\/li>\n<\/ul>\n<p>Bei s\u00e4mtlichen T\u00e4tigkeiten werden wir als <strong>Hilfsorgan einer Beh\u00f6rde<\/strong> (meist B\u00fcrgermeister) t\u00e4tig, der somit unser Handeln funktionell zuzurechnen ist. Dies kann auch aufgrund einer expliziten Anordnung erfolgen, sofern diese nicht dem O\u00f6. Feuerwehrgesetz widerspricht.<\/p>\n<p>Oft ist die Grenze des hoheitlichen Auftrags nicht immer leicht zu ziehen, was jedoch f\u00fcr uns <strong>weitreichende Konsequenzen<\/strong> hat, wie z.B. Wegfall der Unfall- oder Haftpflichtversicherung.<br \/>\nDeshalb ist die Feuerwehr St. Florian bestrebt ausschlie\u00dflich T\u00e4tigkeiten im Rahmen des O\u00f6. Feuerwehrgesetzes durchzuf\u00fchren, um so unseren Mitgliedern stets eine entsprechende Absicherung bieten zu k\u00f6nnen, wenn sie ihrem ehrenamtlichen Engagement mit vollem Einsatz nachgehen.<br \/>\nSomit sind <strong>T\u00e4tigkeiten wie Parkplatz- oder Ordnerdienste, Baumf\u00e4llungen, Schwimmbadbef\u00fcllungen<\/strong> oder diverse andere vergleichbare feuerwehrfremde Dienste nicht durchf\u00fchrbar, auch wenn vielleicht sogar die Mannschaft oder das Equipment vorhanden w\u00e4re.<\/p>\n<p>Wir hoffen, Ihnen einen kurzen \u00dcberblick in den Aufgabenbereich einer Feuerwehr gegeben zu haben.<\/p>\n\n<!-- Page-list plugin v.5.9 wordpress.org\/plugins\/page-list\/ -->\n<ul class=\"page-list siblings-page-list pagelist\">\n<li class=\"page_item page-item-2095\"><a href=\"https:\/\/www.feuerwehr-florian.com\/?page_id=2095\">Unser Auftrag<\/a><\/li>\n<li class=\"page_item page-item-11382\"><a href=\"https:\/\/www.feuerwehr-florian.com\/?page_id=11382\">Das Kommando<\/a><\/li>\n<li class=\"page_item page-item-2329\"><a href=\"https:\/\/www.feuerwehr-florian.com\/?page_id=2329\">Die Mannschaft<\/a><\/li>\n<li class=\"page_item page-item-4038\"><a href=\"https:\/\/www.feuerwehr-florian.com\/?page_id=4038\">Unser Feuerwehrwappen<\/a><\/li>\n<li class=\"page_item page-item-4043\"><a href=\"https:\/\/www.feuerwehr-florian.com\/?page_id=4043\">Unsere Videos<\/a><\/li>\n\n<\/ul>\n","protected":false},"excerpt":{"rendered":"<p>Eines muss gleich vorweg klargestellt werden, dass es sich bei einer Feuerwehr in O\u00d6 um keinen Verein handelt, sondern um eine K\u00f6rperschaft des \u00f6ffentlichen Rechts, die per Gesetz eingerichtet wurde. Ein Vergleich mit gemeinn\u00fctzigen Vereinen ist daher nur sehr schwer m\u00f6glich, auch wenn es f\u00fcr einen au\u00dfenstehenden Laien vielleicht auf den ersten Blick gar keinen<\/p>\n<p><a class=\"more-link\" href=\"https:\/\/www.feuerwehr-florian.com\/?page_id=2095\">Weiterlesen<\/a><\/p>\n","protected":false},"author":1,"featured_media":4001,"parent":2328,"menu_order":0,"comment_status":"closed","ping_status":"closed","template":"fullwidth.php","meta":{"footnotes":""},"class_list":["post-2095","page","type-page","status-publish","has-post-thumbnail","hentry"],"jetpack_sharing_enabled":true,"jetpack_likes_enabled":true,"_links":{"self":[{"href":"https:\/\/www.feuerwehr-florian.com\/index.php?rest_route=\/wp\/v2\/pages\/2095","targetHints":{"allow":["GET"]}}],"collection":[{"href":"https:\/\/www.feuerwehr-florian.com\/index.php?rest_route=\/wp\/v2\/pages"}],"about":[{"href":"https:\/\/www.feuerwehr-florian.com\/index.php?rest_route=\/wp\/v2\/types\/page"}],"author":[{"embeddable":true,"href":"https:\/\/www.feuerwehr-florian.com\/index.php?rest_route=\/wp\/v2\/users\/1"}],"replies":[{"embeddable":true,"href":"https:\/\/www.feuerwehr-florian.com\/index.php?rest_route=%2Fwp%2Fv2%2Fcomments&post=2095"}],"version-history":[{"count":4,"href":"https:\/\/www.feuerwehr-florian.com\/index.php?rest_route=\/wp\/v2\/pages\/2095\/revisions"}],"predecessor-version":[{"id":4185,"href":"https:\/\/www.feuerwehr-florian.com\/index.php?rest_route=\/wp\/v2\/pages\/2095\/revisions\/4185"}],"up":[{"embeddable":true,"href":"https:\/\/www.feuerwehr-florian.com\/index.php?rest_route=\/wp\/v2\/pages\/2328"}],"wp:featuredmedia":[{"embeddable":true,"href":"https:\/\/www.feuerwehr-florian.com\/index.php?rest_route=\/wp\/v2\/media\/4001"}],"wp:attachment":[{"href":"https:\/\/www.feuerwehr-florian.com\/index.php?rest_route=%2Fwp%2Fv2%2Fmedia&parent=2095"}],"curies":[{"name":"wp","href":"https:\/\/api.w.org\/{rel}","templated":true}]}}