{"id":2328,"date":"2016-01-05T11:33:49","date_gmt":"2016-01-05T10:33:49","guid":{"rendered":"http:\/\/wp.feuerwehr-florian.com\/?page_id=2328"},"modified":"2025-02-11T23:05:01","modified_gmt":"2025-02-11T22:05:01","slug":"ueber-uns","status":"publish","type":"page","link":"https:\/\/www.feuerwehr-florian.com\/?page_id=2328","title":{"rendered":"\u00dcber uns"},"content":{"rendered":"<p>Der Feuerwehr St. Florian geh\u00f6ren in Summe <strong>125 Mitglieder<\/strong> an, die sich wie folgt zusammen setzen:<\/p>\n<ul>\n<li>79 Mitglieder des Aktivstandes (16 &#8211; 65 Jahre)<\/li>\n<li>22 Mitglieder der Reserve (&gt; 65 Jahre)<\/li>\n<li>24 Mitglieder der Jugend (8 &#8211; 15 Jahre)<\/li>\n<\/ul>\n<p>Wir stehen unter der F\u00fchrung unseres <strong>Kommandanten ABI Martin Pree<\/strong>, welcher die Wehr durch den ganzen Dienstbetrieb f\u00fchrt. Zum Erfolgsrezept einer gut funktionierenden und eingespielten Feuerwehr geh\u00f6rt eine gut organisierte F\u00fchrungsriege, die Sie aus dem unten angef\u00fchrten Organigramm entnehmen k\u00f6nnen.<br \/>\nEinen weiteren gro\u00dfen Vorteil stellt die <strong>Vielseitigkeit bzw. Unterschiedlichkeit<\/strong> unserer Kameraden dar. Eine Feuerwehr ist einfach ein Querschnitt durch die Bev\u00f6lkerung, was den Vorteil bietet, dass es in unseren Reihen praktisch f\u00fcr jede Aufgabe den richtigen Mann oder die richtige Frau gibt. Vom Sch\u00fcler bis zum r\u00fcstigen Rentner, vom Handwerker bis zum Analytiker, vom Hilfsarbeiter bis zum Akademiker oder vom Manager bis zum Techniker finden sich alle Sparten\/Bereiche der Gesellschaft bei uns wider.<br \/>\nEines verbindet uns aber alle: Die <strong>Freude am Helfen<\/strong> und an einer funktionierenden Gemeinschaft. Nur \u00fcber diese &#8222;Motivationsfaktoren&#8220; ist es \u00fcberhaupt m\u00f6glich, alle die an uns gestellten Aufgaben mit h\u00f6chster Professionalit\u00e4t zu erf\u00fcllen!<\/p>\n<p><a href=\"https:\/\/www.feuerwehr-florian.com\/wp-content\/uploads\/2025\/02\/Funktionsuebersicht-Feuerwehr-St.-Florian-V1.0s.jpg\" data-rel=\"lightbox-gallery-FsiA2KJ7\" data-rl_title=\"\" data-rl_caption=\"\" title=\"\"><img loading=\"lazy\" decoding=\"async\" class=\"alignnone size-medium wp-image-12333\" src=\"https:\/\/www.feuerwehr-florian.com\/wp-content\/uploads\/2025\/02\/Funktionsuebersicht-Feuerwehr-St.-Florian-V1.0s-1000x707.jpg\" alt=\"\" width=\"1000\" height=\"707\" srcset=\"https:\/\/www.feuerwehr-florian.com\/wp-content\/uploads\/2025\/02\/Funktionsuebersicht-Feuerwehr-St.-Florian-V1.0s-1000x707.jpg 1000w, https:\/\/www.feuerwehr-florian.com\/wp-content\/uploads\/2025\/02\/Funktionsuebersicht-Feuerwehr-St.-Florian-V1.0s-2000x1414.jpg 2000w, https:\/\/www.feuerwehr-florian.com\/wp-content\/uploads\/2025\/02\/Funktionsuebersicht-Feuerwehr-St.-Florian-V1.0s-1536x1086.jpg 1536w, https:\/\/www.feuerwehr-florian.com\/wp-content\/uploads\/2025\/02\/Funktionsuebersicht-Feuerwehr-St.-Florian-V1.0s.jpg 2048w\" sizes=\"auto, (max-width: 1000px) 100vw, 1000px\" \/><\/a><\/p>\n<p style=\"text-align: center;\"><a href=\"https:\/\/www.feuerwehr-florian.com\/wp-content\/uploads\/2025\/02\/Funktionsuebersicht-Feuerwehr-St.-Florian-V1.0s.pdf\" target=\"_blank\" rel=\"noopener\"><strong>Funktions\u00fcbersicht als PDF<\/strong><\/a><\/p>\n<p style=\"text-align: center;\"><span style=\"color: #ffffff;\">&#8212;<\/span><\/p>\n\n<!-- Page-list plugin v.5.9 wordpress.org\/plugins\/page-list\/ -->\n<div class=\"page-list page-list-ext page-list-cols-2\">\n<div class=\"page-list-ext-item\"><div class=\"page-list-ext-image\"><a href=\"https:\/\/www.feuerwehr-florian.com\/?page_id=2095\" title=\"Unser Auftrag\"><img decoding=\"async\" src=\"https:\/\/www.feuerwehr-florian.com\/wp-content\/uploads\/2016\/01\/20151124-3016-2-e1452288748990-250x250.jpg\" width=\"100\" alt=\"Unser Auftrag\" \/><\/a><\/div> <h3 class=\"page-list-ext-title\"><a href=\"https:\/\/www.feuerwehr-florian.com\/?page_id=2095\" title=\"Unser Auftrag\">Unser Auftrag<\/a><\/h3><div class=\"page-list-ext-item-content\">Eines muss gleich vorweg klargestellt werden, dass es sich bei einer Feuerwehr in O\u00d6 um keinen Verein handelt, sondern um eine K\u00f6rperschaft des \u00f6ffentlichen Rechts , die per Gesetz eingerichtet wurde. Ein Vergleich mit gemeinn\u00fctzigen Vereinen ist dah...<\/div><\/div>\n<div class=\"page-list-ext-item\"><div class=\"page-list-ext-image\"><a href=\"https:\/\/www.feuerwehr-florian.com\/?page_id=11382\" title=\"Das Kommando\"><img decoding=\"async\" src=\"https:\/\/www.feuerwehr-florian.com\/wp-content\/uploads\/2023\/10\/Pree-Martin.jpg\" width=\"100\" alt=\"Das Kommando\" \/><\/a><\/div> <h3 class=\"page-list-ext-title\"><a href=\"https:\/\/www.feuerwehr-florian.com\/?page_id=11382\" title=\"Das Kommando\">Das Kommando<\/a><\/h3><div class=\"page-list-ext-item-content\">\n\n\n\n\nPflichtbereichskommandantAbschnittsbrandinspektor Martin Pree  \n\n\n\n \n\n\n\n\n\n\n\n1. Kommandant Stellvertreter Hauptbrandinspektor Simon Stadler  \n\n\n\n \n\n\n\n\n\n\n\n2. Kommandant StellvertreterOberbrandinspektor Martin Baier  \n\n\n\n \n\n\n\n\n\n\n\nZugskommandantBrandinspektor...<\/div><\/div>\n<div class=\"page-list-ext-item\"><div class=\"page-list-ext-image\"><a href=\"https:\/\/www.feuerwehr-florian.com\/?page_id=2329\" title=\"Die Mannschaft\"><img decoding=\"async\" src=\"https:\/\/www.feuerwehr-florian.com\/wp-content\/uploads\/2016\/01\/Gruppenfoto_2012-1-e1452330690313-250x250.jpg\" width=\"100\" alt=\"Die Mannschaft\" \/><\/a><\/div> <h3 class=\"page-list-ext-title\"><a href=\"https:\/\/www.feuerwehr-florian.com\/?page_id=2329\" title=\"Die Mannschaft\">Die Mannschaft<\/a><\/h3><div class=\"page-list-ext-item-content\"> \n\n\n\nErste Reihe sitzend:  \nStefan Leeb, Johanna Ebner, Ben En\u00f6ckl, Niklas Hofmann, Alexsander Jeschke, Johannes Steinhauser. Konstantin Kaufmann, Florian Sulek, Siegfried Grabner, Jakob Koch, Benedikt Bernauer, Theodor Kaltenberger, Maximilian Broser, ...<\/div><\/div>\n<div class=\"page-list-ext-item\"><div class=\"page-list-ext-image\"><a href=\"https:\/\/www.feuerwehr-florian.com\/?page_id=4038\" title=\"Unser Feuerwehrwappen\"><img decoding=\"async\" src=\"https:\/\/www.feuerwehr-florian.com\/wp-content\/uploads\/2015\/12\/Logo-Wappen-f\u00fcr-HP-160px.png\" width=\"100\" alt=\"Unser Feuerwehrwappen\" \/><\/a><\/div> <h3 class=\"page-list-ext-title\"><a href=\"https:\/\/www.feuerwehr-florian.com\/?page_id=4038\" title=\"Unser Feuerwehrwappen\">Unser Feuerwehrwappen<\/a><\/h3><div class=\"page-list-ext-item-content\">Ein neues Wappen soll die Verbindung unserer Kameraden mit der Feuerwehr und Gemeinde St. Florian nach au\u00dfen symbolisieren.\r\n\r\n<\/div><\/div>\n<div class=\"page-list-ext-item\"><div class=\"page-list-ext-image\"><a href=\"https:\/\/www.feuerwehr-florian.com\/?page_id=4043\" title=\"Unsere Videos\"><img decoding=\"async\" src=\"https:\/\/www.feuerwehr-florian.com\/wp-content\/uploads\/2016\/01\/DSC_2272-1-e1452288459173-250x250.jpg\" width=\"100\" alt=\"Unsere Videos\" \/><\/a><\/div> <h3 class=\"page-list-ext-title\"><a href=\"https:\/\/www.feuerwehr-florian.com\/?page_id=4043\" title=\"Unsere Videos\">Unsere Videos<\/a><\/h3><div class=\"page-list-ext-item-content\">Es wurde mittlerweile\u00a0zu einer Tradition, dass zu beginn jeder Jahresvollversammlung der Freiwilligen Feuerwehr Markt St. Florian ein Jahresr\u00fcckblick aus Einsatzimpressionen der letzten Jahre\u00a0in der Form eines Imagevideos pr\u00e4sentiert wird.\u00a0Nat\u00fcrlich m\u00f6cht...<\/div><\/div>\n\n<\/div>\n","protected":false},"excerpt":{"rendered":"<p>Der Feuerwehr St. Florian geh\u00f6ren in Summe 125 Mitglieder an, die sich wie folgt zusammen setzen: 79 Mitglieder des Aktivstandes (16 &#8211; 65 Jahre) 22 Mitglieder der Reserve (&gt; 65 Jahre) 24 Mitglieder der Jugend (8 &#8211; 15 Jahre) Wir stehen unter der F\u00fchrung unseres Kommandanten ABI Martin Pree, welcher die Wehr durch den ganzen<\/p>\n<p><a class=\"more-link\" href=\"https:\/\/www.feuerwehr-florian.com\/?page_id=2328\">Weiterlesen<\/a><\/p>\n","protected":false},"author":1,"featured_media":0,"parent":886,"menu_order":1,"comment_status":"closed","ping_status":"closed","template":"fullwidth.php","meta":{"footnotes":""},"class_list":["post-2328","page","type-page","status-publish","hentry"],"jetpack_sharing_enabled":true,"jetpack_likes_enabled":true,"_links":{"self":[{"href":"https:\/\/www.feuerwehr-florian.com\/index.php?rest_route=\/wp\/v2\/pages\/2328","targetHints":{"allow":["GET"]}}],"collection":[{"href":"https:\/\/www.feuerwehr-florian.com\/index.php?rest_route=\/wp\/v2\/pages"}],"about":[{"href":"https:\/\/www.feuerwehr-florian.com\/index.php?rest_route=\/wp\/v2\/types\/page"}],"author":[{"embeddable":true,"href":"https:\/\/www.feuerwehr-florian.com\/index.php?rest_route=\/wp\/v2\/users\/1"}],"replies":[{"embeddable":true,"href":"https:\/\/www.feuerwehr-florian.com\/index.php?rest_route=%2Fwp%2Fv2%2Fcomments&post=2328"}],"version-history":[{"count":20,"href":"https:\/\/www.feuerwehr-florian.com\/index.php?rest_route=\/wp\/v2\/pages\/2328\/revisions"}],"predecessor-version":[{"id":12336,"href":"https:\/\/www.feuerwehr-florian.com\/index.php?rest_route=\/wp\/v2\/pages\/2328\/revisions\/12336"}],"up":[{"embeddable":true,"href":"https:\/\/www.feuerwehr-florian.com\/index.php?rest_route=\/wp\/v2\/pages\/886"}],"wp:attachment":[{"href":"https:\/\/www.feuerwehr-florian.com\/index.php?rest_route=%2Fwp%2Fv2%2Fmedia&parent=2328"}],"curies":[{"name":"wp","href":"https:\/\/api.w.org\/{rel}","templated":true}]}}