{"id":2804,"date":"2016-01-05T15:23:49","date_gmt":"2016-01-05T14:23:49","guid":{"rendered":"http:\/\/wp.feuerwehr-florian.com\/?page_id=2804"},"modified":"2023-12-12T20:45:52","modified_gmt":"2023-12-12T19:45:52","slug":"unsere-fahrzeuge","status":"publish","type":"page","link":"https:\/\/www.feuerwehr-florian.com\/?page_id=2804","title":{"rendered":"Unsere Fahrzeuge"},"content":{"rendered":"<p><img loading=\"lazy\" decoding=\"async\" class=\"alignnone size-medium wp-image-11616\" src=\"https:\/\/www.feuerwehr-florian.com\/wp-content\/uploads\/2023\/12\/DJI_0285-ohne-Wasserzeichen-1000x563.jpg\" alt=\"\" width=\"1000\" height=\"563\" srcset=\"https:\/\/www.feuerwehr-florian.com\/wp-content\/uploads\/2023\/12\/DJI_0285-ohne-Wasserzeichen-1000x563.jpg 1000w, https:\/\/www.feuerwehr-florian.com\/wp-content\/uploads\/2023\/12\/DJI_0285-ohne-Wasserzeichen-2000x1125.jpg 2000w, https:\/\/www.feuerwehr-florian.com\/wp-content\/uploads\/2023\/12\/DJI_0285-ohne-Wasserzeichen-1536x864.jpg 1536w, https:\/\/www.feuerwehr-florian.com\/wp-content\/uploads\/2023\/12\/DJI_0285-ohne-Wasserzeichen.jpg 2048w\" sizes=\"auto, (max-width: 1000px) 100vw, 1000px\" \/><\/p>\n<p>Hier finden Sie eine \u00dcbersicht der Einsatzfahrzeuge die bei der Feuerwehr St. Florian im Einsatz stehen bzw. die auf Grund des Alters ausgeschieden wurden.<\/p>\n\n<!-- Page-list plugin v.5.9 wordpress.org\/plugins\/page-list\/ -->\n<div class=\"page-list page-list-ext page-list-cols-2\">\n<div class=\"page-list-ext-item\"><div class=\"page-list-ext-image\"><a href=\"https:\/\/www.feuerwehr-florian.com\/?page_id=2916\" title=\"KDOA - Kommandofahrzeug\"><img decoding=\"async\" src=\"https:\/\/www.feuerwehr-florian.com\/wp-content\/uploads\/2019\/11\/P1020862-Kopie-1-e1573310424156-250x250.jpg\" width=\"100\" alt=\"KDOA - Kommandofahrzeug\" \/><\/a><\/div> <h3 class=\"page-list-ext-title\"><a href=\"https:\/\/www.feuerwehr-florian.com\/?page_id=2916\" title=\"KDOA - Kommandofahrzeug\">KDOA - Kommandofahrzeug<\/a><\/h3><div class=\"page-list-ext-item-content\">&nbsp;\r\n\r\n \r\n\r\n\r\n\r\n\r\nR\u00fcst St. Florian \r\n \r\n \r\n\r\nFahrzeug:  \r\nMercedes Benz 416 CDI \r\n \r\n\r\nBaujahr:  \r\n2000 \r\n \r\n\r\nMotor:  \r\nDiesel 160 PS \r\n \r\n\r\nAusr\u00fcstung:  \r\nLautsprecheranlage\r\nIntegrierter Stromgenerator\r\nScheinwerfermast\r\nF\u00fchrungsunterst\u00fctzungsmaterial\r\nNotebook\r\nSpiegelreflexkamera\r\nAtemschutzerkundungsger\u00e4t\r\nTemperaturmessger\u00e4t\r\nGassp\u00fcrger\u00e4t\r\nVerkehrsleiteinrichtung\r\nH\u00f6chstdruckl\u00f6schger\u00e4t\r\n200 Liter Wass...<\/div><\/div>\n<div class=\"page-list-ext-item\"><div class=\"page-list-ext-image\"><a href=\"https:\/\/www.feuerwehr-florian.com\/?page_id=3047\" title=\"TLFA-B 2000\/200 - Tankl\u00f6schfahrzeug\"><img decoding=\"async\" src=\"https:\/\/www.feuerwehr-florian.com\/wp-content\/uploads\/2019\/11\/P1020880-250x250.jpg\" width=\"100\" alt=\"TLFA-B 2000\/200 - Tankl\u00f6schfahrzeug\" \/><\/a><\/div> <h3 class=\"page-list-ext-title\"><a href=\"https:\/\/www.feuerwehr-florian.com\/?page_id=3047\" title=\"TLFA-B 2000\/200 - Tankl\u00f6schfahrzeug\">TLFA-B 2000\/200 - Tankl\u00f6schfahrzeug<\/a><\/h3><div class=\"page-list-ext-item-content\"> \r\n\r\n\r\n\r\n\r\nTank St. Florian \r\n \r\n \r\n\r\nFahrzeug:  \r\nMAN TGM 18.340 4\u00d74 \r\n \r\n\r\nBaujahr:  \r\n2019 \r\n \r\n\r\nMotor:  \r\nDiesel 340 PS \r\n \r\n\r\nAusr\u00fcstung:  \r\n2000 Liter Wasser\r\n200 Liter Schaummittel\r\nMaterial f\u00fcr die Brandbek\u00e4mpfung\r\nMaterial f\u00fcr den Technischen Eins...<\/div><\/div>\n<div class=\"page-list-ext-item\"><div class=\"page-list-ext-image\"><a href=\"https:\/\/www.feuerwehr-florian.com\/?page_id=3048\" title=\"TB 23-12 - Teleskopmastb\u00fchne 23-12\"><img decoding=\"async\" src=\"https:\/\/www.feuerwehr-florian.com\/wp-content\/uploads\/2016\/01\/DSC_0150-1-e1452512588848-250x250.jpg\" width=\"100\" alt=\"TB 23-12 - Teleskopmastb\u00fchne 23-12\" \/><\/a><\/div> <h3 class=\"page-list-ext-title\"><a href=\"https:\/\/www.feuerwehr-florian.com\/?page_id=3048\" title=\"TB 23-12 - Teleskopmastb\u00fchne 23-12\">TB 23-12 - Teleskopmastb\u00fchne 23-12<\/a><\/h3><div class=\"page-list-ext-item-content\"> \r\n\r\n\r\n\r\n\r\nHUB ST. Florian \r\n \r\n \r\n\r\nFahrzeug:  \r\nMAN TGM 18.290 4x4 \r\n \r\n\r\nBaujahr:  \r\n2014 \r\n \r\n\r\nMotor:  \r\nDiesel 290 PS \r\n \r\n\r\nAusr\u00fcstung:  \r\nWasserwerfer 2.500 l\/min\r\nwasserf\u00fchrende Armaturen\r\nLeichtschaumgenerator\r\nRettungstrage\r\nKorbtrage\r\nfix i...<\/div><\/div>\n<div class=\"page-list-ext-item\"><div class=\"page-list-ext-image\"><a href=\"https:\/\/www.feuerwehr-florian.com\/?page_id=3049\" title=\"LF-A - L\u00f6schfahrzeug\"><img decoding=\"async\" src=\"https:\/\/www.feuerwehr-florian.com\/wp-content\/uploads\/2016\/01\/DSC_1566-1-e1452512651386-250x250.jpg\" width=\"100\" alt=\"LF-A - L\u00f6schfahrzeug\" \/><\/a><\/div> <h3 class=\"page-list-ext-title\"><a href=\"https:\/\/www.feuerwehr-florian.com\/?page_id=3049\" title=\"LF-A - L\u00f6schfahrzeug\">LF-A - L\u00f6schfahrzeug<\/a><\/h3><div class=\"page-list-ext-item-content\"> \r\n\r\n\r\n\r\n\r\nPumpe St. Florian \r\n \r\n \r\n\r\nFahrzeug:  \r\nMercedes Vario 818 \r\n \r\n\r\nBaujahr:  \r\n2010 \r\n \r\n\r\nMotor:  \r\nDiesel 180 PS \r\n \r\n\r\nAusr\u00fcstung:  \r\nPumpe Rosenbauer Fox I\r\nMaterial f\u00fcr die Brandbek\u00e4mpfung\r\nNotstromgenerator 14 kVA\r\nSchmutwasserpumpen\r\nAtemschutzger\u00e4te\r\nBeleuchtungsballon\r\nSchiebeleiter 8m\r...<\/div><\/div>\n<div class=\"page-list-ext-item\"><div class=\"page-list-ext-image\"><a href=\"https:\/\/www.feuerwehr-florian.com\/?page_id=3050\" title=\"LAST - Transportfahrzeug\"><img decoding=\"async\" src=\"https:\/\/www.feuerwehr-florian.com\/wp-content\/uploads\/2025\/09\/IMG_0201-250x250.jpeg\" width=\"100\" alt=\"LAST - Transportfahrzeug\" \/><\/a><\/div> <h3 class=\"page-list-ext-title\"><a href=\"https:\/\/www.feuerwehr-florian.com\/?page_id=3050\" title=\"LAST - Transportfahrzeug\">LAST - Transportfahrzeug<\/a><\/h3><div class=\"page-list-ext-item-content\"> \n\n\n\n\nLast St. Florian \n \n \n\nFahrzeug:  \nMercedes Sprinter 519 CDI \/ 3665 \/ 4x4 \n \n\nBaujahr:  \n2025 \n \n\nMotor:  \nDiesel 190 PS \n \n\nAusr\u00fcstung:  \nPalfinger Ladebordwand MBB C 1000 L mit 1000kg Hubkraft\nVollumf\u00e4ngliches LED-Fahrzeugbeleuchtungskonzept\nLadegutbefestigung d...<\/div><\/div>\n<div class=\"page-list-ext-item\"><div class=\"page-list-ext-image\"><a href=\"https:\/\/www.feuerwehr-florian.com\/?page_id=3051\" title=\"MTFA - Mannschafts-Transportfahrzeug\"><img decoding=\"async\" src=\"https:\/\/www.feuerwehr-florian.com\/wp-content\/uploads\/2021\/12\/RWP00427-1-e1639908352561-250x250.jpg\" width=\"100\" alt=\"MTFA - Mannschafts-Transportfahrzeug\" \/><\/a><\/div> <h3 class=\"page-list-ext-title\"><a href=\"https:\/\/www.feuerwehr-florian.com\/?page_id=3051\" title=\"MTFA - Mannschafts-Transportfahrzeug\">MTFA - Mannschafts-Transportfahrzeug<\/a><\/h3><div class=\"page-list-ext-item-content\"> \n\n\n\n\nMTFA ST. Florian \n \n \n\nFahrzeug:  \nMercedes Benz Vito \n \n\nBaujahr:  \n2021 \n \n\nMotor:  \nDiesel 190 PS \n \n\nAusr\u00fcstung:  \nLautsprecheranlage\nAbsperrmaterial\nVerkehrsleiteinrichtung\nWinkerkellen\nWarnwesten\nFunkger\u00e4t\nHandscheinwerfer\nFeuerl\u00f6scher\nL\u00f6schdecke\nErste Hil...<\/div><\/div>\n<div class=\"page-list-ext-item\"><div class=\"page-list-ext-image\"><a href=\"https:\/\/www.feuerwehr-florian.com\/?page_id=3120\" title=\"Fr\u00fchere Fahrzeuge\"><img decoding=\"async\" src=\"https:\/\/www.feuerwehr-florian.com\/wp-content\/uploads\/2016\/01\/IMG_0020-1-e1452512520691-250x250.jpg\" width=\"100\" alt=\"Fr\u00fchere Fahrzeuge\" \/><\/a><\/div> <h3 class=\"page-list-ext-title\"><a href=\"https:\/\/www.feuerwehr-florian.com\/?page_id=3120\" title=\"Fr\u00fchere Fahrzeuge\">Fr\u00fchere Fahrzeuge<\/a><\/h3><div class=\"page-list-ext-item-content\">\n\nLAST - Transportfahrzeug \n \n\n\n\nFahrzeug:  \nMercedes 413 CDI \n \n\nBaujahr:  \n2003 \n \n\nMotor:  \nDiesel 129 PS \n \n\nIm Dienst bis:  \n2025 \n \n\nAusr\u00fcstung:  \nLadebordwand\nAnhaltestab\nFeuerl\u00f6scher\nVerkehrsleiteinrichtung\nFunkger\u00e4te \n \n \n \n\n\n\n\n\n\n\n\nMTF - Mannschaftstransportfahrzeug (d...<\/div><\/div>\n\n<\/div>\n\n<!-- Page-list plugin v.5.9 wordpress.org\/plugins\/page-list\/ -->\n<ul class=\"page-list siblings-page-list pagelist\">\n<li class=\"page_item page-item-2328 page_item_has_children\"><a href=\"https:\/\/www.feuerwehr-florian.com\/?page_id=2328\">\u00dcber uns<\/a><\/li>\n<li class=\"page_item page-item-2804 page_item_has_children\"><a href=\"https:\/\/www.feuerwehr-florian.com\/?page_id=2804\">Unsere Fahrzeuge<\/a><\/li>\n<li class=\"page_item page-item-3257 page_item_has_children\"><a href=\"https:\/\/www.feuerwehr-florian.com\/?page_id=3257\">Unser Feuerwehrhaus<\/a><\/li>\n<li class=\"page_item page-item-2810\"><a href=\"https:\/\/www.feuerwehr-florian.com\/?page_id=2810\">Unsere Ausr\u00fcstung<\/a><\/li>\n<li class=\"page_item page-item-2815\"><a href=\"https:\/\/www.feuerwehr-florian.com\/?page_id=2815\">Unser Einsatzgebiet<\/a><\/li>\n<li class=\"page_item page-item-340\"><a href=\"https:\/\/www.feuerwehr-florian.com\/?page_id=340\">Pyrotechnischer Beauftragter<\/a><\/li>\n<li class=\"page_item page-item-10709\"><a href=\"https:\/\/www.feuerwehr-florian.com\/?page_id=10709\">T\u00e4tigkeitsberichte<\/a><\/li>\n<li class=\"page_item page-item-10708\"><a href=\"https:\/\/www.feuerwehr-florian.com\/?page_id=10708\">Jahresr\u00fcckblicke<\/a><\/li>\n\n<\/ul>\n","protected":false},"excerpt":{"rendered":"<p>Hier finden Sie eine \u00dcbersicht der Einsatzfahrzeuge die bei der Feuerwehr St. Florian im Einsatz stehen bzw. die auf Grund des Alters ausgeschieden wurden. KDOA &#8211; Kommandofahrzeug &nbsp; R\u00fcst St. Florian Fahrzeug: Mercedes Benz 416 CDI Baujahr: 2000 Motor: Diesel 160 PS Ausr\u00fcstung: Lautsprecheranlage Integrierter Stromgenerator Scheinwerfermast F\u00fchrungsunterst\u00fctzungsmaterial Notebook Spiegelreflexkamera Atemschutzerkundungsger\u00e4t Temperaturmessger\u00e4t Gassp\u00fcrger\u00e4t Verkehrsleiteinrichtung H\u00f6chstdruckl\u00f6schger\u00e4t<\/p>\n<p><a class=\"more-link\" href=\"https:\/\/www.feuerwehr-florian.com\/?page_id=2804\">Weiterlesen<\/a><\/p>\n","protected":false},"author":1,"featured_media":8515,"parent":886,"menu_order":2,"comment_status":"closed","ping_status":"closed","template":"fullwidth.php","meta":{"footnotes":""},"class_list":["post-2804","page","type-page","status-publish","has-post-thumbnail","hentry"],"jetpack_sharing_enabled":true,"jetpack_likes_enabled":true,"_links":{"self":[{"href":"https:\/\/www.feuerwehr-florian.com\/index.php?rest_route=\/wp\/v2\/pages\/2804","targetHints":{"allow":["GET"]}}],"collection":[{"href":"https:\/\/www.feuerwehr-florian.com\/index.php?rest_route=\/wp\/v2\/pages"}],"about":[{"href":"https:\/\/www.feuerwehr-florian.com\/index.php?rest_route=\/wp\/v2\/types\/page"}],"author":[{"embeddable":true,"href":"https:\/\/www.feuerwehr-florian.com\/index.php?rest_route=\/wp\/v2\/users\/1"}],"replies":[{"embeddable":true,"href":"https:\/\/www.feuerwehr-florian.com\/index.php?rest_route=%2Fwp%2Fv2%2Fcomments&post=2804"}],"version-history":[{"count":31,"href":"https:\/\/www.feuerwehr-florian.com\/index.php?rest_route=\/wp\/v2\/pages\/2804\/revisions"}],"predecessor-version":[{"id":12690,"href":"https:\/\/www.feuerwehr-florian.com\/index.php?rest_route=\/wp\/v2\/pages\/2804\/revisions\/12690"}],"up":[{"embeddable":true,"href":"https:\/\/www.feuerwehr-florian.com\/index.php?rest_route=\/wp\/v2\/pages\/886"}],"wp:featuredmedia":[{"embeddable":true,"href":"https:\/\/www.feuerwehr-florian.com\/index.php?rest_route=\/wp\/v2\/media\/8515"}],"wp:attachment":[{"href":"https:\/\/www.feuerwehr-florian.com\/index.php?rest_route=%2Fwp%2Fv2%2Fmedia&parent=2804"}],"curies":[{"name":"wp","href":"https:\/\/api.w.org\/{rel}","templated":true}]}}