{"id":2840,"date":"2016-01-05T15:40:27","date_gmt":"2016-01-05T14:40:27","guid":{"rendered":"http:\/\/wp.feuerwehr-florian.com\/?page_id=2840"},"modified":"2025-03-01T17:41:35","modified_gmt":"2025-03-01T16:41:35","slug":"brandschutzplaene","status":"publish","type":"page","link":"https:\/\/www.feuerwehr-florian.com\/?page_id=2840","title":{"rendered":"Brandschutzpl\u00e4ne"},"content":{"rendered":"<p><a href=\"https:\/\/www.feuerwehr-florian.com\/wp-content\/uploads\/2016\/01\/20151003-0116-1.jpg\" rel=\"attachment wp-att-2731\" data-rel=\"lightbox-gallery-XvxkJYUo\" data-rl_title=\"\" data-rl_caption=\"\" title=\"\"><img loading=\"lazy\" decoding=\"async\" class=\"alignleft wp-image-2731 size-thumbnail\" src=\"https:\/\/www.feuerwehr-florian.com\/wp-content\/uploads\/2016\/01\/20151003-0116-1-250x250.jpg\" alt=\"Herbst\u00fcbung der Feuerwehren Sankt Florian\" width=\"250\" height=\"250\" \/><\/a>In diesem Beitrag finden Sie die wichtigsten Informationen \u00fcber Brandschutzpl\u00e4ne in der Gemeinde St. Florian, da es in diesem Zusammenhang immer wieder zu Unklarheiten kommt, welche wir bereits im Vorfeld ausr\u00e4umen m\u00f6chten.<\/p>\n<p><strong>Downloads:<\/strong><\/p>\n<p><strong><a href=\"https:\/\/www.feuerwehr-florian.com\/wp-content\/uploads\/2025\/03\/anforderungen_brandschutzplaene_2025-03.pdf\">Leitfaden \u2013 Anforderungen an Brandschutzpl\u00e4ne in der Gemeinde St. Florian<\/a><\/strong><\/p>\n<p><strong><a name=\"verpflichtung\"><\/a><\/strong><\/p>\n<p><a name=\"verpflichtung\"><\/a> <strong>Wer muss <\/strong><strong>\u00fcber einen<\/strong><strong> Brandschutzplan <\/strong><strong>verf\u00fcgen<\/strong><strong>?<\/strong><\/p>\n<p>Objekteigent\u00fcmer sind entweder ex lege oder per beh\u00f6rdlicher Vorschreibung zur Erstellung von Brandschutzpl\u00e4nen verpflichtet. Auf alle F\u00e4lle m\u00fcssen s\u00e4mtliche Objekte der Risikogruppe im Sinne des \u00a7\u00a010 Abs.\u00a02 iVm \u00a7\u00a018 O\u00f6. Feuer- und Gefahrenpolizeigesetz (LGBl. Nr.\u00a0113\/1994 idgF) \u00fcber einen Brandschutzplan verf\u00fcgen.<\/p>\n<p>Dazu geh\u00f6ren insbesondere gem\u00e4\u00df \u00a7\u00a02 O\u00f6. Feuer- und Gefahrenpolizeiverordnung (LGBl. Nr.\u00a018\/2017):<\/p>\n<ol>\n<li>Betriebe im Sinn des \u00a7\u00a084b\u00a0Z\u00a01 Gewerbeordnung\u00a01994;<\/li>\n<li>Betriebsbauten und Betriebsanlagen, in denen feuer- und explosionsgef\u00e4hrliche Stoffe in besonders gefahrdrohender Art und Menge erzeugt, gelagert oder bearbeitet werden;<\/li>\n<li>Betriebsbauten, Betriebsanlagen, Verkaufsst\u00e4tten, Garagen, \u00fcberdachte Stellpl\u00e4tze oder Parkdecks, die nach baurechtlichen Vorschriften \u00fcber technische Brandschutzeinrichtungen wie automatische Brandmeldeanlagen, L\u00f6schanlagen, Druckbel\u00fcftungsanlagen und \u00c4hnliches verf\u00fcgen m\u00fcssen;<\/li>\n<li>Geb\u00e4ude, in denen sich widmungsgem\u00e4\u00df mehr als 240 Personen aufhalten;<\/li>\n<li>Geb\u00e4ude mit einem Fluchtniveau von mehr als 22\u00a0m;<\/li>\n<li>Krankenh\u00e4user, Alten- und Pflegeheime sowie andere Geb\u00e4ude mit vergleichbarer Nutzung, unabh\u00e4ngig von ihrer Personenzahl;<\/li>\n<li>sonstige Geb\u00e4ude und Anlagen mit erh\u00f6hter Brandgefahr, insbesondere Objekte mit erschwerten Evakuierungs- und Rettungsbedingungen und dadurch erh\u00f6htem Gefahrenpotential f\u00fcr die sich darin aufhaltenden Personen im Brandfall, wenn sie auf Grund ihrer Bauweise oder Gr\u00f6\u00dfe nach baurechtlichen Vorschriften \u00fcber technische Brandschutzeinrichtungen wie automatische Brandmeldeanlagen, L\u00f6schanlagen und \u00c4hnliches verf\u00fcgen m\u00fcssten.<\/li>\n<\/ol>\n<p>Sollten Sie nicht wissen, ob sie \u00fcber einen Brandschutzplan verf\u00fcgen m\u00fcssen, so empfiehlt sich ein Blick in Ihre beh\u00f6rdlichen Vorschreibungen (insb. Bau-, Gewerbe- oder Feuerpolizeibescheide) oder eine Anfrage bei den jeweils zust\u00e4ndigen Beh\u00f6rden.<\/p>\n<p><strong>Was sind<\/strong><strong> Brandschutzpl\u00e4ne?<\/strong><\/p>\n<p>Brandschutzpl\u00e4ne sind farbige Lage- und Geb\u00e4udepl\u00e4ne und m\u00fcssen alle Informationen enthalten, die zur effektiven Durchf\u00fchrung von Feuerwehreins\u00e4tzen notwendig sind. Brandschutzpl\u00e4ne sind ausschlie\u00dflich zur Verwendung f\u00fcr die Feuerwehr bestimmt. Grunds\u00e4tzlich k\u00f6nnen Brandschutzpl\u00e4ne auch f\u00fcr die Aufgaben der Betriebsbrandschutzorganisation herangezogen werden.<\/p>\n<p><a name=\"warum\"><\/a><strong>Warum gibt es Brandschutzpl\u00e4ne?<\/strong><\/p>\n<p>Durch Brandschutzpl\u00e4ne ist es dem Feuerwehr-Einsatzleiter m\u00f6glich, sich im Einsatzfall ein rasches Lagebild des betroffenen Geb\u00e4udes und der vorhandenen Gefahren zu machen (sog. Schadenslage). Sie stellen ein taktisches F\u00fchrungsmittel dar und sind somit eine wichtige Entscheidungsgrundlage in brisanten Situationen.<\/p>\n<p>Denken Sie immer daran:<\/p>\n<p><i>Der Einsatzleiter geht von der Richtigkeit und Vollst\u00e4ndigkeit des Brandschutzplanes aus und leitet daraus die<\/i><i> <\/i><i>Einsatzma\u00dfnahmen ab. <\/i><i>Die Brandschutzpl\u00e4ne sind somit entscheidend f\u00fcr den Erfolg oder Misserfolg von <\/i><i>Einsatzma\u00dfnahmen<\/i><i>!<\/i><\/p>\n<p><a name=\"wie\"><\/a><strong>Wie sind Brandschutzpl\u00e4ne zu zeichnen?<\/strong><\/p>\n<p>Bei Brandschutzpl\u00e4nen handelt es sich um eine ganz eigene Art von Symbolpl\u00e4nen. Sie haben grunds\u00e4tzlich der TRVB 121 O \u201eBrandschutzpl\u00e4ne f\u00fcr den Feuerwehreinsatz\u201c (Ausgabe 01.02.2025) zu entsprechen.<\/p>\n<p>Die Feuerwehr St. Florian hat einen Leitfaden f\u00fcr die Anforderungen an Brandschutzpl\u00e4ne erstellt, da sie bei komplexen Objekten im Einvernehmen mit der Feuerwehr als vidierende Stelle zu erstellen sind.<\/p>\n<p>Download: <strong><a href=\"https:\/\/www.feuerwehr-florian.com\/wp-content\/uploads\/2025\/03\/anforderungen_brandschutzplaene_2025-03.pdf\">Leitfaden \u2013 Anforderungen an Brandschutzpl\u00e4ne in der Gemeinde St. Florian<\/a><\/strong><\/p>\n<p>Hinweis: Die TRVB 121 O kann \u00fcber den <strong><a href=\"https:\/\/www.bundesfeuerwehrverband.at\/produkt\/trvb-121-25-o-brandschutzplaene-fuer-den-feuerwehreinsatz\/\" target=\"_blank\" rel=\"noopener\">Webshop des \u00d6sterreichischen Bundesfeuerwehrverbandes<\/a> <\/strong>bezogen werden.<\/p>\n<p><a name=\"wer\"><\/a><strong>Wer <\/strong><strong>ist verantwortlich f\u00fcr die Erstellung von Brandschutzpl\u00e4nen und wer <\/strong><strong>zeichnet Brandschutzpl\u00e4ne?<\/strong><\/p>\n<p>Die Verantwortung f\u00fcr die Erstellung und die Aktualit\u00e4t der Brandschutzpl\u00e4ne liegt beim Objekteigent\u00fcmer (bzw. seinem Brandschutzbeauftragten).<\/p>\n<p>Es gibt mittlerweile viele Planer, Technische B\u00fcros oder Zeichenb\u00fcros, die sich auf die Erstellung von Brandschutzpl\u00e4nen spezialisiert haben. Diese sind somit f\u00fcr Sie die perfekten Ansprechpartner. Bitte beachten Sie bei der Auswahl jedoch darauf, dass es sich beim Brandschutz um eine Querschnittsmaterie handelt und jedenfalls ein umfassenden brandschutztechnisches Verst\u00e4ndnis beim Planersteller vorhanden sein muss.<\/p>\n<p>Es sei noch angemerkt, dass Brandschutzpl\u00e4ne nicht durch die Feuerwehr erstellt werden!<\/p>\n<p><a name=\"wo\"><\/a><strong>Wo sind Brandschutzpl\u00e4ne zu hinterlegen?<\/strong><\/p>\n<p>Brandschutzpl\u00e4ne sind grunds\u00e4tzlich an folgenden Orten zu hinterlegen bzw. an folgende Personen zu \u00fcbergeben:<\/p>\n<ul>\n<li>2 Parien analog und im PDF-Format an die Feuerwehr St. Florian<\/li>\n<li>1 Parie im Feuerwehrplankasten (roter Ordner) beim Feuerwehrhauptzugang<\/li>\n<li>1 Parie beim Brandschutzbeauftragten des Objektes<\/li>\n<\/ul>\n<p><a name=\"kontakt\"><\/a> <strong>Wie \u00fcbermittle ich Brandschutzpl\u00e4ne an die Feuerwehr St. Florian <\/strong><strong>und wie werden <\/strong><strong>Brandschutzpl\u00e4ne<\/strong><strong> vidiert<\/strong><strong>?<\/strong><\/p>\n<p>Bitte nutzen Sie die Kontaktdaten unter der Rubrik<strong> <a href=\"https:\/\/www.feuerwehr-florian.com\/?page_id=973\">Kontakt<\/a><\/strong>. Die Vidierung und Verteilung der Brandschutzpl\u00e4ne an die Feuerwehren Rohrbach und Bruck-Hausleiten erfolgt im Regelfall \u00fcber die Feuerwehr St. Florian.<\/p>\n<p>Details entnehmen Sie bitte dem <a href=\"https:\/\/www.feuerwehr-florian.com\/wp-content\/uploads\/2025\/03\/anforderungen_brandschutzplaene_2025-03.pdf\">Leitfaden \u2013 Anforderungen an Brandschutzpl\u00e4ne in der Gemeinde St. Florian<\/a>.<\/p>\n\n<!-- Page-list plugin v.5.9 wordpress.org\/plugins\/page-list\/ -->\n<ul class=\"page-list siblings-page-list pagelist\">\n<li class=\"page_item page-item-2840\"><a href=\"https:\/\/www.feuerwehr-florian.com\/?page_id=2840\">Brandschutzpl\u00e4ne<\/a><\/li>\n<li class=\"page_item page-item-2842\"><a href=\"https:\/\/www.feuerwehr-florian.com\/?page_id=2842\">Schulungen &#038; Vortr\u00e4ge zum Brandschutz<\/a><\/li>\n\n<\/ul>\n","protected":false},"excerpt":{"rendered":"<p>In diesem Beitrag finden Sie die wichtigsten Informationen \u00fcber Brandschutzpl\u00e4ne in der Gemeinde St. Florian, da es in diesem Zusammenhang immer wieder zu Unklarheiten kommt, welche wir bereits im Vorfeld ausr\u00e4umen m\u00f6chten. Downloads: Leitfaden \u2013 Anforderungen an Brandschutzpl\u00e4ne in der Gemeinde St. Florian Wer muss \u00fcber einen Brandschutzplan verf\u00fcgen? Objekteigent\u00fcmer sind entweder ex lege oder<\/p>\n<p><a class=\"more-link\" href=\"https:\/\/www.feuerwehr-florian.com\/?page_id=2840\">Weiterlesen<\/a><\/p>\n","protected":false},"author":1,"featured_media":0,"parent":2841,"menu_order":0,"comment_status":"closed","ping_status":"closed","template":"fullwidth.php","meta":{"footnotes":""},"class_list":["post-2840","page","type-page","status-publish","hentry"],"jetpack_sharing_enabled":true,"jetpack_likes_enabled":true,"_links":{"self":[{"href":"https:\/\/www.feuerwehr-florian.com\/index.php?rest_route=\/wp\/v2\/pages\/2840","targetHints":{"allow":["GET"]}}],"collection":[{"href":"https:\/\/www.feuerwehr-florian.com\/index.php?rest_route=\/wp\/v2\/pages"}],"about":[{"href":"https:\/\/www.feuerwehr-florian.com\/index.php?rest_route=\/wp\/v2\/types\/page"}],"author":[{"embeddable":true,"href":"https:\/\/www.feuerwehr-florian.com\/index.php?rest_route=\/wp\/v2\/users\/1"}],"replies":[{"embeddable":true,"href":"https:\/\/www.feuerwehr-florian.com\/index.php?rest_route=%2Fwp%2Fv2%2Fcomments&post=2840"}],"version-history":[{"count":26,"href":"https:\/\/www.feuerwehr-florian.com\/index.php?rest_route=\/wp\/v2\/pages\/2840\/revisions"}],"predecessor-version":[{"id":12386,"href":"https:\/\/www.feuerwehr-florian.com\/index.php?rest_route=\/wp\/v2\/pages\/2840\/revisions\/12386"}],"up":[{"embeddable":true,"href":"https:\/\/www.feuerwehr-florian.com\/index.php?rest_route=\/wp\/v2\/pages\/2841"}],"wp:attachment":[{"href":"https:\/\/www.feuerwehr-florian.com\/index.php?rest_route=%2Fwp%2Fv2%2Fmedia&parent=2840"}],"curies":[{"name":"wp","href":"https:\/\/api.w.org\/{rel}","templated":true}]}}