{"id":2843,"date":"2016-01-05T15:40:47","date_gmt":"2016-01-05T14:40:47","guid":{"rendered":"http:\/\/wp.feuerwehr-florian.com\/?page_id=2843"},"modified":"2024-07-21T17:45:48","modified_gmt":"2024-07-21T15:45:48","slug":"wald-und-flurbrandgefahr","status":"publish","type":"page","link":"https:\/\/www.feuerwehr-florian.com\/?page_id=2843","title":{"rendered":"Wald- und Flurbrandgefahr"},"content":{"rendered":"<div class=\"article-content\">\n<p><a href=\"https:\/\/www.feuerwehr-florian.com\/wp-content\/uploads\/2016\/01\/waldbrand_ebensee_263.jpg\" rel=\"attachment wp-att-3009\" data-rel=\"lightbox-gallery-DNavCuh0\" data-rl_title=\"\" data-rl_caption=\"\" title=\"\"><img loading=\"lazy\" decoding=\"async\" class=\"alignleft wp-image-3009 size-thumbnail\" src=\"https:\/\/www.feuerwehr-florian.com\/wp-content\/uploads\/2016\/01\/waldbrand_ebensee_263-250x250.jpg\" alt=\"waldbrand_ebensee_263\" width=\"250\" height=\"250\" \/><\/a>Die Zentralanstalt f\u00fcr Meterorologie und Geodynamik (ZAMG) bietet eine aktuelle Warnkarte f\u00fcr die Waldbrandgefahr auf Ihrer Homepage an.<\/p>\n<p><strong><a href=\"https:\/\/www.zamg.ac.at\/cms\/de\/wetter\/produkte-und-services\/freizeitwetter\/waldbrand\/oberoesterreich\/heute\">https:\/\/www.zamg.ac.at\/cms\/de\/wetter\/produkte-und-services\/freizeitwetter\/waldbrand\/oberoesterreich\/heute<\/a><\/strong><\/p>\n<p>Vor allem jetzt, an den sehr hei\u00dfen Tagen, sind die Warnungen mit offenen Licht bzw. Feuer in der freien Natur zu hantieren keinesfalles zu missachten! Schnell kann es dabei bei Unachtsamkeit zu einem Brand kommen. Bei Zuwiederhanden drohen seitens der Beh\u00f6rde auch empfindliche Strafen!<\/p>\n<p>Bitte beachten Sie folgende Punkte: (Quelle: Landessicherheitszentrale Burgenland)<\/p>\n<ul>\n<li>Wegwerfen von glimmenden Zigaretten und Feuer entz\u00fcnden ist nach dem Forstgesetz verboten. Verst\u00f6\u00dfe k\u00f6nnen mit Strafen in empfindlicher H\u00f6he geahndet, der Verursacher f\u00fcr den wirtschaftlichen Schaden haftbar gemacht und dar\u00fcber hinaus strafrechtlich verfolgt werden.<\/li>\n<li>Keine Abf\u00e4lle in der Natur abladen! Bereits kleine Glasscherben bzw. Flaschensplitter k\u00f6nnen durch ihre Lupenwirkung Br\u00e4nde ausl\u00f6sen.<\/li>\n<li>Au\u00dferdem: Da hei\u00dfe Auspuffrohre trockenes Gras entz\u00fcnden k\u00f6nnen, sollten Fahrzeuge grunds\u00e4tzlich nur auf ausgewiesenen Parkpl\u00e4tzen abgestellt werden.<\/li>\n<li>Beginnende Br\u00e4nde lassen sich nach Angaben von Fachleuten h\u00e4ufig durch beherztes Eingreifen im Anfangsstadiuml\u00f6schen, vorrangig muss aber auf die eigene Sicherheit geachtet werden.<\/li>\n<li>Wer rauchende oder feuermachende Personen sieht, sollte diese immer auf die Gefahren hinweisen.<\/li>\n<li>Bei Brandgefahr oder direktemFeststellen eines Feuers sollte man sofort die Feuerwehr verst\u00e4ndigen.<\/li>\n<li>Nicht inWegeeinfahrten oder vor Schranken parken, wo der Einsatz von Feuerwehrfahrzeugen behindert werden k\u00f6nnte.<\/li>\n<li>Wer ein verd\u00e4chtiges Handeln in Zusammenhang mit einem Brand gesehen hat, sollte dieses der Polizei melden.<\/li>\n<\/ul>\n<p>Weiters finden Sie unten auch noch die Verordnung der BH Linz in der jegliches Feueranz\u00fcnden sowie Rauchen im Waldgebieten verboten wird!<\/p>\n<p><strong><a href=\"https:\/\/www.feuerwehr-florian.com\/wp-content\/uploads\/2024\/07\/BVB_OB_LL_20240702_4.pdfsig.pdf\" target=\"_blank\" rel=\"noopener\">Verordnung BH Linz Land Waldbrandgefahren<\/a><\/strong><\/p>\n<p>Foto: <strong><a href=\"https:\/\/www.bundesheer.at\/organisation\/regional\/ooe\/galerie.php?id=950&amp;currRubrik=76\" target=\"_blank\" rel=\"noopener\">Bundesheer<\/a><\/strong><\/p>\n<\/div>\n\n<!-- Page-list plugin v.5.9 wordpress.org\/plugins\/page-list\/ -->\n<ul class=\"page-list siblings-page-list pagelist\">\n<li class=\"page_item page-item-2848\"><a href=\"https:\/\/www.feuerwehr-florian.com\/?page_id=2848\">Advent: Brandgefahren zur stillsten Zeit im Jahr<\/a><\/li>\n<li class=\"page_item page-item-2847\"><a href=\"https:\/\/www.feuerwehr-florian.com\/?page_id=2847\">Bienen, Wespen und Hornissen<\/a><\/li>\n<li class=\"page_item page-item-2844\"><a href=\"https:\/\/www.feuerwehr-florian.com\/?page_id=2844\">Brandgesch\u00e4digte Haushalte<\/a><\/li>\n<li class=\"page_item page-item-2849\"><a href=\"https:\/\/www.feuerwehr-florian.com\/?page_id=2849\">Endg\u00fcltiges Wunschlaternenverbot!<\/a><\/li>\n<li class=\"page_item page-item-2846\"><a href=\"https:\/\/www.feuerwehr-florian.com\/?page_id=2846\">F\u00fcr Ihre Sicherheit &#8211; die Rettungskarte<\/a><\/li>\n<li class=\"page_item page-item-11247\"><a href=\"https:\/\/www.feuerwehr-florian.com\/?page_id=11247\">Hochwasser Informationen<\/a><\/li>\n<li class=\"page_item page-item-2853\"><a href=\"https:\/\/www.feuerwehr-florian.com\/?page_id=2853\">Rauchmelder retten Leben!<\/a><\/li>\n<li class=\"page_item page-item-2845\"><a href=\"https:\/\/www.feuerwehr-florian.com\/?page_id=2845\">Rettungsgasse ab 2012 Pflicht<\/a><\/li>\n<li class=\"page_item page-item-2855\"><a href=\"https:\/\/www.feuerwehr-florian.com\/?page_id=2855\">Sirenensignale<\/a><\/li>\n<li class=\"page_item page-item-2856\"><a href=\"https:\/\/www.feuerwehr-florian.com\/?page_id=2856\">Tragbare Feuerl\u00f6scher<\/a><\/li>\n<li class=\"page_item page-item-2851\"><a href=\"https:\/\/www.feuerwehr-florian.com\/?page_id=2851\">Verhalten bei Br\u00e4nden<\/a><\/li>\n<li class=\"page_item page-item-2850\"><a href=\"https:\/\/www.feuerwehr-florian.com\/?page_id=2850\">Verhalten bei St\u00fcrmen<\/a><\/li>\n<li class=\"page_item page-item-2843\"><a href=\"https:\/\/www.feuerwehr-florian.com\/?page_id=2843\">Wald- und Flurbrandgefahr<\/a><\/li>\n\n<\/ul>\n","protected":false},"excerpt":{"rendered":"<p>Die Zentralanstalt f\u00fcr Meterorologie und Geodynamik (ZAMG) bietet eine aktuelle Warnkarte f\u00fcr die Waldbrandgefahr auf Ihrer Homepage an. https:\/\/www.zamg.ac.at\/cms\/de\/wetter\/produkte-und-services\/freizeitwetter\/waldbrand\/oberoesterreich\/heute Vor allem jetzt, an den sehr hei\u00dfen Tagen, sind die Warnungen mit offenen Licht bzw. Feuer in der freien Natur zu hantieren keinesfalles zu missachten! Schnell kann es dabei bei Unachtsamkeit zu einem Brand kommen. Bei<\/p>\n<p><a class=\"more-link\" href=\"https:\/\/www.feuerwehr-florian.com\/?page_id=2843\">Weiterlesen<\/a><\/p>\n","protected":false},"author":1,"featured_media":0,"parent":2854,"menu_order":11,"comment_status":"closed","ping_status":"closed","template":"fullwidth.php","meta":{"footnotes":""},"class_list":["post-2843","page","type-page","status-publish","hentry"],"jetpack_sharing_enabled":true,"jetpack_likes_enabled":true,"_links":{"self":[{"href":"https:\/\/www.feuerwehr-florian.com\/index.php?rest_route=\/wp\/v2\/pages\/2843","targetHints":{"allow":["GET"]}}],"collection":[{"href":"https:\/\/www.feuerwehr-florian.com\/index.php?rest_route=\/wp\/v2\/pages"}],"about":[{"href":"https:\/\/www.feuerwehr-florian.com\/index.php?rest_route=\/wp\/v2\/types\/page"}],"author":[{"embeddable":true,"href":"https:\/\/www.feuerwehr-florian.com\/index.php?rest_route=\/wp\/v2\/users\/1"}],"replies":[{"embeddable":true,"href":"https:\/\/www.feuerwehr-florian.com\/index.php?rest_route=%2Fwp%2Fv2%2Fcomments&post=2843"}],"version-history":[{"count":7,"href":"https:\/\/www.feuerwehr-florian.com\/index.php?rest_route=\/wp\/v2\/pages\/2843\/revisions"}],"predecessor-version":[{"id":12014,"href":"https:\/\/www.feuerwehr-florian.com\/index.php?rest_route=\/wp\/v2\/pages\/2843\/revisions\/12014"}],"up":[{"embeddable":true,"href":"https:\/\/www.feuerwehr-florian.com\/index.php?rest_route=\/wp\/v2\/pages\/2854"}],"wp:attachment":[{"href":"https:\/\/www.feuerwehr-florian.com\/index.php?rest_route=%2Fwp%2Fv2%2Fmedia&parent=2843"}],"curies":[{"name":"wp","href":"https:\/\/api.w.org\/{rel}","templated":true}]}}