{"id":2844,"date":"2016-01-05T15:40:56","date_gmt":"2016-01-05T14:40:56","guid":{"rendered":"http:\/\/wp.feuerwehr-florian.com\/?page_id=2844"},"modified":"2018-10-19T11:36:08","modified_gmt":"2018-10-19T09:36:08","slug":"brandgeschaedigte-haushalte","status":"publish","type":"page","link":"https:\/\/www.feuerwehr-florian.com\/?page_id=2844","title":{"rendered":"Brandgesch\u00e4digte Haushalte"},"content":{"rendered":"<p><img loading=\"lazy\" decoding=\"async\" class=\"alignleft wp-image-2657 size-thumbnail\" src=\"https:\/\/www.feuerwehr-florian.com\/wp-content\/uploads\/2016\/01\/dsc_0625-250x250.jpg\" alt=\"dsc_0625\" width=\"250\" height=\"250\" \/>Nach einem Brand, der sich gl\u00fccklicherweise \u00e4u\u00dferst selten im eigenen Umfeld ereignet, stellen sich in einem brandgesch\u00e4digten Haushalt diverse Fragen f\u00fcr die betroffenen Bewohner des Geb\u00e4udes. Dies hat die Feuerwehr St. Florian zum Anlass genommen, ein Informationsblatt f\u00fcr brandgesch\u00e4digte Haushalte aufzulegen und der St. Florianer Bev\u00f6lkerung zur Verf\u00fcgung zu stellen. Das Informationsblatt basiert auf einer entsprechenden VdS-Richtlinie aus Deutschland, wie mit kalten Brandstellen umzugehen ist, und wurde f\u00fcr unsere Gegebenheiten adaptiert.<\/p>\n<p>Das Informationsblatt wird einerseits durch den Feuerwehr-Einsatzleiter vor Ort an die Betroffenen nach einem Brand ausgeh\u00e4ndigt bzw. kann auch hier kostenlos heruntergeladen werden.<\/p>\n<p><strong><a href=\"https:\/\/www.feuerwehr-florian.com\/wp-content\/uploads\/2016\/01\/informationsblatt-brandgeschaedigte_haushalte.pdf\" target=\"_blank\" rel=\"\">Informationsblatt Brandgesch\u00e4digte Haushalte<\/a><\/strong><\/p>\n\n<!-- Page-list plugin v.5.9 wordpress.org\/plugins\/page-list\/ -->\n<ul class=\"page-list siblings-page-list pagelist\">\n<li class=\"page_item page-item-2848\"><a href=\"https:\/\/www.feuerwehr-florian.com\/?page_id=2848\">Advent: Brandgefahren zur stillsten Zeit im Jahr<\/a><\/li>\n<li class=\"page_item page-item-2847\"><a href=\"https:\/\/www.feuerwehr-florian.com\/?page_id=2847\">Bienen, Wespen und Hornissen<\/a><\/li>\n<li class=\"page_item page-item-2844\"><a href=\"https:\/\/www.feuerwehr-florian.com\/?page_id=2844\">Brandgesch\u00e4digte Haushalte<\/a><\/li>\n<li class=\"page_item page-item-2849\"><a href=\"https:\/\/www.feuerwehr-florian.com\/?page_id=2849\">Endg\u00fcltiges Wunschlaternenverbot!<\/a><\/li>\n<li class=\"page_item page-item-2846\"><a href=\"https:\/\/www.feuerwehr-florian.com\/?page_id=2846\">F\u00fcr Ihre Sicherheit &#8211; die Rettungskarte<\/a><\/li>\n<li class=\"page_item page-item-11247\"><a href=\"https:\/\/www.feuerwehr-florian.com\/?page_id=11247\">Hochwasser Informationen<\/a><\/li>\n<li class=\"page_item page-item-2853\"><a href=\"https:\/\/www.feuerwehr-florian.com\/?page_id=2853\">Rauchmelder retten Leben!<\/a><\/li>\n<li class=\"page_item page-item-2845\"><a href=\"https:\/\/www.feuerwehr-florian.com\/?page_id=2845\">Rettungsgasse ab 2012 Pflicht<\/a><\/li>\n<li class=\"page_item page-item-2855\"><a href=\"https:\/\/www.feuerwehr-florian.com\/?page_id=2855\">Sirenensignale<\/a><\/li>\n<li class=\"page_item page-item-2856\"><a href=\"https:\/\/www.feuerwehr-florian.com\/?page_id=2856\">Tragbare Feuerl\u00f6scher<\/a><\/li>\n<li class=\"page_item page-item-2851\"><a href=\"https:\/\/www.feuerwehr-florian.com\/?page_id=2851\">Verhalten bei Br\u00e4nden<\/a><\/li>\n<li class=\"page_item page-item-2850\"><a href=\"https:\/\/www.feuerwehr-florian.com\/?page_id=2850\">Verhalten bei St\u00fcrmen<\/a><\/li>\n<li class=\"page_item page-item-2843\"><a href=\"https:\/\/www.feuerwehr-florian.com\/?page_id=2843\">Wald- und Flurbrandgefahr<\/a><\/li>\n\n<\/ul>\n","protected":false},"excerpt":{"rendered":"<p>Nach einem Brand, der sich gl\u00fccklicherweise \u00e4u\u00dferst selten im eigenen Umfeld ereignet, stellen sich in einem brandgesch\u00e4digten Haushalt diverse Fragen f\u00fcr die betroffenen Bewohner des Geb\u00e4udes. Dies hat die Feuerwehr St. Florian zum Anlass genommen, ein Informationsblatt f\u00fcr brandgesch\u00e4digte Haushalte aufzulegen und der St. Florianer Bev\u00f6lkerung zur Verf\u00fcgung zu stellen. Das Informationsblatt basiert auf einer<\/p>\n<p><a class=\"more-link\" href=\"https:\/\/www.feuerwehr-florian.com\/?page_id=2844\">Weiterlesen<\/a><\/p>\n","protected":false},"author":1,"featured_media":0,"parent":2854,"menu_order":2,"comment_status":"closed","ping_status":"closed","template":"fullwidth.php","meta":{"footnotes":""},"class_list":["post-2844","page","type-page","status-publish","hentry"],"jetpack_sharing_enabled":true,"jetpack_likes_enabled":true,"_links":{"self":[{"href":"https:\/\/www.feuerwehr-florian.com\/index.php?rest_route=\/wp\/v2\/pages\/2844","targetHints":{"allow":["GET"]}}],"collection":[{"href":"https:\/\/www.feuerwehr-florian.com\/index.php?rest_route=\/wp\/v2\/pages"}],"about":[{"href":"https:\/\/www.feuerwehr-florian.com\/index.php?rest_route=\/wp\/v2\/types\/page"}],"author":[{"embeddable":true,"href":"https:\/\/www.feuerwehr-florian.com\/index.php?rest_route=\/wp\/v2\/users\/1"}],"replies":[{"embeddable":true,"href":"https:\/\/www.feuerwehr-florian.com\/index.php?rest_route=%2Fwp%2Fv2%2Fcomments&post=2844"}],"version-history":[{"count":12,"href":"https:\/\/www.feuerwehr-florian.com\/index.php?rest_route=\/wp\/v2\/pages\/2844\/revisions"}],"predecessor-version":[{"id":7438,"href":"https:\/\/www.feuerwehr-florian.com\/index.php?rest_route=\/wp\/v2\/pages\/2844\/revisions\/7438"}],"up":[{"embeddable":true,"href":"https:\/\/www.feuerwehr-florian.com\/index.php?rest_route=\/wp\/v2\/pages\/2854"}],"wp:attachment":[{"href":"https:\/\/www.feuerwehr-florian.com\/index.php?rest_route=%2Fwp%2Fv2%2Fmedia&parent=2844"}],"curies":[{"name":"wp","href":"https:\/\/api.w.org\/{rel}","templated":true}]}}