{"id":2845,"date":"2016-01-05T15:41:03","date_gmt":"2016-01-05T14:41:03","guid":{"rendered":"http:\/\/wp.feuerwehr-florian.com\/?page_id=2845"},"modified":"2018-10-19T11:34:05","modified_gmt":"2018-10-19T09:34:05","slug":"rettungsgasse-ab-2012-pflicht","status":"publish","type":"page","link":"https:\/\/www.feuerwehr-florian.com\/?page_id=2845","title":{"rendered":"Rettungsgasse ab 2012 Pflicht"},"content":{"rendered":"<p><a href=\"https:\/\/www.feuerwehr-florian.com\/wp-content\/uploads\/2016\/01\/B_A1_7102012_Rfb-Szb_Anschluss-Eugendorf.jpg\" rel=\"attachment wp-att-3006\" data-rel=\"lightbox-gallery-6xA4ChxA\" data-rl_title=\"\" data-rl_caption=\"\" title=\"\"><img loading=\"lazy\" decoding=\"async\" class=\"alignleft wp-image-3006 size-thumbnail\" src=\"https:\/\/www.feuerwehr-florian.com\/wp-content\/uploads\/2016\/01\/B_A1_7102012_Rfb-Szb_Anschluss-Eugendorf-250x250.jpg\" alt=\"B_A1_7102012_Rfb-Szb_Anschluss-Eugendorf\" width=\"250\" height=\"250\" \/><\/a>Ab 1. J\u00e4nner 2012 ist es soweit: Bei Staubildung ist die Rettungsgasse auf den \u00f6sterreichischen Autobahnen und Schnellstra\u00dfen bzw. Autostra\u00dfen Pflicht. Damit kommt der Gesetzgeber einem langj\u00e4hrigen Wunsch der Einsatzorganisationen und der ASFINAG nach. Die Rettungsgasse sichert im Ernstfall schnelle Hilfe. Aus Erfahrungen wissen wir: Durch die Rettungsgasse kommen Rettung, Feuerwehr, Polizei und sonstige Einsatzkr\u00e4fte um bis zu vier Minuten schneller zu den Unfallopfern. Die \u00dcberlebenschancen von schwer Verletzten steigen dadurch um bis zu 40 Prozent.<\/p>\n<p><strong>Was ist die Rettungsgasse?<\/strong><\/p>\n<p>Die Rettungsgasse ist eine freibleibende Fahrgasse zwischen den einzelnen Fahrstreifen einer Autobahn oder einer Schnellstra\u00dfe bzw. Autostra\u00dfe, die bei Staubildung vorausschauend gebildet werden muss.<\/p>\n<p><strong>Was bringt die Rettungsgasse?<\/strong><\/p>\n<p>Polizei, Feuerwehr, Rettung sowie Stra\u00dfen- und Pannendienst d\u00fcrfen die Rettungsgasse ben\u00fctzen. Sie sind damit um bis zu vier Minuten schneller und sicherer am Unfallort als bisher \u00fcber den Pannenstreifen. Das erh\u00f6ht die \u00dcberlebenschance der Unfallopfer um bis zu 40 Prozent.<\/p>\n<p><strong>Was Sie tun m\u00fcssen!<\/strong><\/p>\n<div id=\"blogteext\">\n<p>Alle Verkehrsteilnehmer auf der linken Spur m\u00fcssen sich m\u00f6glichst weit links zur Fahrbahn einordnen. Verkehrsteilnehmer auf der rechten Spur m\u00fcssen so weit nach rechts wie notwendig. Dabei soll der Pannenstreifen befahren werden. Bei mehrspurigen Fahrbahnen gilt: Fahrzeuge auf der linken Spur nach links, alle anderen nach rechts.<\/p>\n<p><strong>Wann gilt die Rettungsgasse?<\/strong><\/p>\n<p>Auf allen Autobahnen und Schnellstra\u00dfen bzw. Autostra\u00dfen in \u00d6sterreich egal ob zwei-, drei-, oder vierspurig: im Wesentlichen dort, wo eine Vignette ben\u00f6tigt wird. Damit gilt in \u00d6sterreich das gleiche Prinzip wie in Deutschland, Tschechien, Schweiz und Slowenien.<\/p>\n<p><strong>Was Sie noch wissen sollten!<\/strong><\/p>\n<p>Die Behinderung von Einsatzfahrzeugen sowie das widerrechtliches Befahren der Rettungsgasse sind verboten: Strafe bis zu 2.180 Euro!<\/p>\n<p><iframe loading=\"lazy\"  id=\"_ytid_71087\"  width=\"700\" height=\"394\"  data-origwidth=\"700\" data-origheight=\"394\" src=\"https:\/\/www.youtube.com\/embed\/BdT_QY3o7fw?enablejsapi=1&#038;autoplay=0&#038;cc_load_policy=0&#038;cc_lang_pref=&#038;iv_load_policy=1&#038;loop=0&#038;rel=1&#038;fs=1&#038;playsinline=0&#038;autohide=2&#038;theme=dark&#038;color=red&#038;controls=1&#038;disablekb=0&#038;\" class=\"__youtube_prefs__  epyt-is-override  no-lazyload\" title=\"YouTube player\"  allow=\"fullscreen; accelerometer; autoplay; clipboard-write; encrypted-media; gyroscope; picture-in-picture; web-share\" referrerpolicy=\"strict-origin-when-cross-origin\" allowfullscreen data-no-lazy=\"1\" data-skipgform_ajax_framebjll=\"\"><\/iframe><\/p>\n<p>Fotos und Text: <strong><a href=\"https:\/\/www.rettungsgasse.com\" target=\"_blank\">www.rettungsgasse.com<\/a><\/strong><\/p>\n\n<!-- Page-list plugin v.5.9 wordpress.org\/plugins\/page-list\/ -->\n<ul class=\"page-list siblings-page-list pagelist\">\n<li class=\"page_item page-item-2848\"><a href=\"https:\/\/www.feuerwehr-florian.com\/?page_id=2848\">Advent: Brandgefahren zur stillsten Zeit im Jahr<\/a><\/li>\n<li class=\"page_item page-item-2847\"><a href=\"https:\/\/www.feuerwehr-florian.com\/?page_id=2847\">Bienen, Wespen und Hornissen<\/a><\/li>\n<li class=\"page_item page-item-2844\"><a href=\"https:\/\/www.feuerwehr-florian.com\/?page_id=2844\">Brandgesch\u00e4digte Haushalte<\/a><\/li>\n<li class=\"page_item page-item-2849\"><a href=\"https:\/\/www.feuerwehr-florian.com\/?page_id=2849\">Endg\u00fcltiges Wunschlaternenverbot!<\/a><\/li>\n<li class=\"page_item page-item-2846\"><a href=\"https:\/\/www.feuerwehr-florian.com\/?page_id=2846\">F\u00fcr Ihre Sicherheit &#8211; die Rettungskarte<\/a><\/li>\n<li class=\"page_item page-item-11247\"><a href=\"https:\/\/www.feuerwehr-florian.com\/?page_id=11247\">Hochwasser Informationen<\/a><\/li>\n<li class=\"page_item page-item-2853\"><a href=\"https:\/\/www.feuerwehr-florian.com\/?page_id=2853\">Rauchmelder retten Leben!<\/a><\/li>\n<li class=\"page_item page-item-2845\"><a href=\"https:\/\/www.feuerwehr-florian.com\/?page_id=2845\">Rettungsgasse ab 2012 Pflicht<\/a><\/li>\n<li class=\"page_item page-item-2855\"><a href=\"https:\/\/www.feuerwehr-florian.com\/?page_id=2855\">Sirenensignale<\/a><\/li>\n<li class=\"page_item page-item-2856\"><a href=\"https:\/\/www.feuerwehr-florian.com\/?page_id=2856\">Tragbare Feuerl\u00f6scher<\/a><\/li>\n<li class=\"page_item page-item-2851\"><a href=\"https:\/\/www.feuerwehr-florian.com\/?page_id=2851\">Verhalten bei Br\u00e4nden<\/a><\/li>\n<li class=\"page_item page-item-2850\"><a href=\"https:\/\/www.feuerwehr-florian.com\/?page_id=2850\">Verhalten bei St\u00fcrmen<\/a><\/li>\n<li class=\"page_item page-item-2843\"><a href=\"https:\/\/www.feuerwehr-florian.com\/?page_id=2843\">Wald- und Flurbrandgefahr<\/a><\/li>\n\n<\/ul>\n<\/div>\n","protected":false},"excerpt":{"rendered":"<p>Ab 1. J\u00e4nner 2012 ist es soweit: Bei Staubildung ist die Rettungsgasse auf den \u00f6sterreichischen Autobahnen und Schnellstra\u00dfen bzw. Autostra\u00dfen Pflicht. Damit kommt der Gesetzgeber einem langj\u00e4hrigen Wunsch der Einsatzorganisationen und der ASFINAG nach. Die Rettungsgasse sichert im Ernstfall schnelle Hilfe. Aus Erfahrungen wissen wir: Durch die Rettungsgasse kommen Rettung, Feuerwehr, Polizei und sonstige Einsatzkr\u00e4fte<\/p>\n<p><a class=\"more-link\" href=\"https:\/\/www.feuerwehr-florian.com\/?page_id=2845\">Weiterlesen<\/a><\/p>\n","protected":false},"author":1,"featured_media":0,"parent":2854,"menu_order":7,"comment_status":"closed","ping_status":"closed","template":"fullwidth.php","meta":{"footnotes":""},"class_list":["post-2845","page","type-page","status-publish","hentry"],"jetpack_sharing_enabled":true,"jetpack_likes_enabled":true,"_links":{"self":[{"href":"https:\/\/www.feuerwehr-florian.com\/index.php?rest_route=\/wp\/v2\/pages\/2845","targetHints":{"allow":["GET"]}}],"collection":[{"href":"https:\/\/www.feuerwehr-florian.com\/index.php?rest_route=\/wp\/v2\/pages"}],"about":[{"href":"https:\/\/www.feuerwehr-florian.com\/index.php?rest_route=\/wp\/v2\/types\/page"}],"author":[{"embeddable":true,"href":"https:\/\/www.feuerwehr-florian.com\/index.php?rest_route=\/wp\/v2\/users\/1"}],"replies":[{"embeddable":true,"href":"https:\/\/www.feuerwehr-florian.com\/index.php?rest_route=%2Fwp%2Fv2%2Fcomments&post=2845"}],"version-history":[{"count":6,"href":"https:\/\/www.feuerwehr-florian.com\/index.php?rest_route=\/wp\/v2\/pages\/2845\/revisions"}],"predecessor-version":[{"id":7430,"href":"https:\/\/www.feuerwehr-florian.com\/index.php?rest_route=\/wp\/v2\/pages\/2845\/revisions\/7430"}],"up":[{"embeddable":true,"href":"https:\/\/www.feuerwehr-florian.com\/index.php?rest_route=\/wp\/v2\/pages\/2854"}],"wp:attachment":[{"href":"https:\/\/www.feuerwehr-florian.com\/index.php?rest_route=%2Fwp%2Fv2%2Fmedia&parent=2845"}],"curies":[{"name":"wp","href":"https:\/\/api.w.org\/{rel}","templated":true}]}}