{"id":2847,"date":"2016-01-05T15:41:25","date_gmt":"2016-01-05T14:41:25","guid":{"rendered":"http:\/\/wp.feuerwehr-florian.com\/?page_id=2847"},"modified":"2018-10-19T11:36:37","modified_gmt":"2018-10-19T09:36:37","slug":"bienen-wespen-und-hornissen","status":"publish","type":"page","link":"https:\/\/www.feuerwehr-florian.com\/?page_id=2847","title":{"rendered":"Bienen, Wespen und Hornissen"},"content":{"rendered":"<p align=\"justify\"><a href=\"https:\/\/www.feuerwehr-florian.com\/wp-content\/uploads\/2016\/01\/DSC_0070-1.jpg\" rel=\"attachment wp-att-2948\" data-rel=\"lightbox-gallery-zEBaTvT6\" data-rl_title=\"\" data-rl_caption=\"\" title=\"\"><img loading=\"lazy\" decoding=\"async\" class=\"alignleft wp-image-2948 size-thumbnail\" src=\"https:\/\/www.feuerwehr-florian.com\/wp-content\/uploads\/2016\/01\/DSC_0070-1-250x250.jpg\" alt=\"DSC_0070\" width=\"250\" height=\"250\" \/><\/a>Jedes Jahr sollen in den Sommermonaten durch die Feuerwehr St. Florian unz\u00e4hlige Nester von Bienen, Wespen oder Hornissen aus den diversesten Bereichen entfernt werden.<\/p>\n<p align=\"justify\">An dieser Stelle m\u00f6chten wir an den Tierschutz appellieren, da diese Tiere nicht wirklich eine akute Gefahr darstellen, solange man sie in ihrem Lebensraum in Ruhe l\u00e4sst. Gerade Hornissen, die die gr\u00f6\u00dfte heimische Wespenart darstellen, sind besonders sch\u00fctzenswert, sodass eine Vernichtung sowieso nicht in Frage kommt.<\/p>\n<p align=\"justify\">M\u00e4rchen von Hornissenstichen, die Menschen oder sogar Pferde t\u00f6ten k\u00f6nnen, entsprechen bei Weitem nicht der Realit\u00e4t, da der menschliche Organismus in der Regel eine erhebliche Anzahl von Stichen aush\u00e4lt. Wussten Sie, dass das Hornissengift sogar eine geringer Toxizit\u00e4t als jenes von Wespen oder Bienen aufweist. Einzige Gefahr besteht nur f\u00fcr einschl\u00e4gige Allergiker (lediglich 2-3% der Bev\u00f6lkerung), falls diese von derartigen Insekten gestochen werden.<\/p>\n<p align=\"justify\">Die Tiere nutzen ihren Stachel nur zu Verteidigungszwecken und solange sie keine Gefahr f\u00fcr sich oder ihre Nester sehen, sind sie eigentlich ganz harmlos.<\/p>\n<p align=\"justify\">Damit es zu keinen unliebsamen Kontakten mit diesen Insekten kommt, sollten Sie <strong>folgende Regeln <\/strong>beachten:<\/p>\n<ul>\n<li>Vermeiden Sie im direkten Nahbereich von Nestern hektische Bewegungen oder Ersch\u00fctterungen (z.B. Rasenm\u00e4her).<\/li>\n<li>Versuchen Sie nie ein Nest mit Flammen udgl. zu bearbeiten.<\/li>\n<li>Sofern sich eine allergische Reaktion bei Ihnen einstellt, suchen Sie umgehend einen Arzt auf.<\/li>\n<li>Ein guter Schutz in Wohnr\u00e4umen stellen geeignete Insektengitter bei Fenster\u00f6ffnungen dar.<\/li>\n<\/ul>\n<p align=\"justify\">Somit sei festgehalten, dass es <strong>keinen Grund<\/strong> f\u00fcr einen Feuerwehreinsatz darstellt, wenn Sie sich durch diese Tiere lediglich <strong>gest\u00f6rt f\u00fchlen<\/strong>, weil diese Insekten im Gartenbereich ein Nest errichtet haben. Diese k\u00f6nnen im Herbst ohne Probleme wieder von Ihnen entfernt werden, wenn die Nester leer sind.<\/p>\n<p align=\"justify\">Sollte jedoch ein <strong>Gefahrenpotential<\/strong> gegeben sein, da Sie nachweislich Allergiker sind, oder sich die Nester auf einem Kinderspielplatz udgl. befinden, so k\u00fcmmert sich die Feuerwehr St. Florian gerne um eine fachgerechte Umsiedlung.<\/p>\n<p align=\"justify\">Diese Arbeiten werden in der Regel nach vorangegangener Terminvereinbarung in den Abendstunden durchgef\u00fchrt. Auf Grund des doch erheblichen Aufwandes, m\u00fcssen wir dabei leider eine kleine Aufwandsentsch\u00e4digung verlangen.<\/p>\n<p>Kontaktieren Sie uns in diesem Zusammenhang ausschlie\u00dflich \u00fcber die<strong> <a href=\"https:\/\/www.feuerwehr-florian.com\/?page_id=973\">Kontaktdaten<\/a> <\/strong>auf unserer Internetseite! Geben Sie Ihren Namen, Anschrift, Telefonnummer bekannt und beschreiben Sie kurz die Lage und Gr\u00f6\u00dfe des Nestes. Sie haben die M\u00f6glichkeiten der \u00dcbermittlung einer elektronischen Nachricht mittels Formular oder der Hinterlassung einer Nachricht auf unserem Anrufbeantworter.<\/p>\n<p align=\"justify\">Sofern es sich um einen<strong> entkommenen Bienenschwarm <\/strong>handelt, ist die Feuerwehr sowieso nicht die perfekte Anlaufstelle. In diesen F\u00e4llen sollten sie besser gleich einen<strong> Imker<\/strong> kontaktieren, der den Schwarm wieder einfangen kann.<\/p>\n<p align=\"justify\"><strong>Kontaktdaten Imker:<\/strong><br \/>\nFrau Scheiblhofer \/ Herr Feichtner &#8211; Tel. 0664\/1522556<br \/>\nHerr Bumberger \u2013 Tel. 0650\/2052802<br \/>\nHerr Kranzl \u2013 Tel. 0664\/8110224<br \/>\nHerr P\u00fchringer \u2013 Tel. 07224\/8430<br \/>\nHerr Zaiser \u2013 Tel. 07224\/8134<\/p>\n\n<!-- Page-list plugin v.5.9 wordpress.org\/plugins\/page-list\/ -->\n<ul class=\"page-list siblings-page-list pagelist\">\n<li class=\"page_item page-item-2848\"><a href=\"https:\/\/www.feuerwehr-florian.com\/?page_id=2848\">Advent: Brandgefahren zur stillsten Zeit im Jahr<\/a><\/li>\n<li class=\"page_item page-item-2847\"><a href=\"https:\/\/www.feuerwehr-florian.com\/?page_id=2847\">Bienen, Wespen und Hornissen<\/a><\/li>\n<li class=\"page_item page-item-2844\"><a href=\"https:\/\/www.feuerwehr-florian.com\/?page_id=2844\">Brandgesch\u00e4digte Haushalte<\/a><\/li>\n<li class=\"page_item page-item-2849\"><a href=\"https:\/\/www.feuerwehr-florian.com\/?page_id=2849\">Endg\u00fcltiges Wunschlaternenverbot!<\/a><\/li>\n<li class=\"page_item page-item-2846\"><a href=\"https:\/\/www.feuerwehr-florian.com\/?page_id=2846\">F\u00fcr Ihre Sicherheit &#8211; die Rettungskarte<\/a><\/li>\n<li class=\"page_item page-item-11247\"><a href=\"https:\/\/www.feuerwehr-florian.com\/?page_id=11247\">Hochwasser Informationen<\/a><\/li>\n<li class=\"page_item page-item-2853\"><a href=\"https:\/\/www.feuerwehr-florian.com\/?page_id=2853\">Rauchmelder retten Leben!<\/a><\/li>\n<li class=\"page_item page-item-2845\"><a href=\"https:\/\/www.feuerwehr-florian.com\/?page_id=2845\">Rettungsgasse ab 2012 Pflicht<\/a><\/li>\n<li class=\"page_item page-item-2855\"><a href=\"https:\/\/www.feuerwehr-florian.com\/?page_id=2855\">Sirenensignale<\/a><\/li>\n<li class=\"page_item page-item-2856\"><a href=\"https:\/\/www.feuerwehr-florian.com\/?page_id=2856\">Tragbare Feuerl\u00f6scher<\/a><\/li>\n<li class=\"page_item page-item-2851\"><a href=\"https:\/\/www.feuerwehr-florian.com\/?page_id=2851\">Verhalten bei Br\u00e4nden<\/a><\/li>\n<li class=\"page_item page-item-2850\"><a href=\"https:\/\/www.feuerwehr-florian.com\/?page_id=2850\">Verhalten bei St\u00fcrmen<\/a><\/li>\n<li class=\"page_item page-item-2843\"><a href=\"https:\/\/www.feuerwehr-florian.com\/?page_id=2843\">Wald- und Flurbrandgefahr<\/a><\/li>\n\n<\/ul>\n","protected":false},"excerpt":{"rendered":"<p>Jedes Jahr sollen in den Sommermonaten durch die Feuerwehr St. Florian unz\u00e4hlige Nester von Bienen, Wespen oder Hornissen aus den diversesten Bereichen entfernt werden. An dieser Stelle m\u00f6chten wir an den Tierschutz appellieren, da diese Tiere nicht wirklich eine akute Gefahr darstellen, solange man sie in ihrem Lebensraum in Ruhe l\u00e4sst. Gerade Hornissen, die die<\/p>\n<p><a class=\"more-link\" href=\"https:\/\/www.feuerwehr-florian.com\/?page_id=2847\">Weiterlesen<\/a><\/p>\n","protected":false},"author":1,"featured_media":0,"parent":2854,"menu_order":1,"comment_status":"closed","ping_status":"closed","template":"fullwidth.php","meta":{"footnotes":""},"class_list":["post-2847","page","type-page","status-publish","hentry"],"jetpack_sharing_enabled":true,"jetpack_likes_enabled":true,"_links":{"self":[{"href":"https:\/\/www.feuerwehr-florian.com\/index.php?rest_route=\/wp\/v2\/pages\/2847","targetHints":{"allow":["GET"]}}],"collection":[{"href":"https:\/\/www.feuerwehr-florian.com\/index.php?rest_route=\/wp\/v2\/pages"}],"about":[{"href":"https:\/\/www.feuerwehr-florian.com\/index.php?rest_route=\/wp\/v2\/types\/page"}],"author":[{"embeddable":true,"href":"https:\/\/www.feuerwehr-florian.com\/index.php?rest_route=\/wp\/v2\/users\/1"}],"replies":[{"embeddable":true,"href":"https:\/\/www.feuerwehr-florian.com\/index.php?rest_route=%2Fwp%2Fv2%2Fcomments&post=2847"}],"version-history":[{"count":10,"href":"https:\/\/www.feuerwehr-florian.com\/index.php?rest_route=\/wp\/v2\/pages\/2847\/revisions"}],"predecessor-version":[{"id":7440,"href":"https:\/\/www.feuerwehr-florian.com\/index.php?rest_route=\/wp\/v2\/pages\/2847\/revisions\/7440"}],"up":[{"embeddable":true,"href":"https:\/\/www.feuerwehr-florian.com\/index.php?rest_route=\/wp\/v2\/pages\/2854"}],"wp:attachment":[{"href":"https:\/\/www.feuerwehr-florian.com\/index.php?rest_route=%2Fwp%2Fv2%2Fmedia&parent=2847"}],"curies":[{"name":"wp","href":"https:\/\/api.w.org\/{rel}","templated":true}]}}