{"id":2848,"date":"2016-01-05T15:41:17","date_gmt":"2016-01-05T14:41:17","guid":{"rendered":"http:\/\/wp.feuerwehr-florian.com\/?page_id=2848"},"modified":"2020-11-29T18:24:22","modified_gmt":"2020-11-29T17:24:22","slug":"advent-brandgefahren-zur-stillsten-zeit-im-jahr","status":"publish","type":"page","link":"https:\/\/www.feuerwehr-florian.com\/?page_id=2848","title":{"rendered":"Advent: Brandgefahren zur stillsten Zeit im Jahr"},"content":{"rendered":"<p><a href=\"http:\/\/wp.feuerwehr-florian.com\/wp-content\/uploads\/2016\/01\/csm_shutterstock_221538844_1c319b311c.jpg\" rel=\"attachment wp-att-2964\" data-rel=\"lightbox-gallery-5i8qmrV4\" data-rl_title=\"\" data-rl_caption=\"\" title=\"\"><img loading=\"lazy\" decoding=\"async\" class=\"alignleft wp-image-2964 size-thumbnail\" src=\"http:\/\/www.feuerwehr-florian.com\/wp-content\/uploads\/2016\/01\/csm_shutterstock_221538844_1c319b311c-e1453146853580-250x250.jpg\" alt=\"\" width=\"250\" height=\"250\" \/><\/a>Flackernde Kerzen und Lichter verbreiten gerade zur Adventzeit eine besinnliche Stimmung. Doch alle Jahre wieder steigen in diesem Zeitraum die Brandf\u00e4lle sprunghaft an. In den meisten F\u00e4llen sind Unachtsamkeit die Gr\u00fcnde daf\u00fcr. Br\u00e4nde k\u00f6nnen durch den sorgsameren Umgang mit Kerzen und dem Anbringen von Rauchmeldern vermieden werden.<\/p>\n<div class=\"news-content\">\n<div id=\"c14144\" class=\"csc-frame csc-frame-default\">\n<p>Etwa die H\u00e4lfte aller durch offenes Licht und Feuer verursachten Br\u00e4nde passieren in der Weihnachtszeit. Von selbst versteht sich, dass kleine Kinder nie mit offenem Feuer alleingelassen werden d\u00fcrfen, brennende Kerzen sollten aber auch niemals auf Tischen mit Tischdecken stehen, wenn Kleinkinder im Haushalt leben. Wird die Tischdecke hinuntergezogen, k\u00f6nnen die Kerzen mit ihrem hei\u00dfem Wachs auf das Kind st\u00fcrzen.<\/p>\n<\/div>\n<\/div>\n<h2>Hier ein Video dazu:<\/h2>\n<p><iframe loading=\"lazy\"  id=\"_ytid_27915\"  width=\"700\" height=\"394\"  data-origwidth=\"700\" data-origheight=\"394\" src=\"https:\/\/www.youtube.com\/embed\/tSU4ibzLxQY?enablejsapi=1&#038;autoplay=0&#038;cc_load_policy=0&#038;cc_lang_pref=&#038;iv_load_policy=1&#038;loop=0&#038;rel=1&#038;fs=1&#038;playsinline=0&#038;autohide=2&#038;theme=dark&#038;color=red&#038;controls=1&#038;disablekb=0&#038;\" class=\"__youtube_prefs__  epyt-is-override  no-lazyload\" title=\"YouTube player\"  allow=\"fullscreen; accelerometer; autoplay; clipboard-write; encrypted-media; gyroscope; picture-in-picture; web-share\" referrerpolicy=\"strict-origin-when-cross-origin\" allowfullscreen data-no-lazy=\"1\" data-skipgform_ajax_framebjll=\"\"><\/iframe><\/p>\n<h2>Tipps f\u00fcr die Brandvermeidung im Advent<\/h2>\n<ul>\n<li>W\u00e4hlen Sie einen brandsicheren Standort, der sich weder neben W\u00e4rmequellen (\u00d6fen, Heizk\u00f6rper, etc.) noch in unmittelbare N\u00e4he von Vorh\u00e4ngen befindet.<\/li>\n<li>Achten Sie darauf, dass Zweige und Dekorationsmaterial einen m\u00f6glichst gro\u00dfen Abstand zu den Kerzen aufweisen.<\/li>\n<li>Verwenden Sie eine nicht brennbare Unterlage den Adventkranz.<\/li>\n<li>Lassen Sie die Kerzen nie ganz herunterbrennen und wechseln Sie diese, bevor sie zu tief herunterbrennen, aus.<\/li>\n<li>Vorsicht mit Wunderkerzen &#8211; akute Gefahr durch gl\u00fchend abspritzenden Funken.<\/li>\n<li>Lassen Sie Kinder nie unbeaufsichtigt wenn sie sich in der N\u00e4he eines Adventkranzes bzw. einer Kerze aufhalten und lassen Sie keine Z\u00fcndh\u00f6lzer bzw. ein Feuerwehrzeug unachtsam liegen.<\/li>\n<li>Halten Sie geeignete L\u00f6schmittel (Feuerl\u00f6scher, L\u00f6schdecke, etc.) sicherheitshalber immer griffbereit.<\/li>\n<\/ul>\n<h2>H\u00e4ufige Brandausl\u00f6ser sind vergessene Kerzen!<\/h2>\n<ul>\n<li>Lassen Sie offenes Feuer und Licht nie ohne Aufsicht<\/li>\n<li>Kerzen sollen immer in Haltern mit Auffangschalen aus nichtbrennbarem Material verwendet werden.<\/li>\n<li>Sprechen Sie mit Ihren Kindern \u00fcber die Gefahren bei Kerzen und Feuer, \u00fcben Sie zudem mit ihnen den Ernstfall.<\/li>\n<\/ul>\n<h2 align=\"justify\">ALARMIEREN \u2013 RETTEN \u2013 L\u00d6SCHEN<\/h2>\n<p align=\"justify\">(und zwar in dieser Reihenfolge!)<\/p>\n<p align=\"justify\">Quellen \/ Fotos \/ Videos: BVS Linz bzw. <strong><a href=\"https:\/\/www.ooelfv.at\/aktuelles\/news\/beitrag\/adventzeit-ist-kerzenzeit-sicherheitstipps-fuer-die-vorweihnachtszeit\/\" target=\"_blank\" rel=\"noopener noreferrer\">O\u00d6LFV<\/a><\/strong><\/p>\n\n<!-- Page-list plugin v.5.9 wordpress.org\/plugins\/page-list\/ -->\n<ul class=\"page-list siblings-page-list pagelist\">\n<li class=\"page_item page-item-2848\"><a href=\"https:\/\/www.feuerwehr-florian.com\/?page_id=2848\">Advent: Brandgefahren zur stillsten Zeit im Jahr<\/a><\/li>\n<li class=\"page_item page-item-2847\"><a href=\"https:\/\/www.feuerwehr-florian.com\/?page_id=2847\">Bienen, Wespen und Hornissen<\/a><\/li>\n<li class=\"page_item page-item-2844\"><a href=\"https:\/\/www.feuerwehr-florian.com\/?page_id=2844\">Brandgesch\u00e4digte Haushalte<\/a><\/li>\n<li class=\"page_item page-item-2849\"><a href=\"https:\/\/www.feuerwehr-florian.com\/?page_id=2849\">Endg\u00fcltiges Wunschlaternenverbot!<\/a><\/li>\n<li class=\"page_item page-item-2846\"><a href=\"https:\/\/www.feuerwehr-florian.com\/?page_id=2846\">F\u00fcr Ihre Sicherheit &#8211; die Rettungskarte<\/a><\/li>\n<li class=\"page_item page-item-11247\"><a href=\"https:\/\/www.feuerwehr-florian.com\/?page_id=11247\">Hochwasser Informationen<\/a><\/li>\n<li class=\"page_item page-item-2853\"><a href=\"https:\/\/www.feuerwehr-florian.com\/?page_id=2853\">Rauchmelder retten Leben!<\/a><\/li>\n<li class=\"page_item page-item-2845\"><a href=\"https:\/\/www.feuerwehr-florian.com\/?page_id=2845\">Rettungsgasse ab 2012 Pflicht<\/a><\/li>\n<li class=\"page_item page-item-2855\"><a href=\"https:\/\/www.feuerwehr-florian.com\/?page_id=2855\">Sirenensignale<\/a><\/li>\n<li class=\"page_item page-item-2856\"><a href=\"https:\/\/www.feuerwehr-florian.com\/?page_id=2856\">Tragbare Feuerl\u00f6scher<\/a><\/li>\n<li class=\"page_item page-item-2851\"><a href=\"https:\/\/www.feuerwehr-florian.com\/?page_id=2851\">Verhalten bei Br\u00e4nden<\/a><\/li>\n<li class=\"page_item page-item-2850\"><a href=\"https:\/\/www.feuerwehr-florian.com\/?page_id=2850\">Verhalten bei St\u00fcrmen<\/a><\/li>\n<li class=\"page_item page-item-2843\"><a href=\"https:\/\/www.feuerwehr-florian.com\/?page_id=2843\">Wald- und Flurbrandgefahr<\/a><\/li>\n\n<\/ul>\n","protected":false},"excerpt":{"rendered":"<p>Flackernde Kerzen und Lichter verbreiten gerade zur Adventzeit eine besinnliche Stimmung. Doch alle Jahre wieder steigen in diesem Zeitraum die Brandf\u00e4lle sprunghaft an. In den meisten F\u00e4llen sind Unachtsamkeit die Gr\u00fcnde daf\u00fcr. Br\u00e4nde k\u00f6nnen durch den sorgsameren Umgang mit Kerzen und dem Anbringen von Rauchmeldern vermieden werden. Etwa die H\u00e4lfte aller durch offenes Licht und<\/p>\n<p><a class=\"more-link\" href=\"https:\/\/www.feuerwehr-florian.com\/?page_id=2848\">Weiterlesen<\/a><\/p>\n","protected":false},"author":1,"featured_media":0,"parent":2854,"menu_order":0,"comment_status":"closed","ping_status":"closed","template":"fullwidth.php","meta":{"footnotes":""},"class_list":["post-2848","page","type-page","status-publish","hentry"],"jetpack_sharing_enabled":true,"jetpack_likes_enabled":true,"_links":{"self":[{"href":"https:\/\/www.feuerwehr-florian.com\/index.php?rest_route=\/wp\/v2\/pages\/2848","targetHints":{"allow":["GET"]}}],"collection":[{"href":"https:\/\/www.feuerwehr-florian.com\/index.php?rest_route=\/wp\/v2\/pages"}],"about":[{"href":"https:\/\/www.feuerwehr-florian.com\/index.php?rest_route=\/wp\/v2\/types\/page"}],"author":[{"embeddable":true,"href":"https:\/\/www.feuerwehr-florian.com\/index.php?rest_route=\/wp\/v2\/users\/1"}],"replies":[{"embeddable":true,"href":"https:\/\/www.feuerwehr-florian.com\/index.php?rest_route=%2Fwp%2Fv2%2Fcomments&post=2848"}],"version-history":[{"count":13,"href":"https:\/\/www.feuerwehr-florian.com\/index.php?rest_route=\/wp\/v2\/pages\/2848\/revisions"}],"predecessor-version":[{"id":2962,"href":"https:\/\/www.feuerwehr-florian.com\/index.php?rest_route=\/wp\/v2\/pages\/2848\/revisions\/2962"}],"up":[{"embeddable":true,"href":"https:\/\/www.feuerwehr-florian.com\/index.php?rest_route=\/wp\/v2\/pages\/2854"}],"wp:attachment":[{"href":"https:\/\/www.feuerwehr-florian.com\/index.php?rest_route=%2Fwp%2Fv2%2Fmedia&parent=2848"}],"curies":[{"name":"wp","href":"https:\/\/api.w.org\/{rel}","templated":true}]}}