{"id":2849,"date":"2016-01-05T15:41:32","date_gmt":"2016-01-05T14:41:32","guid":{"rendered":"http:\/\/wp.feuerwehr-florian.com\/?page_id=2849"},"modified":"2018-10-19T11:35:39","modified_gmt":"2018-10-19T09:35:39","slug":"endgueltiges-wunschlaternenverbot","status":"publish","type":"page","link":"https:\/\/www.feuerwehr-florian.com\/?page_id=2849","title":{"rendered":"Endg\u00fcltiges Wunschlaternenverbot!"},"content":{"rendered":"<p><a href=\"https:\/\/www.feuerwehr-florian.com\/wp-content\/uploads\/2016\/01\/wunchlaterne.jpg\" rel=\"attachment wp-att-2971\" data-rel=\"lightbox-gallery-dFcvIIhY\" data-rl_title=\"\" data-rl_caption=\"\" title=\"\"><img loading=\"lazy\" decoding=\"async\" class=\"alignleft wp-image-2971 size-thumbnail\" src=\"https:\/\/www.feuerwehr-florian.com\/wp-content\/uploads\/2016\/01\/wunchlaterne-247x250.jpg\" alt=\"\" width=\"247\" height=\"250\" \/><\/a>Die in den letzten Jahren besonders beliebt gewordenen Wunschlaternen \u2013 Himmelslaternen, Skylaternen oder auch Gl\u00fcckslaternen genannt \u2013 sind ab dem 10. Dezember 2009 endg\u00fcltig verboten.<\/p>\n<p>Bei besonderen Anl\u00e4ssen, wie bei Hochzeiten und zu Silvester waren sie ein beliebter Gag und nett anzusehen, jedoch dachten viele der Anwender nie an die damit verbunden erheblichen Gefahren, welche sogar klar aus den Bedienungsanleitungen hervor gingen.<\/p>\n<p>\u201eEs d\u00fcrfen sich im Umkreis von 1 km keine brand- oder explosionsgef\u00e4hrdeten Betriebe, \u2026 befinden. Dies betrifft auch Wald-, Feld- und Wiesenfl\u00e4chen. Lassen Sie Laternen nicht in dicht verbauten Wohngebieten steigen.\u201c Es stellt sich nun die berechtigte Frage, wo man in \u00d6sterreich diese Laternen \u00fcberhaupt aufsteigen lassen durfte?<\/p>\n<p>Dazu wird weiter unten in der Bedienungsanleitung zus\u00e4tzlich angemerkt, dass eine maximale Windgeschwindigkeit von 2 m\/s (ca. 7 km\/h) einzuhalten ist.<\/p>\n<p>Aber beil\u00e4ufig wird auch auf \u201espezielle feuerpolizeiliche Vorschriften\u201c hingewiesen, welche einzuhalten sind. In Ober\u00f6sterreich ist dies das O\u00f6. Feuerpolizeigesetz, welches die allgemeine Verpflichtung enth\u00e4lt, dass offenes Licht und Feuer entsprechend zu beaufsichtigen ist (\u00a7 2 Abs 2 Z 2 O\u00f6. FPG). Wie ein Anwender diese Beaufsichtigung bei Steigh\u00f6hen von \u00fcber 200 m bewerkstelligt, sei jetzt kommentarlos in den Raum gestellt.<\/p>\n<p>Aufgrund von diversen Unf\u00e4llen und mit diesen in Verbindung gebrachten Br\u00e4nden reagierte das Bundesministerium f\u00fcr Arbeit, Soziales und Konsumentenschutz umgehend mit einem Verordnungsentwurf, welcher in Begutachtung geschickt wurde und ab 10. Dezember 2009 als \u201eWunschlaternenverordnung\u201c f\u00fcr das gesamte Bundesgebiet gilt.<\/p>\n<p>Es d\u00fcrfen diese Produkte ab sofort nicht mehr in Verkehr gebracht werden.<\/p>\n<p>Link: <a href=\"https:\/\/www.ris.bka.gv.at\/Dokumente\/BgblAuth\/BGBLA_2009_II_423\/BGBLA_2009_II_423.pdf\"><strong>Wunschlaternenverordnung<\/strong> <\/a><\/p>\n\n<!-- Page-list plugin v.5.9 wordpress.org\/plugins\/page-list\/ -->\n<ul class=\"page-list siblings-page-list pagelist\">\n<li class=\"page_item page-item-2848\"><a href=\"https:\/\/www.feuerwehr-florian.com\/?page_id=2848\">Advent: Brandgefahren zur stillsten Zeit im Jahr<\/a><\/li>\n<li class=\"page_item page-item-2847\"><a href=\"https:\/\/www.feuerwehr-florian.com\/?page_id=2847\">Bienen, Wespen und Hornissen<\/a><\/li>\n<li class=\"page_item page-item-2844\"><a href=\"https:\/\/www.feuerwehr-florian.com\/?page_id=2844\">Brandgesch\u00e4digte Haushalte<\/a><\/li>\n<li class=\"page_item page-item-2849\"><a href=\"https:\/\/www.feuerwehr-florian.com\/?page_id=2849\">Endg\u00fcltiges Wunschlaternenverbot!<\/a><\/li>\n<li class=\"page_item page-item-2846\"><a href=\"https:\/\/www.feuerwehr-florian.com\/?page_id=2846\">F\u00fcr Ihre Sicherheit &#8211; die Rettungskarte<\/a><\/li>\n<li class=\"page_item page-item-11247\"><a href=\"https:\/\/www.feuerwehr-florian.com\/?page_id=11247\">Hochwasser Informationen<\/a><\/li>\n<li class=\"page_item page-item-2853\"><a href=\"https:\/\/www.feuerwehr-florian.com\/?page_id=2853\">Rauchmelder retten Leben!<\/a><\/li>\n<li class=\"page_item page-item-2845\"><a href=\"https:\/\/www.feuerwehr-florian.com\/?page_id=2845\">Rettungsgasse ab 2012 Pflicht<\/a><\/li>\n<li class=\"page_item page-item-2855\"><a href=\"https:\/\/www.feuerwehr-florian.com\/?page_id=2855\">Sirenensignale<\/a><\/li>\n<li class=\"page_item page-item-2856\"><a href=\"https:\/\/www.feuerwehr-florian.com\/?page_id=2856\">Tragbare Feuerl\u00f6scher<\/a><\/li>\n<li class=\"page_item page-item-2851\"><a href=\"https:\/\/www.feuerwehr-florian.com\/?page_id=2851\">Verhalten bei Br\u00e4nden<\/a><\/li>\n<li class=\"page_item page-item-2850\"><a href=\"https:\/\/www.feuerwehr-florian.com\/?page_id=2850\">Verhalten bei St\u00fcrmen<\/a><\/li>\n<li class=\"page_item page-item-2843\"><a href=\"https:\/\/www.feuerwehr-florian.com\/?page_id=2843\">Wald- und Flurbrandgefahr<\/a><\/li>\n\n<\/ul>\n","protected":false},"excerpt":{"rendered":"<p>Die in den letzten Jahren besonders beliebt gewordenen Wunschlaternen \u2013 Himmelslaternen, Skylaternen oder auch Gl\u00fcckslaternen genannt \u2013 sind ab dem 10. Dezember 2009 endg\u00fcltig verboten. Bei besonderen Anl\u00e4ssen, wie bei Hochzeiten und zu Silvester waren sie ein beliebter Gag und nett anzusehen, jedoch dachten viele der Anwender nie an die damit verbunden erheblichen Gefahren, welche<\/p>\n<p><a class=\"more-link\" href=\"https:\/\/www.feuerwehr-florian.com\/?page_id=2849\">Weiterlesen<\/a><\/p>\n","protected":false},"author":1,"featured_media":0,"parent":2854,"menu_order":3,"comment_status":"closed","ping_status":"closed","template":"fullwidth.php","meta":{"footnotes":""},"class_list":["post-2849","page","type-page","status-publish","hentry"],"jetpack_sharing_enabled":true,"jetpack_likes_enabled":true,"_links":{"self":[{"href":"https:\/\/www.feuerwehr-florian.com\/index.php?rest_route=\/wp\/v2\/pages\/2849","targetHints":{"allow":["GET"]}}],"collection":[{"href":"https:\/\/www.feuerwehr-florian.com\/index.php?rest_route=\/wp\/v2\/pages"}],"about":[{"href":"https:\/\/www.feuerwehr-florian.com\/index.php?rest_route=\/wp\/v2\/types\/page"}],"author":[{"embeddable":true,"href":"https:\/\/www.feuerwehr-florian.com\/index.php?rest_route=\/wp\/v2\/users\/1"}],"replies":[{"embeddable":true,"href":"https:\/\/www.feuerwehr-florian.com\/index.php?rest_route=%2Fwp%2Fv2%2Fcomments&post=2849"}],"version-history":[{"count":6,"href":"https:\/\/www.feuerwehr-florian.com\/index.php?rest_route=\/wp\/v2\/pages\/2849\/revisions"}],"predecessor-version":[{"id":7436,"href":"https:\/\/www.feuerwehr-florian.com\/index.php?rest_route=\/wp\/v2\/pages\/2849\/revisions\/7436"}],"up":[{"embeddable":true,"href":"https:\/\/www.feuerwehr-florian.com\/index.php?rest_route=\/wp\/v2\/pages\/2854"}],"wp:attachment":[{"href":"https:\/\/www.feuerwehr-florian.com\/index.php?rest_route=%2Fwp%2Fv2%2Fmedia&parent=2849"}],"curies":[{"name":"wp","href":"https:\/\/api.w.org\/{rel}","templated":true}]}}