{"id":2850,"date":"2016-01-05T15:41:47","date_gmt":"2016-01-05T14:41:47","guid":{"rendered":"http:\/\/wp.feuerwehr-florian.com\/?page_id=2850"},"modified":"2018-10-19T11:30:23","modified_gmt":"2018-10-19T09:30:23","slug":"verhalten-bei-stuermen","status":"publish","type":"page","link":"https:\/\/www.feuerwehr-florian.com\/?page_id=2850","title":{"rendered":"Verhalten bei St\u00fcrmen"},"content":{"rendered":"<p><a href=\"https:\/\/www.feuerwehr-florian.com\/wp-content\/uploads\/2016\/01\/kerschi_2009_07_24-unwetter_21.jpg\" rel=\"attachment wp-att-2997\" data-rel=\"lightbox-gallery-iHk5u8Rc\" data-rl_title=\"\" data-rl_caption=\"\" title=\"\"><img loading=\"lazy\" decoding=\"async\" class=\"alignleft wp-image-2997 size-thumbnail\" src=\"https:\/\/www.feuerwehr-florian.com\/wp-content\/uploads\/2016\/01\/kerschi_2009_07_24-unwetter_21-250x250.jpg\" alt=\"kerschi_2009_07_24-unwetter_21\" width=\"250\" height=\"250\" \/><\/a>Im ober\u00f6sterreichischen Zentralraum sind in den letzten Jahren vermehrt St\u00fcrme bzw. Sturmb\u00f6en zu verzeichnen, die immer h\u00e4ufiger zu erheblichen Sachsch\u00e4den f\u00fchren. In diesen F\u00e4llen wird auch immer wieder der Einsatz der Feuerwehr erforderlich sein, um gr\u00f6\u00dfere Folgesch\u00e4den verhindern zu k\u00f6nnen.<\/p>\n<p><strong>Damit es im Ernstfall gar nicht so weit kommt, ist jeder einzelne B\u00fcrger gefragt!<\/strong><\/p>\n<p>Es gibt eine Reihe von pr\u00e4ventiven Ma\u00dfnahmen, mit denen Sie Sturmsch\u00e4den bestm\u00f6glich vorbeugen k\u00f6nnen:<\/p>\n<ul>\n<li>Kontrollieren Sie regelm\u00e4\u00dfig Ihr Dach auf loseTeile oder andere Sch\u00e4den.<\/li>\n<li>Kontrollieren Sie auch diverse Aufbauten auf dem Dach (z.B. Antennen oder Blitzableiter), welche durch einen Sturm in Mitleidenschaft gezogen werden k\u00f6nnten.<\/li>\n<li>Veranlassen Sie rechtzeitig im Vorfeld, dass (morsche) B\u00e4ume , die Geb\u00e4ude besch\u00e4digen k\u00f6nnen, von einer Fachfirma entfernt werden.<\/li>\n<li>Vergewissern Sie sich, dass s\u00e4mtliche \u00d6ffnungen Ihres Hauses geschlossen sind. Dies gilt nat\u00fcrlich auch immer, wenn Sie Haus unbeaufsichtigt lassen.<\/li>\n<li>Entfernen Sie Gegenst\u00e4nde die vom Sturm besch\u00e4digt oder weggeweht werden k\u00f6nnen (z.B. Gartenm\u00f6bel).<\/li>\n<li>Stellen Sie Ihre Fahrzeuge in Garagen und nicht unter B\u00e4ume.<\/li>\n<\/ul>\n<p>Sobald der Sturm unser Einzugsgebiet erreicht hat, ist es wichtig dass Sie einen gesch\u00fctzten Bereich (massive Bauten) unverz\u00fcglich aufsuchen und nicht wieder verlassen, bis der Sturm vorbei ist. Fangen Sie in dieser Zeit nicht bereits mit Aufr\u00e4um- oder Reparaturma\u00dfnahmen der Sturmfolgen an!<\/p>\n<p>Belasten Sie nicht unn\u00f6tig die Notrufleitungen, wenn keine Gefahr in Verzug ist.<\/p>\n<p>Nach einem Sturm sollten Sie versuchen kleinere Sch\u00e4den selbst oder im Zuge der Nachbarschaftshilfe zu bew\u00e4ltigen, da gerade bei derartigen gro\u00dffl\u00e4chigen Ereignissen die Einsatzkr\u00e4fte an ihre Belastungsgrenzen sto\u00dfen. Sofern Sie mit Ihren Mitteln kein Auslangen finden, rufen Sie die Feuerwehr \u00fcber den Notruf 122, wenn es sich um akute Gefahren handelt, bzw. beauftragen Sie entsprechende Fachfirmen unverz\u00fcglich.<\/p>\n<p>Melden Sie auch Ausf\u00e4lle der Infrastruktur (z.B. Telefon oder Strom) den jeweiligen Versorgern, damit der Schaden ehestm\u00f6glich behoben werden kann und n\u00e4hern Sie sich keinen abgerissenen Stromleitungen.<\/p>\n<p>Gerade bei gro\u00dffl\u00e4chigen Schadensereignissen, zu welchen der Sturm gez\u00e4hlt werden darf, haben Sie bitte Verst\u00e4ndnis, dass die Feuerwehr nicht s\u00e4mtlich Arbeiten verrichten kann, bei welchen keine unmittelbare Gefahr besteht. Gerade bei solchen Ereignissen laufen unz\u00e4hlige Eins\u00e4tze bei den jeweiligen Feuerwehren auf, die erst nach Stunden (oder Tagen) vollst\u00e4ndig abgearbeitet werden k\u00f6nnen!<\/p>\n\n<!-- Page-list plugin v.5.9 wordpress.org\/plugins\/page-list\/ -->\n<ul class=\"page-list siblings-page-list pagelist\">\n<li class=\"page_item page-item-2848\"><a href=\"https:\/\/www.feuerwehr-florian.com\/?page_id=2848\">Advent: Brandgefahren zur stillsten Zeit im Jahr<\/a><\/li>\n<li class=\"page_item page-item-2847\"><a href=\"https:\/\/www.feuerwehr-florian.com\/?page_id=2847\">Bienen, Wespen und Hornissen<\/a><\/li>\n<li class=\"page_item page-item-2844\"><a href=\"https:\/\/www.feuerwehr-florian.com\/?page_id=2844\">Brandgesch\u00e4digte Haushalte<\/a><\/li>\n<li class=\"page_item page-item-2849\"><a href=\"https:\/\/www.feuerwehr-florian.com\/?page_id=2849\">Endg\u00fcltiges Wunschlaternenverbot!<\/a><\/li>\n<li class=\"page_item page-item-2846\"><a href=\"https:\/\/www.feuerwehr-florian.com\/?page_id=2846\">F\u00fcr Ihre Sicherheit &#8211; die Rettungskarte<\/a><\/li>\n<li class=\"page_item page-item-11247\"><a href=\"https:\/\/www.feuerwehr-florian.com\/?page_id=11247\">Hochwasser Informationen<\/a><\/li>\n<li class=\"page_item page-item-2853\"><a href=\"https:\/\/www.feuerwehr-florian.com\/?page_id=2853\">Rauchmelder retten Leben!<\/a><\/li>\n<li class=\"page_item page-item-2845\"><a href=\"https:\/\/www.feuerwehr-florian.com\/?page_id=2845\">Rettungsgasse ab 2012 Pflicht<\/a><\/li>\n<li class=\"page_item page-item-2855\"><a href=\"https:\/\/www.feuerwehr-florian.com\/?page_id=2855\">Sirenensignale<\/a><\/li>\n<li class=\"page_item page-item-2856\"><a href=\"https:\/\/www.feuerwehr-florian.com\/?page_id=2856\">Tragbare Feuerl\u00f6scher<\/a><\/li>\n<li class=\"page_item page-item-2851\"><a href=\"https:\/\/www.feuerwehr-florian.com\/?page_id=2851\">Verhalten bei Br\u00e4nden<\/a><\/li>\n<li class=\"page_item page-item-2850\"><a href=\"https:\/\/www.feuerwehr-florian.com\/?page_id=2850\">Verhalten bei St\u00fcrmen<\/a><\/li>\n<li class=\"page_item page-item-2843\"><a href=\"https:\/\/www.feuerwehr-florian.com\/?page_id=2843\">Wald- und Flurbrandgefahr<\/a><\/li>\n\n<\/ul>\n","protected":false},"excerpt":{"rendered":"<p>Im ober\u00f6sterreichischen Zentralraum sind in den letzten Jahren vermehrt St\u00fcrme bzw. Sturmb\u00f6en zu verzeichnen, die immer h\u00e4ufiger zu erheblichen Sachsch\u00e4den f\u00fchren. In diesen F\u00e4llen wird auch immer wieder der Einsatz der Feuerwehr erforderlich sein, um gr\u00f6\u00dfere Folgesch\u00e4den verhindern zu k\u00f6nnen. Damit es im Ernstfall gar nicht so weit kommt, ist jeder einzelne B\u00fcrger gefragt! Es<\/p>\n<p><a class=\"more-link\" href=\"https:\/\/www.feuerwehr-florian.com\/?page_id=2850\">Weiterlesen<\/a><\/p>\n","protected":false},"author":1,"featured_media":0,"parent":2854,"menu_order":10,"comment_status":"closed","ping_status":"closed","template":"fullwidth.php","meta":{"footnotes":""},"class_list":["post-2850","page","type-page","status-publish","hentry"],"jetpack_sharing_enabled":true,"jetpack_likes_enabled":true,"_links":{"self":[{"href":"https:\/\/www.feuerwehr-florian.com\/index.php?rest_route=\/wp\/v2\/pages\/2850","targetHints":{"allow":["GET"]}}],"collection":[{"href":"https:\/\/www.feuerwehr-florian.com\/index.php?rest_route=\/wp\/v2\/pages"}],"about":[{"href":"https:\/\/www.feuerwehr-florian.com\/index.php?rest_route=\/wp\/v2\/types\/page"}],"author":[{"embeddable":true,"href":"https:\/\/www.feuerwehr-florian.com\/index.php?rest_route=\/wp\/v2\/users\/1"}],"replies":[{"embeddable":true,"href":"https:\/\/www.feuerwehr-florian.com\/index.php?rest_route=%2Fwp%2Fv2%2Fcomments&post=2850"}],"version-history":[{"count":6,"href":"https:\/\/www.feuerwehr-florian.com\/index.php?rest_route=\/wp\/v2\/pages\/2850\/revisions"}],"predecessor-version":[{"id":7423,"href":"https:\/\/www.feuerwehr-florian.com\/index.php?rest_route=\/wp\/v2\/pages\/2850\/revisions\/7423"}],"up":[{"embeddable":true,"href":"https:\/\/www.feuerwehr-florian.com\/index.php?rest_route=\/wp\/v2\/pages\/2854"}],"wp:attachment":[{"href":"https:\/\/www.feuerwehr-florian.com\/index.php?rest_route=%2Fwp%2Fv2%2Fmedia&parent=2850"}],"curies":[{"name":"wp","href":"https:\/\/api.w.org\/{rel}","templated":true}]}}