{"id":2854,"date":"2016-01-05T15:42:24","date_gmt":"2016-01-05T14:42:24","guid":{"rendered":"http:\/\/wp.feuerwehr-florian.com\/?page_id=2854"},"modified":"2023-11-02T10:24:49","modified_gmt":"2023-11-02T09:24:49","slug":"buergerservice","status":"publish","type":"page","link":"https:\/\/www.feuerwehr-florian.com\/?page_id=2854","title":{"rendered":"B\u00fcrgerservice"},"content":{"rendered":"<p><a href=\"https:\/\/www.feuerwehr-florian.com\/wp-content\/uploads\/2016\/01\/DSC_3585.jpg\" rel=\"attachment wp-att-1799\" data-rel=\"lightbox-gallery-NdUVV95k\" data-rl_title=\"\" data-rl_caption=\"\" title=\"\"><img loading=\"lazy\" decoding=\"async\" class=\"alignleft wp-image-1799 size-thumbnail\" src=\"https:\/\/www.feuerwehr-florian.com\/wp-content\/uploads\/2016\/01\/DSC_3585-250x250.jpg\" alt=\"DSC_3585\" width=\"250\" height=\"250\" \/><\/a>Nicht nur der abwehrende Brandschutz, sondern auch viele andere Bereiche (insbesondere der vorbeugende Brandschutz) besch\u00e4ftigen die Mitglieder der Feuerwehr St. Florian. Bei beh\u00f6rdlichen Brandschutzbegehungen wird die Feuerwehr zu Beratungszwecken herangezogen. Es werden auch Schulungen mit L\u00f6schger\u00e4ten und Vortr\u00e4ge zur Sensibilisierung von Zivilpersonen, in Bezug auf Brandschutzma\u00dfnahmen laufend durchgef\u00fchrt. Durch diese Ma\u00dfnahmen wird auch ein wichtiger pr\u00e4ventiver Brandsicherheit in unserem Gemeindegebiet beigetragen.<\/p>\n<p>In dieser Rubrik finden Sie die wichtigsten Informationen rund um den Feuerwehrdienst, die f\u00fcr Sie als Gemeindeb\u00fcrger und Unternehmer relevant sind.<\/p>\n<p>Sollten auch Sie Anliegen in diesen wichtigen Bereichen haben, so steht Ihnen das Team rund um Kommandat Martin Pree f\u00fcr R\u00fcckfragen gerne zur Verf\u00fcgung.<\/p>\n<h2>Inhalts\u00fcbersicht:<\/h2>\n\n<!-- Page-list plugin v.5.9 wordpress.org\/plugins\/page-list\/ -->\n<div class=\"page-list page-list-ext page-list-cols-2\">\n<div class=\"page-list-ext-item\"><div class=\"page-list-ext-image\"><a href=\"https:\/\/www.feuerwehr-florian.com\/?page_id=2848\" title=\"Advent: Brandgefahren zur stillsten Zeit im Jahr\"><img decoding=\"async\" src=\"http:\/\/www.feuerwehr-florian.com\/wp-content\/uploads\/2016\/01\/csm_shutterstock_221538844_1c319b311c-e1453146853580-250x250.jpg\" width=\"100\" alt=\"Advent: Brandgefahren zur stillsten Zeit im Jahr\" \/><\/a><\/div> <h3 class=\"page-list-ext-title\"><a href=\"https:\/\/www.feuerwehr-florian.com\/?page_id=2848\" title=\"Advent: Brandgefahren zur stillsten Zeit im Jahr\">Advent: Brandgefahren zur stillsten Zeit im Jahr<\/a><\/h3><div class=\"page-list-ext-item-content\"> Flackernde Kerzen und Lichter verbreiten gerade zur Adventzeit eine besinnliche Stimmung. Doch alle Jahre wieder steigen in diesem Zeitraum die Brandf\u00e4lle sprunghaft an. In den meisten F\u00e4llen sind Unachtsamkeit die Gr\u00fcnde daf\u00fcr. Br\u00e4nde k\u00f6nnen durch den s...<\/div><\/div>\n<div class=\"page-list-ext-item\"><div class=\"page-list-ext-image\"><a href=\"https:\/\/www.feuerwehr-florian.com\/?page_id=2847\" title=\"Bienen, Wespen und Hornissen\"><img decoding=\"async\" src=\"https:\/\/www.feuerwehr-florian.com\/wp-content\/uploads\/2016\/01\/DSC_0070-1-250x250.jpg\" width=\"100\" alt=\"Bienen, Wespen und Hornissen\" \/><\/a><\/div> <h3 class=\"page-list-ext-title\"><a href=\"https:\/\/www.feuerwehr-florian.com\/?page_id=2847\" title=\"Bienen, Wespen und Hornissen\">Bienen, Wespen und Hornissen<\/a><\/h3><div class=\"page-list-ext-item-content\"> Jedes Jahr sollen in den Sommermonaten durch die Feuerwehr St. Florian unz\u00e4hlige Nester von Bienen, Wespen oder Hornissen aus den diversesten Bereichen entfernt werden. \r\nAn dieser Stelle m\u00f6chten wir an den Tierschutz appellieren, da diese Tiere nicht w...<\/div><\/div>\n<div class=\"page-list-ext-item\"><div class=\"page-list-ext-image\"><a href=\"https:\/\/www.feuerwehr-florian.com\/?page_id=2844\" title=\"Brandgesch\u00e4digte Haushalte\"><img decoding=\"async\" src=\"https:\/\/www.feuerwehr-florian.com\/wp-content\/uploads\/2016\/01\/dsc_0625-250x250.jpg\" width=\"100\" alt=\"Brandgesch\u00e4digte Haushalte\" \/><\/a><\/div> <h3 class=\"page-list-ext-title\"><a href=\"https:\/\/www.feuerwehr-florian.com\/?page_id=2844\" title=\"Brandgesch\u00e4digte Haushalte\">Brandgesch\u00e4digte Haushalte<\/a><\/h3><div class=\"page-list-ext-item-content\">Nach einem Brand, der sich gl\u00fccklicherweise \u00e4u\u00dferst selten im eigenen Umfeld ereignet, stellen sich in einem brandgesch\u00e4digten Haushalt diverse Fragen f\u00fcr die betroffenen Bewohner des Geb\u00e4udes. Dies hat die Feuerwehr St. Florian zum Anlass genommen, ein I...<\/div><\/div>\n<div class=\"page-list-ext-item\"><div class=\"page-list-ext-image\"><a href=\"https:\/\/www.feuerwehr-florian.com\/?page_id=2849\" title=\"Endg\u00fcltiges Wunschlaternenverbot!\"><img decoding=\"async\" src=\"https:\/\/www.feuerwehr-florian.com\/wp-content\/uploads\/2016\/01\/wunchlaterne-247x250.jpg\" width=\"100\" alt=\"Endg\u00fcltiges Wunschlaternenverbot!\" \/><\/a><\/div> <h3 class=\"page-list-ext-title\"><a href=\"https:\/\/www.feuerwehr-florian.com\/?page_id=2849\" title=\"Endg\u00fcltiges Wunschlaternenverbot!\">Endg\u00fcltiges Wunschlaternenverbot!<\/a><\/h3><div class=\"page-list-ext-item-content\"> Die in den letzten Jahren besonders beliebt gewordenen Wunschlaternen \u2013 Himmelslaternen, Skylaternen oder auch Gl\u00fcckslaternen genannt \u2013 sind ab dem 10. Dezember 2009 endg\u00fcltig verboten.\r\n\r\nBei besonderen Anl\u00e4ssen, wie bei Hochzeiten und zu Silvester waren ...<\/div><\/div>\n<div class=\"page-list-ext-item\"><div class=\"page-list-ext-image\"><a href=\"https:\/\/www.feuerwehr-florian.com\/?page_id=2846\" title=\"F\u00fcr Ihre Sicherheit - die Rettungskarte\"><img decoding=\"async\" src=\"https:\/\/www.feuerwehr-florian.com\/wp-content\/uploads\/2016\/01\/rettungskarte.jpg\" width=\"100\" alt=\"F\u00fcr Ihre Sicherheit - die Rettungskarte\" \/><\/a><\/div> <h3 class=\"page-list-ext-title\"><a href=\"https:\/\/www.feuerwehr-florian.com\/?page_id=2846\" title=\"F\u00fcr Ihre Sicherheit - die Rettungskarte\">F\u00fcr Ihre Sicherheit - die Rettungskarte<\/a><\/h3><div class=\"page-list-ext-item-content\"> Der \u00d6AMTC hat gemeinsam mit dem \u00d6sterreichischen Bundesfeuerwehrverband eine Aktion gestartet, welche zur Erh\u00f6hung Sicherheit von Unfallopern im Stra\u00dfenverkehr erheblich beitragen soll.\r\n\r\nVon Jahr zu Jahr werden immer mehr Sicherheitseinrichtungen in ...<\/div><\/div>\n<div class=\"page-list-ext-item\"><div class=\"page-list-ext-image\"><a href=\"https:\/\/www.feuerwehr-florian.com\/?page_id=11247\" title=\"Hochwasser Informationen\"><img decoding=\"async\" src=\"https:\/\/www.feuerwehr-florian.com\/wp-content\/uploads\/2023\/04\/DJI_20230415083953_0003_W-250x250.jpg\" width=\"100\" alt=\"Hochwasser Informationen\" \/><\/a><\/div> <h3 class=\"page-list-ext-title\"><a href=\"https:\/\/www.feuerwehr-florian.com\/?page_id=11247\" title=\"Hochwasser Informationen\">Hochwasser Informationen<\/a><\/h3><div class=\"page-list-ext-item-content\"> \nAktuelle Hochwasserinformationen und Handlungsempfehlungen zur Vorsorge und im Akutfall. \n<\/div><\/div>\n<div class=\"page-list-ext-item\"><div class=\"page-list-ext-image\"><a href=\"https:\/\/www.feuerwehr-florian.com\/?page_id=2853\" title=\"Rauchmelder retten Leben!\"><img decoding=\"async\" src=\"https:\/\/www.feuerwehr-florian.com\/wp-content\/uploads\/2016\/01\/20140119-1930-250x250.jpg\" width=\"100\" alt=\"Rauchmelder retten Leben!\" \/><\/a><\/div> <h3 class=\"page-list-ext-title\"><a href=\"https:\/\/www.feuerwehr-florian.com\/?page_id=2853\" title=\"Rauchmelder retten Leben!\">Rauchmelder retten Leben!<\/a><\/h3><div class=\"page-list-ext-item-content\"> Durch Rauchmelder werden insbesondere schlafende oder unachtsame Personen vor einem Brand gewarnt. Diese haben somit mehr Zeit die Feuerwehr zu alarmieren bzw. gef\u00e4hrdete R\u00e4ume zu verlassen. Der Einsatz von Rauchmeldern wird besonders in Ruher\u00e4umen un...<\/div><\/div>\n<div class=\"page-list-ext-item\"><div class=\"page-list-ext-image\"><a href=\"https:\/\/www.feuerwehr-florian.com\/?page_id=2845\" title=\"Rettungsgasse ab 2012 Pflicht\"><img decoding=\"async\" src=\"https:\/\/www.feuerwehr-florian.com\/wp-content\/uploads\/2016\/01\/B_A1_7102012_Rfb-Szb_Anschluss-Eugendorf-250x250.jpg\" width=\"100\" alt=\"Rettungsgasse ab 2012 Pflicht\" \/><\/a><\/div> <h3 class=\"page-list-ext-title\"><a href=\"https:\/\/www.feuerwehr-florian.com\/?page_id=2845\" title=\"Rettungsgasse ab 2012 Pflicht\">Rettungsgasse ab 2012 Pflicht<\/a><\/h3><div class=\"page-list-ext-item-content\"> Ab 1. J\u00e4nner 2012 ist es soweit: Bei Staubildung ist die Rettungsgasse auf den \u00f6sterreichischen Autobahnen und Schnellstra\u00dfen bzw. Autostra\u00dfen Pflicht. Damit kommt der Gesetzgeber einem langj\u00e4hrigen Wunsch der Einsatzorganisationen und der ASFINAG nach...<\/div><\/div>\n<div class=\"page-list-ext-item\"><div class=\"page-list-ext-image\"><a href=\"https:\/\/www.feuerwehr-florian.com\/?page_id=2855\" title=\"Sirenensignale\"><img decoding=\"async\" src=\"https:\/\/www.feuerwehr-florian.com\/wp-content\/uploads\/2016\/01\/infoblatt-250x250.jpg\" width=\"100\" alt=\"Sirenensignale\" \/><\/a><\/div> <h3 class=\"page-list-ext-title\"><a href=\"https:\/\/www.feuerwehr-florian.com\/?page_id=2855\" title=\"Sirenensignale\">Sirenensignale<\/a><\/h3><div class=\"page-list-ext-item-content\"> Am ersten Samstag im Oktober  findet zwischen 12:00 und 12:45 Uhr der allj\u00e4hrliche Zivilschutzprobealarm in \u00d6sterreich statt.\r\n\r\n\u00d6sterreich verf\u00fcgt \u00fcber ein Fl\u00e4chen deckendes Warn- und Alarmsystem. Mit mehr als 8.000 Sirenen kann die Bev\u00f6lkerung im Kat...<\/div><\/div>\n<div class=\"page-list-ext-item\"><div class=\"page-list-ext-image\"><a href=\"https:\/\/www.feuerwehr-florian.com\/?page_id=2856\" title=\"Tragbare Feuerl\u00f6scher\"><img decoding=\"async\" src=\"https:\/\/www.feuerwehr-florian.com\/wp-content\/uploads\/2016\/01\/10156054_10202454617385446_2108780002_n-250x250.jpg\" width=\"100\" alt=\"Tragbare Feuerl\u00f6scher\" \/><\/a><\/div> <h3 class=\"page-list-ext-title\"><a href=\"https:\/\/www.feuerwehr-florian.com\/?page_id=2856\" title=\"Tragbare Feuerl\u00f6scher\">Tragbare Feuerl\u00f6scher<\/a><\/h3><div class=\"page-list-ext-item-content\"> Warum \u00fcberhaupt ein Feuerl\u00f6scher? \r\nIn der Regel bricht nicht sofort ein Gro\u00dfbrand aus, der nur noch von Einsatzkr\u00e4ften unter Kontrolle gebracht werden kann, sondern es beginnt mit einem kleinen Entstehungsbrand. Gerade f\u00fcr diese Phase sind tragbar Feue...<\/div><\/div>\n<div class=\"page-list-ext-item\"><div class=\"page-list-ext-image\"><a href=\"https:\/\/www.feuerwehr-florian.com\/?page_id=2851\" title=\"Verhalten bei Br\u00e4nden\"><img decoding=\"async\" src=\"https:\/\/www.feuerwehr-florian.com\/wp-content\/uploads\/2016\/01\/DSC_0532-250x250.jpg\" width=\"100\" alt=\"Verhalten bei Br\u00e4nden\" \/><\/a><\/div> <h3 class=\"page-list-ext-title\"><a href=\"https:\/\/www.feuerwehr-florian.com\/?page_id=2851\" title=\"Verhalten bei Br\u00e4nden\">Verhalten bei Br\u00e4nden<\/a><\/h3><div class=\"page-list-ext-item-content\"> Im Brandfall ist es immens wichtig, dass man von der ersten Sekunde an richtig reagiert, um so das Leben von Mitmenschen und nat\u00fcrlich sein eigenes retten zu k\u00f6nnen.\r\nFaktum ist, dass die meisten Brandtoten nicht in erster Linie verbrannt sind, sondern a...<\/div><\/div>\n<div class=\"page-list-ext-item\"><div class=\"page-list-ext-image\"><a href=\"https:\/\/www.feuerwehr-florian.com\/?page_id=2850\" title=\"Verhalten bei St\u00fcrmen\"><img decoding=\"async\" src=\"https:\/\/www.feuerwehr-florian.com\/wp-content\/uploads\/2016\/01\/kerschi_2009_07_24-unwetter_21-250x250.jpg\" width=\"100\" alt=\"Verhalten bei St\u00fcrmen\" \/><\/a><\/div> <h3 class=\"page-list-ext-title\"><a href=\"https:\/\/www.feuerwehr-florian.com\/?page_id=2850\" title=\"Verhalten bei St\u00fcrmen\">Verhalten bei St\u00fcrmen<\/a><\/h3><div class=\"page-list-ext-item-content\"> Im ober\u00f6sterreichischen Zentralraum sind in den letzten Jahren vermehrt St\u00fcrme bzw. Sturmb\u00f6en zu verzeichnen, die immer h\u00e4ufiger zu erheblichen Sachsch\u00e4den f\u00fchren. In diesen F\u00e4llen wird auch immer wieder der Einsatz der Feuerwehr erforderlich sein, ...<\/div><\/div>\n<div class=\"page-list-ext-item\"><div class=\"page-list-ext-image\"><a href=\"https:\/\/www.feuerwehr-florian.com\/?page_id=2843\" title=\"Wald- und Flurbrandgefahr\"><img decoding=\"async\" src=\"https:\/\/www.feuerwehr-florian.com\/wp-content\/uploads\/2016\/01\/waldbrand_ebensee_263-250x250.jpg\" width=\"100\" alt=\"Wald- und Flurbrandgefahr\" \/><\/a><\/div> <h3 class=\"page-list-ext-title\"><a href=\"https:\/\/www.feuerwehr-florian.com\/?page_id=2843\" title=\"Wald- und Flurbrandgefahr\">Wald- und Flurbrandgefahr<\/a><\/h3><div class=\"page-list-ext-item-content\">\n\n Die Zentralanstalt f\u00fcr Meterorologie und Geodynamik (ZAMG) bietet eine aktuelle Warnkarte f\u00fcr die Waldbrandgefahr auf Ihrer Homepage an.\n\nhttps:\/\/www.zamg.ac.at\/cms\/de\/wetter\/produkte-und-services\/freizeitwetter\/waldbrand\/oberoesterreich\/heute  \n\nVor a...<\/div><\/div>\n\n<\/div>\n\n<!-- Page-list plugin v.5.9 wordpress.org\/plugins\/page-list\/ -->\n<ul class=\"page-list siblings-page-list pagelist\">\n<li class=\"page_item page-item-2854 page_item_has_children\"><a href=\"https:\/\/www.feuerwehr-florian.com\/?page_id=2854\">B\u00fcrgerservice<\/a><\/li>\n<li class=\"page_item page-item-2841 page_item_has_children\"><a href=\"https:\/\/www.feuerwehr-florian.com\/?page_id=2841\">F\u00fcr Unternehmer und Planer<\/a><\/li>\n<li class=\"page_item page-item-356\"><a href=\"https:\/\/www.feuerwehr-florian.com\/?page_id=356\">Weblinks<\/a><\/li>\n\n<\/ul>\n","protected":false},"excerpt":{"rendered":"<p>Nicht nur der abwehrende Brandschutz, sondern auch viele andere Bereiche (insbesondere der vorbeugende Brandschutz) besch\u00e4ftigen die Mitglieder der Feuerwehr St. Florian. Bei beh\u00f6rdlichen Brandschutzbegehungen wird die Feuerwehr zu Beratungszwecken herangezogen. Es werden auch Schulungen mit L\u00f6schger\u00e4ten und Vortr\u00e4ge zur Sensibilisierung von Zivilpersonen, in Bezug auf Brandschutzma\u00dfnahmen laufend durchgef\u00fchrt. Durch diese Ma\u00dfnahmen wird auch ein wichtiger<\/p>\n<p><a class=\"more-link\" href=\"https:\/\/www.feuerwehr-florian.com\/?page_id=2854\">Weiterlesen<\/a><\/p>\n","protected":false},"author":1,"featured_media":0,"parent":1019,"menu_order":1,"comment_status":"closed","ping_status":"closed","template":"fullwidth.php","meta":{"footnotes":""},"class_list":["post-2854","page","type-page","status-publish","hentry"],"jetpack_sharing_enabled":true,"jetpack_likes_enabled":true,"_links":{"self":[{"href":"https:\/\/www.feuerwehr-florian.com\/index.php?rest_route=\/wp\/v2\/pages\/2854","targetHints":{"allow":["GET"]}}],"collection":[{"href":"https:\/\/www.feuerwehr-florian.com\/index.php?rest_route=\/wp\/v2\/pages"}],"about":[{"href":"https:\/\/www.feuerwehr-florian.com\/index.php?rest_route=\/wp\/v2\/types\/page"}],"author":[{"embeddable":true,"href":"https:\/\/www.feuerwehr-florian.com\/index.php?rest_route=\/wp\/v2\/users\/1"}],"replies":[{"embeddable":true,"href":"https:\/\/www.feuerwehr-florian.com\/index.php?rest_route=%2Fwp%2Fv2%2Fcomments&post=2854"}],"version-history":[{"count":6,"href":"https:\/\/www.feuerwehr-florian.com\/index.php?rest_route=\/wp\/v2\/pages\/2854\/revisions"}],"predecessor-version":[{"id":11417,"href":"https:\/\/www.feuerwehr-florian.com\/index.php?rest_route=\/wp\/v2\/pages\/2854\/revisions\/11417"}],"up":[{"embeddable":true,"href":"https:\/\/www.feuerwehr-florian.com\/index.php?rest_route=\/wp\/v2\/pages\/1019"}],"wp:attachment":[{"href":"https:\/\/www.feuerwehr-florian.com\/index.php?rest_route=%2Fwp%2Fv2%2Fmedia&parent=2854"}],"curies":[{"name":"wp","href":"https:\/\/api.w.org\/{rel}","templated":true}]}}