{"id":2855,"date":"2016-01-05T15:42:06","date_gmt":"2016-01-05T14:42:06","guid":{"rendered":"http:\/\/wp.feuerwehr-florian.com\/?page_id=2855"},"modified":"2018-10-19T11:32:12","modified_gmt":"2018-10-19T09:32:12","slug":"sirenensignale","status":"publish","type":"page","link":"https:\/\/www.feuerwehr-florian.com\/?page_id=2855","title":{"rendered":"Sirenensignale"},"content":{"rendered":"<p><a href=\"https:\/\/www.feuerwehr-florian.com\/wp-content\/uploads\/2016\/01\/infoblatt.jpg\" rel=\"attachment wp-att-2979\" data-rel=\"lightbox-gallery-MKDLo3f3\" data-rl_title=\"\" data-rl_caption=\"\" title=\"\"><img loading=\"lazy\" decoding=\"async\" class=\"alignleft wp-image-2979 size-thumbnail\" src=\"https:\/\/www.feuerwehr-florian.com\/wp-content\/uploads\/2016\/01\/infoblatt-250x250.jpg\" alt=\"\" width=\"250\" height=\"250\" \/><\/a>Am <strong>ersten Samstag im Oktober<\/strong> findet zwischen 12:00 und 12:45 Uhr der allj\u00e4hrliche Zivilschutzprobealarm in \u00d6sterreich statt.<\/p>\n<p>\u00d6sterreich verf\u00fcgt \u00fcber ein Fl\u00e4chen deckendes Warn- und Alarmsystem. Mit mehr als 8.000 Sirenen kann die Bev\u00f6lkerung im Katastrophenfall gewarnt und alarmiert werden.<br \/>\nUm Sie mit diesen Signalen vertraut zu machen und gleichzeitig die Funktion und Reichweite der Sirenen zu testen, wird einmal j\u00e4hrlich von der Bundeswarnzentrale im Bundesministerium f\u00fcr Inneres mit den \u00c4mtern der Landesregierungen ein \u00f6sterreichweiter Zivilschutz-Probealarm durchgef\u00fchrt.<\/p>\n<p>Beim \u00f6sterreichweiten Zivilschutz-Probealarm des <strong><a href=\"https:\/\/www.bmi.gv.at\" target=\"_blank\">Innenministeriums (BM.I)<\/a><\/strong> am Samstag, 3. Oktober 2015, werden ab 12.00 Uhr vier Signale im Viertelstunden-Abstand ert\u00f6nen:<\/p>\n<ul>\n<li><strong><strong>Zun\u00e4chst heulen die Sirenen \u201eprobeweise&#8220; f\u00fcr 15 Sekunden<\/strong><\/strong><\/li>\n<\/ul>\n<hr \/>\n<ul>\n<li><strong>WARNUNG: 3 Minuten gleich bleibender Dauerton:<br \/>\n<\/strong><em>Herannahenden Gefahr!<\/em><br \/>\nMa\u00dfnahmen im Ernstfall: Radio oder TV (ORF) bzw. Internet (<strong><a href=\"https:\/\/www.orf.at\" target=\"_blank\">www.orf.at<\/a><\/strong>) einschalten und Verhaltensma\u00dfnahmen befolgen.<\/li>\n<\/ul>\n<hr \/>\n<ul>\n<li><strong>ALARM: 1 Minute auf- und abschwellender Heulton <\/strong><br \/>\n<em>Gefahr!<\/em><br \/>\n<strong>Ma\u00dfnahmen im Ernstfall:<\/strong> Sch\u00fctzende Bereiche bzw. R\u00e4umlichkeiten aufsuchen, \u00fcber Radio oder TV (ORF) bzw. Internet (<strong><a href=\"https:\/\/www.orf.at\" target=\"_blank\">www.orf.at<\/a><\/strong>) durchgegebene Verhaltensma\u00dfnahmen befolgen.<\/li>\n<\/ul>\n<hr \/>\n<ul>\n<li>\u00a0<strong>ENTWARNUNG: 1 Minute gleich bleibender Dauerton<\/strong><br \/>\n<em>Ende der Gefahr!<\/em><br \/>\n<strong>Ma\u00dfnahmen im Ernstfall:<\/strong> Weitere Hinweise \u00fcber Radio oder TV (ORF) bzw. Internet (<strong><a href=\"https:\/\/www.orf.at\" target=\"_blank\">www.orf.at<\/a><\/strong>) beachten.<\/li>\n<\/ul>\n<p><a href=\"https:\/\/www.feuerwehr-florian.com\/wp-content\/uploads\/2016\/01\/infoblatt.jpg\" rel=\"attachment wp-att-2979\" data-rel=\"lightbox-gallery-MKDLo3f3\" data-rl_title=\"\" data-rl_caption=\"\" title=\"\"><img loading=\"lazy\" decoding=\"async\" class=\"alignleft wp-image-2979 size-full\" src=\"https:\/\/www.feuerwehr-florian.com\/wp-content\/uploads\/2016\/01\/infoblatt.jpg\" alt=\"infoblatt\" width=\"560\" height=\"797\" \/><\/a><\/p>\n<p>&nbsp;<\/p>\n\n<!-- Page-list plugin v.5.9 wordpress.org\/plugins\/page-list\/ -->\n<ul class=\"page-list siblings-page-list pagelist\">\n<li class=\"page_item page-item-2848\"><a href=\"https:\/\/www.feuerwehr-florian.com\/?page_id=2848\">Advent: Brandgefahren zur stillsten Zeit im Jahr<\/a><\/li>\n<li class=\"page_item page-item-2847\"><a href=\"https:\/\/www.feuerwehr-florian.com\/?page_id=2847\">Bienen, Wespen und Hornissen<\/a><\/li>\n<li class=\"page_item page-item-2844\"><a href=\"https:\/\/www.feuerwehr-florian.com\/?page_id=2844\">Brandgesch\u00e4digte Haushalte<\/a><\/li>\n<li class=\"page_item page-item-2849\"><a href=\"https:\/\/www.feuerwehr-florian.com\/?page_id=2849\">Endg\u00fcltiges Wunschlaternenverbot!<\/a><\/li>\n<li class=\"page_item page-item-2846\"><a href=\"https:\/\/www.feuerwehr-florian.com\/?page_id=2846\">F\u00fcr Ihre Sicherheit &#8211; die Rettungskarte<\/a><\/li>\n<li class=\"page_item page-item-11247\"><a href=\"https:\/\/www.feuerwehr-florian.com\/?page_id=11247\">Hochwasser Informationen<\/a><\/li>\n<li class=\"page_item page-item-2853\"><a href=\"https:\/\/www.feuerwehr-florian.com\/?page_id=2853\">Rauchmelder retten Leben!<\/a><\/li>\n<li class=\"page_item page-item-2845\"><a href=\"https:\/\/www.feuerwehr-florian.com\/?page_id=2845\">Rettungsgasse ab 2012 Pflicht<\/a><\/li>\n<li class=\"page_item page-item-2855\"><a href=\"https:\/\/www.feuerwehr-florian.com\/?page_id=2855\">Sirenensignale<\/a><\/li>\n<li class=\"page_item page-item-2856\"><a href=\"https:\/\/www.feuerwehr-florian.com\/?page_id=2856\">Tragbare Feuerl\u00f6scher<\/a><\/li>\n<li class=\"page_item page-item-2851\"><a href=\"https:\/\/www.feuerwehr-florian.com\/?page_id=2851\">Verhalten bei Br\u00e4nden<\/a><\/li>\n<li class=\"page_item page-item-2850\"><a href=\"https:\/\/www.feuerwehr-florian.com\/?page_id=2850\">Verhalten bei St\u00fcrmen<\/a><\/li>\n<li class=\"page_item page-item-2843\"><a href=\"https:\/\/www.feuerwehr-florian.com\/?page_id=2843\">Wald- und Flurbrandgefahr<\/a><\/li>\n\n<\/ul>\n","protected":false},"excerpt":{"rendered":"<p>Am ersten Samstag im Oktober findet zwischen 12:00 und 12:45 Uhr der allj\u00e4hrliche Zivilschutzprobealarm in \u00d6sterreich statt. \u00d6sterreich verf\u00fcgt \u00fcber ein Fl\u00e4chen deckendes Warn- und Alarmsystem. Mit mehr als 8.000 Sirenen kann die Bev\u00f6lkerung im Katastrophenfall gewarnt und alarmiert werden. Um Sie mit diesen Signalen vertraut zu machen und gleichzeitig die Funktion und Reichweite der<\/p>\n<p><a class=\"more-link\" href=\"https:\/\/www.feuerwehr-florian.com\/?page_id=2855\">Weiterlesen<\/a><\/p>\n","protected":false},"author":1,"featured_media":0,"parent":2854,"menu_order":7,"comment_status":"closed","ping_status":"closed","template":"fullwidth.php","meta":{"footnotes":""},"class_list":["post-2855","page","type-page","status-publish","hentry"],"jetpack_sharing_enabled":true,"jetpack_likes_enabled":true,"_links":{"self":[{"href":"https:\/\/www.feuerwehr-florian.com\/index.php?rest_route=\/wp\/v2\/pages\/2855","targetHints":{"allow":["GET"]}}],"collection":[{"href":"https:\/\/www.feuerwehr-florian.com\/index.php?rest_route=\/wp\/v2\/pages"}],"about":[{"href":"https:\/\/www.feuerwehr-florian.com\/index.php?rest_route=\/wp\/v2\/types\/page"}],"author":[{"embeddable":true,"href":"https:\/\/www.feuerwehr-florian.com\/index.php?rest_route=\/wp\/v2\/users\/1"}],"replies":[{"embeddable":true,"href":"https:\/\/www.feuerwehr-florian.com\/index.php?rest_route=%2Fwp%2Fv2%2Fcomments&post=2855"}],"version-history":[{"count":14,"href":"https:\/\/www.feuerwehr-florian.com\/index.php?rest_route=\/wp\/v2\/pages\/2855\/revisions"}],"predecessor-version":[{"id":7428,"href":"https:\/\/www.feuerwehr-florian.com\/index.php?rest_route=\/wp\/v2\/pages\/2855\/revisions\/7428"}],"up":[{"embeddable":true,"href":"https:\/\/www.feuerwehr-florian.com\/index.php?rest_route=\/wp\/v2\/pages\/2854"}],"wp:attachment":[{"href":"https:\/\/www.feuerwehr-florian.com\/index.php?rest_route=%2Fwp%2Fv2%2Fmedia&parent=2855"}],"curies":[{"name":"wp","href":"https:\/\/api.w.org\/{rel}","templated":true}]}}