{"id":2856,"date":"2016-01-05T15:42:16","date_gmt":"2016-01-05T14:42:16","guid":{"rendered":"http:\/\/wp.feuerwehr-florian.com\/?page_id=2856"},"modified":"2018-10-19T11:31:10","modified_gmt":"2018-10-19T09:31:10","slug":"tragbare-feuerloescher","status":"publish","type":"page","link":"https:\/\/www.feuerwehr-florian.com\/?page_id=2856","title":{"rendered":"Tragbare Feuerl\u00f6scher"},"content":{"rendered":"<h2><a href=\"https:\/\/www.feuerwehr-florian.com\/wp-content\/uploads\/2016\/01\/10156054_10202454617385446_2108780002_n.jpg\" rel=\"attachment wp-att-1791\" data-rel=\"lightbox-gallery-k7tCe9yx\" data-rl_title=\"\" data-rl_caption=\"\" title=\"\"><img loading=\"lazy\" decoding=\"async\" class=\"alignleft wp-image-1791 size-thumbnail\" src=\"https:\/\/www.feuerwehr-florian.com\/wp-content\/uploads\/2016\/01\/10156054_10202454617385446_2108780002_n-250x250.jpg\" alt=\"10156054_10202454617385446_2108780002_n\" width=\"250\" height=\"250\" \/><\/a>Warum \u00fcberhaupt ein Feuerl\u00f6scher?<\/h2>\n<p>In der Regel bricht nicht sofort ein Gro\u00dfbrand aus, der nur noch von Einsatzkr\u00e4ften unter Kontrolle gebracht werden kann, sondern es beginnt mit einem kleinen Entstehungsbrand. Gerade f\u00fcr diese Phase sind tragbar Feuerl\u00f6scher gedacht und geeignet.<\/p>\n<p>Genau diese ersten Sekunden entscheiden schon oft \u00fcber die Schadensh\u00f6he eines Brandes. Daher sollten Sie sich gerade die Thematik Feuerl\u00f6scher zu Gem\u00fcte f\u00fchren, damit Sie im Ernstfall richtig reagieren k\u00f6nnen und \u00fcber die geeigneten Ger\u00e4tschaften verf\u00fcgen.<\/p>\n<p>Es ist sogar eine gesetzliche Verpflichtung zur Vorhaltung solcher Ger\u00e4te ist im O\u00f6. Feuerpolizeigesetz niedergeschrieben. Somit muss jeder Geb\u00e4udeeigent\u00fcmer die ausreichende Anzahl an geeigneten L\u00f6schger\u00e4ten zur Verf\u00fcgung stellen.<\/p>\n<h2>Anschaffung und \u00dcberpr\u00fcfung<\/h2>\n<p>Nicht jedes Ger\u00e4t ist ein dem Stand der Technik entsprechendes L\u00f6schger\u00e4t. Ein tragbarer Feuerl\u00f6scher muss heute der \u00d6Norm EN 3 entsprechen und muss in regelm\u00e4\u00dfigen Abst\u00e4nden gepr\u00fcft werden. Der Pr\u00fcfungsintervall ist in \u00d6sterreich ebenfalls gesetzlich mit 2 Jahren festgelegt.<\/p>\n<p>Feuerl\u00f6scher\u00fcberpr\u00fcfungen werden von sehr vielen Fachfirmen am Markt angeboten und daher sollte unbedingt darauf geachtet werden, dass die Techniker entsprechend zertifizierte Sachkundige f\u00fcr die \u00dcberpr\u00fcfung von tragbaren Feuerl\u00f6schern sind und als Mindeststandard die \u00d6Norm F 1053 bei der \u00dcberpr\u00fcfung eingehalten wird. Die Feuerwehr St. Florian bietet ebenfalls alle 2 Jahre durch eine befugte Fachfirma eine L\u00f6scher\u00fcberpr\u00fcfung im Feuerwehrhaus an. Somit haben Sie die M\u00f6glichkeit im eigenen Ort ohne viel M\u00fche Ihre L\u00f6scher \u00fcberpr\u00fcfen zu lassen und k\u00f6nnen dabei den geforderten \u00dcberpr\u00fcfungsintervall einhalten. Eine entsprechende Vorank\u00fcndigung finden Sie rechtzeitig in der Rubrik Aktuelles.<\/p>\n<h2>Feuerl\u00f6schertypen<\/h2>\n<p>Es ist nicht nur wicht, dass \u00fcberhaupt ein Feuerl\u00f6scher vorhanden ist, der auch \u00fcberpr\u00fcft wird, sondern sollte auch ein geeignetes L\u00f6schger\u00e4t f\u00fcr die jeweilige Umgebung vorhanden sein. Feuerl\u00f6scher sind sehr unterschiedlich aufgebaut, lediglich die Farbe verbindet sie technisch auf den ersten Blick.<\/p>\n<p>Die Eignung von Feuerl\u00f6schern resultiert in der Regel aus der vorhandenen Brandklasse, welche in Brand geraten kann und man unterscheidet daher in:<\/p>\n<ul>\n<li>Brandklasse A: Br\u00e4nde von festen Stoffen (z.B. Holz oder Papier)<\/li>\n<li>Brandklasse B: Br\u00e4nde von fl\u00fcssigen oder fl\u00fcssig werdenden Stoffen (z.B. Benzin oder Heiz\u00f6l)<\/li>\n<li>Brandklasse C: Br\u00e4nde von Gasen (z.B. Erdgas oder Propan)<\/li>\n<li>Brandklasse D: Br\u00e4nde von Metallen (z.B. Aluminium oder Magnesium)<\/li>\n<li>Brandklasse F: Br\u00e4nde von \u00d6len in Frittierger\u00e4ten und anderen K\u00fccheneinrichtungen (z.B. Speise\u00f6l)<\/li>\n<\/ul>\n<p>Auf jedem Feuerl\u00f6scher findet man diese entsprechenden Brandklassen in Piktogrammform, die beim ersten Blick bereits ins Auge stechen.<\/p>\n<p>Im Wohnbereich wird meistens ein Schauml\u00f6scher f\u00fcr die Brandklassen A und B die beste L\u00f6sung darstellen, da gerade Pulverl\u00f6scher, die meistens die Brandklassen A, B und C (Glutbrandpulver) abdecken eine erhebliche Verunreinigung durch die Pulverwolke erzeugen und in vielen F\u00e4llen die Brandklasse C nicht vorhanden ist (Ausnahme Gasheizungen udgl).<\/p>\n<p>Bei elektrischen Anlagen muss unbedingt darauf geachtet werden, dass der Feuerl\u00f6scher einer Typenpr\u00fcfung bez\u00fcglich Strom unterzogen wurde bzw. bietet sich gerade in diesen F\u00e4llen oft ein CO2-L\u00f6scher an, welcher einen guten L\u00f6scherfolg erzielt und dabei noch \u00fcber ein r\u00fcckstandsfreies L\u00f6schmittel verf\u00fcgt.<\/p>\n<h2>Handhabung<\/h2>\n<p>Gerde bei Feuerl\u00f6schern ist es wichtig, dass man sich in \u201eFriedenszeit\u201c mit deren Handhabung auseinander setzt, da man im Ernstfall besonders rasch reagieren soll, um die ersten kostbaren Sekunden (nach erfolgter Alarmierung der Feuerwehr) bestm\u00f6glich nutzen kann.<\/p>\n<p>An dieser Stelle finden Sie eine elementare \u00dcbersicht \u00fcber die einzelnen Schritte, welche nat\u00fcrlich nicht l\u00f6scherspezifische Eigenheiten beinhalten.<\/p>\n<ul>\n<li><strong>Feuer immer in Windrichtung angreifen<\/strong><\/li>\n<li><strong>Von vorne nach hinten und von unten nach oben l\u00f6schen<\/strong><\/li>\n<li><strong>Tropf- und Flie\u00dfbr\u00e4nde von oben nach unten l\u00f6schen<\/strong><\/li>\n<li><strong>Mehrere L\u00f6scher gleichzeitig einsetzten &#8211; nicht hintereinander<\/strong><\/li>\n<li><strong>Vorsicht vor Wiederentz\u00fcndung &#8211; Glutnester mit Wasser nachl\u00f6schen<\/strong><\/li>\n<li><strong>Eingestetzte Feuerl\u00f6scher nicht mehr aufh\u00e4ngen, sondern neu f\u00fcllen lassen<\/strong><\/li>\n<\/ul>\n\n\t\t<style type=\"text\/css\">\n\t\t\t#gallery-1 {\n\t\t\t\tmargin: auto;\n\t\t\t}\n\t\t\t#gallery-1 .gallery-item {\n\t\t\t\tfloat: left;\n\t\t\t\tmargin-top: 10px;\n\t\t\t\ttext-align: center;\n\t\t\t\twidth: 33%;\n\t\t\t}\n\t\t\t#gallery-1 img {\n\t\t\t\tborder: 2px solid #cfcfcf;\n\t\t\t}\n\t\t\t#gallery-1 .gallery-caption {\n\t\t\t\tmargin-left: 0;\n\t\t\t}\n\t\t\t\/* see gallery_shortcode() in wp-includes\/media.php *\/\n\t\t<\/style>\n\t\t<div id='gallery-1' class='gallery galleryid-2856 gallery-columns-3 gallery-size-thumbnail'><dl class='gallery-item'>\n\t\t\t<dt class='gallery-icon landscape'>\n\t\t\t\t<a href='https:\/\/www.feuerwehr-florian.com\/wp-content\/uploads\/2016\/01\/anwendung-feuerloescher1.png' title=\"\" data-rl_title=\"\" class=\"rl-gallery-link\" data-rl_caption=\"\" data-rel=\"lightbox-gallery-1\"><img loading=\"lazy\" decoding=\"async\" width=\"134\" height=\"65\" src=\"https:\/\/www.feuerwehr-florian.com\/wp-content\/uploads\/2016\/01\/anwendung-feuerloescher1.png\" class=\"attachment-thumbnail size-thumbnail\" alt=\"\" \/><\/a>\n\t\t\t<\/dt><\/dl><dl class='gallery-item'>\n\t\t\t<dt class='gallery-icon landscape'>\n\t\t\t\t<a href='https:\/\/www.feuerwehr-florian.com\/wp-content\/uploads\/2016\/01\/anwendung-feuerloescher2.png' title=\"\" data-rl_title=\"\" class=\"rl-gallery-link\" data-rl_caption=\"\" data-rel=\"lightbox-gallery-1\"><img loading=\"lazy\" decoding=\"async\" width=\"134\" height=\"68\" src=\"https:\/\/www.feuerwehr-florian.com\/wp-content\/uploads\/2016\/01\/anwendung-feuerloescher2.png\" class=\"attachment-thumbnail size-thumbnail\" alt=\"\" \/><\/a>\n\t\t\t<\/dt><\/dl><dl class='gallery-item'>\n\t\t\t<dt class='gallery-icon landscape'>\n\t\t\t\t<a href='https:\/\/www.feuerwehr-florian.com\/wp-content\/uploads\/2016\/01\/anwendung-feuerloescher3.png' title=\"\" data-rl_title=\"\" class=\"rl-gallery-link\" data-rl_caption=\"\" data-rel=\"lightbox-gallery-1\"><img loading=\"lazy\" decoding=\"async\" width=\"134\" height=\"69\" src=\"https:\/\/www.feuerwehr-florian.com\/wp-content\/uploads\/2016\/01\/anwendung-feuerloescher3.png\" class=\"attachment-thumbnail size-thumbnail\" alt=\"\" \/><\/a>\n\t\t\t<\/dt><\/dl><br style=\"clear: both\" \/><dl class='gallery-item'>\n\t\t\t<dt class='gallery-icon landscape'>\n\t\t\t\t<a href='https:\/\/www.feuerwehr-florian.com\/wp-content\/uploads\/2016\/01\/anwendung-feuerloescher4.png' title=\"\" data-rl_title=\"\" class=\"rl-gallery-link\" data-rl_caption=\"\" data-rel=\"lightbox-gallery-1\"><img loading=\"lazy\" decoding=\"async\" width=\"134\" height=\"67\" src=\"https:\/\/www.feuerwehr-florian.com\/wp-content\/uploads\/2016\/01\/anwendung-feuerloescher4.png\" class=\"attachment-thumbnail size-thumbnail\" alt=\"\" \/><\/a>\n\t\t\t<\/dt><\/dl><dl class='gallery-item'>\n\t\t\t<dt class='gallery-icon landscape'>\n\t\t\t\t<a href='https:\/\/www.feuerwehr-florian.com\/wp-content\/uploads\/2016\/01\/anwendung-feuerloescher5.png' title=\"\" data-rl_title=\"\" class=\"rl-gallery-link\" data-rl_caption=\"\" data-rel=\"lightbox-gallery-1\"><img loading=\"lazy\" decoding=\"async\" width=\"134\" height=\"69\" src=\"https:\/\/www.feuerwehr-florian.com\/wp-content\/uploads\/2016\/01\/anwendung-feuerloescher5.png\" class=\"attachment-thumbnail size-thumbnail\" alt=\"\" \/><\/a>\n\t\t\t<\/dt><\/dl><dl class='gallery-item'>\n\t\t\t<dt class='gallery-icon landscape'>\n\t\t\t\t<a href='https:\/\/www.feuerwehr-florian.com\/wp-content\/uploads\/2016\/01\/anwendung-feuerloescher6.png' title=\"\" data-rl_title=\"\" class=\"rl-gallery-link\" data-rl_caption=\"\" data-rel=\"lightbox-gallery-1\"><img loading=\"lazy\" decoding=\"async\" width=\"134\" height=\"65\" src=\"https:\/\/www.feuerwehr-florian.com\/wp-content\/uploads\/2016\/01\/anwendung-feuerloescher6.png\" class=\"attachment-thumbnail size-thumbnail\" alt=\"\" \/><\/a>\n\t\t\t<\/dt><\/dl><br style=\"clear: both\" \/>\n\t\t<\/div>\n\n<p>Abschlie\u00dfend sei festgehalten, dass diese kurze Ausf\u00fchrung zu diesem Thema nur die elementarsten Inhalte behandelt und Ihnen nur einen ersten \u00dcberblick dar\u00fcber verschaffen sollte. F\u00fcr n\u00e4here Ausk\u00fcnfte stehen Ihnen nat\u00fcrlich entsprechende Fachstellen bzw. wir zur Verf\u00fcgung.<\/p>\n\n<!-- Page-list plugin v.5.9 wordpress.org\/plugins\/page-list\/ -->\n<ul class=\"page-list siblings-page-list pagelist\">\n<li class=\"page_item page-item-2848\"><a href=\"https:\/\/www.feuerwehr-florian.com\/?page_id=2848\">Advent: Brandgefahren zur stillsten Zeit im Jahr<\/a><\/li>\n<li class=\"page_item page-item-2847\"><a href=\"https:\/\/www.feuerwehr-florian.com\/?page_id=2847\">Bienen, Wespen und Hornissen<\/a><\/li>\n<li class=\"page_item page-item-2844\"><a href=\"https:\/\/www.feuerwehr-florian.com\/?page_id=2844\">Brandgesch\u00e4digte Haushalte<\/a><\/li>\n<li class=\"page_item page-item-2849\"><a href=\"https:\/\/www.feuerwehr-florian.com\/?page_id=2849\">Endg\u00fcltiges Wunschlaternenverbot!<\/a><\/li>\n<li class=\"page_item page-item-2846\"><a href=\"https:\/\/www.feuerwehr-florian.com\/?page_id=2846\">F\u00fcr Ihre Sicherheit &#8211; die Rettungskarte<\/a><\/li>\n<li class=\"page_item page-item-11247\"><a href=\"https:\/\/www.feuerwehr-florian.com\/?page_id=11247\">Hochwasser Informationen<\/a><\/li>\n<li class=\"page_item page-item-2853\"><a href=\"https:\/\/www.feuerwehr-florian.com\/?page_id=2853\">Rauchmelder retten Leben!<\/a><\/li>\n<li class=\"page_item page-item-2845\"><a href=\"https:\/\/www.feuerwehr-florian.com\/?page_id=2845\">Rettungsgasse ab 2012 Pflicht<\/a><\/li>\n<li class=\"page_item page-item-2855\"><a href=\"https:\/\/www.feuerwehr-florian.com\/?page_id=2855\">Sirenensignale<\/a><\/li>\n<li class=\"page_item page-item-2856\"><a href=\"https:\/\/www.feuerwehr-florian.com\/?page_id=2856\">Tragbare Feuerl\u00f6scher<\/a><\/li>\n<li class=\"page_item page-item-2851\"><a href=\"https:\/\/www.feuerwehr-florian.com\/?page_id=2851\">Verhalten bei Br\u00e4nden<\/a><\/li>\n<li class=\"page_item page-item-2850\"><a href=\"https:\/\/www.feuerwehr-florian.com\/?page_id=2850\">Verhalten bei St\u00fcrmen<\/a><\/li>\n<li class=\"page_item page-item-2843\"><a href=\"https:\/\/www.feuerwehr-florian.com\/?page_id=2843\">Wald- und Flurbrandgefahr<\/a><\/li>\n\n<\/ul>\n","protected":false},"excerpt":{"rendered":"<p>Warum \u00fcberhaupt ein Feuerl\u00f6scher? In der Regel bricht nicht sofort ein Gro\u00dfbrand aus, der nur noch von Einsatzkr\u00e4ften unter Kontrolle gebracht werden kann, sondern es beginnt mit einem kleinen Entstehungsbrand. Gerade f\u00fcr diese Phase sind tragbar Feuerl\u00f6scher gedacht und geeignet. Genau diese ersten Sekunden entscheiden schon oft \u00fcber die Schadensh\u00f6he eines Brandes. Daher sollten Sie<\/p>\n<p><a class=\"more-link\" href=\"https:\/\/www.feuerwehr-florian.com\/?page_id=2856\">Weiterlesen<\/a><\/p>\n","protected":false},"author":1,"featured_media":0,"parent":2854,"menu_order":8,"comment_status":"closed","ping_status":"closed","template":"fullwidth.php","meta":{"footnotes":""},"class_list":["post-2856","page","type-page","status-publish","hentry"],"jetpack_sharing_enabled":true,"jetpack_likes_enabled":true,"_links":{"self":[{"href":"https:\/\/www.feuerwehr-florian.com\/index.php?rest_route=\/wp\/v2\/pages\/2856","targetHints":{"allow":["GET"]}}],"collection":[{"href":"https:\/\/www.feuerwehr-florian.com\/index.php?rest_route=\/wp\/v2\/pages"}],"about":[{"href":"https:\/\/www.feuerwehr-florian.com\/index.php?rest_route=\/wp\/v2\/types\/page"}],"author":[{"embeddable":true,"href":"https:\/\/www.feuerwehr-florian.com\/index.php?rest_route=\/wp\/v2\/users\/1"}],"replies":[{"embeddable":true,"href":"https:\/\/www.feuerwehr-florian.com\/index.php?rest_route=%2Fwp%2Fv2%2Fcomments&post=2856"}],"version-history":[{"count":6,"href":"https:\/\/www.feuerwehr-florian.com\/index.php?rest_route=\/wp\/v2\/pages\/2856\/revisions"}],"predecessor-version":[{"id":7426,"href":"https:\/\/www.feuerwehr-florian.com\/index.php?rest_route=\/wp\/v2\/pages\/2856\/revisions\/7426"}],"up":[{"embeddable":true,"href":"https:\/\/www.feuerwehr-florian.com\/index.php?rest_route=\/wp\/v2\/pages\/2854"}],"wp:attachment":[{"href":"https:\/\/www.feuerwehr-florian.com\/index.php?rest_route=%2Fwp%2Fv2%2Fmedia&parent=2856"}],"curies":[{"name":"wp","href":"https:\/\/api.w.org\/{rel}","templated":true}]}}