{"id":2916,"date":"2016-01-05T16:25:35","date_gmt":"2016-01-05T15:25:35","guid":{"rendered":"http:\/\/wp.feuerwehr-florian.com\/?page_id=2916"},"modified":"2019-11-09T18:20:08","modified_gmt":"2019-11-09T17:20:08","slug":"krfa-kleinruestfahrzeug","status":"publish","type":"page","link":"https:\/\/www.feuerwehr-florian.com\/?page_id=2916","title":{"rendered":"KDOA &#8211; Kommandofahrzeug"},"content":{"rendered":"<p>&nbsp;<\/p>\n<p><a href=\"https:\/\/www.feuerwehr-florian.com\/wp-content\/uploads\/2019\/11\/P1020862-Kopie.jpg\" data-rel=\"lightbox-gallery-zgy1wApu\" data-rl_title=\"\" data-rl_caption=\"\" title=\"\"><img loading=\"lazy\" decoding=\"async\" class=\"alignleft wp-image-8443 size-medium\" src=\"https:\/\/www.feuerwehr-florian.com\/wp-content\/uploads\/2019\/11\/P1020862-Kopie-e1573310287648-1000x374.jpg\" alt=\"\" width=\"1000\" height=\"374\" srcset=\"https:\/\/www.feuerwehr-florian.com\/wp-content\/uploads\/2019\/11\/P1020862-Kopie-e1573310287648-1000x374.jpg 1000w, https:\/\/www.feuerwehr-florian.com\/wp-content\/uploads\/2019\/11\/P1020862-Kopie-e1573310287648.jpg 1602w\" sizes=\"auto, (max-width: 1000px) 100vw, 1000px\" \/><\/a><\/p>\n<table style=\"width: 100%;\" border=\"0\" cellspacing=\"2\" cellpadding=\"5\">\n<tbody>\n<tr>\n<td style=\"background-color: #ed1c24;\" colspan=\"2\">\n<h6>R\u00fcst St. Florian<\/h6>\n<\/td>\n<\/tr>\n<tr>\n<td style=\"text-align: left; vertical-align: top; background-color: #cccccc;\"><strong>Fahrzeug:<\/strong><\/td>\n<td style=\"width: 75%; text-align: left; vertical-align: top; background-color: #f0f0f0;\">Mercedes Benz 416 CDI<\/td>\n<\/tr>\n<tr>\n<td style=\"text-align: left; vertical-align: top; background-color: #cccccc;\"><strong>Baujahr:<\/strong><\/td>\n<td style=\"text-align: left; vertical-align: top; background-color: #f0f0f0;\">2000<\/td>\n<\/tr>\n<tr>\n<td style=\"text-align: left; vertical-align: top; background-color: #cccccc;\"><strong>Motor:<\/strong><\/td>\n<td style=\"text-align: left; vertical-align: top; background-color: #f0f0f0;\">Diesel 160 PS<\/td>\n<\/tr>\n<tr>\n<td style=\"width: 25%; text-align: left; vertical-align: top; background-color: #cccccc;\"><strong>Ausr\u00fcstung:<\/strong><\/td>\n<td style=\"text-align: left; vertical-align: top; background-color: #f0f0f0;\">Lautsprecheranlage<br \/>\nIntegrierter Stromgenerator<br \/>\nScheinwerfermast<br \/>\nF\u00fchrungsunterst\u00fctzungsmaterial<br \/>\nNotebook<br \/>\nSpiegelreflexkamera<br \/>\nAtemschutzerkundungsger\u00e4t<br \/>\nTemperaturmessger\u00e4t<br \/>\nGassp\u00fcrger\u00e4t<br \/>\nVerkehrsleiteinrichtung<br \/>\nH\u00f6chstdruckl\u00f6schger\u00e4t<br \/>\n200 Liter Wasser<\/td>\n<\/tr>\n<\/tbody>\n<\/table>\n\n\t\t<style type=\"text\/css\">\n\t\t\t#gallery-1 {\n\t\t\t\tmargin: auto;\n\t\t\t}\n\t\t\t#gallery-1 .gallery-item {\n\t\t\t\tfloat: left;\n\t\t\t\tmargin-top: 10px;\n\t\t\t\ttext-align: center;\n\t\t\t\twidth: 33%;\n\t\t\t}\n\t\t\t#gallery-1 img {\n\t\t\t\tborder: 2px solid #cfcfcf;\n\t\t\t}\n\t\t\t#gallery-1 .gallery-caption {\n\t\t\t\tmargin-left: 0;\n\t\t\t}\n\t\t\t\/* see gallery_shortcode() in wp-includes\/media.php *\/\n\t\t<\/style>\n\t\t<div id='gallery-1' class='gallery galleryid-2916 gallery-columns-3 gallery-size-thumbnail'><dl class='gallery-item'>\n\t\t\t<dt class='gallery-icon landscape'>\n\t\t\t\t<a href='https:\/\/www.feuerwehr-florian.com\/wp-content\/uploads\/2019\/11\/P1020862-Kopie-1-e1573310424156.jpg' title=\"\" data-rl_title=\"\" class=\"rl-gallery-link\" data-rl_caption=\"\" data-rel=\"lightbox-gallery-1\"><img loading=\"lazy\" decoding=\"async\" width=\"250\" height=\"250\" src=\"https:\/\/www.feuerwehr-florian.com\/wp-content\/uploads\/2019\/11\/P1020862-Kopie-1-e1573310424156-250x250.jpg\" class=\"attachment-thumbnail size-thumbnail\" alt=\"\" \/><\/a>\n\t\t\t<\/dt><\/dl><dl class='gallery-item'>\n\t\t\t<dt class='gallery-icon landscape'>\n\t\t\t\t<a href='https:\/\/www.feuerwehr-florian.com\/wp-content\/uploads\/2019\/11\/P1020863.jpg' title=\"\" data-rl_title=\"\" class=\"rl-gallery-link\" data-rl_caption=\"\" data-rel=\"lightbox-gallery-1\"><img loading=\"lazy\" decoding=\"async\" width=\"250\" height=\"250\" src=\"https:\/\/www.feuerwehr-florian.com\/wp-content\/uploads\/2019\/11\/P1020863-250x250.jpg\" class=\"attachment-thumbnail size-thumbnail\" alt=\"\" \/><\/a>\n\t\t\t<\/dt><\/dl><dl class='gallery-item'>\n\t\t\t<dt class='gallery-icon landscape'>\n\t\t\t\t<a href='https:\/\/www.feuerwehr-florian.com\/wp-content\/uploads\/2019\/11\/P1020864.jpg' title=\"\" data-rl_title=\"\" class=\"rl-gallery-link\" data-rl_caption=\"\" data-rel=\"lightbox-gallery-1\"><img loading=\"lazy\" decoding=\"async\" width=\"250\" height=\"250\" src=\"https:\/\/www.feuerwehr-florian.com\/wp-content\/uploads\/2019\/11\/P1020864-250x250.jpg\" class=\"attachment-thumbnail size-thumbnail\" alt=\"\" \/><\/a>\n\t\t\t<\/dt><\/dl><br style=\"clear: both\" \/><dl class='gallery-item'>\n\t\t\t<dt class='gallery-icon landscape'>\n\t\t\t\t<a href='https:\/\/www.feuerwehr-florian.com\/wp-content\/uploads\/2019\/11\/P1020866.jpg' title=\"\" data-rl_title=\"\" class=\"rl-gallery-link\" data-rl_caption=\"\" data-rel=\"lightbox-gallery-1\"><img loading=\"lazy\" decoding=\"async\" width=\"250\" height=\"250\" src=\"https:\/\/www.feuerwehr-florian.com\/wp-content\/uploads\/2019\/11\/P1020866-250x250.jpg\" class=\"attachment-thumbnail size-thumbnail\" alt=\"\" \/><\/a>\n\t\t\t<\/dt><\/dl>\n\t\t\t<br style='clear: both' \/>\n\t\t<\/div>\n\n<p style=\"text-align: left;\">\n<!-- Page-list plugin v.5.9 wordpress.org\/plugins\/page-list\/ -->\n<ul class=\"page-list siblings-page-list pagelist\">\n<li class=\"page_item page-item-2916\"><a href=\"https:\/\/www.feuerwehr-florian.com\/?page_id=2916\">KDOA &#8211; Kommandofahrzeug<\/a><\/li>\n<li class=\"page_item page-item-3047\"><a href=\"https:\/\/www.feuerwehr-florian.com\/?page_id=3047\">TLFA-B 2000\/200 &#8211; Tankl\u00f6schfahrzeug<\/a><\/li>\n<li class=\"page_item page-item-3048\"><a href=\"https:\/\/www.feuerwehr-florian.com\/?page_id=3048\">TB 23-12 &#8211; Teleskopmastb\u00fchne 23-12<\/a><\/li>\n<li class=\"page_item page-item-3049\"><a href=\"https:\/\/www.feuerwehr-florian.com\/?page_id=3049\">LF-A &#8211; L\u00f6schfahrzeug<\/a><\/li>\n<li class=\"page_item page-item-3050\"><a href=\"https:\/\/www.feuerwehr-florian.com\/?page_id=3050\">LAST &#8211; Transportfahrzeug<\/a><\/li>\n<li class=\"page_item page-item-3051\"><a href=\"https:\/\/www.feuerwehr-florian.com\/?page_id=3051\">MTFA &#8211; Mannschafts-Transportfahrzeug<\/a><\/li>\n<li class=\"page_item page-item-3120\"><a href=\"https:\/\/www.feuerwehr-florian.com\/?page_id=3120\">Fr\u00fchere Fahrzeuge<\/a><\/li>\n\n<\/ul><\/p>\n","protected":false},"excerpt":{"rendered":"<p>&nbsp; R\u00fcst St. Florian Fahrzeug: Mercedes Benz 416 CDI Baujahr: 2000 Motor: Diesel 160 PS Ausr\u00fcstung: Lautsprecheranlage Integrierter Stromgenerator Scheinwerfermast F\u00fchrungsunterst\u00fctzungsmaterial Notebook Spiegelreflexkamera Atemschutzerkundungsger\u00e4t Temperaturmessger\u00e4t Gassp\u00fcrger\u00e4t Verkehrsleiteinrichtung H\u00f6chstdruckl\u00f6schger\u00e4t 200 Liter Wasser KDOA &#8211; Kommandofahrzeug TLFA-B 2000\/200 &#8211; Tankl\u00f6schfahrzeug TB 23-12 &#8211; Teleskopmastb\u00fchne 23-12 LF-A &#8211; L\u00f6schfahrzeug LAST &#8211; Transportfahrzeug MTFA &#8211; Mannschafts-Transportfahrzeug Fr\u00fchere Fahrzeuge<\/p>\n","protected":false},"author":1,"featured_media":8447,"parent":2804,"menu_order":2,"comment_status":"closed","ping_status":"closed","template":"fullwidth.php","meta":{"footnotes":""},"class_list":["post-2916","page","type-page","status-publish","has-post-thumbnail","hentry"],"jetpack_sharing_enabled":true,"jetpack_likes_enabled":true,"_links":{"self":[{"href":"https:\/\/www.feuerwehr-florian.com\/index.php?rest_route=\/wp\/v2\/pages\/2916","targetHints":{"allow":["GET"]}}],"collection":[{"href":"https:\/\/www.feuerwehr-florian.com\/index.php?rest_route=\/wp\/v2\/pages"}],"about":[{"href":"https:\/\/www.feuerwehr-florian.com\/index.php?rest_route=\/wp\/v2\/types\/page"}],"author":[{"embeddable":true,"href":"https:\/\/www.feuerwehr-florian.com\/index.php?rest_route=\/wp\/v2\/users\/1"}],"replies":[{"embeddable":true,"href":"https:\/\/www.feuerwehr-florian.com\/index.php?rest_route=%2Fwp%2Fv2%2Fcomments&post=2916"}],"version-history":[{"count":57,"href":"https:\/\/www.feuerwehr-florian.com\/index.php?rest_route=\/wp\/v2\/pages\/2916\/revisions"}],"predecessor-version":[{"id":8494,"href":"https:\/\/www.feuerwehr-florian.com\/index.php?rest_route=\/wp\/v2\/pages\/2916\/revisions\/8494"}],"up":[{"embeddable":true,"href":"https:\/\/www.feuerwehr-florian.com\/index.php?rest_route=\/wp\/v2\/pages\/2804"}],"wp:featuredmedia":[{"embeddable":true,"href":"https:\/\/www.feuerwehr-florian.com\/index.php?rest_route=\/wp\/v2\/media\/8447"}],"wp:attachment":[{"href":"https:\/\/www.feuerwehr-florian.com\/index.php?rest_route=%2Fwp%2Fv2%2Fmedia&parent=2916"}],"curies":[{"name":"wp","href":"https:\/\/api.w.org\/{rel}","templated":true}]}}