{"id":3049,"date":"2016-01-06T00:09:44","date_gmt":"2016-01-05T23:09:44","guid":{"rendered":"http:\/\/wp.feuerwehr-florian.com\/?page_id=3049"},"modified":"2019-11-09T15:59:32","modified_gmt":"2019-11-09T14:59:32","slug":"lf-a-loeschfahrzeug-mit-allradantrieb","status":"publish","type":"page","link":"https:\/\/www.feuerwehr-florian.com\/?page_id=3049","title":{"rendered":"LF-A &#8211; L\u00f6schfahrzeug"},"content":{"rendered":"<p><a href=\"https:\/\/www.feuerwehr-florian.com\/wp-content\/uploads\/2016\/01\/DSC_1566_.jpg\" rel=\"attachment wp-att-3580\" data-rel=\"lightbox-gallery-pEd4joCT\" data-rl_title=\"\" data-rl_caption=\"\" title=\"\"><img loading=\"lazy\" decoding=\"async\" class=\"alignnone size-medium wp-image-3580\" src=\"https:\/\/www.feuerwehr-florian.com\/wp-content\/uploads\/2016\/01\/DSC_1566_-1000x375.jpg\" alt=\"DSC_1566_\" width=\"1000\" height=\"375\" srcset=\"https:\/\/www.feuerwehr-florian.com\/wp-content\/uploads\/2016\/01\/DSC_1566_-1000x375.jpg 1000w, https:\/\/www.feuerwehr-florian.com\/wp-content\/uploads\/2016\/01\/DSC_1566_-600x225.jpg 600w, https:\/\/www.feuerwehr-florian.com\/wp-content\/uploads\/2016\/01\/DSC_1566_.jpg 1600w\" sizes=\"auto, (max-width: 1000px) 100vw, 1000px\" \/><\/a><\/p>\n<table style=\"width: 100%;\" border=\"0\" cellspacing=\"2\" cellpadding=\"5\">\n<tbody>\n<tr>\n<td style=\"background-color: #ed1c24;\" colspan=\"2\">\n<h6>Pumpe St. Florian<\/h6>\n<\/td>\n<\/tr>\n<tr>\n<td style=\"text-align: left; vertical-align: top; background-color: #cccccc;\"><strong>Fahrzeug:<\/strong><\/td>\n<td style=\"width: 75%; text-align: left; vertical-align: top; background-color: #f0f0f0;\">Mercedes Vario 818<\/td>\n<\/tr>\n<tr>\n<td style=\"text-align: left; vertical-align: top; background-color: #cccccc;\"><strong>Baujahr:<\/strong><\/td>\n<td style=\"text-align: left; vertical-align: top; background-color: #f0f0f0;\">2010<\/td>\n<\/tr>\n<tr>\n<td style=\"width: 25%; text-align: left; vertical-align: top; background-color: #cccccc;\"><strong>Motor:<\/strong><\/td>\n<td style=\"text-align: left; vertical-align: top; background-color: #f0f0f0;\">Diesel 180 PS<\/td>\n<\/tr>\n<tr>\n<td style=\"width: 25%; text-align: left; vertical-align: top; background-color: #cccccc;\"><strong>Ausr\u00fcstung:<\/strong><\/td>\n<td style=\"text-align: left; vertical-align: top; background-color: #f0f0f0;\">Pumpe Rosenbauer Fox I<br \/>\nMaterial f\u00fcr die Brandbek\u00e4mpfung<br \/>\nNotstromgenerator 14 kVA<br \/>\nSchmutwasserpumpen<br \/>\nAtemschutzger\u00e4te<br \/>\nBeleuchtungsballon<br \/>\nSchiebeleiter 8m<br \/>\nWassersauger<br \/>\nT\u00fcr\u00f6ffnungswerkzeug<br \/>\nVerkehrsleiteinrichtung<\/td>\n<\/tr>\n<\/tbody>\n<\/table>\n\n\t\t<style type=\"text\/css\">\n\t\t\t#gallery-1 {\n\t\t\t\tmargin: auto;\n\t\t\t}\n\t\t\t#gallery-1 .gallery-item {\n\t\t\t\tfloat: left;\n\t\t\t\tmargin-top: 10px;\n\t\t\t\ttext-align: center;\n\t\t\t\twidth: 33%;\n\t\t\t}\n\t\t\t#gallery-1 img {\n\t\t\t\tborder: 2px solid #cfcfcf;\n\t\t\t}\n\t\t\t#gallery-1 .gallery-caption {\n\t\t\t\tmargin-left: 0;\n\t\t\t}\n\t\t\t\/* see gallery_shortcode() in wp-includes\/media.php *\/\n\t\t<\/style>\n\t\t<div id='gallery-1' class='gallery galleryid-3049 gallery-columns-3 gallery-size-thumbnail'><dl class='gallery-item'>\n\t\t\t<dt class='gallery-icon landscape'>\n\t\t\t\t<a href='https:\/\/www.feuerwehr-florian.com\/wp-content\/uploads\/2016\/01\/DSC_1566.jpg' title=\"\" data-rl_title=\"\" class=\"rl-gallery-link\" data-rl_caption=\"\" data-rel=\"lightbox-gallery-1\"><img loading=\"lazy\" decoding=\"async\" width=\"250\" height=\"250\" src=\"https:\/\/www.feuerwehr-florian.com\/wp-content\/uploads\/2016\/01\/DSC_1566-250x250.jpg\" class=\"attachment-thumbnail size-thumbnail\" alt=\"\" \/><\/a>\n\t\t\t<\/dt><\/dl><dl class='gallery-item'>\n\t\t\t<dt class='gallery-icon landscape'>\n\t\t\t\t<a href='https:\/\/www.feuerwehr-florian.com\/wp-content\/uploads\/2016\/01\/DSC_1586.jpg' title=\"\" data-rl_title=\"\" class=\"rl-gallery-link\" data-rl_caption=\"\" data-rel=\"lightbox-gallery-1\"><img loading=\"lazy\" decoding=\"async\" width=\"250\" height=\"250\" src=\"https:\/\/www.feuerwehr-florian.com\/wp-content\/uploads\/2016\/01\/DSC_1586-250x250.jpg\" class=\"attachment-thumbnail size-thumbnail\" alt=\"\" \/><\/a>\n\t\t\t<\/dt><\/dl><dl class='gallery-item'>\n\t\t\t<dt class='gallery-icon portrait'>\n\t\t\t\t<a href='https:\/\/www.feuerwehr-florian.com\/wp-content\/uploads\/2016\/01\/DSC_1576.jpg' title=\"\" data-rl_title=\"\" class=\"rl-gallery-link\" data-rl_caption=\"\" data-rel=\"lightbox-gallery-1\"><img loading=\"lazy\" decoding=\"async\" width=\"250\" height=\"250\" src=\"https:\/\/www.feuerwehr-florian.com\/wp-content\/uploads\/2016\/01\/DSC_1576-250x250.jpg\" class=\"attachment-thumbnail size-thumbnail\" alt=\"\" \/><\/a>\n\t\t\t<\/dt><\/dl><br style=\"clear: both\" \/><dl class='gallery-item'>\n\t\t\t<dt class='gallery-icon landscape'>\n\t\t\t\t<a href='https:\/\/www.feuerwehr-florian.com\/wp-content\/uploads\/2019\/11\/P1020870.jpg' title=\"\" data-rl_title=\"\" class=\"rl-gallery-link\" data-rl_caption=\"\" data-rel=\"lightbox-gallery-1\"><img loading=\"lazy\" decoding=\"async\" width=\"250\" height=\"250\" src=\"https:\/\/www.feuerwehr-florian.com\/wp-content\/uploads\/2019\/11\/P1020870-250x250.jpg\" class=\"attachment-thumbnail size-thumbnail\" alt=\"\" \/><\/a>\n\t\t\t<\/dt><\/dl><dl class='gallery-item'>\n\t\t\t<dt class='gallery-icon landscape'>\n\t\t\t\t<a href='https:\/\/www.feuerwehr-florian.com\/wp-content\/uploads\/2019\/11\/P1020873.jpg' title=\"\" data-rl_title=\"\" class=\"rl-gallery-link\" data-rl_caption=\"\" data-rel=\"lightbox-gallery-1\"><img loading=\"lazy\" decoding=\"async\" width=\"250\" height=\"250\" src=\"https:\/\/www.feuerwehr-florian.com\/wp-content\/uploads\/2019\/11\/P1020873-250x250.jpg\" class=\"attachment-thumbnail size-thumbnail\" alt=\"\" \/><\/a>\n\t\t\t<\/dt><\/dl><dl class='gallery-item'>\n\t\t\t<dt class='gallery-icon landscape'>\n\t\t\t\t<a href='https:\/\/www.feuerwehr-florian.com\/wp-content\/uploads\/2019\/11\/P1020872.jpg' title=\"\" data-rl_title=\"\" class=\"rl-gallery-link\" data-rl_caption=\"\" data-rel=\"lightbox-gallery-1\"><img loading=\"lazy\" decoding=\"async\" width=\"250\" height=\"250\" src=\"https:\/\/www.feuerwehr-florian.com\/wp-content\/uploads\/2019\/11\/P1020872-250x250.jpg\" class=\"attachment-thumbnail size-thumbnail\" alt=\"\" \/><\/a>\n\t\t\t<\/dt><\/dl><br style=\"clear: both\" \/>\n\t\t<\/div>\n\n\n<!-- Page-list plugin v.5.9 wordpress.org\/plugins\/page-list\/ -->\n<ul class=\"page-list siblings-page-list pagelist\">\n<li class=\"page_item page-item-2916\"><a href=\"https:\/\/www.feuerwehr-florian.com\/?page_id=2916\">KDOA &#8211; Kommandofahrzeug<\/a><\/li>\n<li class=\"page_item page-item-3047\"><a href=\"https:\/\/www.feuerwehr-florian.com\/?page_id=3047\">TLFA-B 2000\/200 &#8211; Tankl\u00f6schfahrzeug<\/a><\/li>\n<li class=\"page_item page-item-3048\"><a href=\"https:\/\/www.feuerwehr-florian.com\/?page_id=3048\">TB 23-12 &#8211; Teleskopmastb\u00fchne 23-12<\/a><\/li>\n<li class=\"page_item page-item-3049\"><a href=\"https:\/\/www.feuerwehr-florian.com\/?page_id=3049\">LF-A &#8211; L\u00f6schfahrzeug<\/a><\/li>\n<li class=\"page_item page-item-3050\"><a href=\"https:\/\/www.feuerwehr-florian.com\/?page_id=3050\">LAST &#8211; Transportfahrzeug<\/a><\/li>\n<li class=\"page_item page-item-3051\"><a href=\"https:\/\/www.feuerwehr-florian.com\/?page_id=3051\">MTFA &#8211; Mannschafts-Transportfahrzeug<\/a><\/li>\n<li class=\"page_item page-item-3120\"><a href=\"https:\/\/www.feuerwehr-florian.com\/?page_id=3120\">Fr\u00fchere Fahrzeuge<\/a><\/li>\n\n<\/ul>\n<p style=\"text-align: right;\">\n","protected":false},"excerpt":{"rendered":"<p>Pumpe St. Florian Fahrzeug: Mercedes Vario 818 Baujahr: 2010 Motor: Diesel 180 PS Ausr\u00fcstung: Pumpe Rosenbauer Fox I Material f\u00fcr die Brandbek\u00e4mpfung Notstromgenerator 14 kVA Schmutwasserpumpen Atemschutzger\u00e4te Beleuchtungsballon Schiebeleiter 8m Wassersauger T\u00fcr\u00f6ffnungswerkzeug Verkehrsleiteinrichtung KDOA &#8211; Kommandofahrzeug TLFA-B 2000\/200 &#8211; Tankl\u00f6schfahrzeug TB 23-12 &#8211; Teleskopmastb\u00fchne 23-12 LF-A &#8211; L\u00f6schfahrzeug LAST &#8211; Transportfahrzeug MTFA &#8211; Mannschafts-Transportfahrzeug Fr\u00fchere<\/p>\n<p><a class=\"more-link\" href=\"https:\/\/www.feuerwehr-florian.com\/?page_id=3049\">Weiterlesen<\/a><\/p>\n","protected":false},"author":1,"featured_media":4252,"parent":2804,"menu_order":5,"comment_status":"closed","ping_status":"closed","template":"fullwidth.php","meta":{"footnotes":""},"class_list":["post-3049","page","type-page","status-publish","has-post-thumbnail","hentry"],"jetpack_sharing_enabled":true,"jetpack_likes_enabled":true,"_links":{"self":[{"href":"https:\/\/www.feuerwehr-florian.com\/index.php?rest_route=\/wp\/v2\/pages\/3049","targetHints":{"allow":["GET"]}}],"collection":[{"href":"https:\/\/www.feuerwehr-florian.com\/index.php?rest_route=\/wp\/v2\/pages"}],"about":[{"href":"https:\/\/www.feuerwehr-florian.com\/index.php?rest_route=\/wp\/v2\/types\/page"}],"author":[{"embeddable":true,"href":"https:\/\/www.feuerwehr-florian.com\/index.php?rest_route=\/wp\/v2\/users\/1"}],"replies":[{"embeddable":true,"href":"https:\/\/www.feuerwehr-florian.com\/index.php?rest_route=%2Fwp%2Fv2%2Fcomments&post=3049"}],"version-history":[{"count":16,"href":"https:\/\/www.feuerwehr-florian.com\/index.php?rest_route=\/wp\/v2\/pages\/3049\/revisions"}],"predecessor-version":[{"id":8475,"href":"https:\/\/www.feuerwehr-florian.com\/index.php?rest_route=\/wp\/v2\/pages\/3049\/revisions\/8475"}],"up":[{"embeddable":true,"href":"https:\/\/www.feuerwehr-florian.com\/index.php?rest_route=\/wp\/v2\/pages\/2804"}],"wp:featuredmedia":[{"embeddable":true,"href":"https:\/\/www.feuerwehr-florian.com\/index.php?rest_route=\/wp\/v2\/media\/4252"}],"wp:attachment":[{"href":"https:\/\/www.feuerwehr-florian.com\/index.php?rest_route=%2Fwp%2Fv2%2Fmedia&parent=3049"}],"curies":[{"name":"wp","href":"https:\/\/api.w.org\/{rel}","templated":true}]}}