{"id":340,"date":"2016-01-01T17:43:29","date_gmt":"2016-01-01T16:43:29","guid":{"rendered":"http:\/\/wp.feuerwehr-florian.com\/?page_id=340"},"modified":"2018-10-19T11:56:18","modified_gmt":"2018-10-19T09:56:18","slug":"pyrotechnischer-beauftragter","status":"publish","type":"page","link":"https:\/\/www.feuerwehr-florian.com\/?page_id=340","title":{"rendered":"Pyrotechnischer Beauftragter"},"content":{"rendered":"<p>Seit Mai 2011 hat die Feuerwehr St.Florian einen offiziellen Pyrotechnischen Beauftragten im Bereich des Feuerwehrwesens.<\/p>\n<h4><strong>Wer kann ein Pyrotechnischer Beauftragter sein?<\/strong><\/h4>\n<p>Prinzipiell unterliegt die Verwendung von pyrotechnischen Gegenst\u00e4nden dem \u00f6sterreichischen Pyrotechnikgesetz von 2010.<br \/>\nFeuerwehren sind im Rahmen des Dienstgebrauches, wozu auch \u00dcbungen, Vorf\u00fchrungen und Schulungen z\u00e4hlen gem\u00e4\u00df \u00a73 des Pyrotechnikgesetzes 2010 ausgenommen, jedoch m\u00fcssen die mit der Anwendung betrauten Personen (Pyrotechnischer Beauftragter) vom Kommandanten dazu benannt werden und sie m\u00fcssen die Fachkenntnisse gem\u00e4\u00df Arbeitnehmer Schutz Gesetz nachweisen k\u00f6nnen.<br \/>\nDieser Nachweis der Fachkenntnis wurde f\u00fcr unseren Pyrotechnischen-Beauftragten in Form einer F3-Pyrotechnikausbildung und dem Besuch eines Spezialeffekteseminares speziell f\u00fcr Feuerwehren erbracht.<\/p>\n\n\t\t<style type=\"text\/css\">\n\t\t\t#gallery-1 {\n\t\t\t\tmargin: auto;\n\t\t\t}\n\t\t\t#gallery-1 .gallery-item {\n\t\t\t\tfloat: left;\n\t\t\t\tmargin-top: 10px;\n\t\t\t\ttext-align: center;\n\t\t\t\twidth: 50%;\n\t\t\t}\n\t\t\t#gallery-1 img {\n\t\t\t\tborder: 2px solid #cfcfcf;\n\t\t\t}\n\t\t\t#gallery-1 .gallery-caption {\n\t\t\t\tmargin-left: 0;\n\t\t\t}\n\t\t\t\/* see gallery_shortcode() in wp-includes\/media.php *\/\n\t\t<\/style>\n\t\t<div id='gallery-1' class='gallery galleryid-340 gallery-columns-2 gallery-size-thumbnail'><dl class='gallery-item'>\n\t\t\t<dt class='gallery-icon landscape'>\n\t\t\t\t<a href='https:\/\/www.feuerwehr-florian.com\/wp-content\/uploads\/2016\/01\/Brand_05-e1452287683933.jpg' title=\"\" data-rl_title=\"\" class=\"rl-gallery-link\" data-rl_caption=\"\" data-rel=\"lightbox-gallery-1\"><img loading=\"lazy\" decoding=\"async\" width=\"250\" height=\"250\" src=\"https:\/\/www.feuerwehr-florian.com\/wp-content\/uploads\/2016\/01\/Brand_05-e1452287683933-250x250.jpg\" class=\"attachment-thumbnail size-thumbnail\" alt=\"\" srcset=\"https:\/\/www.feuerwehr-florian.com\/wp-content\/uploads\/2016\/01\/Brand_05-e1452287683933-250x250.jpg 250w, https:\/\/www.feuerwehr-florian.com\/wp-content\/uploads\/2016\/01\/Brand_05-e1452287683933.jpg 478w\" sizes=\"auto, (max-width: 250px) 100vw, 250px\" \/><\/a>\n\t\t\t<\/dt><\/dl><dl class='gallery-item'>\n\t\t\t<dt class='gallery-icon landscape'>\n\t\t\t\t<a href='https:\/\/www.feuerwehr-florian.com\/wp-content\/uploads\/2016\/01\/Brand_06.jpg' title=\"\" data-rl_title=\"\" class=\"rl-gallery-link\" data-rl_caption=\"\" data-rel=\"lightbox-gallery-1\"><img loading=\"lazy\" decoding=\"async\" width=\"250\" height=\"250\" src=\"https:\/\/www.feuerwehr-florian.com\/wp-content\/uploads\/2016\/01\/Brand_06-250x250.jpg\" class=\"attachment-thumbnail size-thumbnail\" alt=\"\" \/><\/a>\n\t\t\t<\/dt><\/dl><br style=\"clear: both\" \/>\n\t\t<\/div>\n\n<h4><strong>Welchen Nutzen hat die Feuerwehr vom Pyrotechnischen Beauftragten?<\/strong><\/h4>\n<p>Bei dem Seminar konnten die Teilnehmer theoretische und praktische Erfahrungen mit dem Thema Pyrotechnik und deren Gefahren machen, woraus der Nutzen entsteht, dass entsprechend geschultes Personal zur Verf\u00fcgung steht, wenn es zu einen Einsatz kommen sollte, bei dem pyrotechnische Artikel (z.B.: Brand Silvesterstand,&#8230;) beteiligt sind.<br \/>\nWeiters ist es durch den Einsatz von pyrotechnischen Effekten m\u00f6glich, die \u00dcbungen f\u00fcr die beteiligte Mannschaft und bei Schau\u00fcbungen auch f\u00fcr die Zuseher interessanter und realer zu gestalten.<br \/>\nSpeziell bei Themen der technischen Pyrotechnik (Airbag, Gurtstraffer,\u2026) k\u00f6nnen die Mannschaftsmitglieder durch praktische Vorf\u00fchrungen der Systeme auf die Gefahren, die bei einem Verkehrsunfall von den jeweiligen Systemen ausgehen geschult und vorbereitet werden.<\/p>\n<h4><strong>Was kann mit Pyrotechnik realisiert werden?<\/strong><\/h4>\n<p>Beim gestalten der \u00dcbungen sind kaum Grenzen gesetzt, es kann so gut wie alles entsprechend \u201eaufgepeppt\u201c werden, es muss nur eine Idee f\u00fcr ein Szenario da sein.<br \/>\nSo kann vom Verkehrsunfall bis zum Gefahrenguteinsatz alles entsprechend nachgestellt werden.<\/p>\n<p>&nbsp;<\/p>\n<h4>Beispiele:<\/h4>\n<p><strong>Verkehrsunf\u00e4lle:<\/strong> Airbagausl\u00f6sungen, Brandausbruch, Fahrzeugexplosionen, Pf\u00e4hlungsverletzungen,&#8230;<\/p>\n<p><a href=\"https:\/\/www.feuerwehr-florian.com\/wp-content\/uploads\/2016\/01\/Airbagserie_01.jpg\" data-rel=\"lightbox-gallery-7Owg1azE\" data-rl_title=\"\" data-rl_caption=\"\" title=\"\"><img loading=\"lazy\" decoding=\"async\" class=\"wp-image-343 size-full alignleft\" src=\"https:\/\/www.feuerwehr-florian.com\/wp-content\/uploads\/2016\/01\/Airbagserie_01.jpg\" alt=\"Airbagserie_01\" width=\"799\" height=\"293\" srcset=\"https:\/\/www.feuerwehr-florian.com\/wp-content\/uploads\/2016\/01\/Airbagserie_01.jpg 799w, https:\/\/www.feuerwehr-florian.com\/wp-content\/uploads\/2016\/01\/Airbagserie_01-600x220.jpg 600w\" sizes=\"auto, (max-width: 799px) 100vw, 799px\" \/><\/a><\/p>\n<p><strong>VU mit explodierendem PKW:<\/strong><\/p>\n<p><iframe loading=\"lazy\" width=\"700\" height=\"525\" src=\"https:\/\/www.youtube.com\/embed\/5oXES0B8KgQ?feature=oembed\" frameborder=\"0\" allow=\"autoplay; encrypted-media\" allowfullscreen><\/iframe><\/p>\n<p><strong>Br\u00e4nde:<\/strong> Elektroger\u00e4te, Verteilerk\u00e4sten, Zimmer, Fahrzeuge, \u201eFlash Over\u201c, \u201eBackdraft\u201c,\u2026<\/p>\n<p><a href=\"https:\/\/www.feuerwehr-florian.com\/wp-content\/uploads\/2016\/01\/bilderserie.jpg\" data-rel=\"lightbox-gallery-7Owg1azE\" data-rl_title=\"\" data-rl_caption=\"\" title=\"\"><img loading=\"lazy\" decoding=\"async\" class=\"wp-image-344 size-full alignleft\" src=\"https:\/\/www.feuerwehr-florian.com\/wp-content\/uploads\/2016\/01\/bilderserie.jpg\" alt=\"bilderserie\" width=\"736\" height=\"116\" srcset=\"https:\/\/www.feuerwehr-florian.com\/wp-content\/uploads\/2016\/01\/bilderserie.jpg 736w, https:\/\/www.feuerwehr-florian.com\/wp-content\/uploads\/2016\/01\/bilderserie-600x95.jpg 600w\" sizes=\"auto, (max-width: 736px) 100vw, 736px\" \/><\/a><\/p>\n<p><strong>Flammenb\u00e4lle, z.B.:\u00a0<\/strong>simulierte Explosion:<\/p>\n<p><iframe loading=\"lazy\" width=\"700\" height=\"525\" src=\"https:\/\/www.youtube.com\/embed\/cPSecIp6md0?feature=oembed\" frameborder=\"0\" allow=\"autoplay; encrypted-media\" allowfullscreen><\/iframe><\/p>\n\n\t\t<style type=\"text\/css\">\n\t\t\t#gallery-2 {\n\t\t\t\tmargin: auto;\n\t\t\t}\n\t\t\t#gallery-2 .gallery-item {\n\t\t\t\tfloat: left;\n\t\t\t\tmargin-top: 10px;\n\t\t\t\ttext-align: center;\n\t\t\t\twidth: 25%;\n\t\t\t}\n\t\t\t#gallery-2 img {\n\t\t\t\tborder: 2px solid #cfcfcf;\n\t\t\t}\n\t\t\t#gallery-2 .gallery-caption {\n\t\t\t\tmargin-left: 0;\n\t\t\t}\n\t\t\t\/* see gallery_shortcode() in wp-includes\/media.php *\/\n\t\t<\/style>\n\t\t<div id='gallery-2' class='gallery galleryid-340 gallery-columns-4 gallery-size-thumbnail'><dl class='gallery-item'>\n\t\t\t<dt class='gallery-icon landscape'>\n\t\t\t\t<a href='https:\/\/www.feuerwehr-florian.com\/wp-content\/uploads\/2016\/01\/brand_1.jpg' title=\"\" data-rl_title=\"\" class=\"rl-gallery-link\" data-rl_caption=\"\" data-rel=\"lightbox-gallery-2\"><img loading=\"lazy\" decoding=\"async\" width=\"250\" height=\"250\" src=\"https:\/\/www.feuerwehr-florian.com\/wp-content\/uploads\/2016\/01\/brand_1-250x250.jpg\" class=\"attachment-thumbnail size-thumbnail\" alt=\"\" \/><\/a>\n\t\t\t<\/dt><\/dl><dl class='gallery-item'>\n\t\t\t<dt class='gallery-icon landscape'>\n\t\t\t\t<a href='https:\/\/www.feuerwehr-florian.com\/wp-content\/uploads\/2016\/01\/brand_2.jpg' title=\"\" data-rl_title=\"\" class=\"rl-gallery-link\" data-rl_caption=\"\" data-rel=\"lightbox-gallery-2\"><img loading=\"lazy\" decoding=\"async\" width=\"250\" height=\"250\" src=\"https:\/\/www.feuerwehr-florian.com\/wp-content\/uploads\/2016\/01\/brand_2-250x250.jpg\" class=\"attachment-thumbnail size-thumbnail\" alt=\"\" \/><\/a>\n\t\t\t<\/dt><\/dl><dl class='gallery-item'>\n\t\t\t<dt class='gallery-icon landscape'>\n\t\t\t\t<a href='https:\/\/www.feuerwehr-florian.com\/wp-content\/uploads\/2016\/01\/brand_3.jpg' title=\"\" data-rl_title=\"\" class=\"rl-gallery-link\" data-rl_caption=\"\" data-rel=\"lightbox-gallery-2\"><img loading=\"lazy\" decoding=\"async\" width=\"250\" height=\"250\" src=\"https:\/\/www.feuerwehr-florian.com\/wp-content\/uploads\/2016\/01\/brand_3-250x250.jpg\" class=\"attachment-thumbnail size-thumbnail\" alt=\"\" \/><\/a>\n\t\t\t<\/dt><\/dl><dl class='gallery-item'>\n\t\t\t<dt class='gallery-icon landscape'>\n\t\t\t\t<a href='https:\/\/www.feuerwehr-florian.com\/wp-content\/uploads\/2016\/01\/Brand_04-e1453146593148.jpg' title=\"\" data-rl_title=\"\" class=\"rl-gallery-link\" data-rl_caption=\"\" data-rel=\"lightbox-gallery-2\"><img loading=\"lazy\" decoding=\"async\" width=\"250\" height=\"250\" src=\"https:\/\/www.feuerwehr-florian.com\/wp-content\/uploads\/2016\/01\/Brand_04-e1453146593148-250x250.jpg\" class=\"attachment-thumbnail size-thumbnail\" alt=\"\" \/><\/a>\n\t\t\t<\/dt><\/dl><br style=\"clear: both\" \/>\n\t\t<\/div>\n\n<p><strong>Gefahrenguteinsatz:<\/strong> effektvoller Gefahrenstoffaustritt (f\u00e4rbige Gaswolken), f\u00e4rbige Fl\u00fcssigkeiten, explodieren der Gefahrengutbeh\u00e4lter,\u2026<\/p>\n<p>explodierende F\u00e4sser, z.B.: bei GSF-\u00dcbung:<\/p>\n<p><iframe loading=\"lazy\" width=\"700\" height=\"525\" src=\"https:\/\/www.youtube.com\/embed\/3ZFppNrIdpA?feature=oembed\" frameborder=\"0\" allow=\"autoplay; encrypted-media\" allowfullscreen><\/iframe><\/p>\n\n\t\t<style type=\"text\/css\">\n\t\t\t#gallery-3 {\n\t\t\t\tmargin: auto;\n\t\t\t}\n\t\t\t#gallery-3 .gallery-item {\n\t\t\t\tfloat: left;\n\t\t\t\tmargin-top: 10px;\n\t\t\t\ttext-align: center;\n\t\t\t\twidth: 50%;\n\t\t\t}\n\t\t\t#gallery-3 img {\n\t\t\t\tborder: 2px solid #cfcfcf;\n\t\t\t}\n\t\t\t#gallery-3 .gallery-caption {\n\t\t\t\tmargin-left: 0;\n\t\t\t}\n\t\t\t\/* see gallery_shortcode() in wp-includes\/media.php *\/\n\t\t<\/style>\n\t\t<div id='gallery-3' class='gallery galleryid-340 gallery-columns-2 gallery-size-thumbnail'><dl class='gallery-item'>\n\t\t\t<dt class='gallery-icon landscape'>\n\t\t\t\t<a href='https:\/\/www.feuerwehr-florian.com\/wp-content\/uploads\/2016\/01\/Fassserie_01.jpg' title=\"\" data-rl_title=\"\" class=\"rl-gallery-link\" data-rl_caption=\"\" data-rel=\"lightbox-gallery-3\"><img loading=\"lazy\" decoding=\"async\" width=\"250\" height=\"250\" src=\"https:\/\/www.feuerwehr-florian.com\/wp-content\/uploads\/2016\/01\/Fassserie_01-250x250.jpg\" class=\"attachment-thumbnail size-thumbnail\" alt=\"\" \/><\/a>\n\t\t\t<\/dt><\/dl><dl class='gallery-item'>\n\t\t\t<dt class='gallery-icon landscape'>\n\t\t\t\t<a href='https:\/\/www.feuerwehr-florian.com\/wp-content\/uploads\/2016\/01\/Fassserie_02.jpg' title=\"\" data-rl_title=\"\" class=\"rl-gallery-link\" data-rl_caption=\"\" data-rel=\"lightbox-gallery-3\"><img loading=\"lazy\" decoding=\"async\" width=\"250\" height=\"250\" src=\"https:\/\/www.feuerwehr-florian.com\/wp-content\/uploads\/2016\/01\/Fassserie_02-250x250.jpg\" class=\"attachment-thumbnail size-thumbnail\" alt=\"\" \/><\/a>\n\t\t\t<\/dt><\/dl><br style=\"clear: both\" \/>\n\t\t<\/div>\n\n<p><strong>Angebot f\u00fcr andere Feuerwehren:<\/strong><br \/>\nEs besteht f\u00fcr interessierte Feuerwehren im Abschnitt Enns, bzw. Bezirk Linz-Land die M\u00f6glichkeit, dass der Pyrotechnische-Beauftragte der Feuerwehr St.Florian gegen Bezahlung der Materialkosten, auch deren \u00dcbungen mit Spezialeffekten unterst\u00fctzt und so ein bisschen realer erscheinen l\u00e4sst.<br \/>\nKontakt \u00fcber die offizielle Mailadresse der Feuerwehr Markt St.Florian. Zust\u00e4ndig daf\u00fcr ist BI Baier Martin.<\/p>\n\n<!-- Page-list plugin v.5.9 wordpress.org\/plugins\/page-list\/ -->\n<ul class=\"page-list siblings-page-list pagelist\">\n<li class=\"page_item page-item-2328 page_item_has_children\"><a href=\"https:\/\/www.feuerwehr-florian.com\/?page_id=2328\">\u00dcber uns<\/a><\/li>\n<li class=\"page_item page-item-2804 page_item_has_children\"><a href=\"https:\/\/www.feuerwehr-florian.com\/?page_id=2804\">Unsere Fahrzeuge<\/a><\/li>\n<li class=\"page_item page-item-3257 page_item_has_children\"><a href=\"https:\/\/www.feuerwehr-florian.com\/?page_id=3257\">Unser Feuerwehrhaus<\/a><\/li>\n<li class=\"page_item page-item-2810\"><a href=\"https:\/\/www.feuerwehr-florian.com\/?page_id=2810\">Unsere Ausr\u00fcstung<\/a><\/li>\n<li class=\"page_item page-item-2815\"><a href=\"https:\/\/www.feuerwehr-florian.com\/?page_id=2815\">Unser Einsatzgebiet<\/a><\/li>\n<li class=\"page_item page-item-340\"><a href=\"https:\/\/www.feuerwehr-florian.com\/?page_id=340\">Pyrotechnischer Beauftragter<\/a><\/li>\n<li class=\"page_item page-item-10709\"><a href=\"https:\/\/www.feuerwehr-florian.com\/?page_id=10709\">T\u00e4tigkeitsberichte<\/a><\/li>\n<li class=\"page_item page-item-10708\"><a href=\"https:\/\/www.feuerwehr-florian.com\/?page_id=10708\">Jahresr\u00fcckblicke<\/a><\/li>\n\n<\/ul>\n","protected":false},"excerpt":{"rendered":"<p>Seit Mai 2011 hat die Feuerwehr St.Florian einen offiziellen Pyrotechnischen Beauftragten im Bereich des Feuerwehrwesens. Wer kann ein Pyrotechnischer Beauftragter sein? Prinzipiell unterliegt die Verwendung von pyrotechnischen Gegenst\u00e4nden dem \u00f6sterreichischen Pyrotechnikgesetz von 2010. Feuerwehren sind im Rahmen des Dienstgebrauches, wozu auch \u00dcbungen, Vorf\u00fchrungen und Schulungen z\u00e4hlen gem\u00e4\u00df \u00a73 des Pyrotechnikgesetzes 2010 ausgenommen, jedoch m\u00fcssen die<\/p>\n<p><a class=\"more-link\" href=\"https:\/\/www.feuerwehr-florian.com\/?page_id=340\">Weiterlesen<\/a><\/p>\n","protected":false},"author":1,"featured_media":341,"parent":886,"menu_order":6,"comment_status":"closed","ping_status":"closed","template":"fullwidth.php","meta":{"footnotes":""},"class_list":["post-340","page","type-page","status-publish","has-post-thumbnail","hentry"],"jetpack_sharing_enabled":true,"jetpack_likes_enabled":true,"_links":{"self":[{"href":"https:\/\/www.feuerwehr-florian.com\/index.php?rest_route=\/wp\/v2\/pages\/340","targetHints":{"allow":["GET"]}}],"collection":[{"href":"https:\/\/www.feuerwehr-florian.com\/index.php?rest_route=\/wp\/v2\/pages"}],"about":[{"href":"https:\/\/www.feuerwehr-florian.com\/index.php?rest_route=\/wp\/v2\/types\/page"}],"author":[{"embeddable":true,"href":"https:\/\/www.feuerwehr-florian.com\/index.php?rest_route=\/wp\/v2\/users\/1"}],"replies":[{"embeddable":true,"href":"https:\/\/www.feuerwehr-florian.com\/index.php?rest_route=%2Fwp%2Fv2%2Fcomments&post=340"}],"version-history":[{"count":8,"href":"https:\/\/www.feuerwehr-florian.com\/index.php?rest_route=\/wp\/v2\/pages\/340\/revisions"}],"predecessor-version":[{"id":7447,"href":"https:\/\/www.feuerwehr-florian.com\/index.php?rest_route=\/wp\/v2\/pages\/340\/revisions\/7447"}],"up":[{"embeddable":true,"href":"https:\/\/www.feuerwehr-florian.com\/index.php?rest_route=\/wp\/v2\/pages\/886"}],"wp:featuredmedia":[{"embeddable":true,"href":"https:\/\/www.feuerwehr-florian.com\/index.php?rest_route=\/wp\/v2\/media\/341"}],"wp:attachment":[{"href":"https:\/\/www.feuerwehr-florian.com\/index.php?rest_route=%2Fwp%2Fv2%2Fmedia&parent=340"}],"curies":[{"name":"wp","href":"https:\/\/api.w.org\/{rel}","templated":true}]}}