{"id":3934,"date":"2016-01-08T21:15:03","date_gmt":"2016-01-08T20:15:03","guid":{"rendered":"http:\/\/wp.feuerwehr-florian.com\/?page_id=3934"},"modified":"2016-01-08T22:10:58","modified_gmt":"2016-01-08T21:10:58","slug":"einsaetze","status":"publish","type":"page","link":"https:\/\/www.feuerwehr-florian.com\/?page_id=3934","title":{"rendered":"Eins\u00e4tze"},"content":{"rendered":"<p>Die \u00dcbersicht aller Einsatzberichte finden Sie in dieser Rubrik.<\/p>\n\n<!-- Page-list plugin v.5.9 wordpress.org\/plugins\/page-list\/ -->\n<div class=\"page-list page-list-ext page-list-cols-2\">\n<div class=\"page-list-ext-item\"><div class=\"page-list-ext-image\"><a href=\"https:\/\/www.feuerwehr-florian.com\/?page_id=12199\" title=\"Eins\u00e4tze 2026\"><img decoding=\"async\" src=\"https:\/\/www.feuerwehr-florian.com\/wp-content\/uploads\/2026\/01\/kerschi4-250x250.png\" width=\"100\" alt=\"Eins\u00e4tze 2026\" \/><\/a><\/div> <h3 class=\"page-list-ext-title\"><a href=\"https:\/\/www.feuerwehr-florian.com\/?page_id=12199\" title=\"Eins\u00e4tze 2026\">Eins\u00e4tze 2026<\/a><\/h3><div class=\"page-list-ext-item-content\">\nEine Auflistung aller Eins\u00e4tze aus dem Jahr 2026. \n\n\n\n\n\n\n\n\n<\/div><\/div>\n<div class=\"page-list-ext-item\"><div class=\"page-list-ext-image\"><a href=\"https:\/\/www.feuerwehr-florian.com\/?page_id=12200\" title=\"Eins\u00e4tze 2025\"><img decoding=\"async\" src=\"https:\/\/www.feuerwehr-florian.com\/wp-content\/uploads\/2025\/01\/IMG_4640-250x250.jpeg\" width=\"100\" alt=\"Eins\u00e4tze 2025\" \/><\/a><\/div> <h3 class=\"page-list-ext-title\"><a href=\"https:\/\/www.feuerwehr-florian.com\/?page_id=12200\" title=\"Eins\u00e4tze 2025\">Eins\u00e4tze 2025<\/a><\/h3><div class=\"page-list-ext-item-content\">\nEine Auflistung aller Eins\u00e4tze aus dem Jahr 2025. \n\n\n\n\n\n\n\n\n<\/div><\/div>\n<div class=\"page-list-ext-item\"><div class=\"page-list-ext-image\"><a href=\"https:\/\/www.feuerwehr-florian.com\/?page_id=11685\" title=\"Eins\u00e4tze 2024\"><img decoding=\"async\" src=\"https:\/\/www.feuerwehr-florian.com\/wp-content\/uploads\/2024\/09\/IMG_6089-250x250.jpeg\" width=\"100\" alt=\"Eins\u00e4tze 2024\" \/><\/a><\/div> <h3 class=\"page-list-ext-title\"><a href=\"https:\/\/www.feuerwehr-florian.com\/?page_id=11685\" title=\"Eins\u00e4tze 2024\">Eins\u00e4tze 2024<\/a><\/h3><div class=\"page-list-ext-item-content\">\nEine Auflistung aller Eins\u00e4tze aus dem Jahr 2024. \n\n\n\n\n\n\n\n\n<\/div><\/div>\n<div class=\"page-list-ext-item\"><div class=\"page-list-ext-image\"><a href=\"https:\/\/www.feuerwehr-florian.com\/?page_id=10406\" title=\"Eins\u00e4tze 2023\"><img decoding=\"async\" src=\"https:\/\/www.feuerwehr-florian.com\/wp-content\/uploads\/2023\/06\/0d6f5cdc-d234-414e-bce2-ae3b1229136d-250x250.jpg\" width=\"100\" alt=\"Eins\u00e4tze 2023\" \/><\/a><\/div> <h3 class=\"page-list-ext-title\"><a href=\"https:\/\/www.feuerwehr-florian.com\/?page_id=10406\" title=\"Eins\u00e4tze 2023\">Eins\u00e4tze 2023<\/a><\/h3><div class=\"page-list-ext-item-content\">\nEine Auflistung aller Eins\u00e4tze aus dem Jahr 2023. \n\n\n\n\n\n\n\n\n<\/div><\/div>\n<div class=\"page-list-ext-item\"><div class=\"page-list-ext-image\"><a href=\"https:\/\/www.feuerwehr-florian.com\/?page_id=9465\" title=\"Eins\u00e4tze 2022\"><img decoding=\"async\" src=\"https:\/\/www.feuerwehr-florian.com\/wp-content\/uploads\/2021\/12\/IMG_20211226_055629-250x250.jpg\" width=\"100\" alt=\"Eins\u00e4tze 2022\" \/><\/a><\/div> <h3 class=\"page-list-ext-title\"><a href=\"https:\/\/www.feuerwehr-florian.com\/?page_id=9465\" title=\"Eins\u00e4tze 2022\">Eins\u00e4tze 2022<\/a><\/h3><div class=\"page-list-ext-item-content\">Eine Auflistung aller Eins\u00e4tze aus dem Jahr 2022.\r\n\r\n\r\n\r\n<\/div><\/div>\n<div class=\"page-list-ext-item\"><div class=\"page-list-ext-image\"><a href=\"https:\/\/www.feuerwehr-florian.com\/?page_id=8907\" title=\"Eins\u00e4tze 2021\"><img decoding=\"async\" src=\"https:\/\/www.feuerwehr-florian.com\/wp-content\/uploads\/2020\/12\/MKLB1403-250x250.jpg\" width=\"100\" alt=\"Eins\u00e4tze 2021\" \/><\/a><\/div> <h3 class=\"page-list-ext-title\"><a href=\"https:\/\/www.feuerwehr-florian.com\/?page_id=8907\" title=\"Eins\u00e4tze 2021\">Eins\u00e4tze 2021<\/a><\/h3><div class=\"page-list-ext-item-content\">Eine Auflistung aller Eins\u00e4tze aus dem Jahr 2021.\r\n\r\n\r\n\r\n<\/div><\/div>\n<div class=\"page-list-ext-item\"><div class=\"page-list-ext-image\"><a href=\"https:\/\/www.feuerwehr-florian.com\/?page_id=12816\" title=\"Eins\u00e4tze 2006 bis 2020\"><img decoding=\"async\" src=\"https:\/\/www.feuerwehr-florian.com\/wp-content\/uploads\/2017\/07\/IMG_20170704_053714-250x250.jpg\" width=\"100\" alt=\"Eins\u00e4tze 2006 bis 2020\" \/><\/a><\/div> <h3 class=\"page-list-ext-title\"><a href=\"https:\/\/www.feuerwehr-florian.com\/?page_id=12816\" title=\"Eins\u00e4tze 2006 bis 2020\">Eins\u00e4tze 2006 bis 2020<\/a><\/h3><div class=\"page-list-ext-item-content\">\n\n<\/div><\/div>\n<div class=\"page-list-ext-item\"><div class=\"page-list-ext-image\"><a href=\"https:\/\/www.feuerwehr-florian.com\/?page_id=7511\" title=\"Chronik 1950 bis 2005\"><img decoding=\"async\" src=\"https:\/\/www.feuerwehr-florian.com\/wp-content\/uploads\/2016\/01\/chronik04-250x250.jpg\" width=\"100\" alt=\"Chronik 1950 bis 2005\" \/><\/a><\/div> <h3 class=\"page-list-ext-title\"><a href=\"https:\/\/www.feuerwehr-florian.com\/?page_id=7511\" title=\"Chronik 1950 bis 2005\">Chronik 1950 bis 2005<\/a><\/h3><div class=\"page-list-ext-item-content\">\r\n\r\n\r\n\r\n1950 \r\n \r\n \r\n26. August:  Guss der Pummerin: Vor ca. 600 Leuten erfolgte der Anstich. Nach 10 Minuten gab ein St\u00fctzbalken der Verd\u00e4mmung nach, die auf 1300 Grad erhitzte Glockenspeise floss aus und setzte die Zuschauertrib\u00fcne in Brand. Die sc...<\/div><\/div>\n<div class=\"page-list-ext-item\"><div class=\"page-list-ext-image\"><a href=\"https:\/\/www.feuerwehr-florian.com\/?page_id=7510\" title=\"Chronik 1871 bis 1949\"><img decoding=\"async\" src=\"https:\/\/www.feuerwehr-florian.com\/wp-content\/uploads\/2016\/01\/chronik04-250x250.jpg\" width=\"100\" alt=\"Chronik 1871 bis 1949\" \/><\/a><\/div> <h3 class=\"page-list-ext-title\"><a href=\"https:\/\/www.feuerwehr-florian.com\/?page_id=7510\" title=\"Chronik 1871 bis 1949\">Chronik 1871 bis 1949<\/a><\/h3><div class=\"page-list-ext-item-content\">Bereits im Jahre 1835 bestellte das Stift eine eigene Feuerwache im Falle eines Gewitters. (4 Zimmerleute, 2 Maurer sind beim Portier postiert, wobei die Wartezeit au\u00dferhalb der regul\u00e4ren Arbeitszeit finanziell verg\u00fctet wird).Man k\u00f6nnte diese Feuerwache, wel...<\/div><\/div>\n\n<\/div>\n","protected":false},"excerpt":{"rendered":"<p>Die \u00dcbersicht aller Einsatzberichte finden Sie in dieser Rubrik. Eins\u00e4tze 2026 Eine Auflistung aller Eins\u00e4tze aus dem Jahr 2026. Eins\u00e4tze 2025 Eine Auflistung aller Eins\u00e4tze aus dem Jahr 2025. Eins\u00e4tze 2024 Eine Auflistung aller Eins\u00e4tze aus dem Jahr 2024. Eins\u00e4tze 2023 Eine Auflistung aller Eins\u00e4tze aus dem Jahr 2023. Eins\u00e4tze 2022 Eine Auflistung aller Eins\u00e4tze<\/p>\n<p><a class=\"more-link\" href=\"https:\/\/www.feuerwehr-florian.com\/?page_id=3934\">Weiterlesen<\/a><\/p>\n","protected":false},"author":1,"featured_media":3992,"parent":884,"menu_order":1,"comment_status":"closed","ping_status":"closed","template":"","meta":{"footnotes":""},"class_list":["post-3934","page","type-page","status-publish","has-post-thumbnail","hentry"],"jetpack_sharing_enabled":true,"jetpack_likes_enabled":true,"_links":{"self":[{"href":"https:\/\/www.feuerwehr-florian.com\/index.php?rest_route=\/wp\/v2\/pages\/3934","targetHints":{"allow":["GET"]}}],"collection":[{"href":"https:\/\/www.feuerwehr-florian.com\/index.php?rest_route=\/wp\/v2\/pages"}],"about":[{"href":"https:\/\/www.feuerwehr-florian.com\/index.php?rest_route=\/wp\/v2\/types\/page"}],"author":[{"embeddable":true,"href":"https:\/\/www.feuerwehr-florian.com\/index.php?rest_route=\/wp\/v2\/users\/1"}],"replies":[{"embeddable":true,"href":"https:\/\/www.feuerwehr-florian.com\/index.php?rest_route=%2Fwp%2Fv2%2Fcomments&post=3934"}],"version-history":[{"count":6,"href":"https:\/\/www.feuerwehr-florian.com\/index.php?rest_route=\/wp\/v2\/pages\/3934\/revisions"}],"predecessor-version":[{"id":3981,"href":"https:\/\/www.feuerwehr-florian.com\/index.php?rest_route=\/wp\/v2\/pages\/3934\/revisions\/3981"}],"up":[{"embeddable":true,"href":"https:\/\/www.feuerwehr-florian.com\/index.php?rest_route=\/wp\/v2\/pages\/884"}],"wp:featuredmedia":[{"embeddable":true,"href":"https:\/\/www.feuerwehr-florian.com\/index.php?rest_route=\/wp\/v2\/media\/3992"}],"wp:attachment":[{"href":"https:\/\/www.feuerwehr-florian.com\/index.php?rest_route=%2Fwp%2Fv2%2Fmedia&parent=3934"}],"curies":[{"name":"wp","href":"https:\/\/api.w.org\/{rel}","templated":true}]}}