{"id":6860,"date":"2018-03-13T12:39:39","date_gmt":"2018-03-13T11:39:39","guid":{"rendered":"http:\/\/www.feuerwehr-florian.com\/?page_id=6860"},"modified":"2026-01-03T11:46:59","modified_gmt":"2026-01-03T10:46:59","slug":"einsaetze-2018","status":"publish","type":"page","link":"https:\/\/www.feuerwehr-florian.com\/?page_id=6860","title":{"rendered":"Eins\u00e4tze 2018"},"content":{"rendered":"<p>Eine Auflistung aller\u00a0Eins\u00e4tze aus dem Jahr 2018.<\/p>\n<!--W4PL_List_6870-->\n<div id=\"w4pl-list-6870\" class=\"w4pl\">\n\t<div id=\"w4pl-inner-6870\" class=\"w4pl-inner\">\n\t\t<ul>\r\n<li><a href=\"https:\/\/www.feuerwehr-florian.com\/?p=7600\">01.01.2019<\/a> | <a href=\"https:\/\/www.feuerwehr-florian.com\/?p=7600\">Heckenbrand in Oberfraunleiten am Silvesterabend<\/a><\/li>\r\n\r\n<li><a href=\"https:\/\/www.feuerwehr-florian.com\/?p=7591\">22.12.2018<\/a> | <a href=\"https:\/\/www.feuerwehr-florian.com\/?p=7591\">Baum \u00fcber Stra\u00dfe in der Brucknerstra\u00dfe<\/a><\/li>\r\n\r\n<li><a href=\"https:\/\/www.feuerwehr-florian.com\/?p=7583\">15.12.2018<\/a> | <a href=\"https:\/\/www.feuerwehr-florian.com\/?p=7583\">Alarmstufe 2 bei Brand auf Schrottplatz in Asten<\/a><\/li>\r\n\r\n<li><a href=\"https:\/\/www.feuerwehr-florian.com\/?p=7576\">08.12.2018<\/a> | <a href=\"https:\/\/www.feuerwehr-florian.com\/?p=7576\">Sturmsch\u00e4den in St. Florian<\/a><\/li>\r\n\r\n<li><a href=\"https:\/\/www.feuerwehr-florian.com\/?p=7569\">04.12.2018<\/a> | <a href=\"https:\/\/www.feuerwehr-florian.com\/?p=7569\">Fahrzeugbergung neben der Linzerstra\u00dfe<\/a><\/li>\r\n\r\n<li><a href=\"https:\/\/www.feuerwehr-florian.com\/?p=7524\">30.10.2018<\/a> | <a href=\"https:\/\/www.feuerwehr-florian.com\/?p=7524\">Vermeintlicher LKW Brand auf der Autobahn A1<\/a><\/li>\r\n\r\n<li><a href=\"https:\/\/www.feuerwehr-florian.com\/?p=7406\">17.10.2018<\/a> | <a href=\"https:\/\/www.feuerwehr-florian.com\/?p=7406\">Verkehrsunfall Wolferner Landesstra\u00dfe<\/a><\/li>\r\n\r\n<li><a href=\"https:\/\/www.feuerwehr-florian.com\/?p=7401\">17.10.2018<\/a> | <a href=\"https:\/\/www.feuerwehr-florian.com\/?p=7401\">Tierrettung in Weiling<\/a><\/li>\r\n\r\n<li><a href=\"https:\/\/www.feuerwehr-florian.com\/?p=7387\">07.10.2018<\/a> | <a href=\"https:\/\/www.feuerwehr-florian.com\/?p=7387\">Wasserschaden im Astenfeld<\/a><\/li>\r\n\r\n<li><a href=\"https:\/\/www.feuerwehr-florian.com\/?p=7385\">06.10.2018<\/a> | <a href=\"https:\/\/www.feuerwehr-florian.com\/?p=7385\">T\u00e4uschungsalarm im Astenfeld<\/a><\/li>\r\n\r\n<li><a href=\"https:\/\/www.feuerwehr-florian.com\/?p=7358\">16.09.2018<\/a> | <a href=\"https:\/\/www.feuerwehr-florian.com\/?p=7358\">T\u00fcr\u00f6ffnung in der Linzerstrasse<\/a><\/li>\r\n\r\n<li><a href=\"https:\/\/www.feuerwehr-florian.com\/?p=7346\">12.09.2018<\/a> | <a href=\"https:\/\/www.feuerwehr-florian.com\/?p=7346\">Nachl\u00f6scharbeiten nach Traktorbrand in Enzing<\/a><\/li>\r\n\r\n<li><a href=\"https:\/\/www.feuerwehr-florian.com\/?p=7320\">29.08.2018<\/a> | <a href=\"https:\/\/www.feuerwehr-florian.com\/?p=7320\">Fahrzeugbrand A1 Fahrtrichtung Salzburg<\/a><\/li>\r\n\r\n<li><a href=\"https:\/\/www.feuerwehr-florian.com\/?p=7316\">23.08.2018<\/a> | <a href=\"https:\/\/www.feuerwehr-florian.com\/?p=7316\">Brandmeldealarm in der Landwirtschaftsschule<\/a><\/li>\r\n\r\n<li><a href=\"https:\/\/www.feuerwehr-florian.com\/?p=7306\">22.08.2018<\/a> | <a href=\"https:\/\/www.feuerwehr-florian.com\/?p=7306\">Kind in T\u00fcrgriff eingeklemmt &#8211; Rasche Rettung durch Feuerwehr<\/a><\/li>\r\n\r\n<li><a href=\"https:\/\/www.feuerwehr-florian.com\/?p=7296\">21.08.2018<\/a> | <a href=\"https:\/\/www.feuerwehr-florian.com\/?p=7296\">Unfall auf der Wolfener Stra\u00dfe H\u00f6he Enzing<\/a><\/li>\r\n\r\n<li><a href=\"https:\/\/www.feuerwehr-florian.com\/?p=7257\">27.07.2018<\/a> | <a href=\"https:\/\/www.feuerwehr-florian.com\/?p=7257\">Mineral\u00f6laustritt nach Verkehrsunfall auf der A1 Fahrtrichtung Wien<\/a><\/li>\r\n\r\n<li><a href=\"https:\/\/www.feuerwehr-florian.com\/?p=7236\">21.07.2018<\/a> | <a href=\"https:\/\/www.feuerwehr-florian.com\/?p=7236\">Fahrzeugbrand in Mickstetten<\/a><\/li>\r\n\r\n<li><a href=\"https:\/\/www.feuerwehr-florian.com\/?p=7212\">10.07.2018<\/a> | <a href=\"https:\/\/www.feuerwehr-florian.com\/?p=7212\">\u00d6lspur in der Sportplatzstra\u00dfe<\/a><\/li>\r\n\r\n<li><a href=\"https:\/\/www.feuerwehr-florian.com\/?p=7188\">08.07.2018<\/a> | <a href=\"https:\/\/www.feuerwehr-florian.com\/?p=7188\">\u00d6laustritt nach Motorradunfall in Enzing<\/a><\/li>\r\n\r\n<li><a href=\"https:\/\/www.feuerwehr-florian.com\/?p=7181\">28.06.2018<\/a> | <a href=\"https:\/\/www.feuerwehr-florian.com\/?p=7181\">Brand elektrische Anlage in Fernbach<\/a><\/li>\r\n\r\n<li><a href=\"https:\/\/www.feuerwehr-florian.com\/?p=7160\">20.06.2018<\/a> | <a href=\"https:\/\/www.feuerwehr-florian.com\/?p=7160\">Brand einer Strohballenpresse in Oberweidlham<\/a><\/li>\r\n\r\n<li><a href=\"https:\/\/www.feuerwehr-florian.com\/?p=7155\">11.06.2018<\/a> | <a href=\"https:\/\/www.feuerwehr-florian.com\/?p=7155\">Baum \u00fcber Stra\u00dfe in Taunleiten<\/a><\/li>\r\n\r\n<li><a href=\"https:\/\/www.feuerwehr-florian.com\/?p=7151\">27.05.2018<\/a> | <a href=\"https:\/\/www.feuerwehr-florian.com\/?p=7151\">Verkehrsunfall auf der A1 Fahrtrichtung Wien<\/a><\/li>\r\n\r\n<li><a href=\"https:\/\/www.feuerwehr-florian.com\/?p=7139\">22.05.2018<\/a> | <a href=\"https:\/\/www.feuerwehr-florian.com\/?p=7139\">Rauchentwicklung bei Fahrzeug auf der Westautobahn<\/a><\/li>\r\n\r\n<li><a href=\"https:\/\/www.feuerwehr-florian.com\/?p=7074\">11.05.2018<\/a> | <a href=\"https:\/\/www.feuerwehr-florian.com\/?p=7074\">Brandverdacht in Mickstetten<\/a><\/li>\r\n\r\n<li><a href=\"https:\/\/www.feuerwehr-florian.com\/?p=7004\">15.04.2018<\/a> | <a href=\"https:\/\/www.feuerwehr-florian.com\/?p=7004\">\u00d6lspur in der Brucknerstra\u00dfe<\/a><\/li>\r\n\r\n<li><a href=\"https:\/\/www.feuerwehr-florian.com\/?p=6983\">07.04.2018<\/a> | <a href=\"https:\/\/www.feuerwehr-florian.com\/?p=6983\">\u00d6laustritt aus umgest\u00fcrzten Dumper<\/a><\/li>\r\n\r\n<li><a href=\"https:\/\/www.feuerwehr-florian.com\/?p=6971\">07.04.2018<\/a> | <a href=\"https:\/\/www.feuerwehr-florian.com\/?p=6971\">Verkehrsunfall auf der Wolfener Stra\u00dfe<\/a><\/li>\r\n\r\n<li><a href=\"https:\/\/www.feuerwehr-florian.com\/?p=6957\">02.04.2018<\/a> | <a href=\"https:\/\/www.feuerwehr-florian.com\/?p=6957\">Wasserschaden in Einkaufshaus<\/a><\/li>\r\n\r\n<li><a href=\"https:\/\/www.feuerwehr-florian.com\/?p=6950\">29.03.2018<\/a> | <a href=\"https:\/\/www.feuerwehr-florian.com\/?p=6950\">LKW Bergung<\/a><\/li>\r\n\r\n<li><a href=\"https:\/\/www.feuerwehr-florian.com\/?p=6888\">20.03.2018<\/a> | <a href=\"https:\/\/www.feuerwehr-florian.com\/?p=6888\">Glimmbrand in einem Hackschnitzellager in Fernbach bei St. Florian<\/a><\/li>\r\n\r\n<li><a href=\"https:\/\/www.feuerwehr-florian.com\/?p=6881\">18.03.2018<\/a> | <a href=\"https:\/\/www.feuerwehr-florian.com\/?p=6881\">Fahrzeugbergung auf Umfahrungstra\u00dfe N\u00e4he Autobahnabfahrt<\/a><\/li>\r\n\r\n<li><a href=\"https:\/\/www.feuerwehr-florian.com\/?p=6878\">16.03.2018<\/a> | <a href=\"https:\/\/www.feuerwehr-florian.com\/?p=6878\">Brandmeldealarm im Industriegebiet<\/a><\/li>\r\n\r\n<li><a href=\"https:\/\/www.feuerwehr-florian.com\/?p=6786\">10.02.2018<\/a> | <a href=\"https:\/\/www.feuerwehr-florian.com\/?p=6786\">Schadstoffeinsatz in der Schlagerstra\u00dfe<\/a><\/li>\r\n\r\n<li><a href=\"https:\/\/www.feuerwehr-florian.com\/?p=6774\">26.01.2018<\/a> | <a href=\"https:\/\/www.feuerwehr-florian.com\/?p=6774\">Fahrzeugbergung in Fernbach<\/a><\/li>\r\n<\/ul>\n\t<\/div><!--#w4pl-inner-6870-->\n<\/div><!--#w4pl-6870-->\n<!--END_W4PL_List_6870-->\n\n\n<!-- Page-list plugin v.5.9 wordpress.org\/plugins\/page-list\/ -->\n<ul class=\"page-list siblings-page-list pagelist\">\n<li class=\"page_item page-item-11710\"><a href=\"https:\/\/www.feuerwehr-florian.com\/?page_id=11710\">Eingabe Hochwassermessung<\/a><\/li>\n<li class=\"page_item page-item-12060 page_item_has_children\"><a href=\"https:\/\/www.feuerwehr-florian.com\/?page_id=12060\">Veranstaltungen<\/a><\/li>\n<li class=\"page_item page-item-884 page_item_has_children\"><a href=\"https:\/\/www.feuerwehr-florian.com\/?page_id=884\">Aktivit\u00e4ten<\/a><\/li>\n<li class=\"page_item page-item-973\"><a href=\"https:\/\/www.feuerwehr-florian.com\/?page_id=973\">Kontakt &#038; Anfahrt<\/a><\/li>\n<li class=\"page_item page-item-886 page_item_has_children\"><a href=\"https:\/\/www.feuerwehr-florian.com\/?page_id=886\">Feuerwehr<\/a><\/li>\n<li class=\"page_item page-item-958\"><a href=\"https:\/\/www.feuerwehr-florian.com\/?page_id=958\">Impressum, Offenlegung &#038; Datenschutz<\/a><\/li>\n<li class=\"page_item page-item-888 page_item_has_children\"><a href=\"https:\/\/www.feuerwehr-florian.com\/?page_id=888\">Jugend<\/a><\/li>\n<li class=\"page_item page-item-971\"><a href=\"https:\/\/www.feuerwehr-florian.com\/?page_id=971\">Nutzungsbedingungen<\/a><\/li>\n<li class=\"page_item page-item-1019 page_item_has_children\"><a href=\"https:\/\/www.feuerwehr-florian.com\/?page_id=1019\">Wissenswertes<\/a><\/li>\n<li class=\"page_item page-item-9630\"><a href=\"https:\/\/www.feuerwehr-florian.com\/?page_id=9630\">Sponsoren<\/a><\/li>\n<li class=\"page_item page-item-3804\"><a href=\"https:\/\/www.feuerwehr-florian.com\/?page_id=3804\">Web<\/a><\/li>\n\n<\/ul>\n","protected":false},"excerpt":{"rendered":"<p>Am 26.01.2018 um 12:48 Uhr wurde die FF St. Florian zu einer Fahrzeugbergung nach Fernbach gerufen. Ein Klein-LKW kam nicht mehr von der Stelle.<\/p>\n","protected":false},"author":2,"featured_media":6787,"parent":12816,"menu_order":98,"comment_status":"closed","ping_status":"closed","template":"fullwidth.php","meta":{"footnotes":""},"class_list":["post-6860","page","type-page","status-publish","has-post-thumbnail","hentry"],"jetpack_sharing_enabled":true,"jetpack_likes_enabled":true,"_links":{"self":[{"href":"https:\/\/www.feuerwehr-florian.com\/index.php?rest_route=\/wp\/v2\/pages\/6860","targetHints":{"allow":["GET"]}}],"collection":[{"href":"https:\/\/www.feuerwehr-florian.com\/index.php?rest_route=\/wp\/v2\/pages"}],"about":[{"href":"https:\/\/www.feuerwehr-florian.com\/index.php?rest_route=\/wp\/v2\/types\/page"}],"author":[{"embeddable":true,"href":"https:\/\/www.feuerwehr-florian.com\/index.php?rest_route=\/wp\/v2\/users\/2"}],"replies":[{"embeddable":true,"href":"https:\/\/www.feuerwehr-florian.com\/index.php?rest_route=%2Fwp%2Fv2%2Fcomments&post=6860"}],"version-history":[{"count":7,"href":"https:\/\/www.feuerwehr-florian.com\/index.php?rest_route=\/wp\/v2\/pages\/6860\/revisions"}],"predecessor-version":[{"id":6873,"href":"https:\/\/www.feuerwehr-florian.com\/index.php?rest_route=\/wp\/v2\/pages\/6860\/revisions\/6873"}],"up":[{"embeddable":true,"href":"https:\/\/www.feuerwehr-florian.com\/index.php?rest_route=\/wp\/v2\/pages\/12816"}],"wp:featuredmedia":[{"embeddable":true,"href":"https:\/\/www.feuerwehr-florian.com\/index.php?rest_route=\/wp\/v2\/media\/6787"}],"wp:attachment":[{"href":"https:\/\/www.feuerwehr-florian.com\/index.php?rest_route=%2Fwp%2Fv2%2Fmedia&parent=6860"}],"curies":[{"name":"wp","href":"https:\/\/api.w.org\/{rel}","templated":true}]}}