{"id":6874,"date":"2018-03-13T18:35:39","date_gmt":"2018-03-13T17:35:39","guid":{"rendered":"http:\/\/www.feuerwehr-florian.com\/?page_id=6874"},"modified":"2026-01-03T11:46:31","modified_gmt":"2026-01-03T10:46:31","slug":"einsaetze-2019","status":"publish","type":"page","link":"https:\/\/www.feuerwehr-florian.com\/?page_id=6874","title":{"rendered":"Eins\u00e4tze 2019"},"content":{"rendered":"<p>Eine Auflistung aller\u00a0Eins\u00e4tze aus dem Jahr 2019.<\/p>\n<!--W4PL_List_6871-->\n<div id=\"w4pl-list-6871\" class=\"w4pl\">\n\t<div id=\"w4pl-inner-6871\" class=\"w4pl-inner\">\n\t\t<ul>\r\n<li><a href=\"https:\/\/www.feuerwehr-florian.com\/?p=8532\">29.12.2019<\/a> | <a href=\"https:\/\/www.feuerwehr-florian.com\/?p=8532\">Rauchentwicklung im Bezirksaltenheim<\/a><\/li>\r\n\r\n<li><a href=\"https:\/\/www.feuerwehr-florian.com\/?p=8420\">22.10.2019<\/a> | <a href=\"https:\/\/www.feuerwehr-florian.com\/?p=8420\">K\u00fcchenbrand in \u00d6lkam rasch gel\u00f6scht<\/a><\/li>\r\n\r\n<li><a href=\"https:\/\/www.feuerwehr-florian.com\/?p=8396\">30.09.2019<\/a> | <a href=\"https:\/\/www.feuerwehr-florian.com\/?p=8396\">Brand eines M\u00e4hdreschers in Mickstetten<\/a><\/li>\r\n\r\n<li><a href=\"https:\/\/www.feuerwehr-florian.com\/?p=8355\">30.08.2019<\/a> | <a href=\"https:\/\/www.feuerwehr-florian.com\/?p=8355\">Fahrzeugbergung in Weiling<\/a><\/li>\r\n\r\n<li><a href=\"https:\/\/www.feuerwehr-florian.com\/?p=8352\">29.08.2019<\/a> | <a href=\"https:\/\/www.feuerwehr-florian.com\/?p=8352\">Mehrere Vermurungen im Ortsgebiet von St. Florian<\/a><\/li>\r\n\r\n<li><a href=\"https:\/\/www.feuerwehr-florian.com\/?p=8348\">27.08.2019<\/a> | <a href=\"https:\/\/www.feuerwehr-florian.com\/?p=8348\">Brandmeldealarm im Astenfeld bei einer Tankstelle<\/a><\/li>\r\n\r\n<li><a href=\"https:\/\/www.feuerwehr-florian.com\/?p=8297\">08.08.2019<\/a> | <a href=\"https:\/\/www.feuerwehr-florian.com\/?p=8297\">Brandmeldealarm in der Landwirtschaftschule<\/a><\/li>\r\n\r\n<li><a href=\"https:\/\/www.feuerwehr-florian.com\/?p=8287\">03.08.2019<\/a> | <a href=\"https:\/\/www.feuerwehr-florian.com\/?p=8287\">Verkehrsunfall auf der A1<\/a><\/li>\r\n\r\n<li><a href=\"https:\/\/www.feuerwehr-florian.com\/?p=8277\">26.07.2019<\/a> | <a href=\"https:\/\/www.feuerwehr-florian.com\/?p=8277\">Brandverdacht &#8222;Am Ipfbach&#8220;<\/a><\/li>\r\n\r\n<li><a href=\"https:\/\/www.feuerwehr-florian.com\/?p=8269\">22.07.2019<\/a> | <a href=\"https:\/\/www.feuerwehr-florian.com\/?p=8269\">Brandmeldealarm in der Landwirtschaftsschule<\/a><\/li>\r\n\r\n<li><a href=\"https:\/\/www.feuerwehr-florian.com\/?p=8267\">22.07.2019<\/a> | <a href=\"https:\/\/www.feuerwehr-florian.com\/?p=8267\">Brandmeldealarm im Astenfeld<\/a><\/li>\r\n\r\n<li><a href=\"https:\/\/www.feuerwehr-florian.com\/?p=8261\">18.07.2019<\/a> | <a href=\"https:\/\/www.feuerwehr-florian.com\/?p=8261\">Dringende T\u00fcr\u00f6ffnung in der Prandtauerstra\u00dfe<\/a><\/li>\r\n\r\n<li><a href=\"https:\/\/www.feuerwehr-florian.com\/?p=8240\">01.07.2019<\/a> | <a href=\"https:\/\/www.feuerwehr-florian.com\/?p=8240\">Sturmschaden in Weilling<\/a><\/li>\r\n\r\n<li><a href=\"https:\/\/www.feuerwehr-florian.com\/?p=8236\">01.07.2019<\/a> | <a href=\"https:\/\/www.feuerwehr-florian.com\/?p=8236\">Vermeintliche Personenrettung aus Aufzug<\/a><\/li>\r\n\r\n<li><a href=\"https:\/\/www.feuerwehr-florian.com\/?p=8215\">28.06.2019<\/a> | <a href=\"https:\/\/www.feuerwehr-florian.com\/?p=8215\">\u00d6lspur auf der A1 H\u00f6he Ebelsbergerberg<\/a><\/li>\r\n\r\n<li><a href=\"https:\/\/www.feuerwehr-florian.com\/?p=8187\">14.06.2019<\/a> | <a href=\"https:\/\/www.feuerwehr-florian.com\/?p=8187\">Brandeinsatz auf einer Baustelle neben der Wienerstra\u00dfe<\/a><\/li>\r\n\r\n<li><a href=\"https:\/\/www.feuerwehr-florian.com\/?p=8172\">04.06.2019<\/a> | <a href=\"https:\/\/www.feuerwehr-florian.com\/?p=8172\">Langwieriger Schadstoffaustritt in Niederneukirchen<\/a><\/li>\r\n\r\n<li><a href=\"https:\/\/www.feuerwehr-florian.com\/?p=8153\">26.05.2019<\/a> | <a href=\"https:\/\/www.feuerwehr-florian.com\/?p=8153\">Verkehrsunfall Umfahrungsstra\u00dfe<\/a><\/li>\r\n\r\n<li><a href=\"https:\/\/www.feuerwehr-florian.com\/?p=8063\">04.05.2019<\/a> | <a href=\"https:\/\/www.feuerwehr-florian.com\/?p=8063\">31. Florianikirtag bei der FF St. Florian<\/a><\/li>\r\n\r\n<li><a href=\"https:\/\/www.feuerwehr-florian.com\/?p=8049\">27.04.2019<\/a> | <a href=\"https:\/\/www.feuerwehr-florian.com\/?p=8049\">Aufr\u00e4umarbeiten nach Verkehrsunfall bei Kreisverkehr Niederfraunleiten<\/a><\/li>\r\n\r\n<li><a href=\"https:\/\/www.feuerwehr-florian.com\/?p=8022\">24.04.2019<\/a> | <a href=\"https:\/\/www.feuerwehr-florian.com\/?p=8022\">Brandeinsatz in Volkersdorf &#8211; Alarmstufe 3<\/a><\/li>\r\n\r\n<li><a href=\"https:\/\/www.feuerwehr-florian.com\/?p=7999\">15.04.2019<\/a> | <a href=\"https:\/\/www.feuerwehr-florian.com\/?p=7999\">T\u00fcr\u00f6ffnung nach Unfallverdacht in Taunleiten<\/a><\/li>\r\n\r\n<li><a href=\"https:\/\/www.feuerwehr-florian.com\/?p=7995\">09.04.2019<\/a> | <a href=\"https:\/\/www.feuerwehr-florian.com\/?p=7995\">Vermeintlicher Fahrzeugbrand auf der A1 Fahrtrichtung Salzburg<\/a><\/li>\r\n\r\n<li><a href=\"https:\/\/www.feuerwehr-florian.com\/?p=7988\">18.03.2019<\/a> | <a href=\"https:\/\/www.feuerwehr-florian.com\/?p=7988\">PKW &#038; LKW Bergung in Mickstetten<\/a><\/li>\r\n\r\n<li><a href=\"https:\/\/www.feuerwehr-florian.com\/?p=7986\">18.03.2019<\/a> | <a href=\"https:\/\/www.feuerwehr-florian.com\/?p=7986\">T\u00fcr\u00f6ffnung nach Unfallverdacht<\/a><\/li>\r\n\r\n<li><a href=\"https:\/\/www.feuerwehr-florian.com\/?p=7967\">15.03.2019<\/a> | <a href=\"https:\/\/www.feuerwehr-florian.com\/?p=7967\">LKW Unfall auf der A1 Fahrtrichtung Wien<\/a><\/li>\r\n\r\n<li><a href=\"https:\/\/www.feuerwehr-florian.com\/?p=7957\">12.03.2019<\/a> | <a href=\"https:\/\/www.feuerwehr-florian.com\/?p=7957\">Tragehilfe f\u00fcr das Rote Kreuz<\/a><\/li>\r\n\r\n<li><a href=\"https:\/\/www.feuerwehr-florian.com\/?p=7947\">04.03.2019<\/a> | <a href=\"https:\/\/www.feuerwehr-florian.com\/?p=7947\">Defekt an Zapfs\u00e4ule sorgt f\u00fcr Feuerwehreinsatz<\/a><\/li>\r\n\r\n<li><a href=\"https:\/\/www.feuerwehr-florian.com\/?p=7933\">26.02.2019<\/a> | <a href=\"https:\/\/www.feuerwehr-florian.com\/?p=7933\">Verkehrsunfall Wolfener Landesstra\u00dfe<\/a><\/li>\r\n\r\n<li><a href=\"https:\/\/www.feuerwehr-florian.com\/?p=7923\">23.02.2019<\/a> | <a href=\"https:\/\/www.feuerwehr-florian.com\/?p=7923\">Vermeintlicher LKW Brand auf der A1<\/a><\/li>\r\n\r\n<li><a href=\"https:\/\/www.feuerwehr-florian.com\/?p=7656\">24.01.2019<\/a> | <a href=\"https:\/\/www.feuerwehr-florian.com\/?p=7656\">Fahrzeugbrand mit Feuerl\u00f6scher in Schach gehalten<\/a><\/li>\r\n\r\n<li><a href=\"https:\/\/www.feuerwehr-florian.com\/?p=7647\">23.01.2019<\/a> | <a href=\"https:\/\/www.feuerwehr-florian.com\/?p=7647\">Fahrzeugbergung in Hohenbrunn<\/a><\/li>\r\n\r\n<li><a href=\"https:\/\/www.feuerwehr-florian.com\/?p=7637\">14.01.2019<\/a> | <a href=\"https:\/\/www.feuerwehr-florian.com\/?p=7637\">Assistenzeinsatz mit der Teleskopmastb\u00fchne in Rosenau am Hengstpass<\/a><\/li>\r\n\r\n<li><a href=\"https:\/\/www.feuerwehr-florian.com\/?p=7619\">12.01.2019<\/a> | <a href=\"https:\/\/www.feuerwehr-florian.com\/?p=7619\">Assistenzeinsatz in Ebensee auf Grund des Schneedrucks<\/a><\/li>\r\n<\/ul>\n\t<\/div><!--#w4pl-inner-6871-->\n<\/div><!--#w4pl-6871-->\n<!--END_W4PL_List_6871-->\n\n\n<!-- Page-list plugin v.5.9 wordpress.org\/plugins\/page-list\/ -->\n<ul class=\"page-list siblings-page-list pagelist\">\n<li class=\"page_item page-item-11710\"><a href=\"https:\/\/www.feuerwehr-florian.com\/?page_id=11710\">Eingabe Hochwassermessung<\/a><\/li>\n<li class=\"page_item page-item-12060 page_item_has_children\"><a href=\"https:\/\/www.feuerwehr-florian.com\/?page_id=12060\">Veranstaltungen<\/a><\/li>\n<li class=\"page_item page-item-884 page_item_has_children\"><a href=\"https:\/\/www.feuerwehr-florian.com\/?page_id=884\">Aktivit\u00e4ten<\/a><\/li>\n<li class=\"page_item page-item-973\"><a href=\"https:\/\/www.feuerwehr-florian.com\/?page_id=973\">Kontakt &#038; Anfahrt<\/a><\/li>\n<li class=\"page_item page-item-886 page_item_has_children\"><a href=\"https:\/\/www.feuerwehr-florian.com\/?page_id=886\">Feuerwehr<\/a><\/li>\n<li class=\"page_item page-item-958\"><a href=\"https:\/\/www.feuerwehr-florian.com\/?page_id=958\">Impressum, Offenlegung &#038; Datenschutz<\/a><\/li>\n<li class=\"page_item page-item-888 page_item_has_children\"><a href=\"https:\/\/www.feuerwehr-florian.com\/?page_id=888\">Jugend<\/a><\/li>\n<li class=\"page_item page-item-971\"><a href=\"https:\/\/www.feuerwehr-florian.com\/?page_id=971\">Nutzungsbedingungen<\/a><\/li>\n<li class=\"page_item page-item-1019 page_item_has_children\"><a href=\"https:\/\/www.feuerwehr-florian.com\/?page_id=1019\">Wissenswertes<\/a><\/li>\n<li class=\"page_item page-item-9630\"><a href=\"https:\/\/www.feuerwehr-florian.com\/?page_id=9630\">Sponsoren<\/a><\/li>\n<li class=\"page_item page-item-3804\"><a href=\"https:\/\/www.feuerwehr-florian.com\/?page_id=3804\">Web<\/a><\/li>\n\n<\/ul>\n","protected":false},"excerpt":{"rendered":"<p>Am Samstag den 12. J\u00e4nner 2019 unterst\u00fctzen sieben Feuerwehren des Bezirks Linz-Land die Eins\u00e4tzkr\u00e4fte in Ebensee um das Flachdach eines Firmenkomplexes vom Schnee zu befreien.<\/p>\n","protected":false},"author":1,"featured_media":7639,"parent":12816,"menu_order":97,"comment_status":"closed","ping_status":"closed","template":"fullwidth.php","meta":{"footnotes":""},"class_list":["post-6874","page","type-page","status-publish","has-post-thumbnail","hentry"],"jetpack_sharing_enabled":true,"jetpack_likes_enabled":true,"_links":{"self":[{"href":"https:\/\/www.feuerwehr-florian.com\/index.php?rest_route=\/wp\/v2\/pages\/6874","targetHints":{"allow":["GET"]}}],"collection":[{"href":"https:\/\/www.feuerwehr-florian.com\/index.php?rest_route=\/wp\/v2\/pages"}],"about":[{"href":"https:\/\/www.feuerwehr-florian.com\/index.php?rest_route=\/wp\/v2\/types\/page"}],"author":[{"embeddable":true,"href":"https:\/\/www.feuerwehr-florian.com\/index.php?rest_route=\/wp\/v2\/users\/1"}],"replies":[{"embeddable":true,"href":"https:\/\/www.feuerwehr-florian.com\/index.php?rest_route=%2Fwp%2Fv2%2Fcomments&post=6874"}],"version-history":[{"count":1,"href":"https:\/\/www.feuerwehr-florian.com\/index.php?rest_route=\/wp\/v2\/pages\/6874\/revisions"}],"predecessor-version":[{"id":6876,"href":"https:\/\/www.feuerwehr-florian.com\/index.php?rest_route=\/wp\/v2\/pages\/6874\/revisions\/6876"}],"up":[{"embeddable":true,"href":"https:\/\/www.feuerwehr-florian.com\/index.php?rest_route=\/wp\/v2\/pages\/12816"}],"wp:featuredmedia":[{"embeddable":true,"href":"https:\/\/www.feuerwehr-florian.com\/index.php?rest_route=\/wp\/v2\/media\/7639"}],"wp:attachment":[{"href":"https:\/\/www.feuerwehr-florian.com\/index.php?rest_route=%2Fwp%2Fv2%2Fmedia&parent=6874"}],"curies":[{"name":"wp","href":"https:\/\/api.w.org\/{rel}","templated":true}]}}