{"id":821,"date":"2016-01-02T18:23:50","date_gmt":"2016-01-02T17:23:50","guid":{"rendered":"http:\/\/wp.feuerwehr-florian.com\/?page_id=821"},"modified":"2026-01-03T11:47:31","modified_gmt":"2026-01-03T10:47:31","slug":"einsaetze-2014","status":"publish","type":"page","link":"https:\/\/www.feuerwehr-florian.com\/?page_id=821","title":{"rendered":"Eins\u00e4tze 2014"},"content":{"rendered":"<p>Eine Auflistung aller\u00a0Eins\u00e4tze aus dem Jahr 2014.<\/p>\n<!--W4PL_List_810-->\n<div id=\"w4pl-list-810\" class=\"w4pl\">\n\t<div id=\"w4pl-inner-810\" class=\"w4pl-inner\">\n\t\t<ul>\r\n<li><a href=\"https:\/\/www.feuerwehr-florian.com\/?p=386\">27.12.2014<\/a> | <a href=\"https:\/\/www.feuerwehr-florian.com\/?p=386\">Verkehrsunfall Wolferner Landesstra\u00dfe &#8211; eine Person verletzt<\/a><\/li>\r\n\r\n<li><a href=\"https:\/\/www.feuerwehr-florian.com\/?p=389\">26.12.2014<\/a> | <a href=\"https:\/\/www.feuerwehr-florian.com\/?p=389\">Fahrzeug\u00fcberschlag in der Thannstra\u00dfe<\/a><\/li>\r\n\r\n<li><a href=\"https:\/\/www.feuerwehr-florian.com\/?p=395\">24.12.2014<\/a> | <a href=\"https:\/\/www.feuerwehr-florian.com\/?p=395\">Brandmeldealarm in Samesleiten<\/a><\/li>\r\n\r\n<li><a href=\"https:\/\/www.feuerwehr-florian.com\/?p=398\">20.12.2014<\/a> | <a href=\"https:\/\/www.feuerwehr-florian.com\/?p=398\">Brandmeldealarm in Samesleiten<\/a><\/li>\r\n\r\n<li><a href=\"https:\/\/www.feuerwehr-florian.com\/?p=400\">26.11.2014<\/a> | <a href=\"https:\/\/www.feuerwehr-florian.com\/?p=400\">Personenrettung im Astenfeld<\/a><\/li>\r\n\r\n<li><a href=\"https:\/\/www.feuerwehr-florian.com\/?p=403\">23.11.2014<\/a> | <a href=\"https:\/\/www.feuerwehr-florian.com\/?p=403\">Fahrzeugbrand A1 Fahrtrichtung Wien<\/a><\/li>\r\n\r\n<li><a href=\"https:\/\/www.feuerwehr-florian.com\/?p=405\">21.11.2014<\/a> | <a href=\"https:\/\/www.feuerwehr-florian.com\/?p=405\">Kraftstoffaustritt auf der A1<\/a><\/li>\r\n\r\n<li><a href=\"https:\/\/www.feuerwehr-florian.com\/?p=418\">30.10.2014<\/a> | <a href=\"https:\/\/www.feuerwehr-florian.com\/?p=418\">KFZ-Brand droht auf Wald \u00fcberzugreifen<\/a><\/li>\r\n\r\n<li><a href=\"https:\/\/www.feuerwehr-florian.com\/?p=427\">15.10.2014<\/a> | <a href=\"https:\/\/www.feuerwehr-florian.com\/?p=427\">Technischer Einsatz &#8211; Treibstoffaustritt<\/a><\/li>\r\n\r\n<li><a href=\"https:\/\/www.feuerwehr-florian.com\/?p=430\">07.10.2014<\/a> | <a href=\"https:\/\/www.feuerwehr-florian.com\/?p=430\">KFZ-Brand auf der A1<\/a><\/li>\r\n\r\n<li><a href=\"https:\/\/www.feuerwehr-florian.com\/?p=432\">24.09.2014<\/a> | <a href=\"https:\/\/www.feuerwehr-florian.com\/?p=432\">Kleinbrand im Astenfeld<\/a><\/li>\r\n\r\n<li><a href=\"https:\/\/www.feuerwehr-florian.com\/?p=436\">16.09.2014<\/a> | <a href=\"https:\/\/www.feuerwehr-florian.com\/?p=436\">Gasgeruch im Astenfeld<\/a><\/li>\r\n\r\n<li><a href=\"https:\/\/www.feuerwehr-florian.com\/?p=439\">22.07.2014<\/a> | <a href=\"https:\/\/www.feuerwehr-florian.com\/?p=439\">Fahrzeugbergung im Carloneweg<\/a><\/li>\r\n\r\n<li><a href=\"https:\/\/www.feuerwehr-florian.com\/?p=444\">21.07.2014<\/a> | <a href=\"https:\/\/www.feuerwehr-florian.com\/?p=444\">\u00d6lspur in Unterweidlham<\/a><\/li>\r\n\r\n<li><a href=\"https:\/\/www.feuerwehr-florian.com\/?p=447\">20.07.2014<\/a> | <a href=\"https:\/\/www.feuerwehr-florian.com\/?p=447\">Brandverdacht nach Blitzschlag<\/a><\/li>\r\n\r\n<li><a href=\"https:\/\/www.feuerwehr-florian.com\/?p=452\">19.07.2014<\/a> | <a href=\"https:\/\/www.feuerwehr-florian.com\/?p=452\">Wasserschaden in der Prandtauerstra\u00dfe<\/a><\/li>\r\n\r\n<li><a href=\"https:\/\/www.feuerwehr-florian.com\/?p=454\">18.07.2014<\/a> | <a href=\"https:\/\/www.feuerwehr-florian.com\/?p=454\">Brandverdacht in Niederfraunleiten<\/a><\/li>\r\n\r\n<li><a href=\"https:\/\/www.feuerwehr-florian.com\/?p=456\">04.07.2014<\/a> | <a href=\"https:\/\/www.feuerwehr-florian.com\/?p=456\">Brand eines M\u00e4hdreschers in Mickstetten<\/a><\/li>\r\n\r\n<li><a href=\"https:\/\/www.feuerwehr-florian.com\/?p=466\">24.06.2014<\/a> | <a href=\"https:\/\/www.feuerwehr-florian.com\/?p=466\">Schwerer LKW Unfall auf der A1 Fahrtrichtungs Salzburg<\/a><\/li>\r\n\r\n<li><a href=\"https:\/\/www.feuerwehr-florian.com\/?p=474\">19.06.2014<\/a> | <a href=\"https:\/\/www.feuerwehr-florian.com\/?p=474\">Brandverdacht in Taunleiten<\/a><\/li>\r\n\r\n<li><a href=\"https:\/\/www.feuerwehr-florian.com\/?p=480\">09.06.2014<\/a> | <a href=\"https:\/\/www.feuerwehr-florian.com\/?p=480\">Fahrzeugbergung nach Verkehrsunfall<\/a><\/li>\r\n\r\n<li><a href=\"https:\/\/www.feuerwehr-florian.com\/?p=485\">09.06.2014<\/a> | <a href=\"https:\/\/www.feuerwehr-florian.com\/?p=485\">\u00d6lspur vor der Einsatzzentrale<\/a><\/li>\r\n\r\n<li><a href=\"https:\/\/www.feuerwehr-florian.com\/?p=487\">05.06.2014<\/a> | <a href=\"https:\/\/www.feuerwehr-florian.com\/?p=487\">T\u00e4uschungsalarm im Stift St. Florian<\/a><\/li>\r\n\r\n<li><a href=\"https:\/\/www.feuerwehr-florian.com\/?p=491\">24.05.2014<\/a> | <a href=\"https:\/\/www.feuerwehr-florian.com\/?p=491\">Containerbrand in der Stiftsstra\u00dfe<\/a><\/li>\r\n\r\n<li><a href=\"https:\/\/www.feuerwehr-florian.com\/?p=495\">15.05.2014<\/a> | <a href=\"https:\/\/www.feuerwehr-florian.com\/?p=495\">Brandmeldealarm im Internat der S\u00e4ngerknaben<\/a><\/li>\r\n\r\n<li><a href=\"https:\/\/www.feuerwehr-florian.com\/?p=497\">29.04.2014<\/a> | <a href=\"https:\/\/www.feuerwehr-florian.com\/?p=497\">Brandmeldealarm im Astenfeld<\/a><\/li>\r\n\r\n<li><a href=\"https:\/\/www.feuerwehr-florian.com\/?p=499\">24.04.2014<\/a> | <a href=\"https:\/\/www.feuerwehr-florian.com\/?p=499\">Verkehrsunfall &#8211; Auto \u00fcberschlug sich<\/a><\/li>\r\n\r\n<li><a href=\"https:\/\/www.feuerwehr-florian.com\/?p=507\">21.04.2014<\/a> | <a href=\"https:\/\/www.feuerwehr-florian.com\/?p=507\">Verkehrsunfall A1 Fahrtrichtung Salzburg<\/a><\/li>\r\n\r\n<li><a href=\"https:\/\/www.feuerwehr-florian.com\/?p=514\">17.04.2014<\/a> | <a href=\"https:\/\/www.feuerwehr-florian.com\/?p=514\">Brandmeldealarm durch Rauchentwicklung in einem Mistk\u00fcbel<\/a><\/li>\r\n\r\n<li><a href=\"https:\/\/www.feuerwehr-florian.com\/?p=527\">08.04.2014<\/a> | <a href=\"https:\/\/www.feuerwehr-florian.com\/?p=527\">Reifenteile schlugen Tanks von LKW&#8217;s auf &#8211; Sperre der A1<\/a><\/li>\r\n\r\n<li><a href=\"https:\/\/www.feuerwehr-florian.com\/?p=561\">22.03.2014<\/a> | <a href=\"https:\/\/www.feuerwehr-florian.com\/?p=561\">Umgest\u00fcrzte Anh\u00e4nger auf der Umfahrungsstra\u00dfe<\/a><\/li>\r\n\r\n<li><a href=\"https:\/\/www.feuerwehr-florian.com\/?p=571\">09.03.2014<\/a> | <a href=\"https:\/\/www.feuerwehr-florian.com\/?p=571\">KFZ Brand Autobahn A1 Fahrtrichtung Salzburg<\/a><\/li>\r\n\r\n<li><a href=\"https:\/\/www.feuerwehr-florian.com\/?p=573\">04.03.2014<\/a> | <a href=\"https:\/\/www.feuerwehr-florian.com\/?p=573\">KFZ Brand Autobahn A1 Fahrtrichtung Wien<\/a><\/li>\r\n\r\n<li><a href=\"https:\/\/www.feuerwehr-florian.com\/?p=575\">01.03.2014<\/a> | <a href=\"https:\/\/www.feuerwehr-florian.com\/?p=575\">T\u00fcr\u00f6ffnung in der Prandtauerstra\u00dfe<\/a><\/li>\r\n\r\n<li><a href=\"https:\/\/www.feuerwehr-florian.com\/?p=577\">17.02.2014<\/a> | <a href=\"https:\/\/www.feuerwehr-florian.com\/?p=577\">Personenrettung in der Westbahnstra\u00dfe<\/a><\/li>\r\n\r\n<li><a href=\"https:\/\/www.feuerwehr-florian.com\/?p=582\">05.02.2014<\/a> | <a href=\"https:\/\/www.feuerwehr-florian.com\/?p=582\">Feuerwehrm\u00e4nner befreien Katze aus Kanalschacht<\/a><\/li>\r\n\r\n<li><a href=\"https:\/\/www.feuerwehr-florian.com\/?p=588\">04.02.2014<\/a> | <a href=\"https:\/\/www.feuerwehr-florian.com\/?p=588\">Angebrannte Speisen im Pummerinfeld<\/a><\/li>\r\n\r\n<li><a href=\"https:\/\/www.feuerwehr-florian.com\/?p=601\">04.02.2014<\/a> | <a href=\"https:\/\/www.feuerwehr-florian.com\/?p=601\">Erneuter Einsatz &#8211; Verkehrsunfall<\/a><\/li>\r\n\r\n<li><a href=\"https:\/\/www.feuerwehr-florian.com\/?p=590\">29.01.2014<\/a> | <a href=\"https:\/\/www.feuerwehr-florian.com\/?p=590\">Brand in einem Wohnhaus in Hausleiten<\/a><\/li>\r\n\r\n<li><a href=\"https:\/\/www.feuerwehr-florian.com\/?p=592\">27.01.2014<\/a> | <a href=\"https:\/\/www.feuerwehr-florian.com\/?p=592\">Fahrzeugbergung in Weiling<\/a><\/li>\r\n\r\n<li><a href=\"https:\/\/www.feuerwehr-florian.com\/?p=594\">20.01.2014<\/a> | <a href=\"https:\/\/www.feuerwehr-florian.com\/?p=594\">\u00d6laustritt auf der Ipf-Landesstra\u00dfe<\/a><\/li>\r\n\r\n<li><a href=\"https:\/\/www.feuerwehr-florian.com\/?p=596\">09.01.2014<\/a> | <a href=\"https:\/\/www.feuerwehr-florian.com\/?p=596\">Kleinbrand in Mehrparteienhaus in Tillysburg<\/a><\/li>\r\n\r\n<li><a href=\"https:\/\/www.feuerwehr-florian.com\/?p=609\">04.01.2014<\/a> | <a href=\"https:\/\/www.feuerwehr-florian.com\/?p=609\">CO &#8211; Alarm in Pelletslager<\/a><\/li>\r\n<\/ul>\n\t<\/div><!--#w4pl-inner-810-->\n<\/div><!--#w4pl-810-->\n<!--END_W4PL_List_810-->\n\n\n<!-- Page-list plugin v.5.9 wordpress.org\/plugins\/page-list\/ -->\n<ul class=\"page-list siblings-page-list pagelist\">\n<li class=\"page_item page-item-11710\"><a href=\"https:\/\/www.feuerwehr-florian.com\/?page_id=11710\">Eingabe Hochwassermessung<\/a><\/li>\n<li class=\"page_item page-item-12060 page_item_has_children\"><a href=\"https:\/\/www.feuerwehr-florian.com\/?page_id=12060\">Veranstaltungen<\/a><\/li>\n<li class=\"page_item page-item-884 page_item_has_children\"><a href=\"https:\/\/www.feuerwehr-florian.com\/?page_id=884\">Aktivit\u00e4ten<\/a><\/li>\n<li class=\"page_item page-item-973\"><a href=\"https:\/\/www.feuerwehr-florian.com\/?page_id=973\">Kontakt &#038; Anfahrt<\/a><\/li>\n<li class=\"page_item page-item-886 page_item_has_children\"><a href=\"https:\/\/www.feuerwehr-florian.com\/?page_id=886\">Feuerwehr<\/a><\/li>\n<li class=\"page_item page-item-958\"><a href=\"https:\/\/www.feuerwehr-florian.com\/?page_id=958\">Impressum, Offenlegung &#038; Datenschutz<\/a><\/li>\n<li class=\"page_item page-item-888 page_item_has_children\"><a href=\"https:\/\/www.feuerwehr-florian.com\/?page_id=888\">Jugend<\/a><\/li>\n<li class=\"page_item page-item-971\"><a href=\"https:\/\/www.feuerwehr-florian.com\/?page_id=971\">Nutzungsbedingungen<\/a><\/li>\n<li class=\"page_item page-item-1019 page_item_has_children\"><a href=\"https:\/\/www.feuerwehr-florian.com\/?page_id=1019\">Wissenswertes<\/a><\/li>\n<li class=\"page_item page-item-9630\"><a href=\"https:\/\/www.feuerwehr-florian.com\/?page_id=9630\">Sponsoren<\/a><\/li>\n<li class=\"page_item page-item-3804\"><a href=\"https:\/\/www.feuerwehr-florian.com\/?page_id=3804\">Web<\/a><\/li>\n\n<\/ul>\n","protected":false},"excerpt":{"rendered":"<p>Am Abend des 04. J\u00e4nner 2014 wurde die FF St. Florian zu einem technischen Einsatz nach Oberweidlham alarmiert. Der Alarmierungstext &#8222;Gasgeruch in Pelletsraum&#8220; lie\u00df bereits bei der Anfahrt mehrere Fragen offen&#8230;<\/p>\n","protected":false},"author":1,"featured_media":3998,"parent":12816,"menu_order":102,"comment_status":"closed","ping_status":"closed","template":"fullwidth.php","meta":{"footnotes":""},"class_list":["post-821","page","type-page","status-publish","has-post-thumbnail","hentry"],"jetpack_sharing_enabled":true,"jetpack_likes_enabled":true,"_links":{"self":[{"href":"https:\/\/www.feuerwehr-florian.com\/index.php?rest_route=\/wp\/v2\/pages\/821","targetHints":{"allow":["GET"]}}],"collection":[{"href":"https:\/\/www.feuerwehr-florian.com\/index.php?rest_route=\/wp\/v2\/pages"}],"about":[{"href":"https:\/\/www.feuerwehr-florian.com\/index.php?rest_route=\/wp\/v2\/types\/page"}],"author":[{"embeddable":true,"href":"https:\/\/www.feuerwehr-florian.com\/index.php?rest_route=\/wp\/v2\/users\/1"}],"replies":[{"embeddable":true,"href":"https:\/\/www.feuerwehr-florian.com\/index.php?rest_route=%2Fwp%2Fv2%2Fcomments&post=821"}],"version-history":[{"count":4,"href":"https:\/\/www.feuerwehr-florian.com\/index.php?rest_route=\/wp\/v2\/pages\/821\/revisions"}],"predecessor-version":[{"id":4164,"href":"https:\/\/www.feuerwehr-florian.com\/index.php?rest_route=\/wp\/v2\/pages\/821\/revisions\/4164"}],"up":[{"embeddable":true,"href":"https:\/\/www.feuerwehr-florian.com\/index.php?rest_route=\/wp\/v2\/pages\/12816"}],"wp:featuredmedia":[{"embeddable":true,"href":"https:\/\/www.feuerwehr-florian.com\/index.php?rest_route=\/wp\/v2\/media\/3998"}],"wp:attachment":[{"href":"https:\/\/www.feuerwehr-florian.com\/index.php?rest_route=%2Fwp%2Fv2%2Fmedia&parent=821"}],"curies":[{"name":"wp","href":"https:\/\/api.w.org\/{rel}","templated":true}]}}