{"id":824,"date":"2016-01-02T18:24:09","date_gmt":"2016-01-02T17:24:09","guid":{"rendered":"http:\/\/wp.feuerwehr-florian.com\/?page_id=824"},"modified":"2026-01-03T11:47:46","modified_gmt":"2026-01-03T10:47:46","slug":"einsaetze-2013","status":"publish","type":"page","link":"https:\/\/www.feuerwehr-florian.com\/?page_id=824","title":{"rendered":"Eins\u00e4tze 2012"},"content":{"rendered":"<p>Eine Auflistung aller\u00a0Eins\u00e4tze aus dem Jahr 2012.<\/p>\n<!--W4PL_List_812-->\n<div id=\"w4pl-list-812\" class=\"w4pl\">\n\t<div id=\"w4pl-inner-812\" class=\"w4pl-inner\">\n\t\t<ul>\r\n<li><a href=\"https:\/\/www.feuerwehr-florian.com\/?p=2591\">29.12.2012<\/a> | <a href=\"https:\/\/www.feuerwehr-florian.com\/?p=2591\">Brand eines Abfalleimers in der Thannstra\u00dfe<\/a><\/li>\r\n\r\n<li><a href=\"https:\/\/www.feuerwehr-florian.com\/?p=2595\">24.12.2012<\/a> | <a href=\"https:\/\/www.feuerwehr-florian.com\/?p=2595\">Weihnachtliche Fahrzeugbergung<\/a><\/li>\r\n\r\n<li><a href=\"https:\/\/www.feuerwehr-florian.com\/?p=2599\">18.12.2012<\/a> | <a href=\"https:\/\/www.feuerwehr-florian.com\/?p=2599\">Schwerer Verkehrsunfall auf der Westautobahn<\/a><\/li>\r\n\r\n<li><a href=\"https:\/\/www.feuerwehr-florian.com\/?p=2626\">06.12.2012<\/a> | <a href=\"https:\/\/www.feuerwehr-florian.com\/?p=2626\">Schneechaos in St. Florian &#8211; mehrere Verkehrsunf\u00e4lle<\/a><\/li>\r\n\r\n<li><a href=\"https:\/\/www.feuerwehr-florian.com\/?p=2633\">03.12.2012<\/a> | <a href=\"https:\/\/www.feuerwehr-florian.com\/?p=2633\">Fahrzeugbrand mit starker Rauchentwicklung entpuppt sich als Motorschaden<\/a><\/li>\r\n\r\n<li><a href=\"https:\/\/www.feuerwehr-florian.com\/?p=2637\">01.12.2012<\/a> | <a href=\"https:\/\/www.feuerwehr-florian.com\/?p=2637\">Containerbrand bei der Hauptschule<\/a><\/li>\r\n\r\n<li><a href=\"https:\/\/www.feuerwehr-florian.com\/?p=2645\">30.11.2012<\/a> | <a href=\"https:\/\/www.feuerwehr-florian.com\/?p=2645\">Bruch einer Hauptwasserleitung<\/a><\/li>\r\n\r\n<li><a href=\"https:\/\/www.feuerwehr-florian.com\/?p=2651\">16.11.2012<\/a> | <a href=\"https:\/\/www.feuerwehr-florian.com\/?p=2651\">K\u00fcchenbrand im Aichetfeld<\/a><\/li>\r\n\r\n<li><a href=\"https:\/\/www.feuerwehr-florian.com\/?p=2670\">24.09.2012<\/a> | <a href=\"https:\/\/www.feuerwehr-florian.com\/?p=2670\">Frontalzusammensto\u00df zweier PKW<\/a><\/li>\r\n\r\n<li><a href=\"https:\/\/www.feuerwehr-florian.com\/?p=2675\">19.09.2012<\/a> | <a href=\"https:\/\/www.feuerwehr-florian.com\/?p=2675\">\u00d6lspur auf der A1 Fahrtrichtung Wien<\/a><\/li>\r\n\r\n<li><a href=\"https:\/\/www.feuerwehr-florian.com\/?p=2690\">18.09.2012<\/a> | <a href=\"https:\/\/www.feuerwehr-florian.com\/?p=2690\">Garagenbrand im Aichetfeld<\/a><\/li>\r\n\r\n<li><a href=\"https:\/\/www.feuerwehr-florian.com\/?p=2704\">06.09.2012<\/a> | <a href=\"https:\/\/www.feuerwehr-florian.com\/?p=2704\">T\u00fcr\u00f6ffnung in der Thannstra\u00dfe<\/a><\/li>\r\n\r\n<li><a href=\"https:\/\/www.feuerwehr-florian.com\/?p=2713\">28.08.2012<\/a> | <a href=\"https:\/\/www.feuerwehr-florian.com\/?p=2713\">Fahrzeug\u00fcberschlag auf der Umfahrungsstra\u00dfe<\/a><\/li>\r\n\r\n<li><a href=\"https:\/\/www.feuerwehr-florian.com\/?p=2737\">15.08.2012<\/a> | <a href=\"https:\/\/www.feuerwehr-florian.com\/?p=2737\">Gartenh\u00fcttenbrand in der Schrebergartensiedlung<\/a><\/li>\r\n\r\n<li><a href=\"https:\/\/www.feuerwehr-florian.com\/?p=2752\">14.08.2012<\/a> | <a href=\"https:\/\/www.feuerwehr-florian.com\/?p=2752\">Brandmeldealarm in der Landwirtschaftsschule<\/a><\/li>\r\n\r\n<li><a href=\"https:\/\/www.feuerwehr-florian.com\/?p=2755\">08.08.2012<\/a> | <a href=\"https:\/\/www.feuerwehr-florian.com\/?p=2755\">Brandmeldealarm im Astenfeld<\/a><\/li>\r\n\r\n<li><a href=\"https:\/\/www.feuerwehr-florian.com\/?p=2757\">31.07.2012<\/a> | <a href=\"https:\/\/www.feuerwehr-florian.com\/?p=2757\">T\u00fcr\u00f6ffnung mit Unfallverdacht<\/a><\/li>\r\n\r\n<li><a href=\"https:\/\/www.feuerwehr-florian.com\/?p=2761\">09.07.2012<\/a> | <a href=\"https:\/\/www.feuerwehr-florian.com\/?p=2761\">Brandmeldealarm in der Landwirtschaftsschule<\/a><\/li>\r\n\r\n<li><a href=\"https:\/\/www.feuerwehr-florian.com\/?p=2763\">09.07.2012<\/a> | <a href=\"https:\/\/www.feuerwehr-florian.com\/?p=2763\">Verkehrsunfall auf der Umfahrungsstra\u00dfe<\/a><\/li>\r\n\r\n<li><a href=\"https:\/\/www.feuerwehr-florian.com\/?p=2775\">23.06.2012<\/a> | <a href=\"https:\/\/www.feuerwehr-florian.com\/?p=2775\">Kind in WC eingesperrt &#8211; T\u00fcr\u00f6ffnung<\/a><\/li>\r\n\r\n<li><a href=\"https:\/\/www.feuerwehr-florian.com\/?p=2779\">08.06.2012<\/a> | <a href=\"https:\/\/www.feuerwehr-florian.com\/?p=2779\">Unwettereinsatz im Gemeindegebiet von St. Florian<\/a><\/li>\r\n\r\n<li><a href=\"https:\/\/www.feuerwehr-florian.com\/?p=2784\">29.05.2012<\/a> | <a href=\"https:\/\/www.feuerwehr-florian.com\/?p=2784\">Herabh\u00e4ngende Oberleitung<\/a><\/li>\r\n\r\n<li><a href=\"https:\/\/www.feuerwehr-florian.com\/?p=2789\">26.05.2012<\/a> | <a href=\"https:\/\/www.feuerwehr-florian.com\/?p=2789\">Kleinbrand neben Landesstra\u00dfe<\/a><\/li>\r\n\r\n<li><a href=\"https:\/\/www.feuerwehr-florian.com\/?p=2792\">19.05.2012<\/a> | <a href=\"https:\/\/www.feuerwehr-florian.com\/?p=2792\">Containerbrand im Astenfeld<\/a><\/li>\r\n\r\n<li><a href=\"https:\/\/www.feuerwehr-florian.com\/?p=2802\">01.05.2012<\/a> | <a href=\"https:\/\/www.feuerwehr-florian.com\/?p=2802\">Wasserschaden im Glockenweg<\/a><\/li>\r\n\r\n<li><a href=\"https:\/\/www.feuerwehr-florian.com\/?p=2807\">30.04.2012<\/a> | <a href=\"https:\/\/www.feuerwehr-florian.com\/?p=2807\">Erneuter Brandmeldealarm in der Stiftsbasilika<\/a><\/li>\r\n\r\n<li><a href=\"https:\/\/www.feuerwehr-florian.com\/?p=2812\">28.04.2012<\/a> | <a href=\"https:\/\/www.feuerwehr-florian.com\/?p=2812\">Brandmeldealarm in der Stiftsbasilika<\/a><\/li>\r\n\r\n<li><a href=\"https:\/\/www.feuerwehr-florian.com\/?p=2820\">18.03.2012<\/a> | <a href=\"https:\/\/www.feuerwehr-florian.com\/?p=2820\">Sturmschaden in Fernbach<\/a><\/li>\r\n\r\n<li><a href=\"https:\/\/www.feuerwehr-florian.com\/?p=2827\">13.03.2012<\/a> | <a href=\"https:\/\/www.feuerwehr-florian.com\/?p=2827\">Brandverdacht bei der Firma Lutz<\/a><\/li>\r\n\r\n<li><a href=\"https:\/\/www.feuerwehr-florian.com\/?p=2829\">29.02.2012<\/a> | <a href=\"https:\/\/www.feuerwehr-florian.com\/?p=2829\">Eingeschlossene Person in Lift<\/a><\/li>\r\n\r\n<li><a href=\"https:\/\/www.feuerwehr-florian.com\/?p=2831\">25.02.2012<\/a> | <a href=\"https:\/\/www.feuerwehr-florian.com\/?p=2831\">Heckenbrand im Glockenweg<\/a><\/li>\r\n\r\n<li><a href=\"https:\/\/www.feuerwehr-florian.com\/?p=2837\">23.02.2012<\/a> | <a href=\"https:\/\/www.feuerwehr-florian.com\/?p=2837\">Mistk\u00fcbelbrand im Bezirksaltenheim St. Florian<\/a><\/li>\r\n\r\n<li><a href=\"https:\/\/www.feuerwehr-florian.com\/?p=2839\">11.02.2012<\/a> | <a href=\"https:\/\/www.feuerwehr-florian.com\/?p=2839\">Dringende T\u00fcr\u00f6ffnung<\/a><\/li>\r\n\r\n<li><a href=\"https:\/\/www.feuerwehr-florian.com\/?p=2858\">07.02.2012<\/a> | <a href=\"https:\/\/www.feuerwehr-florian.com\/?p=2858\">Wasserrohrbruch in Taunleiten<\/a><\/li>\r\n\r\n<li><a href=\"https:\/\/www.feuerwehr-florian.com\/?p=2878\">12.01.2012<\/a> | <a href=\"https:\/\/www.feuerwehr-florian.com\/?p=2878\">Mistk\u00fcbelbrand im Bezirksaltenheim St.Florian<\/a><\/li>\r\n\r\n<li><a href=\"https:\/\/www.feuerwehr-florian.com\/?p=2880\">09.01.2012<\/a> | <a href=\"https:\/\/www.feuerwehr-florian.com\/?p=2880\">Erster Einsatz im Jahr 2012 &#8211; Fahrzeugbergung auf der Wienerstra\u00dfe<\/a><\/li>\r\n<\/ul>\n\t<\/div><!--#w4pl-inner-812-->\n<\/div><!--#w4pl-812-->\n<!--END_W4PL_List_812-->\n\n\n<!-- Page-list plugin v.5.9 wordpress.org\/plugins\/page-list\/ -->\n<ul class=\"page-list siblings-page-list pagelist\">\n<li class=\"page_item page-item-11710\"><a href=\"https:\/\/www.feuerwehr-florian.com\/?page_id=11710\">Eingabe Hochwassermessung<\/a><\/li>\n<li class=\"page_item page-item-12060 page_item_has_children\"><a href=\"https:\/\/www.feuerwehr-florian.com\/?page_id=12060\">Veranstaltungen<\/a><\/li>\n<li class=\"page_item page-item-884 page_item_has_children\"><a href=\"https:\/\/www.feuerwehr-florian.com\/?page_id=884\">Aktivit\u00e4ten<\/a><\/li>\n<li class=\"page_item page-item-973\"><a href=\"https:\/\/www.feuerwehr-florian.com\/?page_id=973\">Kontakt &#038; Anfahrt<\/a><\/li>\n<li class=\"page_item page-item-886 page_item_has_children\"><a href=\"https:\/\/www.feuerwehr-florian.com\/?page_id=886\">Feuerwehr<\/a><\/li>\n<li class=\"page_item page-item-958\"><a href=\"https:\/\/www.feuerwehr-florian.com\/?page_id=958\">Impressum, Offenlegung &#038; Datenschutz<\/a><\/li>\n<li class=\"page_item page-item-888 page_item_has_children\"><a href=\"https:\/\/www.feuerwehr-florian.com\/?page_id=888\">Jugend<\/a><\/li>\n<li class=\"page_item page-item-971\"><a href=\"https:\/\/www.feuerwehr-florian.com\/?page_id=971\">Nutzungsbedingungen<\/a><\/li>\n<li class=\"page_item page-item-1019 page_item_has_children\"><a href=\"https:\/\/www.feuerwehr-florian.com\/?page_id=1019\">Wissenswertes<\/a><\/li>\n<li class=\"page_item page-item-9630\"><a href=\"https:\/\/www.feuerwehr-florian.com\/?page_id=9630\">Sponsoren<\/a><\/li>\n<li class=\"page_item page-item-3804\"><a href=\"https:\/\/www.feuerwehr-florian.com\/?page_id=3804\">Web<\/a><\/li>\n\n<\/ul>\n","protected":false},"excerpt":{"rendered":"<p>Am Abend des 09. J\u00e4nner 2012 wurde die FF St. Florian zu dem ersten Einsatz im Jahr 2012 gerufen. Grund daf\u00fcr war eine Fahrzeugbergung auf der Wienerstra\u00dfe.<\/p>\n","protected":false},"author":1,"featured_media":4001,"parent":12816,"menu_order":104,"comment_status":"closed","ping_status":"closed","template":"fullwidth.php","meta":{"footnotes":""},"class_list":["post-824","page","type-page","status-publish","has-post-thumbnail","hentry"],"jetpack_sharing_enabled":true,"jetpack_likes_enabled":true,"_links":{"self":[{"href":"https:\/\/www.feuerwehr-florian.com\/index.php?rest_route=\/wp\/v2\/pages\/824","targetHints":{"allow":["GET"]}}],"collection":[{"href":"https:\/\/www.feuerwehr-florian.com\/index.php?rest_route=\/wp\/v2\/pages"}],"about":[{"href":"https:\/\/www.feuerwehr-florian.com\/index.php?rest_route=\/wp\/v2\/types\/page"}],"author":[{"embeddable":true,"href":"https:\/\/www.feuerwehr-florian.com\/index.php?rest_route=\/wp\/v2\/users\/1"}],"replies":[{"embeddable":true,"href":"https:\/\/www.feuerwehr-florian.com\/index.php?rest_route=%2Fwp%2Fv2%2Fcomments&post=824"}],"version-history":[{"count":6,"href":"https:\/\/www.feuerwehr-florian.com\/index.php?rest_route=\/wp\/v2\/pages\/824\/revisions"}],"predecessor-version":[{"id":4167,"href":"https:\/\/www.feuerwehr-florian.com\/index.php?rest_route=\/wp\/v2\/pages\/824\/revisions\/4167"}],"up":[{"embeddable":true,"href":"https:\/\/www.feuerwehr-florian.com\/index.php?rest_route=\/wp\/v2\/pages\/12816"}],"wp:featuredmedia":[{"embeddable":true,"href":"https:\/\/www.feuerwehr-florian.com\/index.php?rest_route=\/wp\/v2\/media\/4001"}],"wp:attachment":[{"href":"https:\/\/www.feuerwehr-florian.com\/index.php?rest_route=%2Fwp%2Fv2%2Fmedia&parent=824"}],"curies":[{"name":"wp","href":"https:\/\/api.w.org\/{rel}","templated":true}]}}