{"id":834,"date":"2016-01-02T18:26:12","date_gmt":"2016-01-02T17:26:12","guid":{"rendered":"http:\/\/wp.feuerwehr-florian.com\/?page_id=834"},"modified":"2026-01-03T11:48:00","modified_gmt":"2026-01-03T10:48:00","slug":"einsaetze-2010","status":"publish","type":"page","link":"https:\/\/www.feuerwehr-florian.com\/?page_id=834","title":{"rendered":"Eins\u00e4tze 2010"},"content":{"rendered":"<p>Eine Auflistung aller\u00a0Eins\u00e4tze aus dem Jahr 2010.<\/p>\n<!--W4PL_List_814-->\n<div id=\"w4pl-list-814\" class=\"w4pl\">\n\t<div id=\"w4pl-inner-814\" class=\"w4pl-inner\">\n\t\t<ul>\r\n<li><a href=\"https:\/\/www.feuerwehr-florian.com\/?p=4796\">28.12.2010<\/a> | <a href=\"https:\/\/www.feuerwehr-florian.com\/?p=4796\">Kaminbrand in Fernbach<\/a><\/li>\r\n\r\n<li><a href=\"https:\/\/www.feuerwehr-florian.com\/?p=4789\">17.12.2010<\/a> | <a href=\"https:\/\/www.feuerwehr-florian.com\/?p=4789\">Fahrzeug ger\u00e4t in Brand &#8211; Passant verhindert Schlimmeres<\/a><\/li>\r\n\r\n<li><a href=\"https:\/\/www.feuerwehr-florian.com\/?p=4784\">13.12.2010<\/a> | <a href=\"https:\/\/www.feuerwehr-florian.com\/?p=4784\">PKW liegt auf Beifahrerseite<\/a><\/li>\r\n\r\n<li><a href=\"https:\/\/www.feuerwehr-florian.com\/?p=4780\">04.12.2010<\/a> | <a href=\"https:\/\/www.feuerwehr-florian.com\/?p=4780\">Fahrzeugbergung im Wilbirgweg<\/a><\/li>\r\n\r\n<li><a href=\"https:\/\/www.feuerwehr-florian.com\/?p=4775\">03.12.2010<\/a> | <a href=\"https:\/\/www.feuerwehr-florian.com\/?p=4775\">Aufwendige Fahrzeugbergung in der Brucknerstra\u00dfe<\/a><\/li>\r\n\r\n<li><a href=\"https:\/\/www.feuerwehr-florian.com\/?p=4769\">02.12.2010<\/a> | <a href=\"https:\/\/www.feuerwehr-florian.com\/?p=4769\">Zivilcourage junger Damen rettete \u00e4lteren Dame das Leben<\/a><\/li>\r\n\r\n<li><a href=\"https:\/\/www.feuerwehr-florian.com\/?p=4761\">25.11.2010<\/a> | <a href=\"https:\/\/www.feuerwehr-florian.com\/?p=4761\">Verkehrsunfall mit eingeklemmter Person auf der A1<\/a><\/li>\r\n\r\n<li><a href=\"https:\/\/www.feuerwehr-florian.com\/?p=4759\">23.11.2010<\/a> | <a href=\"https:\/\/www.feuerwehr-florian.com\/?p=4759\">Unterst\u00fctzung der Polizei &#8211; Einbruchsverdacht<\/a><\/li>\r\n\r\n<li><a href=\"https:\/\/www.feuerwehr-florian.com\/?p=4757\">17.11.2010<\/a> | <a href=\"https:\/\/www.feuerwehr-florian.com\/?p=4757\">\u00d6lspur beim Gemeindeamt<\/a><\/li>\r\n\r\n<li><a href=\"https:\/\/www.feuerwehr-florian.com\/?p=4755\">31.10.2010<\/a> | <a href=\"https:\/\/www.feuerwehr-florian.com\/?p=4755\">\u00d6laustritt in der Sportplatzstra\u00dfe<\/a><\/li>\r\n\r\n<li><a href=\"https:\/\/www.feuerwehr-florian.com\/?p=4753\">27.10.2010<\/a> | <a href=\"https:\/\/www.feuerwehr-florian.com\/?p=4753\">Brandmeldealarm bei der Tischlerei Kaun<\/a><\/li>\r\n\r\n<li><a href=\"https:\/\/www.feuerwehr-florian.com\/?p=4751\">14.10.2010<\/a> | <a href=\"https:\/\/www.feuerwehr-florian.com\/?p=4751\">Brandmeldealarm Kabel Meinhart GmbH<\/a><\/li>\r\n\r\n<li><a href=\"https:\/\/www.feuerwehr-florian.com\/?p=4747\">01.10.2010<\/a> | <a href=\"https:\/\/www.feuerwehr-florian.com\/?p=4747\">Katzenrettung &#8211; Katze in Blechdose eingeklemmt<\/a><\/li>\r\n\r\n<li><a href=\"https:\/\/www.feuerwehr-florian.com\/?p=4745\">22.09.2010<\/a> | <a href=\"https:\/\/www.feuerwehr-florian.com\/?p=4745\">\u00d6lspur vor dem alten Feuerwehrhaus<\/a><\/li>\r\n\r\n<li><a href=\"https:\/\/www.feuerwehr-florian.com\/?p=4737\">22.09.2010<\/a> | <a href=\"https:\/\/www.feuerwehr-florian.com\/?p=4737\">Heckenbrand im Aichetfeld<\/a><\/li>\r\n\r\n<li><a href=\"https:\/\/www.feuerwehr-florian.com\/?p=4735\">16.09.2010<\/a> | <a href=\"https:\/\/www.feuerwehr-florian.com\/?p=4735\">Brandmeldealarm im Altenheim<\/a><\/li>\r\n\r\n<li><a href=\"https:\/\/www.feuerwehr-florian.com\/?p=4726\">13.09.2010<\/a> | <a href=\"https:\/\/www.feuerwehr-florian.com\/?p=4726\">Klein-LKW kippt zur Seite &#8211; massiver Kraftstoffaustritt<\/a><\/li>\r\n\r\n<li><a href=\"https:\/\/www.feuerwehr-florian.com\/?p=4724\">27.08.2010<\/a> | <a href=\"https:\/\/www.feuerwehr-florian.com\/?p=4724\">Schadstoffaustritt in der Bachgasse<\/a><\/li>\r\n\r\n<li><a href=\"https:\/\/www.feuerwehr-florian.com\/?p=4722\">07.08.2010<\/a> | <a href=\"https:\/\/www.feuerwehr-florian.com\/?p=4722\">T\u00fcr\u00f6ffnung mit Unfallverdacht<\/a><\/li>\r\n\r\n<li><a href=\"https:\/\/www.feuerwehr-florian.com\/?p=4720\">23.07.2010<\/a> | <a href=\"https:\/\/www.feuerwehr-florian.com\/?p=4720\">Vermeintlicher LKW Brand bei der Agip Tankstelle<\/a><\/li>\r\n\r\n<li><a href=\"https:\/\/www.feuerwehr-florian.com\/?p=4718\">22.07.2010<\/a> | <a href=\"https:\/\/www.feuerwehr-florian.com\/?p=4718\">Brandmeldealarm bei der Firma Nagel Austria<\/a><\/li>\r\n\r\n<li><a href=\"https:\/\/www.feuerwehr-florian.com\/?p=4715\">20.07.2010<\/a> | <a href=\"https:\/\/www.feuerwehr-florian.com\/?p=4715\">Wasserschaden in der Ziegeleistra\u00dfe<\/a><\/li>\r\n\r\n<li><a href=\"https:\/\/www.feuerwehr-florian.com\/?p=4713\">15.07.2010<\/a> | <a href=\"https:\/\/www.feuerwehr-florian.com\/?p=4713\">Brandverdacht nach Blitzschlag<\/a><\/li>\r\n\r\n<li><a href=\"https:\/\/www.feuerwehr-florian.com\/?p=4711\">10.07.2010<\/a> | <a href=\"https:\/\/www.feuerwehr-florian.com\/?p=4711\">\u00d6lspur am Parkplatz XXXLutz<\/a><\/li>\r\n\r\n<li><a href=\"https:\/\/www.feuerwehr-florian.com\/?p=4707\">06.07.2010<\/a> | <a href=\"https:\/\/www.feuerwehr-florian.com\/?p=4707\">Sturmsch\u00e4den im Gemeindegebiet von St. Florian<\/a><\/li>\r\n\r\n<li><a href=\"https:\/\/www.feuerwehr-florian.com\/?p=4704\">24.06.2010<\/a> | <a href=\"https:\/\/www.feuerwehr-florian.com\/?p=4704\">\u00d6lspur \/ \u00d6laustritt am Parkplatz des Fachmarktzentrums St. Florian<\/a><\/li>\r\n\r\n<li><a href=\"https:\/\/www.feuerwehr-florian.com\/?p=4688\">12.06.2010<\/a> | <a href=\"https:\/\/www.feuerwehr-florian.com\/?p=4688\">Erneutes Unwetter \u00fcber St. Florian &#8211; insgesamt 21 Eins\u00e4tze<\/a><\/li>\r\n\r\n<li><a href=\"https:\/\/www.feuerwehr-florian.com\/?p=4686\">12.06.2010<\/a> | <a href=\"https:\/\/www.feuerwehr-florian.com\/?p=4686\">Brandmeldealarm bei der Firma Nagel Austria<\/a><\/li>\r\n\r\n<li><a href=\"https:\/\/www.feuerwehr-florian.com\/?p=4676\">30.05.2010<\/a> | <a href=\"https:\/\/www.feuerwehr-florian.com\/?p=4676\">Verkehrsunfall in Rohrbach &#8211; PKW \u00fcberschl\u00e4gt sich mehrmals<\/a><\/li>\r\n\r\n<li><a href=\"https:\/\/www.feuerwehr-florian.com\/?p=4674\">25.05.2010<\/a> | <a href=\"https:\/\/www.feuerwehr-florian.com\/?p=4674\">Unwetter \u00fcber St. Florian<\/a><\/li>\r\n\r\n<li><a href=\"https:\/\/www.feuerwehr-florian.com\/?p=4663\">21.05.2010<\/a> | <a href=\"https:\/\/www.feuerwehr-florian.com\/?p=4663\">Schwerer LKW-Unfall auf der A1 &#8211; Fahrer verletzt<\/a><\/li>\r\n\r\n<li><a href=\"https:\/\/www.feuerwehr-florian.com\/?p=4660\">15.05.2010<\/a> | <a href=\"https:\/\/www.feuerwehr-florian.com\/?p=4660\">\u00d6lspur H\u00f6he Prandtauerstra\u00dfe<\/a><\/li>\r\n\r\n<li><a href=\"https:\/\/www.feuerwehr-florian.com\/?p=4658\">14.05.2010<\/a> | <a href=\"https:\/\/www.feuerwehr-florian.com\/?p=4658\">Pumparbeit in Taunleiten<\/a><\/li>\r\n\r\n<li><a href=\"https:\/\/www.feuerwehr-florian.com\/?p=4656\">11.05.2010<\/a> | <a href=\"https:\/\/www.feuerwehr-florian.com\/?p=4656\">\u00d6lspur \/ \u00d6laustritt &#8211; Fehlalarmierung durch Florian LFK<\/a><\/li>\r\n\r\n<li><a href=\"https:\/\/www.feuerwehr-florian.com\/?p=4652\">30.04.2010<\/a> | <a href=\"https:\/\/www.feuerwehr-florian.com\/?p=4652\">Brandmeldealarm bei der Firma Schuller<\/a><\/li>\r\n\r\n<li><a href=\"https:\/\/www.feuerwehr-florian.com\/?p=4649\">09.04.2010<\/a> | <a href=\"https:\/\/www.feuerwehr-florian.com\/?p=4649\">Zwei Brandmeldealarme in der Stiftsbasilika St. Florian<\/a><\/li>\r\n\r\n<li><a href=\"https:\/\/www.feuerwehr-florian.com\/?p=4645\">26.03.2010<\/a> | <a href=\"https:\/\/www.feuerwehr-florian.com\/?p=4645\">Sturmschaden auf Baustelle<\/a><\/li>\r\n\r\n<li><a href=\"https:\/\/www.feuerwehr-florian.com\/?p=4642\">21.03.2010<\/a> | <a href=\"https:\/\/www.feuerwehr-florian.com\/?p=4642\">Brandmeldealarm in der Stiftsbasilika St. Florian<\/a><\/li>\r\n\r\n<li><a href=\"https:\/\/www.feuerwehr-florian.com\/?p=4619\">19.03.2010<\/a> | <a href=\"https:\/\/www.feuerwehr-florian.com\/?p=4619\">Brand eines Baustellencontainers<\/a><\/li>\r\n\r\n<li><a href=\"https:\/\/www.feuerwehr-florian.com\/?p=4615\">06.03.2010<\/a> | <a href=\"https:\/\/www.feuerwehr-florian.com\/?p=4615\">Busbergung in der Thannstra\u00dfe<\/a><\/li>\r\n\r\n<li><a href=\"https:\/\/www.feuerwehr-florian.com\/?p=4613\">27.02.2010<\/a> | <a href=\"https:\/\/www.feuerwehr-florian.com\/?p=4613\">\u00d6laustritt in Niederfraunleiten<\/a><\/li>\r\n\r\n<li><a href=\"https:\/\/www.feuerwehr-florian.com\/?p=4611\">22.02.2010<\/a> | <a href=\"https:\/\/www.feuerwehr-florian.com\/?p=4611\">Brandmeldealarm in der HLBLA<\/a><\/li>\r\n\r\n<li><a href=\"https:\/\/www.feuerwehr-florian.com\/?p=4609\">19.02.2010<\/a> | <a href=\"https:\/\/www.feuerwehr-florian.com\/?p=4609\">Fahrzeugbergung bei der Heubr\u00fccke<\/a><\/li>\r\n\r\n<li><a href=\"https:\/\/www.feuerwehr-florian.com\/?p=4602\">11.02.2010<\/a> | <a href=\"https:\/\/www.feuerwehr-florian.com\/?p=4602\">Verkehrsunfall mit eingeklemmter Person &#8211; Lenker verletzt<\/a><\/li>\r\n\r\n<li><a href=\"https:\/\/www.feuerwehr-florian.com\/?p=4600\">10.02.2010<\/a> | <a href=\"https:\/\/www.feuerwehr-florian.com\/?p=4600\">Fahrzeugbergung in T\u00f6dling<\/a><\/li>\r\n\r\n<li><a href=\"https:\/\/www.feuerwehr-florian.com\/?p=4598\">09.02.2010<\/a> | <a href=\"https:\/\/www.feuerwehr-florian.com\/?p=4598\">Brandmeldealarm bei der Firma Schuller<\/a><\/li>\r\n\r\n<li><a href=\"https:\/\/www.feuerwehr-florian.com\/?p=4591\">06.02.2010<\/a> | <a href=\"https:\/\/www.feuerwehr-florian.com\/?p=4591\">Vandalismus fordert Feuerwehreinsatz<\/a><\/li>\r\n\r\n<li><a href=\"https:\/\/www.feuerwehr-florian.com\/?p=4583\">21.01.2010<\/a> | <a href=\"https:\/\/www.feuerwehr-florian.com\/?p=4583\">Tiefst winterliche Fahrverh\u00e4ltnisse &#8211; mehrere Fahrzeugbergungen<\/a><\/li>\r\n\r\n<li><a href=\"https:\/\/www.feuerwehr-florian.com\/?p=4581\">21.01.2010<\/a> | <a href=\"https:\/\/www.feuerwehr-florian.com\/?p=4581\">Zwei Brandmeldealarme bei der Firma Nagl Austria<\/a><\/li>\r\n\r\n<li><a href=\"https:\/\/www.feuerwehr-florian.com\/?p=4574\">07.01.2010<\/a> | <a href=\"https:\/\/www.feuerwehr-florian.com\/?p=4574\">Schwerer Vehrkehrsunfall auf der A1 &#8211; Fahrer verletzt &#8211; Totalsperre<\/a><\/li>\r\n\r\n<li><a href=\"https:\/\/www.feuerwehr-florian.com\/?p=4562\">07.01.2010<\/a> | <a href=\"https:\/\/www.feuerwehr-florian.com\/?p=4562\">LKW Brand auf der A1<\/a><\/li>\r\n<\/ul>\n\t<\/div><!--#w4pl-inner-814-->\n<\/div><!--#w4pl-814-->\n<!--END_W4PL_List_814-->\n\n\n<!-- Page-list plugin v.5.9 wordpress.org\/plugins\/page-list\/ -->\n<ul class=\"page-list siblings-page-list pagelist\">\n<li class=\"page_item page-item-11710\"><a href=\"https:\/\/www.feuerwehr-florian.com\/?page_id=11710\">Eingabe Hochwassermessung<\/a><\/li>\n<li class=\"page_item page-item-12060 page_item_has_children\"><a href=\"https:\/\/www.feuerwehr-florian.com\/?page_id=12060\">Veranstaltungen<\/a><\/li>\n<li class=\"page_item page-item-884 page_item_has_children\"><a href=\"https:\/\/www.feuerwehr-florian.com\/?page_id=884\">Aktivit\u00e4ten<\/a><\/li>\n<li class=\"page_item page-item-973\"><a href=\"https:\/\/www.feuerwehr-florian.com\/?page_id=973\">Kontakt &#038; Anfahrt<\/a><\/li>\n<li class=\"page_item page-item-886 page_item_has_children\"><a href=\"https:\/\/www.feuerwehr-florian.com\/?page_id=886\">Feuerwehr<\/a><\/li>\n<li class=\"page_item page-item-958\"><a href=\"https:\/\/www.feuerwehr-florian.com\/?page_id=958\">Impressum, Offenlegung &#038; Datenschutz<\/a><\/li>\n<li class=\"page_item page-item-888 page_item_has_children\"><a href=\"https:\/\/www.feuerwehr-florian.com\/?page_id=888\">Jugend<\/a><\/li>\n<li class=\"page_item page-item-971\"><a href=\"https:\/\/www.feuerwehr-florian.com\/?page_id=971\">Nutzungsbedingungen<\/a><\/li>\n<li class=\"page_item page-item-1019 page_item_has_children\"><a href=\"https:\/\/www.feuerwehr-florian.com\/?page_id=1019\">Wissenswertes<\/a><\/li>\n<li class=\"page_item page-item-9630\"><a href=\"https:\/\/www.feuerwehr-florian.com\/?page_id=9630\">Sponsoren<\/a><\/li>\n<li class=\"page_item page-item-3804\"><a href=\"https:\/\/www.feuerwehr-florian.com\/?page_id=3804\">Web<\/a><\/li>\n\n<\/ul>\n","protected":false},"excerpt":{"rendered":"<p>Am 7. J\u00e4nner erreignete sich in den Morgenstunden ein LKW-Brand am Autobahnparkplatz Enns in Fahrtrichtung Wien bei km 156,7. Bei der ersten Erkundung wurde ein Brand des rechten Hinterreifens der Zugmaschine sichtbar. Geistesgegenwertig kuppelte der LKW-Fahrer die Zugmaschine vom Anh\u00e4nger ab, um ein weiteres Ausbreiten des Brandes zu verhindern. Der Brand wurde von der FF<\/p>\n<p><a class=\"more-link\" href=\"https:\/\/www.feuerwehr-florian.com\/?p=4562\">Weiterlesen<\/a><\/p>\n","protected":false},"author":1,"featured_media":4004,"parent":12816,"menu_order":106,"comment_status":"closed","ping_status":"closed","template":"fullwidth.php","meta":{"footnotes":""},"class_list":["post-834","page","type-page","status-publish","has-post-thumbnail","hentry"],"jetpack_sharing_enabled":true,"jetpack_likes_enabled":true,"_links":{"self":[{"href":"https:\/\/www.feuerwehr-florian.com\/index.php?rest_route=\/wp\/v2\/pages\/834","targetHints":{"allow":["GET"]}}],"collection":[{"href":"https:\/\/www.feuerwehr-florian.com\/index.php?rest_route=\/wp\/v2\/pages"}],"about":[{"href":"https:\/\/www.feuerwehr-florian.com\/index.php?rest_route=\/wp\/v2\/types\/page"}],"author":[{"embeddable":true,"href":"https:\/\/www.feuerwehr-florian.com\/index.php?rest_route=\/wp\/v2\/users\/1"}],"replies":[{"embeddable":true,"href":"https:\/\/www.feuerwehr-florian.com\/index.php?rest_route=%2Fwp%2Fv2%2Fcomments&post=834"}],"version-history":[{"count":4,"href":"https:\/\/www.feuerwehr-florian.com\/index.php?rest_route=\/wp\/v2\/pages\/834\/revisions"}],"predecessor-version":[{"id":4169,"href":"https:\/\/www.feuerwehr-florian.com\/index.php?rest_route=\/wp\/v2\/pages\/834\/revisions\/4169"}],"up":[{"embeddable":true,"href":"https:\/\/www.feuerwehr-florian.com\/index.php?rest_route=\/wp\/v2\/pages\/12816"}],"wp:featuredmedia":[{"embeddable":true,"href":"https:\/\/www.feuerwehr-florian.com\/index.php?rest_route=\/wp\/v2\/media\/4004"}],"wp:attachment":[{"href":"https:\/\/www.feuerwehr-florian.com\/index.php?rest_route=%2Fwp%2Fv2%2Fmedia&parent=834"}],"curies":[{"name":"wp","href":"https:\/\/api.w.org\/{rel}","templated":true}]}}