{"id":849,"date":"2016-01-02T18:28:33","date_gmt":"2016-01-02T17:28:33","guid":{"rendered":"http:\/\/wp.feuerwehr-florian.com\/?page_id=849"},"modified":"2026-01-03T11:47:15","modified_gmt":"2026-01-03T10:47:15","slug":"einsaetze-2016","status":"publish","type":"page","link":"https:\/\/www.feuerwehr-florian.com\/?page_id=849","title":{"rendered":"Eins\u00e4tze 2016"},"content":{"rendered":"<p>Eine Auflistung aller\u00a0Eins\u00e4tze aus dem Jahr 2016.<\/p>\n<!--W4PL_List_819-->\n<div id=\"w4pl-list-819\" class=\"w4pl\">\n\t<div id=\"w4pl-inner-819\" class=\"w4pl-inner\">\n\t\t<ul>\r\n<li><a href=\"https:\/\/www.feuerwehr-florian.com\/?p=6011\">09.12.2016<\/a> | <a href=\"https:\/\/www.feuerwehr-florian.com\/?p=6011\">Kaminbrand entpuppt sich als T\u00e4uschungsalarm<\/a><\/li>\r\n\r\n<li><a href=\"https:\/\/www.feuerwehr-florian.com\/?p=5995\">23.11.2016<\/a> | <a href=\"https:\/\/www.feuerwehr-florian.com\/?p=5995\">Fahrzeugbergung beim Wilbirgweg<\/a><\/li>\r\n\r\n<li><a href=\"https:\/\/www.feuerwehr-florian.com\/?p=5971\">16.11.2016<\/a> | <a href=\"https:\/\/www.feuerwehr-florian.com\/?p=5971\">LKW Unfall auf der A1 Fahrtrichtung Wien<\/a><\/li>\r\n\r\n<li><a href=\"https:\/\/www.feuerwehr-florian.com\/?p=5959\">27.10.2016<\/a> | <a href=\"https:\/\/www.feuerwehr-florian.com\/?p=5959\">Fahrzeugbergung Brucknerstra\u00dfe<\/a><\/li>\r\n\r\n<li><a href=\"https:\/\/www.feuerwehr-florian.com\/?p=5953\">25.10.2016<\/a> | <a href=\"https:\/\/www.feuerwehr-florian.com\/?p=5953\">Brand in Maschinenhalle<\/a><\/li>\r\n\r\n<li><a href=\"https:\/\/www.feuerwehr-florian.com\/?p=5945\">19.10.2016<\/a> | <a href=\"https:\/\/www.feuerwehr-florian.com\/?p=5945\">T\u00fcr\u00f6ffnung in der Turnwiesen: Herdplatte eingeschaltet<\/a><\/li>\r\n\r\n<li><a href=\"https:\/\/www.feuerwehr-florian.com\/?p=5942\">16.10.2016<\/a> | <a href=\"https:\/\/www.feuerwehr-florian.com\/?p=5942\">Dringende T\u00fcr\u00f6ffnung in der H\u00f6henstra\u00dfe<\/a><\/li>\r\n\r\n<li><a href=\"https:\/\/www.feuerwehr-florian.com\/?p=5931\">06.10.2016<\/a> | <a href=\"https:\/\/www.feuerwehr-florian.com\/?p=5931\">Verkehrsunfall in Fernbach<\/a><\/li>\r\n\r\n<li><a href=\"https:\/\/www.feuerwehr-florian.com\/?p=5907\">03.10.2016<\/a> | <a href=\"https:\/\/www.feuerwehr-florian.com\/?p=5907\">Brandmeldealarm im Stift St. Florian<\/a><\/li>\r\n\r\n<li><a href=\"https:\/\/www.feuerwehr-florian.com\/?p=5899\">26.09.2016<\/a> | <a href=\"https:\/\/www.feuerwehr-florian.com\/?p=5899\">Tierischer Einsatz f\u00fcr die FF St. Florian &#8211; Katze von Baum gerettet<\/a><\/li>\r\n\r\n<li><a href=\"https:\/\/www.feuerwehr-florian.com\/?p=5887\">21.09.2016<\/a> | <a href=\"https:\/\/www.feuerwehr-florian.com\/?p=5887\">Brand einer Saunah\u00fctte in Rohrbach<\/a><\/li>\r\n\r\n<li><a href=\"https:\/\/www.feuerwehr-florian.com\/?p=5884\">20.09.2016<\/a> | <a href=\"https:\/\/www.feuerwehr-florian.com\/?p=5884\">Brandmeldealarm in der Landwirtschaftsschule<\/a><\/li>\r\n\r\n<li><a href=\"https:\/\/www.feuerwehr-florian.com\/?p=5842\">05.09.2016<\/a> | <a href=\"https:\/\/www.feuerwehr-florian.com\/?p=5842\">Brand Baum\/Flur\/B\u00f6schung A1 Fahrtrichtung Salzburg<\/a><\/li>\r\n\r\n<li><a href=\"https:\/\/www.feuerwehr-florian.com\/?p=5829\">12.08.2016<\/a> | <a href=\"https:\/\/www.feuerwehr-florian.com\/?p=5829\">T\u00e4uschungsalarm in B\u00fcrogeb\u00e4ude<\/a><\/li>\r\n\r\n<li><a href=\"https:\/\/www.feuerwehr-florian.com\/?p=5815\">24.07.2016<\/a> | <a href=\"https:\/\/www.feuerwehr-florian.com\/?p=5815\">Unwetter \u00fcber St. Florian &#8211; mehrere Eins\u00e4tze<\/a><\/li>\r\n\r\n<li><a href=\"https:\/\/www.feuerwehr-florian.com\/?p=5807\">18.07.2016<\/a> | <a href=\"https:\/\/www.feuerwehr-florian.com\/?p=5807\">Mutwillige Alarmierung &#8211; Vermeintlicher Brand in Garage<\/a><\/li>\r\n\r\n<li><a href=\"https:\/\/www.feuerwehr-florian.com\/?p=5798\">14.07.2016<\/a> | <a href=\"https:\/\/www.feuerwehr-florian.com\/?p=5798\">Sturmschaden in der Badstra\u00dfe<\/a><\/li>\r\n\r\n<li><a href=\"https:\/\/www.feuerwehr-florian.com\/?p=5794\">13.07.2016<\/a> | <a href=\"https:\/\/www.feuerwehr-florian.com\/?p=5794\">Gasgeruch in Wohnung<\/a><\/li>\r\n\r\n<li><a href=\"https:\/\/www.feuerwehr-florian.com\/?p=5782\">10.07.2016<\/a> | <a href=\"https:\/\/www.feuerwehr-florian.com\/?p=5782\">Wiesenbrand rasch gel\u00f6scht<\/a><\/li>\r\n\r\n<li><a href=\"https:\/\/www.feuerwehr-florian.com\/?p=5764\">24.06.2016<\/a> | <a href=\"https:\/\/www.feuerwehr-florian.com\/?p=5764\">Brandverdacht im Kindergarten<\/a><\/li>\r\n\r\n<li><a href=\"https:\/\/www.feuerwehr-florian.com\/?p=5688\">07.06.2016<\/a> | <a href=\"https:\/\/www.feuerwehr-florian.com\/?p=5688\">T\u00fcr\u00f6ffnung mit Unfallverdacht in der Bachgasse<\/a><\/li>\r\n\r\n<li><a href=\"https:\/\/www.feuerwehr-florian.com\/?p=5662\">23.05.2016<\/a> | <a href=\"https:\/\/www.feuerwehr-florian.com\/?p=5662\">\u00d6lspur quer durchs Gemeindegebiet<\/a><\/li>\r\n\r\n<li><a href=\"https:\/\/www.feuerwehr-florian.com\/?p=5645\">14.05.2016<\/a> | <a href=\"https:\/\/www.feuerwehr-florian.com\/?p=5645\">Hochwasser &#8211; Blaues Auge f\u00fcr St. Florian<\/a><\/li>\r\n\r\n<li><a href=\"https:\/\/www.feuerwehr-florian.com\/?p=5581\">06.04.2016<\/a> | <a href=\"https:\/\/www.feuerwehr-florian.com\/?p=5581\">Brandmeldealarm im Astenfeld<\/a><\/li>\r\n\r\n<li><a href=\"https:\/\/www.feuerwehr-florian.com\/?p=5576\">04.04.2016<\/a> | <a href=\"https:\/\/www.feuerwehr-florian.com\/?p=5576\">Brandmeldealarm in der Einsatzzentrale<\/a><\/li>\r\n\r\n<li><a href=\"https:\/\/www.feuerwehr-florian.com\/?p=5560\">01.04.2016<\/a> | <a href=\"https:\/\/www.feuerwehr-florian.com\/?p=5560\">Verkehrsunfall zwischen Niederneukirchen und St. Florian<\/a><\/li>\r\n\r\n<li><a href=\"https:\/\/www.feuerwehr-florian.com\/?p=5513\">22.03.2016<\/a> | <a href=\"https:\/\/www.feuerwehr-florian.com\/?p=5513\">Auto und LKW stie\u00dfen frontal zusammen &#8211; ein Toter<\/a><\/li>\r\n\r\n<li><a href=\"https:\/\/www.feuerwehr-florian.com\/?p=5361\">10.02.2016<\/a> | <a href=\"https:\/\/www.feuerwehr-florian.com\/?p=5361\">Sturmschaden Thannstra\u00dfe Fahrtrichtung Hofkirchen<\/a><\/li>\r\n\r\n<li><a href=\"https:\/\/www.feuerwehr-florian.com\/?p=5341\">05.02.2016<\/a> | <a href=\"https:\/\/www.feuerwehr-florian.com\/?p=5341\">\u00d6laustritt bei Holztransporter in Oberfraunleiten<\/a><\/li>\r\n\r\n<li><a href=\"https:\/\/www.feuerwehr-florian.com\/?p=5318\">25.01.2016<\/a> | <a href=\"https:\/\/www.feuerwehr-florian.com\/?p=5318\">Brandmeldealarm in der Einsatzzentrale St. Florian<\/a><\/li>\r\n\r\n<li><a href=\"https:\/\/www.feuerwehr-florian.com\/?p=5116\">21.01.2016<\/a> | <a href=\"https:\/\/www.feuerwehr-florian.com\/?p=5116\">Fahrzeugbergung in der Stiftstra\u00dfe<\/a><\/li>\r\n\r\n<li><a href=\"https:\/\/www.feuerwehr-florian.com\/?p=4806\">17.01.2016<\/a> | <a href=\"https:\/\/www.feuerwehr-florian.com\/?p=4806\">Fahrzeugbergung in der Stiftstra\u00dfe<\/a><\/li>\r\n\r\n<li><a href=\"https:\/\/www.feuerwehr-florian.com\/?p=4804\">17.01.2016<\/a> | <a href=\"https:\/\/www.feuerwehr-florian.com\/?p=4804\">T\u00fcr\u00f6ffnung mit Unfallverdacht in der Prandtauerstra\u00dfe<\/a><\/li>\r\n<\/ul>\n\t<\/div><!--#w4pl-inner-819-->\n<\/div><!--#w4pl-819-->\n<!--END_W4PL_List_819-->\n\n\n<!-- Page-list plugin v.5.9 wordpress.org\/plugins\/page-list\/ -->\n<ul class=\"page-list siblings-page-list pagelist\">\n<li class=\"page_item page-item-11710\"><a href=\"https:\/\/www.feuerwehr-florian.com\/?page_id=11710\">Eingabe Hochwassermessung<\/a><\/li>\n<li class=\"page_item page-item-12060 page_item_has_children\"><a href=\"https:\/\/www.feuerwehr-florian.com\/?page_id=12060\">Veranstaltungen<\/a><\/li>\n<li class=\"page_item page-item-884 page_item_has_children\"><a href=\"https:\/\/www.feuerwehr-florian.com\/?page_id=884\">Aktivit\u00e4ten<\/a><\/li>\n<li class=\"page_item page-item-973\"><a href=\"https:\/\/www.feuerwehr-florian.com\/?page_id=973\">Kontakt &#038; Anfahrt<\/a><\/li>\n<li class=\"page_item page-item-886 page_item_has_children\"><a href=\"https:\/\/www.feuerwehr-florian.com\/?page_id=886\">Feuerwehr<\/a><\/li>\n<li class=\"page_item page-item-958\"><a href=\"https:\/\/www.feuerwehr-florian.com\/?page_id=958\">Impressum, Offenlegung &#038; Datenschutz<\/a><\/li>\n<li class=\"page_item page-item-888 page_item_has_children\"><a href=\"https:\/\/www.feuerwehr-florian.com\/?page_id=888\">Jugend<\/a><\/li>\n<li class=\"page_item page-item-971\"><a href=\"https:\/\/www.feuerwehr-florian.com\/?page_id=971\">Nutzungsbedingungen<\/a><\/li>\n<li class=\"page_item page-item-1019 page_item_has_children\"><a href=\"https:\/\/www.feuerwehr-florian.com\/?page_id=1019\">Wissenswertes<\/a><\/li>\n<li class=\"page_item page-item-9630\"><a href=\"https:\/\/www.feuerwehr-florian.com\/?page_id=9630\">Sponsoren<\/a><\/li>\n<li class=\"page_item page-item-3804\"><a href=\"https:\/\/www.feuerwehr-florian.com\/?page_id=3804\">Web<\/a><\/li>\n\n<\/ul>\n","protected":false},"excerpt":{"rendered":"<p>Am Sonntag den 17.01.2016 wurde die FF St. Florian telefonisch durch die Polizei zu einer T\u00fcr\u00f6ffnung in die Prandtauerstra\u00dfe alarmiert.<\/p>\n","protected":false},"author":1,"featured_media":3995,"parent":12816,"menu_order":100,"comment_status":"closed","ping_status":"closed","template":"fullwidth.php","meta":{"footnotes":""},"class_list":["post-849","page","type-page","status-publish","has-post-thumbnail","hentry"],"jetpack_sharing_enabled":true,"jetpack_likes_enabled":true,"_links":{"self":[{"href":"https:\/\/www.feuerwehr-florian.com\/index.php?rest_route=\/wp\/v2\/pages\/849","targetHints":{"allow":["GET"]}}],"collection":[{"href":"https:\/\/www.feuerwehr-florian.com\/index.php?rest_route=\/wp\/v2\/pages"}],"about":[{"href":"https:\/\/www.feuerwehr-florian.com\/index.php?rest_route=\/wp\/v2\/types\/page"}],"author":[{"embeddable":true,"href":"https:\/\/www.feuerwehr-florian.com\/index.php?rest_route=\/wp\/v2\/users\/1"}],"replies":[{"embeddable":true,"href":"https:\/\/www.feuerwehr-florian.com\/index.php?rest_route=%2Fwp%2Fv2%2Fcomments&post=849"}],"version-history":[{"count":9,"href":"https:\/\/www.feuerwehr-florian.com\/index.php?rest_route=\/wp\/v2\/pages\/849\/revisions"}],"predecessor-version":[{"id":4157,"href":"https:\/\/www.feuerwehr-florian.com\/index.php?rest_route=\/wp\/v2\/pages\/849\/revisions\/4157"}],"up":[{"embeddable":true,"href":"https:\/\/www.feuerwehr-florian.com\/index.php?rest_route=\/wp\/v2\/pages\/12816"}],"wp:featuredmedia":[{"embeddable":true,"href":"https:\/\/www.feuerwehr-florian.com\/index.php?rest_route=\/wp\/v2\/media\/3995"}],"wp:attachment":[{"href":"https:\/\/www.feuerwehr-florian.com\/index.php?rest_route=%2Fwp%2Fv2%2Fmedia&parent=849"}],"curies":[{"name":"wp","href":"https:\/\/api.w.org\/{rel}","templated":true}]}}