{"id":886,"date":"2016-01-02T20:09:10","date_gmt":"2016-01-02T19:09:10","guid":{"rendered":"http:\/\/wp.feuerwehr-florian.com\/?page_id=886"},"modified":"2016-01-12T16:55:29","modified_gmt":"2016-01-12T15:55:29","slug":"die-feuerwehr","status":"publish","type":"page","link":"https:\/\/www.feuerwehr-florian.com\/?page_id=886","title":{"rendered":"Feuerwehr"},"content":{"rendered":"\n<!-- Page-list plugin v.5.9 wordpress.org\/plugins\/page-list\/ -->\n<div class=\"page-list page-list-ext page-list-cols-2\">\n<div class=\"page-list-ext-item\"><div class=\"page-list-ext-image\"><a href=\"https:\/\/www.feuerwehr-florian.com\/?page_id=2328\" title=\"\u00dcber uns\"><img decoding=\"async\" src=\"https:\/\/www.feuerwehr-florian.com\/wp-content\/uploads\/2025\/02\/Funktionsuebersicht-Feuerwehr-St.-Florian-V1.0s-1000x707.jpg\" width=\"100\" alt=\"\u00dcber uns\" \/><\/a><\/div> <h3 class=\"page-list-ext-title\"><a href=\"https:\/\/www.feuerwehr-florian.com\/?page_id=2328\" title=\"\u00dcber uns\">\u00dcber uns<\/a><\/h3><div class=\"page-list-ext-item-content\">Der Feuerwehr St. Florian geh\u00f6ren in Summe 125 Mitglieder  an, die sich wie folgt zusammen setzen:\n\n \t79 Mitglieder des Aktivstandes (16 - 65 Jahre) \n \t22 Mitglieder der Reserve (&gt; 65 Jahre) \n \t24 Mitglieder der Jugend (8 - 15 Jahre) \n \nWir stehen ...<\/div><\/div>\n<div class=\"page-list-ext-item\"><div class=\"page-list-ext-image\"><a href=\"https:\/\/www.feuerwehr-florian.com\/?page_id=2804\" title=\"Unsere Fahrzeuge\"><img decoding=\"async\" src=\"https:\/\/www.feuerwehr-florian.com\/wp-content\/uploads\/2019\/11\/P1020907-250x250.jpg\" width=\"100\" alt=\"Unsere Fahrzeuge\" \/><\/a><\/div> <h3 class=\"page-list-ext-title\"><a href=\"https:\/\/www.feuerwehr-florian.com\/?page_id=2804\" title=\"Unsere Fahrzeuge\">Unsere Fahrzeuge<\/a><\/h3><div class=\"page-list-ext-item-content\">\n\nHier finden Sie eine \u00dcbersicht der Einsatzfahrzeuge die bei der Feuerwehr St. Florian im Einsatz stehen bzw. die auf Grund des Alters ausgeschieden wurden.\n\n\n\n<\/div><\/div>\n<div class=\"page-list-ext-item\"><div class=\"page-list-ext-image\"><a href=\"https:\/\/www.feuerwehr-florian.com\/?page_id=3257\" title=\"Unser Feuerwehrhaus\"><img decoding=\"async\" src=\"https:\/\/www.feuerwehr-florian.com\/wp-content\/uploads\/2016\/01\/DSC_1477-e1452287549459-250x250.jpg\" width=\"100\" alt=\"Unser Feuerwehrhaus\" \/><\/a><\/div> <h3 class=\"page-list-ext-title\"><a href=\"https:\/\/www.feuerwehr-florian.com\/?page_id=3257\" title=\"Unser Feuerwehrhaus\">Unser Feuerwehrhaus<\/a><\/h3><div class=\"page-list-ext-item-content\"> \r\n\r\nIm Oktober 2001 wurde vom Gemeinderat der Beschluss gefasst, am Areal des Ziegeleiparkplatzes in der Stiftstra\u00dfe ein neues Feuerwehrzeughaus f\u00fcr die FF Markt und eine Ortsstelle f\u00fcr das Rote Kreuz St. Florian zu errichten. Dieser Standort wurde vo...<\/div><\/div>\n<div class=\"page-list-ext-item\"><div class=\"page-list-ext-image\"><a href=\"https:\/\/www.feuerwehr-florian.com\/?page_id=2810\" title=\"Unsere Ausr\u00fcstung\"><img decoding=\"async\" src=\"https:\/\/www.feuerwehr-florian.com\/wp-content\/uploads\/2016\/01\/IMG_0017-250x250.jpg\" width=\"100\" alt=\"Unsere Ausr\u00fcstung\" \/><\/a><\/div> <h3 class=\"page-list-ext-title\"><a href=\"https:\/\/www.feuerwehr-florian.com\/?page_id=2810\" title=\"Unsere Ausr\u00fcstung\">Unsere Ausr\u00fcstung<\/a><\/h3><div class=\"page-list-ext-item-content\">In diesem Bereich erfahren Sie einen Gro\u00dfteil \u00fcber die technische Ausr\u00fcstung die bei der Feuerwehr St. Florian im Einsatz steht.\r\nFunktions\u00fcberw\u00fcrfe \r\nBei gr\u00f6\u00dferen Eins\u00e4tzen im Pflichtbereich und ab der Alarmstufe 2 ist es immer sehr schwierig f\u00fcr den...<\/div><\/div>\n<div class=\"page-list-ext-item\"><div class=\"page-list-ext-image\"><a href=\"https:\/\/www.feuerwehr-florian.com\/?page_id=2815\" title=\"Unser Einsatzgebiet\"><img decoding=\"async\" src=\"https:\/\/www.feuerwehr-florian.com\/wp-content\/uploads\/2016\/01\/DSCN0950-250x250.jpg\" width=\"100\" alt=\"Unser Einsatzgebiet\" \/><\/a><\/div> <h3 class=\"page-list-ext-title\"><a href=\"https:\/\/www.feuerwehr-florian.com\/?page_id=2815\" title=\"Unser Einsatzgebiet\">Unser Einsatzgebiet<\/a><\/h3><div class=\"page-list-ext-item-content\"> Das Einsatzgebiet der Feuerwehr St. Florian betr\u00e4gt 44,2 km\u00b2 und ist somit das fl\u00e4chenm\u00e4\u00dfig gr\u00f6\u00dfte im Bezirk Linz-Land. \r\nZu den Ortsteilen z\u00e4hlen: Bruck bei Hausleiten, Bruck bei T\u00f6dling, Enzing, Fernbach, Gemering, Hausleiten, Hohenbrunn, Mausbach...<\/div><\/div>\n<div class=\"page-list-ext-item\"><div class=\"page-list-ext-image\"><a href=\"https:\/\/www.feuerwehr-florian.com\/?page_id=340\" title=\"Pyrotechnischer Beauftragter\"><img decoding=\"async\" src=\"https:\/\/www.feuerwehr-florian.com\/wp-content\/uploads\/2016\/01\/Brand_05-e1452287683933-250x250.jpg\" width=\"100\" alt=\"Pyrotechnischer Beauftragter\" \/><\/a><\/div> <h3 class=\"page-list-ext-title\"><a href=\"https:\/\/www.feuerwehr-florian.com\/?page_id=340\" title=\"Pyrotechnischer Beauftragter\">Pyrotechnischer Beauftragter<\/a><\/h3><div class=\"page-list-ext-item-content\">Seit Mai 2011 hat die Feuerwehr St.Florian einen offiziellen Pyrotechnischen Beauftragten im Bereich des Feuerwehrwesens.\r\nWer kann ein Pyrotechnischer Beauftragter sein?  \r\nPrinzipiell unterliegt die Verwendung von pyrotechnischen Gegenst\u00e4nden dem \u00f6sterreichischen P...<\/div><\/div>\n<div class=\"page-list-ext-item\"><h3 class=\"page-list-ext-title\"><a href=\"https:\/\/www.feuerwehr-florian.com\/?page_id=10709\" title=\"T\u00e4tigkeitsberichte\">T\u00e4tigkeitsberichte<\/a><\/h3><div class=\"page-list-ext-item-content\">\nHier finden Sie eine \u00dcbersicht unserer T\u00e4tigkeitsberichte (bis 2002). \n\n\n\n \n\n\n\nT\u00e4tigkeitsbericht 2025 \n\n\n\n T\u00e4tigkeitsbericht Herunterladen  \n\n\n\n \n\n\n\nT\u00e4tigkeitsbericht 2024 \n\n\n\n T\u00e4tigkeitsbericht Herunterladen  \n\n\n\n \n\n\n\nT\u00e4tigkeitsbericht 2023 \n\n\n\n Taetig...<\/div><\/div>\n<div class=\"page-list-ext-item\"><h3 class=\"page-list-ext-title\"><a href=\"https:\/\/www.feuerwehr-florian.com\/?page_id=10708\" title=\"Jahresr\u00fcckblicke\">Jahresr\u00fcckblicke<\/a><\/h3><div class=\"page-list-ext-item-content\">\nHier finden Sie eine \u00dcbersicht unserer Jahresr\u00fcckblicke (bis zur\u00fcck zu 2002). \n\n\n\n \n\n\n\nJahresr\u00fcckblick 2024-2025 \n\n\n\n Jahresr\u00fcckblick 2024-2025 - v0.6 - optimiert Herunterladen  \n\n\n\n \n\n\n\nJahresr\u00fcckblick 2023-2024 \n\n\n\n Jahresr\u00fcckblick 2023-2024 - v0.6...<\/div><\/div>\n\n<\/div>\n\n<!-- Page-list plugin v.5.9 wordpress.org\/plugins\/page-list\/ -->\n<ul class=\"page-list siblings-page-list pagelist\">\n<li class=\"page_item page-item-11710\"><a href=\"https:\/\/www.feuerwehr-florian.com\/?page_id=11710\">Eingabe Hochwassermessung<\/a><\/li>\n<li class=\"page_item page-item-12060 page_item_has_children\"><a href=\"https:\/\/www.feuerwehr-florian.com\/?page_id=12060\">Veranstaltungen<\/a><\/li>\n<li class=\"page_item page-item-884 page_item_has_children\"><a href=\"https:\/\/www.feuerwehr-florian.com\/?page_id=884\">Aktivit\u00e4ten<\/a><\/li>\n<li class=\"page_item page-item-973\"><a href=\"https:\/\/www.feuerwehr-florian.com\/?page_id=973\">Kontakt &#038; Anfahrt<\/a><\/li>\n<li class=\"page_item page-item-886 page_item_has_children\"><a href=\"https:\/\/www.feuerwehr-florian.com\/?page_id=886\">Feuerwehr<\/a><\/li>\n<li class=\"page_item page-item-958\"><a href=\"https:\/\/www.feuerwehr-florian.com\/?page_id=958\">Impressum, Offenlegung &#038; Datenschutz<\/a><\/li>\n<li class=\"page_item page-item-888 page_item_has_children\"><a href=\"https:\/\/www.feuerwehr-florian.com\/?page_id=888\">Jugend<\/a><\/li>\n<li class=\"page_item page-item-971\"><a href=\"https:\/\/www.feuerwehr-florian.com\/?page_id=971\">Nutzungsbedingungen<\/a><\/li>\n<li class=\"page_item page-item-1019 page_item_has_children\"><a href=\"https:\/\/www.feuerwehr-florian.com\/?page_id=1019\">Wissenswertes<\/a><\/li>\n<li class=\"page_item page-item-9630\"><a href=\"https:\/\/www.feuerwehr-florian.com\/?page_id=9630\">Sponsoren<\/a><\/li>\n<li class=\"page_item page-item-3804\"><a href=\"https:\/\/www.feuerwehr-florian.com\/?page_id=3804\">Web<\/a><\/li>\n\n<\/ul>\n","protected":false},"excerpt":{"rendered":"<p>\u00dcber uns Der Feuerwehr St. Florian geh\u00f6ren in Summe 125 Mitglieder an, die sich wie folgt zusammen setzen: 79 Mitglieder des Aktivstandes (16 &#8211; 65 Jahre) 22 Mitglieder der Reserve (&gt; 65 Jahre) 24 Mitglieder der Jugend (8 &#8211; 15 Jahre) Wir stehen &#8230; Unsere Fahrzeuge Hier finden Sie eine \u00dcbersicht der Einsatzfahrzeuge die bei<\/p>\n<p><a class=\"more-link\" href=\"https:\/\/www.feuerwehr-florian.com\/?page_id=886\">Weiterlesen<\/a><\/p>\n","protected":false},"author":1,"featured_media":0,"parent":0,"menu_order":2,"comment_status":"closed","ping_status":"closed","template":"fullwidth.php","meta":{"footnotes":""},"class_list":["post-886","page","type-page","status-publish","hentry"],"jetpack_sharing_enabled":true,"jetpack_likes_enabled":true,"_links":{"self":[{"href":"https:\/\/www.feuerwehr-florian.com\/index.php?rest_route=\/wp\/v2\/pages\/886","targetHints":{"allow":["GET"]}}],"collection":[{"href":"https:\/\/www.feuerwehr-florian.com\/index.php?rest_route=\/wp\/v2\/pages"}],"about":[{"href":"https:\/\/www.feuerwehr-florian.com\/index.php?rest_route=\/wp\/v2\/types\/page"}],"author":[{"embeddable":true,"href":"https:\/\/www.feuerwehr-florian.com\/index.php?rest_route=\/wp\/v2\/users\/1"}],"replies":[{"embeddable":true,"href":"https:\/\/www.feuerwehr-florian.com\/index.php?rest_route=%2Fwp%2Fv2%2Fcomments&post=886"}],"version-history":[{"count":10,"href":"https:\/\/www.feuerwehr-florian.com\/index.php?rest_route=\/wp\/v2\/pages\/886\/revisions"}],"predecessor-version":[{"id":4304,"href":"https:\/\/www.feuerwehr-florian.com\/index.php?rest_route=\/wp\/v2\/pages\/886\/revisions\/4304"}],"wp:attachment":[{"href":"https:\/\/www.feuerwehr-florian.com\/index.php?rest_route=%2Fwp%2Fv2%2Fmedia&parent=886"}],"curies":[{"name":"wp","href":"https:\/\/api.w.org\/{rel}","templated":true}]}}