{"id":888,"date":"2016-01-02T20:09:23","date_gmt":"2016-01-02T19:09:23","guid":{"rendered":"http:\/\/wp.feuerwehr-florian.com\/?page_id=888"},"modified":"2016-01-12T16:54:39","modified_gmt":"2016-01-12T15:54:39","slug":"die-jugendfeuerwehr","status":"publish","type":"page","link":"https:\/\/www.feuerwehr-florian.com\/?page_id=888","title":{"rendered":"Jugend"},"content":{"rendered":"\n<!-- Page-list plugin v.5.9 wordpress.org\/plugins\/page-list\/ -->\n<div class=\"page-list page-list-ext page-list-cols-2\">\n<div class=\"page-list-ext-item\"><div class=\"page-list-ext-image\"><a href=\"https:\/\/www.feuerwehr-florian.com\/?page_id=1034\" title=\"Aktivit\u00e4ten &amp; Jugendstunden\"><img decoding=\"async\" src=\"https:\/\/www.feuerwehr-florian.com\/wp-content\/uploads\/2011\/06\/IMG_8609-250x250.jpg\" width=\"100\" alt=\"Aktivit\u00e4ten &amp; Jugendstunden\" \/><\/a><\/div> <h3 class=\"page-list-ext-title\"><a href=\"https:\/\/www.feuerwehr-florian.com\/?page_id=1034\" title=\"Aktivit\u00e4ten &amp; Jugendstunden\">Aktivit\u00e4ten &amp; Jugendstunden<\/a><\/h3><div class=\"page-list-ext-item-content\">Die \u00dcbersicht aller Berichte \u00fcber unsere Jugendfeuerwehr finden Sie in dieser Rubrik.\r\n\r\n\r\n\r\n<\/div><\/div>\n<div class=\"page-list-ext-item\"><div class=\"page-list-ext-image\"><a href=\"https:\/\/www.feuerwehr-florian.com\/?page_id=865\" title=\"Die Jugendgruppe\"><img decoding=\"async\" src=\"https:\/\/www.feuerwehr-florian.com\/wp-content\/uploads\/2019\/01\/jugend-1-250x250.jpg\" width=\"100\" alt=\"Die Jugendgruppe\" \/><\/a><\/div> <h3 class=\"page-list-ext-title\"><a href=\"https:\/\/www.feuerwehr-florian.com\/?page_id=865\" title=\"Die Jugendgruppe\">Die Jugendgruppe<\/a><\/h3><div class=\"page-list-ext-item-content\">&nbsp;\r\n\r\n\r\n\r\n  \r\n \r\n\r\n \r\n \r\n \r\n \r\n&nbsp;\r\n\r\n&nbsp;\r\n\r\n&nbsp;\r\n\r\n&nbsp;<\/div><\/div>\n\n<\/div>\n\n<!-- Page-list plugin v.5.9 wordpress.org\/plugins\/page-list\/ -->\n<ul class=\"page-list siblings-page-list pagelist\">\n<li class=\"page_item page-item-11710\"><a href=\"https:\/\/www.feuerwehr-florian.com\/?page_id=11710\">Eingabe Hochwassermessung<\/a><\/li>\n<li class=\"page_item page-item-12060 page_item_has_children\"><a href=\"https:\/\/www.feuerwehr-florian.com\/?page_id=12060\">Veranstaltungen<\/a><\/li>\n<li class=\"page_item page-item-884 page_item_has_children\"><a href=\"https:\/\/www.feuerwehr-florian.com\/?page_id=884\">Aktivit\u00e4ten<\/a><\/li>\n<li class=\"page_item page-item-973\"><a href=\"https:\/\/www.feuerwehr-florian.com\/?page_id=973\">Kontakt &#038; Anfahrt<\/a><\/li>\n<li class=\"page_item page-item-886 page_item_has_children\"><a href=\"https:\/\/www.feuerwehr-florian.com\/?page_id=886\">Feuerwehr<\/a><\/li>\n<li class=\"page_item page-item-958\"><a href=\"https:\/\/www.feuerwehr-florian.com\/?page_id=958\">Impressum, Offenlegung &#038; Datenschutz<\/a><\/li>\n<li class=\"page_item page-item-888 page_item_has_children\"><a href=\"https:\/\/www.feuerwehr-florian.com\/?page_id=888\">Jugend<\/a><\/li>\n<li class=\"page_item page-item-971\"><a href=\"https:\/\/www.feuerwehr-florian.com\/?page_id=971\">Nutzungsbedingungen<\/a><\/li>\n<li class=\"page_item page-item-1019 page_item_has_children\"><a href=\"https:\/\/www.feuerwehr-florian.com\/?page_id=1019\">Wissenswertes<\/a><\/li>\n<li class=\"page_item page-item-9630\"><a href=\"https:\/\/www.feuerwehr-florian.com\/?page_id=9630\">Sponsoren<\/a><\/li>\n<li class=\"page_item page-item-3804\"><a href=\"https:\/\/www.feuerwehr-florian.com\/?page_id=3804\">Web<\/a><\/li>\n\n<\/ul>\n","protected":false},"excerpt":{"rendered":"<p>Aktivit\u00e4ten &amp; Jugendstunden Die \u00dcbersicht aller Berichte \u00fcber unsere Jugendfeuerwehr finden Sie in dieser Rubrik. Die Jugendgruppe &nbsp; &nbsp; &nbsp; &nbsp; &nbsp; Eingabe Hochwassermessung Veranstaltungen Aktivit\u00e4ten Kontakt &#038; Anfahrt Feuerwehr Impressum, Offenlegung &#038; Datenschutz Jugend Nutzungsbedingungen Wissenswertes Sponsoren Web<\/p>\n","protected":false},"author":1,"featured_media":0,"parent":0,"menu_order":3,"comment_status":"closed","ping_status":"closed","template":"fullwidth.php","meta":{"footnotes":""},"class_list":["post-888","page","type-page","status-publish","hentry"],"jetpack_sharing_enabled":true,"jetpack_likes_enabled":true,"_links":{"self":[{"href":"https:\/\/www.feuerwehr-florian.com\/index.php?rest_route=\/wp\/v2\/pages\/888","targetHints":{"allow":["GET"]}}],"collection":[{"href":"https:\/\/www.feuerwehr-florian.com\/index.php?rest_route=\/wp\/v2\/pages"}],"about":[{"href":"https:\/\/www.feuerwehr-florian.com\/index.php?rest_route=\/wp\/v2\/types\/page"}],"author":[{"embeddable":true,"href":"https:\/\/www.feuerwehr-florian.com\/index.php?rest_route=\/wp\/v2\/users\/1"}],"replies":[{"embeddable":true,"href":"https:\/\/www.feuerwehr-florian.com\/index.php?rest_route=%2Fwp%2Fv2%2Fcomments&post=888"}],"version-history":[{"count":4,"href":"https:\/\/www.feuerwehr-florian.com\/index.php?rest_route=\/wp\/v2\/pages\/888\/revisions"}],"predecessor-version":[{"id":4305,"href":"https:\/\/www.feuerwehr-florian.com\/index.php?rest_route=\/wp\/v2\/pages\/888\/revisions\/4305"}],"wp:attachment":[{"href":"https:\/\/www.feuerwehr-florian.com\/index.php?rest_route=%2Fwp%2Fv2%2Fmedia&parent=888"}],"curies":[{"name":"wp","href":"https:\/\/api.w.org\/{rel}","templated":true}]}}