{"id":958,"date":"2016-01-04T02:39:59","date_gmt":"2016-01-04T01:39:59","guid":{"rendered":"http:\/\/wp.feuerwehr-florian.com\/?page_id=958"},"modified":"2024-02-13T23:07:27","modified_gmt":"2024-02-13T22:07:27","slug":"impressum-und-offenlegung","status":"publish","type":"page","link":"https:\/\/www.feuerwehr-florian.com\/?page_id=958","title":{"rendered":"Impressum, Offenlegung &#038; Datenschutz"},"content":{"rendered":"<p><strong>gem\u00e4\u00df \u00a7 5 E-Commerce-Gesetz und \u00a7 25 Mediengesetz<\/strong><\/p>\n<pre>Herausgeber, Medieninhaber und inhaltliche Verantwortung:<\/pre>\n<p style=\"padding-left: 30px;\"><strong>Freiwillige Feuerwehr Markt St. Florian<\/strong><br \/>\nStiftstra\u00dfe 18a<br \/>\n4490 St. Florian<br \/>\n\u00d6sterreich<\/p>\n<p style=\"padding-left: 30px;\">Telefon: +43 7224 5360-0<br \/>\nFax: +43 7224 5360-15<br \/>\nE-Mail: 06110@ll.ooelfv.at<\/p>\n<pre>Leitung<\/pre>\n<p style=\"padding-left: 30px;\">Kommandant: ABI Martin Pree<\/p>\n<pre>Zust\u00e4ndige Verband<\/pre>\n<p style=\"padding-left: 30px;\">O\u00f6. Landes-Feuerwehrverband<\/p>\n<pre>Aufsichtsrecht<\/pre>\n<p style=\"padding-left: 30px;\">Die Freiwillige Feuerwehr Markt St. Florian steht gem\u00e4\u00df \u00a7 26 O\u00f6. FWG unter der Aufsicht der Marktgemeinde St. Florian.<\/p>\n<pre>Grundlegende Richtung<\/pre>\n<p style=\"padding-left: 30px;\">Informationen, T\u00e4tigkeiten und Eins\u00e4tze der Freiwilligen Feuerwehr St. Florian und in diesem Zusammenhang stehende Themen.<\/p>\n<pre>Copyright<\/pre>\n<p style=\"padding-left: 30px;\">S\u00e4mtliche Inhalte auf dieser Internetseite sind urheberrechtlich gesch\u00fctzt. Eine Verwendung ist nur mit ausdr\u00fccklicher Genehmigung des Rechteinhabers zul\u00e4ssig.<\/p>\n<pre>Links<\/pre>\n<p style=\"padding-left: 30px;\">Links auf unsere Internetseite sind erw\u00fcnscht, jedoch ausschlie\u00dflich auf die Startseite. F\u00fcr die Inhalte aller Verlinkungen, die zu Seiten au\u00dferhalb unseres Verantwortungsbereiches f\u00fchren, wird keine Haftung \u00fcbernommen.<\/p>\n<pre>Haftungsausschluss<\/pre>\n<p style=\"padding-left: 30px;\">Die Freiwillige Feuerwehr St. Florian pflegt die dargebotenen Informationen sorgf\u00e4ltig, es kann allerdings f\u00fcr dennoch allf\u00e4llig enthaltene Fehler keine wie immer geartete Haftung \u00fcbernommen werden.\u00a0Beachten Sie diesbez\u00fcglich unsere <a href=\"https:\/\/www.feuerwehr-florian.com\/?page_id=971\">Nutzungsbedingungen<\/a>, die unbedingt einzuhalten sind.<\/p>\n<pre>Datenschutzerkl\u00e4rung<\/pre>\n<h2>Allgemeines<\/h2>\n<p>Der Schutz Ihrer pers\u00f6nlichen Daten ist uns ein besonderes Anliegen. Wir verarbeiten Ihre Daten daher ausschlie\u00dflich auf Grundlage der gesetzlichen Bestimmungen (DSGVO, DSG, TKG 2003). In diesen Datenschutzinformationen informieren wir Sie \u00fcber die wichtigsten Aspekte der Datenverarbeitung im Rahmen unserer Website.<br \/>\nWir bitten Sie, diese Datenschutzerkl\u00e4rung sorgf\u00e4ltig zu lesen.<br \/>\nAlle zuk\u00fcnftigen \u00c4nderungen unserer Datenschutzrichtlinie werden auf dieser Website bekannt gegeben. Sie sollten diese daher regelm\u00e4\u00dfig auf Neuerungen oder \u00c4nderungen \u00fcberpr\u00fcfen. Wenn Sie Fragen, Anmerkungen oder sonstige Anfragen bez\u00fcglich dieser Datenschutzrichtlinie haben, kontaktieren Sie uns.<\/p>\n<p>Jeder Zugriff auf unsere Internetseite und jeder Abruf einer auf dieser Website hinterlegten Datei werden automatisch protokolliert. Protokolliert wird der Name der abgerufenen Datei, Datum, Uhrzeit des Abrufs, Webbrowser, Anfragende Domain und die IP Adresse des anfragenden Computers.<br \/>\nDiese Daten k\u00f6nnen ohne Pr\u00fcfung weiterer Datenquellen keinen bestimmten Personen zugeordnet werden und werden nur zu internen systembezogenen und statistischen Zwecken verwendet und nicht weiter ausgewertet, solange keine rechtswidrige Nutzung der Webseite vorliegt.<\/p>\n<h2>Pers\u00f6nliche Daten<\/h2>\n<p>Pers\u00f6nliche Daten, die Sie auf dieser Website elektronisch \u00fcbermitteln, wie zum Beispiel Name, E-Mail-Adresse oder andere pers\u00f6nliche Angaben, werden von uns nur zum jeweils angegebenen Zweck (z.B. zur Durchf\u00fchrung der von Ihnen gew\u00fcnschten Kontaktaufnahme) verwendet, sicher verwahrt und nicht an Dritte weitergegeben. Weitergehende personenbezogene Daten werden nur dann erfasst, wenn Sie diese Angaben freiwillig, im Rahmen einer Anfrage etc. \u00fcbermitteln.<\/p>\n<h2>Web-Analyse, Aktivit\u00e4tsverfolgung und Cookies<\/h2>\n<p>Wir verwenden KEINE Analyse-Tools, KEINE Scripte zur Aktivit\u00e4tsverfolgung oder Cookies auf unserer Website.<\/p>\n<p>Es gibt lediglich f\u00fcr den Login der Betreuer*innen dieser Homepage ein Cookie. Der Personenkreis ist entsprechend informiert und geschult.<\/p>\n<p>Der Login ist ausschlie\u00dflich f\u00fcr die Seitenbetreuer*innen gedacht und daher nicht offen verlinkt. Der Link kann nat\u00fcrlich gezielt aufgerufen und ein Login versucht werden, auch wenn keine Zugangsdaten zugewiesen wurden. Da dadurch bewusst ein Loginvorgang versucht wird, ist mit dem Anlegen eines Cookies zu rechnen. Dieses Cookie wird unsererseits weder erfasst noch getrackt.<\/p>\n<h2>YouTube<\/h2>\n<p>Wir nutzen f\u00fcr die Einbindung von Videos u.a. den Anbieter YouTube. Wenn Sie die mit einem YouTube-Plugin versehenen Unterseiten unserer Website aufrufen, wird eine Verbindung zu den YouTube-Servern hergestellt und dabei das Plugin dargestellt. Hierdurch wird an den YouTube-Server \u00fcbermittelt, welche unserer Unterseiten Sie besucht haben. Sind Sie dabei als Mitglied bei YouTube eingeloggt, ordnet YouTube diese Information Ihrem pers\u00f6nlichen Benutzerkonto zu. Bei Nutzung des Plugins wie z.B. Anklicken des Start-Buttons eines Videos wird diese Information ebenfalls Ihrem Benutzerkonto zugeordnet.<\/p>\n<h2>Links auf externe Seiten<\/h2>\n<p>Diese Website enth\u00e4lt Links zu anderen Websites oder Diensten. Wenn Sie auf einen solchen Link klicken, ist zu beachten, dass diese Websites eigene Datenschutzbestimmungen haben. Bitte \u00fcberpr\u00fcfen Sie die Datenschutzbestimmungen bei Verwendung dieser Websites, da wir keine wie immer geartete Verantwortung oder Haftung \u00fcbernehmen.<\/p>\n<h2>Ihre Rechte<\/h2>\n<p>Ihnen stehen grunds\u00e4tzlich die Rechte auf Auskunft, Berichtigung, L\u00f6schung, Einschr\u00e4nkung, Daten\u00fcbertragbarkeit und Widerruf zu.<br \/>\nSie haben das Recht, aus Gr\u00fcnden, die sich aus Ihrer besonderen Situation ergeben, jederzeit gegen die Verarbeitung Sie betreffender personenbezogener Daten, die aufgrund eines berechtigten Interesses verarbeitet werden, Widerspruch einzulegen.<br \/>\nWenn Sie glauben, dass die Verarbeitung Ihrer Daten gegen das Datenschutzrecht verst\u00f6\u00dft oder Ihre datenschutzrechtlichen Anspr\u00fcche sonst in einer Weise verletzt worden sind, k\u00f6nnen Sie sich bei der Aufsichtsbeh\u00f6rde beschweren, sofern wir nicht in angemessener Zeit reagieren. In \u00d6sterreich ist dies die Datenschutzbeh\u00f6rde.<\/p>\n\n<!-- Page-list plugin v.5.9 wordpress.org\/plugins\/page-list\/ -->\n<ul class=\"page-list siblings-page-list pagelist\">\n<li class=\"page_item page-item-11710\"><a href=\"https:\/\/www.feuerwehr-florian.com\/?page_id=11710\">Eingabe Hochwassermessung<\/a><\/li>\n<li class=\"page_item page-item-12060 page_item_has_children\"><a href=\"https:\/\/www.feuerwehr-florian.com\/?page_id=12060\">Veranstaltungen<\/a><\/li>\n<li class=\"page_item page-item-884 page_item_has_children\"><a href=\"https:\/\/www.feuerwehr-florian.com\/?page_id=884\">Aktivit\u00e4ten<\/a><\/li>\n<li class=\"page_item page-item-973\"><a href=\"https:\/\/www.feuerwehr-florian.com\/?page_id=973\">Kontakt &#038; Anfahrt<\/a><\/li>\n<li class=\"page_item page-item-886 page_item_has_children\"><a href=\"https:\/\/www.feuerwehr-florian.com\/?page_id=886\">Feuerwehr<\/a><\/li>\n<li class=\"page_item page-item-958\"><a href=\"https:\/\/www.feuerwehr-florian.com\/?page_id=958\">Impressum, Offenlegung &#038; Datenschutz<\/a><\/li>\n<li class=\"page_item page-item-888 page_item_has_children\"><a href=\"https:\/\/www.feuerwehr-florian.com\/?page_id=888\">Jugend<\/a><\/li>\n<li class=\"page_item page-item-971\"><a href=\"https:\/\/www.feuerwehr-florian.com\/?page_id=971\">Nutzungsbedingungen<\/a><\/li>\n<li class=\"page_item page-item-1019 page_item_has_children\"><a href=\"https:\/\/www.feuerwehr-florian.com\/?page_id=1019\">Wissenswertes<\/a><\/li>\n<li class=\"page_item page-item-9630\"><a href=\"https:\/\/www.feuerwehr-florian.com\/?page_id=9630\">Sponsoren<\/a><\/li>\n<li class=\"page_item page-item-3804\"><a href=\"https:\/\/www.feuerwehr-florian.com\/?page_id=3804\">Web<\/a><\/li>\n\n<\/ul>\n","protected":false},"excerpt":{"rendered":"<p>gem\u00e4\u00df \u00a7 5 E-Commerce-Gesetz und \u00a7 25 Mediengesetz Herausgeber, Medieninhaber und inhaltliche Verantwortung: Freiwillige Feuerwehr Markt St. Florian Stiftstra\u00dfe 18a 4490 St. Florian \u00d6sterreich Telefon: +43 7224 5360-0 Fax: +43 7224 5360-15 E-Mail: 06110@ll.ooelfv.at Leitung Kommandant: ABI Martin Pree Zust\u00e4ndige Verband O\u00f6. Landes-Feuerwehrverband Aufsichtsrecht Die Freiwillige Feuerwehr Markt St. Florian steht gem\u00e4\u00df \u00a7 26 O\u00f6.<\/p>\n<p><a class=\"more-link\" href=\"https:\/\/www.feuerwehr-florian.com\/?page_id=958\">Weiterlesen<\/a><\/p>\n","protected":false},"author":1,"featured_media":0,"parent":0,"menu_order":2,"comment_status":"closed","ping_status":"closed","template":"fullwidth.php","meta":{"footnotes":""},"class_list":["post-958","page","type-page","status-publish","hentry"],"jetpack_sharing_enabled":true,"jetpack_likes_enabled":true,"_links":{"self":[{"href":"https:\/\/www.feuerwehr-florian.com\/index.php?rest_route=\/wp\/v2\/pages\/958","targetHints":{"allow":["GET"]}}],"collection":[{"href":"https:\/\/www.feuerwehr-florian.com\/index.php?rest_route=\/wp\/v2\/pages"}],"about":[{"href":"https:\/\/www.feuerwehr-florian.com\/index.php?rest_route=\/wp\/v2\/types\/page"}],"author":[{"embeddable":true,"href":"https:\/\/www.feuerwehr-florian.com\/index.php?rest_route=\/wp\/v2\/users\/1"}],"replies":[{"embeddable":true,"href":"https:\/\/www.feuerwehr-florian.com\/index.php?rest_route=%2Fwp%2Fv2%2Fcomments&post=958"}],"version-history":[{"count":28,"href":"https:\/\/www.feuerwehr-florian.com\/index.php?rest_route=\/wp\/v2\/pages\/958\/revisions"}],"predecessor-version":[{"id":11760,"href":"https:\/\/www.feuerwehr-florian.com\/index.php?rest_route=\/wp\/v2\/pages\/958\/revisions\/11760"}],"wp:attachment":[{"href":"https:\/\/www.feuerwehr-florian.com\/index.php?rest_route=%2Fwp%2Fv2%2Fmedia&parent=958"}],"curies":[{"name":"wp","href":"https:\/\/api.w.org\/{rel}","templated":true}]}}